{"id":10003,"date":"2023-11-02T17:40:14","date_gmt":"2023-11-02T15:40:14","guid":{"rendered":"https:\/\/bruknes.world\/?post_type=product&#038;p=10003"},"modified":"2025-12-02T00:07:08","modified_gmt":"2025-12-01T22:07:08","slug":"plakatas-momentai-nr-3","status":"publish","type":"product","link":"https:\/\/bruknes.world\/en\/produktai\/plakatai\/abstrakcija-plakatai\/plakatas-momentai-nr-3\/","title":{"rendered":"plakatas \u2022 momentai Nr 3"},"content":{"rendered":"","protected":false},"excerpt":{"rendered":"<p>&nbsp;<\/p>\n<p><strong>plakat\u0173 kolekcija momentai<\/strong>\u00a0\u2013 kupina paslapties ir dr\u0105sos. \u017daidimai spalvomis ir formomonis neju\u010diom u\u017ekodavo\u00a0<a href=\"https:\/\/www.turbonaite.com\/\" target=\"_blank\" rel=\"noopener\">Jurgos Urbonait\u0117s<\/a>\u00a0fotografijas, o dr\u0105sios raid\u0117s susirikiavo \u012f klausimus. \u0160iame rinkinyje sugrupuoti atvirukai tik spa\u010diomis \u012fvairiausiomis progomis \u2013 gimtadieniui, kal\u0117doms ar draugi\u0161kam kvietimui \u012f pasimatym\u0105 koncerte ar (kino)teatre<\/p>\n<p>&#8211; &#8211; &#8211;<br \/>\nspauda ant kokybi\u0161ko tekst\u016brinio (250gsm) popieriaus<br \/>\n&#8211; &#8211; &#8211;<br \/>\ndydis: 21x30cm<\/p>\n<p>&#8211; &#8211; &#8211;<br \/>\npaveikslai parduodami be r\u0117m\u0173<\/p>","protected":false},"featured_media":9995,"template":"","meta":[],"product_brand":[],"product_cat":[82,86,85,81],"product_tag":[],"class_list":{"0":"post-10003","1":"product","2":"type-product","3":"status-publish","4":"has-post-thumbnail","6":"product_cat-abstrakcija-plakatai","7":"product_cat-fotografija","8":"product_cat-koliazas-plakatai","9":"product_cat-plakatai","11":"first","12":"instock","13":"shipping-taxable","14":"purchasable","15":"product-type-variable"},"yoast_head":"<!-- This site is optimized with the Yoast SEO plugin v27.2 - https:\/\/yoast.com\/product\/yoast-seo-wordpress\/ -->\n<title>plakatas \u2022 momentai Nr 3 - bruknes world<\/title>\n<meta name=\"description\" content=\"plakatai nam\u0173 ar darbo vietos dekorui, kvie\u010diantys pasivaik\u0161\u010dioti abstrakcij\u0173, kolia\u017ei\u0173 ar fotografijos takais. Plakatai puiki dovana \u012fvairioms progoms\" \/>\n<meta name=\"robots\" content=\"index, follow, max-snippet:-1, max-image-preview:large, max-video-preview:-1\" \/>\n<link rel=\"canonical\" href=\"https:\/\/bruknes.world\/en\/produktai\/plakatai\/abstrakcija-plakatai\/plakatas-momentai-nr-3\/\" \/>\n<meta property=\"og:locale\" content=\"en_US\" \/>\n<meta property=\"og:type\" content=\"article\" \/>\n<meta property=\"og:title\" content=\"plakatas \u2022 momentai Nr 3 - bruknes world\" \/>\n<meta property=\"og:description\" content=\"plakatai nam\u0173 ar darbo vietos dekorui, kvie\u010diantys pasivaik\u0161\u010dioti abstrakcij\u0173, kolia\u017ei\u0173 ar fotografijos takais. Plakatai puiki dovana \u012fvairioms progoms\" \/>\n<meta property=\"og:url\" content=\"https:\/\/bruknes.world\/en\/produktai\/plakatai\/abstrakcija-plakatai\/plakatas-momentai-nr-3\/\" \/>\n<meta property=\"og:site_name\" content=\"bruknes world\" \/>\n<meta property=\"article:modified_time\" content=\"2025-12-01T22:07:08+00:00\" \/>\n<meta property=\"og:image\" content=\"https:\/\/bruknes.world\/wp-content\/uploads\/2023\/11\/printas-posteris-momentai-bruknesworld-turbonaite-9-scaled.jpg\" \/>\n\t<meta property=\"og:image:width\" content=\"2048\" \/>\n\t<meta property=\"og:image:height\" content=\"2560\" \/>\n\t<meta property=\"og:image:type\" content=\"image\/jpeg\" \/>\n<meta name=\"twitter:card\" content=\"summary_large_image\" \/>\n<meta name=\"twitter:label1\" content=\"Est. reading time\" \/>\n\t<meta name=\"twitter:data1\" content=\"1 minute\" \/>\n<script type=\"application\/ld+json\" class=\"yoast-schema-graph\">{\"@context\":\"https:\/\/schema.org\",\"@graph\":[{\"@type\":\"WebPage\",\"@id\":\"https:\/\/bruknes.world\/produktai\/plakatai\/abstrakcija-plakatai\/plakatas-momentai-nr-3\/\",\"url\":\"https:\/\/bruknes.world\/produktai\/plakatai\/abstrakcija-plakatai\/plakatas-momentai-nr-3\/\",\"name\":\"plakatas \u2022 momentai Nr 3 - bruknes world\",\"isPartOf\":{\"@id\":\"https:\/\/bruknes.world\/#website\"},\"primaryImageOfPage\":{\"@id\":\"https:\/\/bruknes.world\/produktai\/plakatai\/abstrakcija-plakatai\/plakatas-momentai-nr-3\/#primaryimage\"},\"image\":{\"@id\":\"https:\/\/bruknes.world\/produktai\/plakatai\/abstrakcija-plakatai\/plakatas-momentai-nr-3\/#primaryimage\"},\"thumbnailUrl\":\"https:\/\/bruknes.world\/wp-content\/uploads\/2023\/11\/printas-posteris-momentai-bruknesworld-turbonaite-9-scaled.jpg\",\"datePublished\":\"2023-11-02T15:40:14+00:00\",\"dateModified\":\"2025-12-01T22:07:08+00:00\",\"description\":\"plakatai nam\u0173 ar darbo vietos dekorui, kvie\u010diantys pasivaik\u0161\u010dioti abstrakcij\u0173, kolia\u017ei\u0173 ar fotografijos takais. Plakatai puiki dovana \u012fvairioms progoms\",\"breadcrumb\":{\"@id\":\"https:\/\/bruknes.world\/produktai\/plakatai\/abstrakcija-plakatai\/plakatas-momentai-nr-3\/#breadcrumb\"},\"inLanguage\":\"en-US\",\"potentialAction\":[{\"@type\":\"ReadAction\",\"target\":[\"https:\/\/bruknes.world\/produktai\/plakatai\/abstrakcija-plakatai\/plakatas-momentai-nr-3\/\"]}]},{\"@type\":\"ImageObject\",\"inLanguage\":\"en-US\",\"@id\":\"https:\/\/bruknes.world\/produktai\/plakatai\/abstrakcija-plakatai\/plakatas-momentai-nr-3\/#primaryimage\",\"url\":\"https:\/\/bruknes.world\/wp-content\/uploads\/2023\/11\/printas-posteris-momentai-bruknesworld-turbonaite-9-scaled.jpg\",\"contentUrl\":\"https:\/\/bruknes.world\/wp-content\/uploads\/2023\/11\/printas-posteris-momentai-bruknesworld-turbonaite-9-scaled.jpg\",\"width\":2048,\"height\":2560,\"caption\":\"popieriniai dalykai, kolia\u017eas, paveikslas nam\u0173 arba darbo vietos dekorui\"},{\"@type\":\"BreadcrumbList\",\"@id\":\"https:\/\/bruknes.world\/produktai\/plakatai\/abstrakcija-plakatai\/plakatas-momentai-nr-3\/#breadcrumb\",\"itemListElement\":[{\"@type\":\"ListItem\",\"position\":1,\"name\":\"Home\",\"item\":\"https:\/\/bruknes.world\/\"},{\"@type\":\"ListItem\",\"position\":2,\"name\":\"popieriniai dalykai\",\"item\":\"https:\/\/bruknes.world\/popieriniai-dalykai\/\"},{\"@type\":\"ListItem\",\"position\":3,\"name\":\"plakatas \u2022 momentai Nr 3\"}]},{\"@type\":\"WebSite\",\"@id\":\"https:\/\/bruknes.world\/#website\",\"url\":\"https:\/\/bruknes.world\/\",\"name\":\"bruknes world\",\"description\":\"\",\"potentialAction\":[{\"@type\":\"SearchAction\",\"target\":{\"@type\":\"EntryPoint\",\"urlTemplate\":\"https:\/\/bruknes.world\/?s={search_term_string}\"},\"query-input\":{\"@type\":\"PropertyValueSpecification\",\"valueRequired\":true,\"valueName\":\"search_term_string\"}}],\"inLanguage\":\"en-US\"}]}<\/script>\n<!-- \/ Yoast SEO plugin. -->","yoast_head_json":{"title":"plakatas \u2022 momentai Nr 3 - bruknes world","description":"plakatai nam\u0173 ar darbo vietos dekorui, kvie\u010diantys pasivaik\u0161\u010dioti abstrakcij\u0173, kolia\u017ei\u0173 ar fotografijos takais. Plakatai puiki dovana \u012fvairioms progoms","robots":{"index":"index","follow":"follow","max-snippet":"max-snippet:-1","max-image-preview":"max-image-preview:large","max-video-preview":"max-video-preview:-1"},"canonical":"https:\/\/bruknes.world\/en\/produktai\/plakatai\/abstrakcija-plakatai\/plakatas-momentai-nr-3\/","og_locale":"en_US","og_type":"article","og_title":"plakatas \u2022 momentai Nr 3 - bruknes world","og_description":"plakatai nam\u0173 ar darbo vietos dekorui, kvie\u010diantys pasivaik\u0161\u010dioti abstrakcij\u0173, kolia\u017ei\u0173 ar fotografijos takais. Plakatai puiki dovana \u012fvairioms progoms","og_url":"https:\/\/bruknes.world\/en\/produktai\/plakatai\/abstrakcija-plakatai\/plakatas-momentai-nr-3\/","og_site_name":"bruknes world","article_modified_time":"2025-12-01T22:07:08+00:00","og_image":[{"width":2048,"height":2560,"url":"https:\/\/bruknes.world\/wp-content\/uploads\/2023\/11\/printas-posteris-momentai-bruknesworld-turbonaite-9-scaled.jpg","type":"image\/jpeg"}],"twitter_card":"summary_large_image","twitter_misc":{"Est. reading time":"1 minute"},"schema":{"@context":"https:\/\/schema.org","@graph":[{"@type":"WebPage","@id":"https:\/\/bruknes.world\/produktai\/plakatai\/abstrakcija-plakatai\/plakatas-momentai-nr-3\/","url":"https:\/\/bruknes.world\/produktai\/plakatai\/abstrakcija-plakatai\/plakatas-momentai-nr-3\/","name":"plakatas \u2022 momentai Nr 3 - bruknes world","isPartOf":{"@id":"https:\/\/bruknes.world\/#website"},"primaryImageOfPage":{"@id":"https:\/\/bruknes.world\/produktai\/plakatai\/abstrakcija-plakatai\/plakatas-momentai-nr-3\/#primaryimage"},"image":{"@id":"https:\/\/bruknes.world\/produktai\/plakatai\/abstrakcija-plakatai\/plakatas-momentai-nr-3\/#primaryimage"},"thumbnailUrl":"https:\/\/bruknes.world\/wp-content\/uploads\/2023\/11\/printas-posteris-momentai-bruknesworld-turbonaite-9-scaled.jpg","datePublished":"2023-11-02T15:40:14+00:00","dateModified":"2025-12-01T22:07:08+00:00","description":"plakatai nam\u0173 ar darbo vietos dekorui, kvie\u010diantys pasivaik\u0161\u010dioti abstrakcij\u0173, kolia\u017ei\u0173 ar fotografijos takais. Plakatai puiki dovana \u012fvairioms progoms","breadcrumb":{"@id":"https:\/\/bruknes.world\/produktai\/plakatai\/abstrakcija-plakatai\/plakatas-momentai-nr-3\/#breadcrumb"},"inLanguage":"en-US","potentialAction":[{"@type":"ReadAction","target":["https:\/\/bruknes.world\/produktai\/plakatai\/abstrakcija-plakatai\/plakatas-momentai-nr-3\/"]}]},{"@type":"ImageObject","inLanguage":"en-US","@id":"https:\/\/bruknes.world\/produktai\/plakatai\/abstrakcija-plakatai\/plakatas-momentai-nr-3\/#primaryimage","url":"https:\/\/bruknes.world\/wp-content\/uploads\/2023\/11\/printas-posteris-momentai-bruknesworld-turbonaite-9-scaled.jpg","contentUrl":"https:\/\/bruknes.world\/wp-content\/uploads\/2023\/11\/printas-posteris-momentai-bruknesworld-turbonaite-9-scaled.jpg","width":2048,"height":2560,"caption":"popieriniai dalykai, kolia\u017eas, paveikslas nam\u0173 arba darbo vietos dekorui"},{"@type":"BreadcrumbList","@id":"https:\/\/bruknes.world\/produktai\/plakatai\/abstrakcija-plakatai\/plakatas-momentai-nr-3\/#breadcrumb","itemListElement":[{"@type":"ListItem","position":1,"name":"Home","item":"https:\/\/bruknes.world\/"},{"@type":"ListItem","position":2,"name":"popieriniai dalykai","item":"https:\/\/bruknes.world\/popieriniai-dalykai\/"},{"@type":"ListItem","position":3,"name":"plakatas \u2022 momentai Nr 3"}]},{"@type":"WebSite","@id":"https:\/\/bruknes.world\/#website","url":"https:\/\/bruknes.world\/","name":"bruknes world","description":"","potentialAction":[{"@type":"SearchAction","target":{"@type":"EntryPoint","urlTemplate":"https:\/\/bruknes.world\/?s={search_term_string}"},"query-input":{"@type":"PropertyValueSpecification","valueRequired":true,"valueName":"search_term_string"}}],"inLanguage":"en-US"}]}},"_links":{"self":[{"href":"https:\/\/bruknes.world\/en\/wp-json\/wp\/v2\/product\/10003","targetHints":{"allow":["GET"]}}],"collection":[{"href":"https:\/\/bruknes.world\/en\/wp-json\/wp\/v2\/product"}],"about":[{"href":"https:\/\/bruknes.world\/en\/wp-json\/wp\/v2\/types\/product"}],"wp:featuredmedia":[{"embeddable":true,"href":"https:\/\/bruknes.world\/en\/wp-json\/wp\/v2\/media\/9995"}],"wp:attachment":[{"href":"https:\/\/bruknes.world\/en\/wp-json\/wp\/v2\/media?parent=10003"}],"wp:term":[{"taxonomy":"product_brand","embeddable":true,"href":"https:\/\/bruknes.world\/en\/wp-json\/wp\/v2\/product_brand?post=10003"},{"taxonomy":"product_cat","embeddable":true,"href":"https:\/\/bruknes.world\/en\/wp-json\/wp\/v2\/product_cat?post=10003"},{"taxonomy":"product_tag","embeddable":true,"href":"https:\/\/bruknes.world\/en\/wp-json\/wp\/v2\/product_tag?post=10003"}],"curies":[{"name":"wp","href":"https:\/\/api.w.org\/{rel}","templated":true}]}}