{"id":10008,"date":"2023-11-02T18:11:54","date_gmt":"2023-11-02T16:11:54","guid":{"rendered":"https:\/\/bruknes.world\/?post_type=product&#038;p=10008"},"modified":"2026-03-15T18:31:18","modified_gmt":"2026-03-15T16:31:18","slug":"tirpstanti-vasara-kvietimai","status":"publish","type":"product","link":"https:\/\/bruknes.world\/en\/produktai\/kvietimai\/minimalistiniai\/tirpstanti-vasara-kvietimai\/","title":{"rendered":"tirpstanti vasara \u2022 kvietimai"},"content":{"rendered":"<p><strong>kain\u0105 sudaro:<\/strong><\/p>\n<p>dizaino ir maketavimo darbai + kvietimo gamybos kaina + voko kaina<\/p>\n<p>\u2013 kvietimo gamybos kaina &#8211; 4,90 eur\/vnt<br \/>\n\u2013 vokas &#8211; 0,85 eur\/vnt<\/p>\n<p>&#8211; dizaino adaptavimo darbai 60 eur<br \/>\n* kvietimo pagal j\u016bs\u0173 tekst\u0105 maketavimo darbai viena kalba<br \/>\n* galimi dizaino pakeitimai derantys prie pasirinkto dizaino: spalvos, popierius ir\u00a0 papildomos detal\u0117s (va\u0161ko antspaudai, kutai ir t.t.)<\/p>\n<p>&#8211; papildoma kalba + 12 eur<br \/>\n&#8211; kvietimai su kreipiniais + 18 eur<\/p>","protected":false},"excerpt":{"rendered":"<p>ry\u0161kiaspalvis, tirpstan\u010dios vasaros atmosfera spinduliuojantis vestuvi\u0173 kvietimas \u012fkv\u0117ptas Henri Matisse. T\u012fstan\u010di\u0173 g\u0117li\u0173 motyvai derinyje su vardais ner\u016bpestingai \u012fsitais\u0119 kvietimo vir\u0161elyje kvie\u010dia \u0161v\u0119sti meil\u0119, kuri yra kupina pa\u010di\u0173 \u012fsimintiniausi\u0173 akimirk\u0173. Sulankstomas, medviln\u0117s popieriaus kvietimas turi netik\u0117t\u0105, nat\u016braliai pl\u0117\u0161to kra\u0161to, element\u0105, kuris ku\u017eda apie puosel\u0117jam\u0105 jausm\u0173 trapum\u0105<br \/>\n&#8211; &#8211; &#8211;<br \/>\nsulankstomas kvietimas + vokas<\/p>\n<p>atver\u010diamas, trij\u0173 dali\u0173 vestuvinis kvietimas su pl\u0117\u0161to kra\u0161to detale<br \/>\n&#8211; &#8211; &#8211;<br \/>\ndydis: 12&#215;16,5cm<br \/>\ndekoratyvinis vokas: 12,5&#215;17,5cm<\/p>\n<p>&nbsp;<\/p>\n<p>minimalus u\u017esakymo kiekis\u00a0 15 vnt.<br \/>\nu\u017esakymo \u012fgyvendinimo trukm\u0117\u00a0 10 d.d.<\/p>\n<p>m\u016bs\u0173 rekomendacijas, vestuvi\u0173 kvietimo teksto k\u016brimui, <a href=\"https:\/\/bruknes.world\/en\/vestuviniu-kvietimu-teksto-kurimas\/\">rasite \u010dia<\/a><br \/>\n\u0161vent\u0117s dienos spaudos elementus rasite \u010dia:\u00a0<a href=\"https:\/\/bruknes.world\/en\/produktai\/sventes-dienos-spauda\/rinkiniai-sventes-dienos-spauda\/tirpstanti-vasara-sventes-dienos-spauda\/\" target=\"_blank\" rel=\"noopener\">tirpstanti vasara \u2022 \u0161vent\u0117s dienos spauda<\/a><\/p>","protected":false},"featured_media":10009,"template":"","meta":[],"product_brand":[],"product_cat":[59,54,58,63,41,48],"product_tag":[55,45],"class_list":{"0":"post-10008","1":"product","2":"type-product","3":"status-publish","4":"has-post-thumbnail","6":"product_cat-bohemiski","7":"product_cat-botaniniai","8":"product_cat-iliustruoti","9":"product_cat-isskirtine-forma","10":"product_cat-kvietimai","11":"product_cat-minimalistiniai","12":"product_tag-forma","13":"product_tag-forma1","15":"first","16":"instock","17":"shipping-taxable","18":"product-type-simple"},"yoast_head":"<!-- This site is optimized with the Yoast SEO plugin v27.2 - https:\/\/yoast.com\/product\/yoast-seo-wordpress\/ -->\n<title>tirpstanti vasara \u2022 kvietimai - bruknes world<\/title>\n<meta name=\"description\" content=\"VESTUVI\u0172 KVIETIMAI | ELEKTRONIAI ir POPIERINIAI - minimalistiniai, eleganti\u0161ki, romanti\u0161ki, netradinin\u0117s formos ir bohemi\u0161ki kvietimai \u012f vestuves\" \/>\n<meta name=\"robots\" content=\"index, follow, max-snippet:-1, max-image-preview:large, max-video-preview:-1\" \/>\n<link rel=\"canonical\" href=\"https:\/\/bruknes.world\/en\/produktai\/kvietimai\/minimalistiniai\/tirpstanti-vasara-kvietimai\/\" \/>\n<meta property=\"og:locale\" content=\"en_US\" \/>\n<meta property=\"og:type\" content=\"article\" \/>\n<meta property=\"og:title\" content=\"tirpstanti vasara \u2022 kvietimai - bruknes world\" \/>\n<meta property=\"og:description\" content=\"VESTUVI\u0172 KVIETIMAI | ELEKTRONIAI ir POPIERINIAI - minimalistiniai, eleganti\u0161ki, romanti\u0161ki, netradinin\u0117s formos ir bohemi\u0161ki kvietimai \u012f vestuves\" \/>\n<meta property=\"og:url\" content=\"https:\/\/bruknes.world\/en\/produktai\/kvietimai\/minimalistiniai\/tirpstanti-vasara-kvietimai\/\" \/>\n<meta property=\"og:site_name\" content=\"bruknes world\" \/>\n<meta property=\"article:modified_time\" content=\"2026-03-15T16:31:18+00:00\" \/>\n<meta property=\"og:image\" content=\"https:\/\/bruknes.world\/wp-content\/uploads\/2023\/11\/vestuviu-kvietimai-tirpstanti-vasara-bruknesworld-1.jpg\" \/>\n\t<meta property=\"og:image:width\" content=\"1600\" \/>\n\t<meta property=\"og:image:height\" content=\"2000\" \/>\n\t<meta property=\"og:image:type\" content=\"image\/jpeg\" \/>\n<meta name=\"twitter:card\" content=\"summary_large_image\" \/>\n<meta name=\"twitter:label1\" content=\"Est. reading time\" \/>\n\t<meta name=\"twitter:data1\" content=\"1 minute\" \/>\n<script type=\"application\/ld+json\" class=\"yoast-schema-graph\">{\"@context\":\"https:\/\/schema.org\",\"@graph\":[{\"@type\":\"WebPage\",\"@id\":\"https:\/\/bruknes.world\/produktai\/kvietimai\/minimalistiniai\/tirpstanti-vasara-kvietimai\/\",\"url\":\"https:\/\/bruknes.world\/produktai\/kvietimai\/minimalistiniai\/tirpstanti-vasara-kvietimai\/\",\"name\":\"tirpstanti vasara \u2022 kvietimai - bruknes world\",\"isPartOf\":{\"@id\":\"https:\/\/bruknes.world\/#website\"},\"primaryImageOfPage\":{\"@id\":\"https:\/\/bruknes.world\/produktai\/kvietimai\/minimalistiniai\/tirpstanti-vasara-kvietimai\/#primaryimage\"},\"image\":{\"@id\":\"https:\/\/bruknes.world\/produktai\/kvietimai\/minimalistiniai\/tirpstanti-vasara-kvietimai\/#primaryimage\"},\"thumbnailUrl\":\"https:\/\/bruknes.world\/wp-content\/uploads\/2023\/11\/vestuviu-kvietimai-tirpstanti-vasara-bruknesworld-1.jpg\",\"datePublished\":\"2023-11-02T16:11:54+00:00\",\"dateModified\":\"2026-03-15T16:31:18+00:00\",\"description\":\"VESTUVI\u0172 KVIETIMAI | ELEKTRONIAI ir POPIERINIAI - minimalistiniai, eleganti\u0161ki, romanti\u0161ki, netradinin\u0117s formos ir bohemi\u0161ki kvietimai \u012f vestuves\",\"breadcrumb\":{\"@id\":\"https:\/\/bruknes.world\/produktai\/kvietimai\/minimalistiniai\/tirpstanti-vasara-kvietimai\/#breadcrumb\"},\"inLanguage\":\"en-US\",\"potentialAction\":[{\"@type\":\"ReadAction\",\"target\":[\"https:\/\/bruknes.world\/produktai\/kvietimai\/minimalistiniai\/tirpstanti-vasara-kvietimai\/\"]}]},{\"@type\":\"ImageObject\",\"inLanguage\":\"en-US\",\"@id\":\"https:\/\/bruknes.world\/produktai\/kvietimai\/minimalistiniai\/tirpstanti-vasara-kvietimai\/#primaryimage\",\"url\":\"https:\/\/bruknes.world\/wp-content\/uploads\/2023\/11\/vestuviu-kvietimai-tirpstanti-vasara-bruknesworld-1.jpg\",\"contentUrl\":\"https:\/\/bruknes.world\/wp-content\/uploads\/2023\/11\/vestuviu-kvietimai-tirpstanti-vasara-bruknesworld-1.jpg\",\"width\":1600,\"height\":2000,\"caption\":\"vestuviniai kvietimai minimalistiniai modern\u016bs romanti\u0161ki bohemi\u0161ki eleganti\u0161ki\"},{\"@type\":\"BreadcrumbList\",\"@id\":\"https:\/\/bruknes.world\/produktai\/kvietimai\/minimalistiniai\/tirpstanti-vasara-kvietimai\/#breadcrumb\",\"itemListElement\":[{\"@type\":\"ListItem\",\"position\":1,\"name\":\"Home\",\"item\":\"https:\/\/bruknes.world\/\"},{\"@type\":\"ListItem\",\"position\":2,\"name\":\"popieriniai dalykai\",\"item\":\"https:\/\/bruknes.world\/popieriniai-dalykai\/\"},{\"@type\":\"ListItem\",\"position\":3,\"name\":\"tirpstanti vasara \u2022 kvietimai\"}]},{\"@type\":\"WebSite\",\"@id\":\"https:\/\/bruknes.world\/#website\",\"url\":\"https:\/\/bruknes.world\/\",\"name\":\"bruknes world\",\"description\":\"\",\"potentialAction\":[{\"@type\":\"SearchAction\",\"target\":{\"@type\":\"EntryPoint\",\"urlTemplate\":\"https:\/\/bruknes.world\/?s={search_term_string}\"},\"query-input\":{\"@type\":\"PropertyValueSpecification\",\"valueRequired\":true,\"valueName\":\"search_term_string\"}}],\"inLanguage\":\"en-US\"}]}<\/script>\n<!-- \/ Yoast SEO plugin. -->","yoast_head_json":{"title":"tirpstanti vasara \u2022 kvietimai - bruknes world","description":"VESTUVI\u0172 KVIETIMAI | ELEKTRONIAI ir POPIERINIAI - minimalistiniai, eleganti\u0161ki, romanti\u0161ki, netradinin\u0117s formos ir bohemi\u0161ki kvietimai \u012f vestuves","robots":{"index":"index","follow":"follow","max-snippet":"max-snippet:-1","max-image-preview":"max-image-preview:large","max-video-preview":"max-video-preview:-1"},"canonical":"https:\/\/bruknes.world\/en\/produktai\/kvietimai\/minimalistiniai\/tirpstanti-vasara-kvietimai\/","og_locale":"en_US","og_type":"article","og_title":"tirpstanti vasara \u2022 kvietimai - bruknes world","og_description":"VESTUVI\u0172 KVIETIMAI | ELEKTRONIAI ir POPIERINIAI - minimalistiniai, eleganti\u0161ki, romanti\u0161ki, netradinin\u0117s formos ir bohemi\u0161ki kvietimai \u012f vestuves","og_url":"https:\/\/bruknes.world\/en\/produktai\/kvietimai\/minimalistiniai\/tirpstanti-vasara-kvietimai\/","og_site_name":"bruknes world","article_modified_time":"2026-03-15T16:31:18+00:00","og_image":[{"width":1600,"height":2000,"url":"https:\/\/bruknes.world\/wp-content\/uploads\/2023\/11\/vestuviu-kvietimai-tirpstanti-vasara-bruknesworld-1.jpg","type":"image\/jpeg"}],"twitter_card":"summary_large_image","twitter_misc":{"Est. reading time":"1 minute"},"schema":{"@context":"https:\/\/schema.org","@graph":[{"@type":"WebPage","@id":"https:\/\/bruknes.world\/produktai\/kvietimai\/minimalistiniai\/tirpstanti-vasara-kvietimai\/","url":"https:\/\/bruknes.world\/produktai\/kvietimai\/minimalistiniai\/tirpstanti-vasara-kvietimai\/","name":"tirpstanti vasara \u2022 kvietimai - bruknes world","isPartOf":{"@id":"https:\/\/bruknes.world\/#website"},"primaryImageOfPage":{"@id":"https:\/\/bruknes.world\/produktai\/kvietimai\/minimalistiniai\/tirpstanti-vasara-kvietimai\/#primaryimage"},"image":{"@id":"https:\/\/bruknes.world\/produktai\/kvietimai\/minimalistiniai\/tirpstanti-vasara-kvietimai\/#primaryimage"},"thumbnailUrl":"https:\/\/bruknes.world\/wp-content\/uploads\/2023\/11\/vestuviu-kvietimai-tirpstanti-vasara-bruknesworld-1.jpg","datePublished":"2023-11-02T16:11:54+00:00","dateModified":"2026-03-15T16:31:18+00:00","description":"VESTUVI\u0172 KVIETIMAI | ELEKTRONIAI ir POPIERINIAI - minimalistiniai, eleganti\u0161ki, romanti\u0161ki, netradinin\u0117s formos ir bohemi\u0161ki kvietimai \u012f vestuves","breadcrumb":{"@id":"https:\/\/bruknes.world\/produktai\/kvietimai\/minimalistiniai\/tirpstanti-vasara-kvietimai\/#breadcrumb"},"inLanguage":"en-US","potentialAction":[{"@type":"ReadAction","target":["https:\/\/bruknes.world\/produktai\/kvietimai\/minimalistiniai\/tirpstanti-vasara-kvietimai\/"]}]},{"@type":"ImageObject","inLanguage":"en-US","@id":"https:\/\/bruknes.world\/produktai\/kvietimai\/minimalistiniai\/tirpstanti-vasara-kvietimai\/#primaryimage","url":"https:\/\/bruknes.world\/wp-content\/uploads\/2023\/11\/vestuviu-kvietimai-tirpstanti-vasara-bruknesworld-1.jpg","contentUrl":"https:\/\/bruknes.world\/wp-content\/uploads\/2023\/11\/vestuviu-kvietimai-tirpstanti-vasara-bruknesworld-1.jpg","width":1600,"height":2000,"caption":"vestuviniai kvietimai minimalistiniai modern\u016bs romanti\u0161ki bohemi\u0161ki eleganti\u0161ki"},{"@type":"BreadcrumbList","@id":"https:\/\/bruknes.world\/produktai\/kvietimai\/minimalistiniai\/tirpstanti-vasara-kvietimai\/#breadcrumb","itemListElement":[{"@type":"ListItem","position":1,"name":"Home","item":"https:\/\/bruknes.world\/"},{"@type":"ListItem","position":2,"name":"popieriniai dalykai","item":"https:\/\/bruknes.world\/popieriniai-dalykai\/"},{"@type":"ListItem","position":3,"name":"tirpstanti vasara \u2022 kvietimai"}]},{"@type":"WebSite","@id":"https:\/\/bruknes.world\/#website","url":"https:\/\/bruknes.world\/","name":"bruknes world","description":"","potentialAction":[{"@type":"SearchAction","target":{"@type":"EntryPoint","urlTemplate":"https:\/\/bruknes.world\/?s={search_term_string}"},"query-input":{"@type":"PropertyValueSpecification","valueRequired":true,"valueName":"search_term_string"}}],"inLanguage":"en-US"}]}},"_links":{"self":[{"href":"https:\/\/bruknes.world\/en\/wp-json\/wp\/v2\/product\/10008","targetHints":{"allow":["GET"]}}],"collection":[{"href":"https:\/\/bruknes.world\/en\/wp-json\/wp\/v2\/product"}],"about":[{"href":"https:\/\/bruknes.world\/en\/wp-json\/wp\/v2\/types\/product"}],"wp:featuredmedia":[{"embeddable":true,"href":"https:\/\/bruknes.world\/en\/wp-json\/wp\/v2\/media\/10009"}],"wp:attachment":[{"href":"https:\/\/bruknes.world\/en\/wp-json\/wp\/v2\/media?parent=10008"}],"wp:term":[{"taxonomy":"product_brand","embeddable":true,"href":"https:\/\/bruknes.world\/en\/wp-json\/wp\/v2\/product_brand?post=10008"},{"taxonomy":"product_cat","embeddable":true,"href":"https:\/\/bruknes.world\/en\/wp-json\/wp\/v2\/product_cat?post=10008"},{"taxonomy":"product_tag","embeddable":true,"href":"https:\/\/bruknes.world\/en\/wp-json\/wp\/v2\/product_tag?post=10008"}],"curies":[{"name":"wp","href":"https:\/\/api.w.org\/{rel}","templated":true}]}}