{"id":10024,"date":"2023-11-02T18:33:34","date_gmt":"2023-11-02T16:33:34","guid":{"rendered":"https:\/\/bruknes.world\/?post_type=product&#038;p=10024"},"modified":"2026-03-15T18:29:20","modified_gmt":"2026-03-15T16:29:20","slug":"aguonu-sokis-kvietimai","status":"publish","type":"product","link":"https:\/\/bruknes.world\/en\/produktai\/kvietimai\/modernus\/aguonu-sokis-kvietimai\/","title":{"rendered":"aguon\u0173 \u0161okis \u2022 kvietimai"},"content":{"rendered":"<p><strong>kain\u0105 sudaro:<\/strong><\/p>\n<p>dizaino ir maketavimo darbai + kvietimo gamybos kaina + voko kaina<\/p>\n<p>&#8211; kvietimo gamybos kaina 6,90 eur\/vnt<br \/>\n&#8211; vokas 0,85 eur\/vnt<\/p>\n<p>&#8211; dizaino adaptavimo darbai 60 eur<br \/>\n* kvietimo pagal j\u016bs\u0173 tekst\u0105 maketavimo darbai viena kalba<br \/>\n* galimi dizaino pakeitimai derantys prie pasirinkto dizaino: spalvos, popierius ir\u00a0 papildomos detal\u0117s (va\u0161ko antspaudai, kutai ir t.t.)<\/p>\n<p>&#8211; papildoma kalba + 12 eur<br \/>\n&#8211; kvietimai su kreipiniais + 18 eur<\/p>","protected":false},"excerpt":{"rendered":"<p>netik\u0117tos formos sulankstomas vestuvi\u0173 kvietimas, kuris be abejo ap\u017eavi judesio plastika \u2013 tiek savo forma, tiek aguon\u0173 iliustracijomis. Staigmenos moment\u0173 i\u0161pakuojant \u0161\u012f kvietim\u0105 i\u0161 voko bus tikrai daug<br \/>\n&#8211; &#8211; &#8211;<br \/>\nkvietimas + vokas<\/p>\n<p>tekst\u016brinio popieriaus ypatingo sulankstymo kvietimas, su g\u0117li\u0173 iliustracijomis<br \/>\n&#8211; &#8211; &#8211;<br \/>\nddydis: 10x20cm<br \/>\ndekoratyvinis vokas: 11x21cm<\/p>\n<p>&nbsp;<\/p>\n<p>minimalus u\u017esakymo kiekis\u00a0 10 vnt.<br \/>\nu\u017esakymo \u012fgyvendinimo trukm\u0117\u00a0 10 d.d.<\/p>\n<p>m\u016bs\u0173 rekomendacijas, vestuvi\u0173 kvietimo teksto k\u016brimui, <a href=\"https:\/\/bruknes.world\/en\/vestuviniu-kvietimu-teksto-kurimas\/\">rasite \u010dia<\/a><br \/>\n\u0161vent\u0117s dienos spaudos elementus rasite \u010dia:\u00a0<a href=\"https:\/\/bruknes.world\/en\/produktai\/sventes-dienos-spauda\/rinkiniai-sventes-dienos-spauda\/aguonu-sokis-sventes-dienos-spauda\/\" target=\"_blank\" rel=\"noopener\">aguon\u0173 \u0161okis \u2022 \u0161vent\u0117s dienos spauda<\/a><\/p>","protected":false},"featured_media":10026,"template":"","meta":[],"product_brand":[],"product_cat":[58,63,41,48,46],"product_tag":[55,61],"class_list":{"0":"post-10024","1":"product","2":"type-product","3":"status-publish","4":"has-post-thumbnail","6":"product_cat-iliustruoti","7":"product_cat-isskirtine-forma","8":"product_cat-kvietimai","9":"product_cat-minimalistiniai","10":"product_cat-modernus","11":"product_tag-forma","12":"product_tag-forma1a","14":"first","15":"instock","16":"shipping-taxable","17":"product-type-simple"},"yoast_head":"<!-- This site is optimized with the Yoast SEO plugin v27.2 - https:\/\/yoast.com\/product\/yoast-seo-wordpress\/ -->\n<title>aguon\u0173 \u0161okis \u2022 kvietimai - bruknes world<\/title>\n<meta name=\"description\" content=\"VESTUVI\u0172 KVIETIMAI | ELEKTRONIAI ir POPIERINIAI - modern\u016bs, minimalistiniai, eleganti\u0161ki, romanti\u0161ki, netradinin\u0117s formos ir bohemi\u0161ki kvietimai \u012f vestuves\" \/>\n<meta name=\"robots\" content=\"index, follow, max-snippet:-1, max-image-preview:large, max-video-preview:-1\" \/>\n<link rel=\"canonical\" href=\"https:\/\/bruknes.world\/en\/produktai\/kvietimai\/modernus\/aguonu-sokis-kvietimai\/\" \/>\n<meta property=\"og:locale\" content=\"en_US\" \/>\n<meta property=\"og:type\" content=\"article\" \/>\n<meta property=\"og:title\" content=\"aguon\u0173 \u0161okis \u2022 kvietimai - bruknes world\" \/>\n<meta property=\"og:description\" content=\"VESTUVI\u0172 KVIETIMAI | ELEKTRONIAI ir POPIERINIAI - modern\u016bs, minimalistiniai, eleganti\u0161ki, romanti\u0161ki, netradinin\u0117s formos ir bohemi\u0161ki kvietimai \u012f vestuves\" \/>\n<meta property=\"og:url\" content=\"https:\/\/bruknes.world\/en\/produktai\/kvietimai\/modernus\/aguonu-sokis-kvietimai\/\" \/>\n<meta property=\"og:site_name\" content=\"bruknes world\" \/>\n<meta property=\"article:modified_time\" content=\"2026-03-15T16:29:20+00:00\" \/>\n<meta property=\"og:image\" content=\"https:\/\/bruknes.world\/wp-content\/uploads\/2023\/11\/vestuviu-kvietimai-aguonu-sokis-bruknesworld-1.jpg\" \/>\n\t<meta property=\"og:image:width\" content=\"1600\" \/>\n\t<meta property=\"og:image:height\" content=\"2000\" \/>\n\t<meta property=\"og:image:type\" content=\"image\/jpeg\" \/>\n<meta name=\"twitter:card\" content=\"summary_large_image\" \/>\n<meta name=\"twitter:label1\" content=\"Est. reading time\" \/>\n\t<meta name=\"twitter:data1\" content=\"1 minute\" \/>\n<script type=\"application\/ld+json\" class=\"yoast-schema-graph\">{\"@context\":\"https:\/\/schema.org\",\"@graph\":[{\"@type\":\"WebPage\",\"@id\":\"https:\/\/bruknes.world\/produktai\/kvietimai\/modernus\/aguonu-sokis-kvietimai\/\",\"url\":\"https:\/\/bruknes.world\/produktai\/kvietimai\/modernus\/aguonu-sokis-kvietimai\/\",\"name\":\"aguon\u0173 \u0161okis \u2022 kvietimai - bruknes world\",\"isPartOf\":{\"@id\":\"https:\/\/bruknes.world\/#website\"},\"primaryImageOfPage\":{\"@id\":\"https:\/\/bruknes.world\/produktai\/kvietimai\/modernus\/aguonu-sokis-kvietimai\/#primaryimage\"},\"image\":{\"@id\":\"https:\/\/bruknes.world\/produktai\/kvietimai\/modernus\/aguonu-sokis-kvietimai\/#primaryimage\"},\"thumbnailUrl\":\"https:\/\/bruknes.world\/wp-content\/uploads\/2023\/11\/vestuviu-kvietimai-aguonu-sokis-bruknesworld-1.jpg\",\"datePublished\":\"2023-11-02T16:33:34+00:00\",\"dateModified\":\"2026-03-15T16:29:20+00:00\",\"description\":\"VESTUVI\u0172 KVIETIMAI | ELEKTRONIAI ir POPIERINIAI - modern\u016bs, minimalistiniai, eleganti\u0161ki, romanti\u0161ki, netradinin\u0117s formos ir bohemi\u0161ki kvietimai \u012f vestuves\",\"breadcrumb\":{\"@id\":\"https:\/\/bruknes.world\/produktai\/kvietimai\/modernus\/aguonu-sokis-kvietimai\/#breadcrumb\"},\"inLanguage\":\"en-US\",\"potentialAction\":[{\"@type\":\"ReadAction\",\"target\":[\"https:\/\/bruknes.world\/produktai\/kvietimai\/modernus\/aguonu-sokis-kvietimai\/\"]}]},{\"@type\":\"ImageObject\",\"inLanguage\":\"en-US\",\"@id\":\"https:\/\/bruknes.world\/produktai\/kvietimai\/modernus\/aguonu-sokis-kvietimai\/#primaryimage\",\"url\":\"https:\/\/bruknes.world\/wp-content\/uploads\/2023\/11\/vestuviu-kvietimai-aguonu-sokis-bruknesworld-1.jpg\",\"contentUrl\":\"https:\/\/bruknes.world\/wp-content\/uploads\/2023\/11\/vestuviu-kvietimai-aguonu-sokis-bruknesworld-1.jpg\",\"width\":1600,\"height\":2000,\"caption\":\"vestuviniai kvietimai minimalistiniai modern\u016bs romanti\u0161ki bohemi\u0161ki eleganti\u0161ki\"},{\"@type\":\"BreadcrumbList\",\"@id\":\"https:\/\/bruknes.world\/produktai\/kvietimai\/modernus\/aguonu-sokis-kvietimai\/#breadcrumb\",\"itemListElement\":[{\"@type\":\"ListItem\",\"position\":1,\"name\":\"Home\",\"item\":\"https:\/\/bruknes.world\/\"},{\"@type\":\"ListItem\",\"position\":2,\"name\":\"popieriniai dalykai\",\"item\":\"https:\/\/bruknes.world\/popieriniai-dalykai\/\"},{\"@type\":\"ListItem\",\"position\":3,\"name\":\"aguon\u0173 \u0161okis \u2022 kvietimai\"}]},{\"@type\":\"WebSite\",\"@id\":\"https:\/\/bruknes.world\/#website\",\"url\":\"https:\/\/bruknes.world\/\",\"name\":\"bruknes world\",\"description\":\"\",\"potentialAction\":[{\"@type\":\"SearchAction\",\"target\":{\"@type\":\"EntryPoint\",\"urlTemplate\":\"https:\/\/bruknes.world\/?s={search_term_string}\"},\"query-input\":{\"@type\":\"PropertyValueSpecification\",\"valueRequired\":true,\"valueName\":\"search_term_string\"}}],\"inLanguage\":\"en-US\"}]}<\/script>\n<!-- \/ Yoast SEO plugin. -->","yoast_head_json":{"title":"aguon\u0173 \u0161okis \u2022 kvietimai - bruknes world","description":"VESTUVI\u0172 KVIETIMAI | ELEKTRONIAI ir POPIERINIAI - modern\u016bs, minimalistiniai, eleganti\u0161ki, romanti\u0161ki, netradinin\u0117s formos ir bohemi\u0161ki kvietimai \u012f vestuves","robots":{"index":"index","follow":"follow","max-snippet":"max-snippet:-1","max-image-preview":"max-image-preview:large","max-video-preview":"max-video-preview:-1"},"canonical":"https:\/\/bruknes.world\/en\/produktai\/kvietimai\/modernus\/aguonu-sokis-kvietimai\/","og_locale":"en_US","og_type":"article","og_title":"aguon\u0173 \u0161okis \u2022 kvietimai - bruknes world","og_description":"VESTUVI\u0172 KVIETIMAI | ELEKTRONIAI ir POPIERINIAI - modern\u016bs, minimalistiniai, eleganti\u0161ki, romanti\u0161ki, netradinin\u0117s formos ir bohemi\u0161ki kvietimai \u012f vestuves","og_url":"https:\/\/bruknes.world\/en\/produktai\/kvietimai\/modernus\/aguonu-sokis-kvietimai\/","og_site_name":"bruknes world","article_modified_time":"2026-03-15T16:29:20+00:00","og_image":[{"width":1600,"height":2000,"url":"https:\/\/bruknes.world\/wp-content\/uploads\/2023\/11\/vestuviu-kvietimai-aguonu-sokis-bruknesworld-1.jpg","type":"image\/jpeg"}],"twitter_card":"summary_large_image","twitter_misc":{"Est. reading time":"1 minute"},"schema":{"@context":"https:\/\/schema.org","@graph":[{"@type":"WebPage","@id":"https:\/\/bruknes.world\/produktai\/kvietimai\/modernus\/aguonu-sokis-kvietimai\/","url":"https:\/\/bruknes.world\/produktai\/kvietimai\/modernus\/aguonu-sokis-kvietimai\/","name":"aguon\u0173 \u0161okis \u2022 kvietimai - bruknes world","isPartOf":{"@id":"https:\/\/bruknes.world\/#website"},"primaryImageOfPage":{"@id":"https:\/\/bruknes.world\/produktai\/kvietimai\/modernus\/aguonu-sokis-kvietimai\/#primaryimage"},"image":{"@id":"https:\/\/bruknes.world\/produktai\/kvietimai\/modernus\/aguonu-sokis-kvietimai\/#primaryimage"},"thumbnailUrl":"https:\/\/bruknes.world\/wp-content\/uploads\/2023\/11\/vestuviu-kvietimai-aguonu-sokis-bruknesworld-1.jpg","datePublished":"2023-11-02T16:33:34+00:00","dateModified":"2026-03-15T16:29:20+00:00","description":"VESTUVI\u0172 KVIETIMAI | ELEKTRONIAI ir POPIERINIAI - modern\u016bs, minimalistiniai, eleganti\u0161ki, romanti\u0161ki, netradinin\u0117s formos ir bohemi\u0161ki kvietimai \u012f vestuves","breadcrumb":{"@id":"https:\/\/bruknes.world\/produktai\/kvietimai\/modernus\/aguonu-sokis-kvietimai\/#breadcrumb"},"inLanguage":"en-US","potentialAction":[{"@type":"ReadAction","target":["https:\/\/bruknes.world\/produktai\/kvietimai\/modernus\/aguonu-sokis-kvietimai\/"]}]},{"@type":"ImageObject","inLanguage":"en-US","@id":"https:\/\/bruknes.world\/produktai\/kvietimai\/modernus\/aguonu-sokis-kvietimai\/#primaryimage","url":"https:\/\/bruknes.world\/wp-content\/uploads\/2023\/11\/vestuviu-kvietimai-aguonu-sokis-bruknesworld-1.jpg","contentUrl":"https:\/\/bruknes.world\/wp-content\/uploads\/2023\/11\/vestuviu-kvietimai-aguonu-sokis-bruknesworld-1.jpg","width":1600,"height":2000,"caption":"vestuviniai kvietimai minimalistiniai modern\u016bs romanti\u0161ki bohemi\u0161ki eleganti\u0161ki"},{"@type":"BreadcrumbList","@id":"https:\/\/bruknes.world\/produktai\/kvietimai\/modernus\/aguonu-sokis-kvietimai\/#breadcrumb","itemListElement":[{"@type":"ListItem","position":1,"name":"Home","item":"https:\/\/bruknes.world\/"},{"@type":"ListItem","position":2,"name":"popieriniai dalykai","item":"https:\/\/bruknes.world\/popieriniai-dalykai\/"},{"@type":"ListItem","position":3,"name":"aguon\u0173 \u0161okis \u2022 kvietimai"}]},{"@type":"WebSite","@id":"https:\/\/bruknes.world\/#website","url":"https:\/\/bruknes.world\/","name":"bruknes world","description":"","potentialAction":[{"@type":"SearchAction","target":{"@type":"EntryPoint","urlTemplate":"https:\/\/bruknes.world\/?s={search_term_string}"},"query-input":{"@type":"PropertyValueSpecification","valueRequired":true,"valueName":"search_term_string"}}],"inLanguage":"en-US"}]}},"_links":{"self":[{"href":"https:\/\/bruknes.world\/en\/wp-json\/wp\/v2\/product\/10024","targetHints":{"allow":["GET"]}}],"collection":[{"href":"https:\/\/bruknes.world\/en\/wp-json\/wp\/v2\/product"}],"about":[{"href":"https:\/\/bruknes.world\/en\/wp-json\/wp\/v2\/types\/product"}],"wp:featuredmedia":[{"embeddable":true,"href":"https:\/\/bruknes.world\/en\/wp-json\/wp\/v2\/media\/10026"}],"wp:attachment":[{"href":"https:\/\/bruknes.world\/en\/wp-json\/wp\/v2\/media?parent=10024"}],"wp:term":[{"taxonomy":"product_brand","embeddable":true,"href":"https:\/\/bruknes.world\/en\/wp-json\/wp\/v2\/product_brand?post=10024"},{"taxonomy":"product_cat","embeddable":true,"href":"https:\/\/bruknes.world\/en\/wp-json\/wp\/v2\/product_cat?post=10024"},{"taxonomy":"product_tag","embeddable":true,"href":"https:\/\/bruknes.world\/en\/wp-json\/wp\/v2\/product_tag?post=10024"}],"curies":[{"name":"wp","href":"https:\/\/api.w.org\/{rel}","templated":true}]}}