{"id":10034,"date":"2023-11-02T18:43:39","date_gmt":"2023-11-02T16:43:39","guid":{"rendered":"https:\/\/bruknes.world\/?post_type=product&#038;p=10034"},"modified":"2026-03-15T18:26:56","modified_gmt":"2026-03-15T16:26:56","slug":"vasaros-sentimentai-kvietimai","status":"publish","type":"product","link":"https:\/\/bruknes.world\/en\/produktai\/kvietimai\/modernus\/vasaros-sentimentai-kvietimai\/","title":{"rendered":"vasaros sentimentai \u2022 kvietimai"},"content":{"rendered":"<p><strong>kain\u0105 sudaro:<\/strong><\/p>\n<p>dizaino ir maketavimo darbai + kvietimo d\u0117\u017eut\u0117s gamybos kaina<\/p>\n<p>&#8211; kvietimo gamybos kaina 6,90 eur\/vnt<\/p>\n<p>&#8211; dizaino adaptavimo darbai 60 eur<br \/>\n* kvietimo pagal j\u016bs\u0173 tekst\u0105 maketavimo darbai viena kalba<br \/>\n* galimi dizaino pakeitimai derantys prie pasirinkto dizaino: spalvos, popierius ir\u00a0 papildomos detal\u0117s (va\u0161ko antspaudai, kutai ir t.t.)<\/p>\n<p>&#8211; papildoma kalba + 12 eur<br \/>\n&#8211; kvietimai su kreipiniais + 18 eur<\/p>","protected":false},"excerpt":{"rendered":"<p>vestuvi\u0173 kvietimas d\u0117\u017eut\u0117je be abejo ap\u017eavi staigmenos id\u0117ja. Atidarius d\u0117\u017eut\u0119 pasitinka \u012f ritin\u0117l\u012f susukta per\u0161vie\u010diamo popieriaus vestuvinio kvietimo teksto kortel\u0117, o d\u0117\u017eut\u0117s dugne atmosferin\u0117, vasaros pasimatym\u0173 gamtoje, akimirka. Staigmenos moment\u0173 i\u0161pakuojant \u0161\u012f kvietim\u0105 bus tikrai daug<\/p>\n<p>&#8211; &#8211; &#8211;<br \/>\nkvietimas d\u0117\u017eut\u0117je<\/p>\n<p>dekoratyvinio popieriaus d\u0117\u017eut\u0117 su nuotrauka dugne<br \/>\nir kreipini\u0173 spauda ant vir\u0161elio + kvietimo teksto spauda ant kalkinio popieriaus<\/p>\n<p>&#8211; &#8211; &#8211;<br \/>\nd\u0117\u017eut\u0117s dydis: 13 x 13 x 2 cm<br \/>\nkvietimo kortel\u0117s dydis: 12 x 20 cm<\/p>\n<p>&nbsp;<\/p>\n<p>minimalus u\u017esakymo kiekis\u00a0 15 vnt.<br \/>\nu\u017esakymo \u012fgyvendinimo trukm\u0117\u00a0 10 d.d.<\/p>\n<p>m\u016bs\u0173 rekomendacijas, vestuvi\u0173 kvietimo teksto k\u016brimui, <a href=\"https:\/\/bruknes.world\/en\/vestuviniu-kvietimu-teksto-kurimas\/\">rasite \u010dia<\/a><br \/>\n\u0161vent\u0117s dienos spaudos elementus rasite \u010dia:\u00a0<a href=\"https:\/\/bruknes.world\/en\/produktai\/sventes-dienos-spauda\/rinkiniai-sventes-dienos-spauda\/vasaros-sentimentai-sventes-dienos-spauda\/\" target=\"_blank\" rel=\"noopener\">vasaros sentimentai \u2022 \u0161vent\u0117s dienos spauda<\/a><\/p>\n<p>&nbsp;<\/p>","protected":false},"featured_media":10037,"template":"","meta":[],"product_brand":[],"product_cat":[59,54,56,63,41,46],"product_tag":[55,49],"class_list":{"0":"post-10034","1":"product","2":"type-product","3":"status-publish","4":"has-post-thumbnail","6":"product_cat-bohemiski","7":"product_cat-botaniniai","8":"product_cat-elegantiski","9":"product_cat-isskirtine-forma","10":"product_cat-kvietimai","11":"product_cat-modernus","12":"product_tag-forma","13":"product_tag-forma2","14":"product_shipping_class-siuntimas","16":"first","17":"instock","18":"shipping-taxable","19":"product-type-simple"},"yoast_head":"<!-- This site is optimized with the Yoast SEO plugin v27.2 - https:\/\/yoast.com\/product\/yoast-seo-wordpress\/ -->\n<title>vasaros sentimentai \u2022 kvietimai - bruknes world<\/title>\n<meta name=\"description\" content=\"VESTUVI\u0172 KVIETIMAI D\u0116\u017dUT\u0116JE - modern\u016bs, minimalistiniai, eleganti\u0161ki, romanti\u0161ki, netradiciniai ir bohemi\u0161ki kvietimai su papar\u010diais arba paj\u016brio akmenukais\" \/>\n<meta name=\"robots\" content=\"index, follow, max-snippet:-1, max-image-preview:large, max-video-preview:-1\" \/>\n<link rel=\"canonical\" href=\"https:\/\/bruknes.world\/en\/produktai\/kvietimai\/modernus\/vasaros-sentimentai-kvietimai\/\" \/>\n<meta property=\"og:locale\" content=\"en_US\" \/>\n<meta property=\"og:type\" content=\"article\" \/>\n<meta property=\"og:title\" content=\"vasaros sentimentai \u2022 kvietimai - bruknes world\" \/>\n<meta property=\"og:description\" content=\"VESTUVI\u0172 KVIETIMAI D\u0116\u017dUT\u0116JE - modern\u016bs, minimalistiniai, eleganti\u0161ki, romanti\u0161ki, netradiciniai ir bohemi\u0161ki kvietimai su papar\u010diais arba paj\u016brio akmenukais\" \/>\n<meta property=\"og:url\" content=\"https:\/\/bruknes.world\/en\/produktai\/kvietimai\/modernus\/vasaros-sentimentai-kvietimai\/\" \/>\n<meta property=\"og:site_name\" content=\"bruknes world\" \/>\n<meta property=\"article:modified_time\" content=\"2026-03-15T16:26:56+00:00\" \/>\n<meta property=\"og:image\" content=\"https:\/\/bruknes.world\/wp-content\/uploads\/2023\/11\/vestuviu-kvietimai-vasaros-sentimentai-bruknesworld-2.jpg\" \/>\n\t<meta property=\"og:image:width\" content=\"1600\" \/>\n\t<meta property=\"og:image:height\" content=\"2000\" \/>\n\t<meta property=\"og:image:type\" content=\"image\/jpeg\" \/>\n<meta name=\"twitter:card\" content=\"summary_large_image\" \/>\n<meta name=\"twitter:label1\" content=\"Est. reading time\" \/>\n\t<meta name=\"twitter:data1\" content=\"1 minute\" \/>\n<script type=\"application\/ld+json\" class=\"yoast-schema-graph\">{\"@context\":\"https:\/\/schema.org\",\"@graph\":[{\"@type\":\"WebPage\",\"@id\":\"https:\/\/bruknes.world\/produktai\/kvietimai\/modernus\/vasaros-sentimentai-kvietimai\/\",\"url\":\"https:\/\/bruknes.world\/produktai\/kvietimai\/modernus\/vasaros-sentimentai-kvietimai\/\",\"name\":\"vasaros sentimentai \u2022 kvietimai - bruknes world\",\"isPartOf\":{\"@id\":\"https:\/\/bruknes.world\/#website\"},\"primaryImageOfPage\":{\"@id\":\"https:\/\/bruknes.world\/produktai\/kvietimai\/modernus\/vasaros-sentimentai-kvietimai\/#primaryimage\"},\"image\":{\"@id\":\"https:\/\/bruknes.world\/produktai\/kvietimai\/modernus\/vasaros-sentimentai-kvietimai\/#primaryimage\"},\"thumbnailUrl\":\"https:\/\/bruknes.world\/wp-content\/uploads\/2023\/11\/vestuviu-kvietimai-vasaros-sentimentai-bruknesworld-2.jpg\",\"datePublished\":\"2023-11-02T16:43:39+00:00\",\"dateModified\":\"2026-03-15T16:26:56+00:00\",\"description\":\"VESTUVI\u0172 KVIETIMAI D\u0116\u017dUT\u0116JE - modern\u016bs, minimalistiniai, eleganti\u0161ki, romanti\u0161ki, netradiciniai ir bohemi\u0161ki kvietimai su papar\u010diais arba paj\u016brio akmenukais\",\"breadcrumb\":{\"@id\":\"https:\/\/bruknes.world\/produktai\/kvietimai\/modernus\/vasaros-sentimentai-kvietimai\/#breadcrumb\"},\"inLanguage\":\"en-US\",\"potentialAction\":[{\"@type\":\"ReadAction\",\"target\":[\"https:\/\/bruknes.world\/produktai\/kvietimai\/modernus\/vasaros-sentimentai-kvietimai\/\"]}]},{\"@type\":\"ImageObject\",\"inLanguage\":\"en-US\",\"@id\":\"https:\/\/bruknes.world\/produktai\/kvietimai\/modernus\/vasaros-sentimentai-kvietimai\/#primaryimage\",\"url\":\"https:\/\/bruknes.world\/wp-content\/uploads\/2023\/11\/vestuviu-kvietimai-vasaros-sentimentai-bruknesworld-2.jpg\",\"contentUrl\":\"https:\/\/bruknes.world\/wp-content\/uploads\/2023\/11\/vestuviu-kvietimai-vasaros-sentimentai-bruknesworld-2.jpg\",\"width\":1600,\"height\":2000,\"caption\":\"vestuviniai kvietimai minimalistiniai modern\u016bs romanti\u0161ki bohemi\u0161ki eleganti\u0161ki\"},{\"@type\":\"BreadcrumbList\",\"@id\":\"https:\/\/bruknes.world\/produktai\/kvietimai\/modernus\/vasaros-sentimentai-kvietimai\/#breadcrumb\",\"itemListElement\":[{\"@type\":\"ListItem\",\"position\":1,\"name\":\"Home\",\"item\":\"https:\/\/bruknes.world\/\"},{\"@type\":\"ListItem\",\"position\":2,\"name\":\"popieriniai dalykai\",\"item\":\"https:\/\/bruknes.world\/popieriniai-dalykai\/\"},{\"@type\":\"ListItem\",\"position\":3,\"name\":\"vasaros sentimentai \u2022 kvietimai\"}]},{\"@type\":\"WebSite\",\"@id\":\"https:\/\/bruknes.world\/#website\",\"url\":\"https:\/\/bruknes.world\/\",\"name\":\"bruknes world\",\"description\":\"\",\"potentialAction\":[{\"@type\":\"SearchAction\",\"target\":{\"@type\":\"EntryPoint\",\"urlTemplate\":\"https:\/\/bruknes.world\/?s={search_term_string}\"},\"query-input\":{\"@type\":\"PropertyValueSpecification\",\"valueRequired\":true,\"valueName\":\"search_term_string\"}}],\"inLanguage\":\"en-US\"}]}<\/script>\n<!-- \/ Yoast SEO plugin. -->","yoast_head_json":{"title":"vasaros sentimentai \u2022 kvietimai - bruknes world","description":"VESTUVI\u0172 KVIETIMAI D\u0116\u017dUT\u0116JE - modern\u016bs, minimalistiniai, eleganti\u0161ki, romanti\u0161ki, netradiciniai ir bohemi\u0161ki kvietimai su papar\u010diais arba paj\u016brio akmenukais","robots":{"index":"index","follow":"follow","max-snippet":"max-snippet:-1","max-image-preview":"max-image-preview:large","max-video-preview":"max-video-preview:-1"},"canonical":"https:\/\/bruknes.world\/en\/produktai\/kvietimai\/modernus\/vasaros-sentimentai-kvietimai\/","og_locale":"en_US","og_type":"article","og_title":"vasaros sentimentai \u2022 kvietimai - bruknes world","og_description":"VESTUVI\u0172 KVIETIMAI D\u0116\u017dUT\u0116JE - modern\u016bs, minimalistiniai, eleganti\u0161ki, romanti\u0161ki, netradiciniai ir bohemi\u0161ki kvietimai su papar\u010diais arba paj\u016brio akmenukais","og_url":"https:\/\/bruknes.world\/en\/produktai\/kvietimai\/modernus\/vasaros-sentimentai-kvietimai\/","og_site_name":"bruknes world","article_modified_time":"2026-03-15T16:26:56+00:00","og_image":[{"width":1600,"height":2000,"url":"https:\/\/bruknes.world\/wp-content\/uploads\/2023\/11\/vestuviu-kvietimai-vasaros-sentimentai-bruknesworld-2.jpg","type":"image\/jpeg"}],"twitter_card":"summary_large_image","twitter_misc":{"Est. reading time":"1 minute"},"schema":{"@context":"https:\/\/schema.org","@graph":[{"@type":"WebPage","@id":"https:\/\/bruknes.world\/produktai\/kvietimai\/modernus\/vasaros-sentimentai-kvietimai\/","url":"https:\/\/bruknes.world\/produktai\/kvietimai\/modernus\/vasaros-sentimentai-kvietimai\/","name":"vasaros sentimentai \u2022 kvietimai - bruknes world","isPartOf":{"@id":"https:\/\/bruknes.world\/#website"},"primaryImageOfPage":{"@id":"https:\/\/bruknes.world\/produktai\/kvietimai\/modernus\/vasaros-sentimentai-kvietimai\/#primaryimage"},"image":{"@id":"https:\/\/bruknes.world\/produktai\/kvietimai\/modernus\/vasaros-sentimentai-kvietimai\/#primaryimage"},"thumbnailUrl":"https:\/\/bruknes.world\/wp-content\/uploads\/2023\/11\/vestuviu-kvietimai-vasaros-sentimentai-bruknesworld-2.jpg","datePublished":"2023-11-02T16:43:39+00:00","dateModified":"2026-03-15T16:26:56+00:00","description":"VESTUVI\u0172 KVIETIMAI D\u0116\u017dUT\u0116JE - modern\u016bs, minimalistiniai, eleganti\u0161ki, romanti\u0161ki, netradiciniai ir bohemi\u0161ki kvietimai su papar\u010diais arba paj\u016brio akmenukais","breadcrumb":{"@id":"https:\/\/bruknes.world\/produktai\/kvietimai\/modernus\/vasaros-sentimentai-kvietimai\/#breadcrumb"},"inLanguage":"en-US","potentialAction":[{"@type":"ReadAction","target":["https:\/\/bruknes.world\/produktai\/kvietimai\/modernus\/vasaros-sentimentai-kvietimai\/"]}]},{"@type":"ImageObject","inLanguage":"en-US","@id":"https:\/\/bruknes.world\/produktai\/kvietimai\/modernus\/vasaros-sentimentai-kvietimai\/#primaryimage","url":"https:\/\/bruknes.world\/wp-content\/uploads\/2023\/11\/vestuviu-kvietimai-vasaros-sentimentai-bruknesworld-2.jpg","contentUrl":"https:\/\/bruknes.world\/wp-content\/uploads\/2023\/11\/vestuviu-kvietimai-vasaros-sentimentai-bruknesworld-2.jpg","width":1600,"height":2000,"caption":"vestuviniai kvietimai minimalistiniai modern\u016bs romanti\u0161ki bohemi\u0161ki eleganti\u0161ki"},{"@type":"BreadcrumbList","@id":"https:\/\/bruknes.world\/produktai\/kvietimai\/modernus\/vasaros-sentimentai-kvietimai\/#breadcrumb","itemListElement":[{"@type":"ListItem","position":1,"name":"Home","item":"https:\/\/bruknes.world\/"},{"@type":"ListItem","position":2,"name":"popieriniai dalykai","item":"https:\/\/bruknes.world\/popieriniai-dalykai\/"},{"@type":"ListItem","position":3,"name":"vasaros sentimentai \u2022 kvietimai"}]},{"@type":"WebSite","@id":"https:\/\/bruknes.world\/#website","url":"https:\/\/bruknes.world\/","name":"bruknes world","description":"","potentialAction":[{"@type":"SearchAction","target":{"@type":"EntryPoint","urlTemplate":"https:\/\/bruknes.world\/?s={search_term_string}"},"query-input":{"@type":"PropertyValueSpecification","valueRequired":true,"valueName":"search_term_string"}}],"inLanguage":"en-US"}]}},"_links":{"self":[{"href":"https:\/\/bruknes.world\/en\/wp-json\/wp\/v2\/product\/10034","targetHints":{"allow":["GET"]}}],"collection":[{"href":"https:\/\/bruknes.world\/en\/wp-json\/wp\/v2\/product"}],"about":[{"href":"https:\/\/bruknes.world\/en\/wp-json\/wp\/v2\/types\/product"}],"wp:featuredmedia":[{"embeddable":true,"href":"https:\/\/bruknes.world\/en\/wp-json\/wp\/v2\/media\/10037"}],"wp:attachment":[{"href":"https:\/\/bruknes.world\/en\/wp-json\/wp\/v2\/media?parent=10034"}],"wp:term":[{"taxonomy":"product_brand","embeddable":true,"href":"https:\/\/bruknes.world\/en\/wp-json\/wp\/v2\/product_brand?post=10034"},{"taxonomy":"product_cat","embeddable":true,"href":"https:\/\/bruknes.world\/en\/wp-json\/wp\/v2\/product_cat?post=10034"},{"taxonomy":"product_tag","embeddable":true,"href":"https:\/\/bruknes.world\/en\/wp-json\/wp\/v2\/product_tag?post=10034"}],"curies":[{"name":"wp","href":"https:\/\/api.w.org\/{rel}","templated":true}]}}