{"id":10300,"date":"2023-11-17T15:42:15","date_gmt":"2023-11-17T13:42:15","guid":{"rendered":"https:\/\/bruknes.world\/?post_type=product&#038;p=10300"},"modified":"2025-06-20T17:13:08","modified_gmt":"2025-06-20T14:13:08","slug":"lipdukai-italiska-vasara","status":"publish","type":"product","link":"https:\/\/bruknes.world\/en\/produktai\/dovanu-pakavimas\/lipdukai\/lipdukai-italiska-vasara\/","title":{"rendered":"lipdukai \u2022 itali\u0161ka vasara"},"content":{"rendered":"","protected":false},"excerpt":{"rendered":"<p>skaidr\u016bs lipdukai kasdieniams u\u017era\u0161ams pagyvinti, dovan\u0173 pakavimui u\u017ebaigti<\/p>\n<p>lipduk\u0173 rinkiniai labiausiai d\u017eiugins d\u017eiazuojan\u010dius estetus. Tai \u017eaismingas puo\u0161ybos elementas u\u017era\u0161in\u0117je, darbo knygoje, sieniniam kalendoriuje, ant veidro\u017eio ar pa\u010dioj netik\u0117\u010diausioj vietoj ant stalo kra\u0161to.. o prakti\u0161kiems &#8211; lipdukai gali b\u016bti dovanos pakavimo u\u017ebaigimo elementas..<\/p>\n<p>&#8211; &#8211; &#8211;<br \/>\nrinkin\u012f sudaro: 4 lapeliai lipduk\u0173<br \/>\nlapelio dydis: 10,5 x 14,8 cm<\/p>","protected":false},"featured_media":10308,"template":"","meta":[],"product_brand":[],"product_cat":[118,134],"product_tag":[],"class_list":{"0":"post-10300","1":"product","2":"type-product","3":"status-publish","4":"has-post-thumbnail","6":"product_cat-dovanu-pakavimas","7":"product_cat-lipdukai","9":"first","10":"instock","11":"shipping-taxable","12":"purchasable","13":"product-type-variable"},"yoast_head":"<!-- This site is optimized with the Yoast SEO plugin v27.2 - https:\/\/yoast.com\/product\/yoast-seo-wordpress\/ -->\n<title>lipdukai \u2022 itali\u0161ka vasara - bruknes world<\/title>\n<meta name=\"description\" content=\"Lipduk\u0173 rinkiniai - naudojami dovan\u0173 pakavimui. Jie dailiai papildo dovanos dekor\u0105. Taip pat gali b\u016bti priemon\u0117 \u017eaismingam darbo knygos pildymui\" \/>\n<meta name=\"robots\" content=\"index, follow, max-snippet:-1, max-image-preview:large, max-video-preview:-1\" \/>\n<link rel=\"canonical\" href=\"https:\/\/bruknes.world\/en\/produktai\/dovanu-pakavimas\/lipdukai\/lipdukai-italiska-vasara\/\" \/>\n<meta property=\"og:locale\" content=\"en_US\" \/>\n<meta property=\"og:type\" content=\"article\" \/>\n<meta property=\"og:title\" content=\"lipdukai \u2022 itali\u0161ka vasara - bruknes world\" \/>\n<meta property=\"og:description\" content=\"Lipduk\u0173 rinkiniai - naudojami dovan\u0173 pakavimui. Jie dailiai papildo dovanos dekor\u0105. Taip pat gali b\u016bti priemon\u0117 \u017eaismingam darbo knygos pildymui\" \/>\n<meta property=\"og:url\" content=\"https:\/\/bruknes.world\/en\/produktai\/dovanu-pakavimas\/lipdukai\/lipdukai-italiska-vasara\/\" \/>\n<meta property=\"og:site_name\" content=\"bruknes world\" \/>\n<meta property=\"article:modified_time\" content=\"2025-06-20T14:13:08+00:00\" \/>\n<meta property=\"og:image\" content=\"https:\/\/bruknes.world\/wp-content\/uploads\/2023\/11\/lipdukai_4x5-41-scaled.jpg\" \/>\n\t<meta property=\"og:image:width\" content=\"2048\" \/>\n\t<meta property=\"og:image:height\" content=\"2560\" \/>\n\t<meta property=\"og:image:type\" content=\"image\/jpeg\" \/>\n<meta name=\"twitter:card\" content=\"summary_large_image\" \/>\n<script type=\"application\/ld+json\" class=\"yoast-schema-graph\">{\"@context\":\"https:\/\/schema.org\",\"@graph\":[{\"@type\":\"WebPage\",\"@id\":\"https:\/\/bruknes.world\/produktai\/dovanu-pakavimas\/lipdukai\/lipdukai-italiska-vasara\/\",\"url\":\"https:\/\/bruknes.world\/produktai\/dovanu-pakavimas\/lipdukai\/lipdukai-italiska-vasara\/\",\"name\":\"lipdukai \u2022 itali\u0161ka vasara - bruknes world\",\"isPartOf\":{\"@id\":\"https:\/\/bruknes.world\/#website\"},\"primaryImageOfPage\":{\"@id\":\"https:\/\/bruknes.world\/produktai\/dovanu-pakavimas\/lipdukai\/lipdukai-italiska-vasara\/#primaryimage\"},\"image\":{\"@id\":\"https:\/\/bruknes.world\/produktai\/dovanu-pakavimas\/lipdukai\/lipdukai-italiska-vasara\/#primaryimage\"},\"thumbnailUrl\":\"https:\/\/bruknes.world\/wp-content\/uploads\/2023\/11\/lipdukai_4x5-41-scaled.jpg\",\"datePublished\":\"2023-11-17T13:42:15+00:00\",\"dateModified\":\"2025-06-20T14:13:08+00:00\",\"description\":\"Lipduk\u0173 rinkiniai - naudojami dovan\u0173 pakavimui. Jie dailiai papildo dovanos dekor\u0105. Taip pat gali b\u016bti priemon\u0117 \u017eaismingam darbo knygos pildymui\",\"breadcrumb\":{\"@id\":\"https:\/\/bruknes.world\/produktai\/dovanu-pakavimas\/lipdukai\/lipdukai-italiska-vasara\/#breadcrumb\"},\"inLanguage\":\"en-US\",\"potentialAction\":[{\"@type\":\"ReadAction\",\"target\":[\"https:\/\/bruknes.world\/produktai\/dovanu-pakavimas\/lipdukai\/lipdukai-italiska-vasara\/\"]}]},{\"@type\":\"ImageObject\",\"inLanguage\":\"en-US\",\"@id\":\"https:\/\/bruknes.world\/produktai\/dovanu-pakavimas\/lipdukai\/lipdukai-italiska-vasara\/#primaryimage\",\"url\":\"https:\/\/bruknes.world\/wp-content\/uploads\/2023\/11\/lipdukai_4x5-41-scaled.jpg\",\"contentUrl\":\"https:\/\/bruknes.world\/wp-content\/uploads\/2023\/11\/lipdukai_4x5-41-scaled.jpg\",\"width\":2048,\"height\":2560,\"caption\":\"Dovan\u0173 pakavimas - lipdukai, spalvingas rinkinys\"},{\"@type\":\"BreadcrumbList\",\"@id\":\"https:\/\/bruknes.world\/produktai\/dovanu-pakavimas\/lipdukai\/lipdukai-italiska-vasara\/#breadcrumb\",\"itemListElement\":[{\"@type\":\"ListItem\",\"position\":1,\"name\":\"Home\",\"item\":\"https:\/\/bruknes.world\/\"},{\"@type\":\"ListItem\",\"position\":2,\"name\":\"popieriniai dalykai\",\"item\":\"https:\/\/bruknes.world\/popieriniai-dalykai\/\"},{\"@type\":\"ListItem\",\"position\":3,\"name\":\"lipdukai \u2022 itali\u0161ka vasara\"}]},{\"@type\":\"WebSite\",\"@id\":\"https:\/\/bruknes.world\/#website\",\"url\":\"https:\/\/bruknes.world\/\",\"name\":\"bruknes world\",\"description\":\"\",\"potentialAction\":[{\"@type\":\"SearchAction\",\"target\":{\"@type\":\"EntryPoint\",\"urlTemplate\":\"https:\/\/bruknes.world\/?s={search_term_string}\"},\"query-input\":{\"@type\":\"PropertyValueSpecification\",\"valueRequired\":true,\"valueName\":\"search_term_string\"}}],\"inLanguage\":\"en-US\"}]}<\/script>\n<!-- \/ Yoast SEO plugin. -->","yoast_head_json":{"title":"lipdukai \u2022 itali\u0161ka vasara - bruknes world","description":"Lipduk\u0173 rinkiniai - naudojami dovan\u0173 pakavimui. Jie dailiai papildo dovanos dekor\u0105. Taip pat gali b\u016bti priemon\u0117 \u017eaismingam darbo knygos pildymui","robots":{"index":"index","follow":"follow","max-snippet":"max-snippet:-1","max-image-preview":"max-image-preview:large","max-video-preview":"max-video-preview:-1"},"canonical":"https:\/\/bruknes.world\/en\/produktai\/dovanu-pakavimas\/lipdukai\/lipdukai-italiska-vasara\/","og_locale":"en_US","og_type":"article","og_title":"lipdukai \u2022 itali\u0161ka vasara - bruknes world","og_description":"Lipduk\u0173 rinkiniai - naudojami dovan\u0173 pakavimui. Jie dailiai papildo dovanos dekor\u0105. Taip pat gali b\u016bti priemon\u0117 \u017eaismingam darbo knygos pildymui","og_url":"https:\/\/bruknes.world\/en\/produktai\/dovanu-pakavimas\/lipdukai\/lipdukai-italiska-vasara\/","og_site_name":"bruknes world","article_modified_time":"2025-06-20T14:13:08+00:00","og_image":[{"width":2048,"height":2560,"url":"https:\/\/bruknes.world\/wp-content\/uploads\/2023\/11\/lipdukai_4x5-41-scaled.jpg","type":"image\/jpeg"}],"twitter_card":"summary_large_image","schema":{"@context":"https:\/\/schema.org","@graph":[{"@type":"WebPage","@id":"https:\/\/bruknes.world\/produktai\/dovanu-pakavimas\/lipdukai\/lipdukai-italiska-vasara\/","url":"https:\/\/bruknes.world\/produktai\/dovanu-pakavimas\/lipdukai\/lipdukai-italiska-vasara\/","name":"lipdukai \u2022 itali\u0161ka vasara - bruknes world","isPartOf":{"@id":"https:\/\/bruknes.world\/#website"},"primaryImageOfPage":{"@id":"https:\/\/bruknes.world\/produktai\/dovanu-pakavimas\/lipdukai\/lipdukai-italiska-vasara\/#primaryimage"},"image":{"@id":"https:\/\/bruknes.world\/produktai\/dovanu-pakavimas\/lipdukai\/lipdukai-italiska-vasara\/#primaryimage"},"thumbnailUrl":"https:\/\/bruknes.world\/wp-content\/uploads\/2023\/11\/lipdukai_4x5-41-scaled.jpg","datePublished":"2023-11-17T13:42:15+00:00","dateModified":"2025-06-20T14:13:08+00:00","description":"Lipduk\u0173 rinkiniai - naudojami dovan\u0173 pakavimui. Jie dailiai papildo dovanos dekor\u0105. Taip pat gali b\u016bti priemon\u0117 \u017eaismingam darbo knygos pildymui","breadcrumb":{"@id":"https:\/\/bruknes.world\/produktai\/dovanu-pakavimas\/lipdukai\/lipdukai-italiska-vasara\/#breadcrumb"},"inLanguage":"en-US","potentialAction":[{"@type":"ReadAction","target":["https:\/\/bruknes.world\/produktai\/dovanu-pakavimas\/lipdukai\/lipdukai-italiska-vasara\/"]}]},{"@type":"ImageObject","inLanguage":"en-US","@id":"https:\/\/bruknes.world\/produktai\/dovanu-pakavimas\/lipdukai\/lipdukai-italiska-vasara\/#primaryimage","url":"https:\/\/bruknes.world\/wp-content\/uploads\/2023\/11\/lipdukai_4x5-41-scaled.jpg","contentUrl":"https:\/\/bruknes.world\/wp-content\/uploads\/2023\/11\/lipdukai_4x5-41-scaled.jpg","width":2048,"height":2560,"caption":"Dovan\u0173 pakavimas - lipdukai, spalvingas rinkinys"},{"@type":"BreadcrumbList","@id":"https:\/\/bruknes.world\/produktai\/dovanu-pakavimas\/lipdukai\/lipdukai-italiska-vasara\/#breadcrumb","itemListElement":[{"@type":"ListItem","position":1,"name":"Home","item":"https:\/\/bruknes.world\/"},{"@type":"ListItem","position":2,"name":"popieriniai dalykai","item":"https:\/\/bruknes.world\/popieriniai-dalykai\/"},{"@type":"ListItem","position":3,"name":"lipdukai \u2022 itali\u0161ka vasara"}]},{"@type":"WebSite","@id":"https:\/\/bruknes.world\/#website","url":"https:\/\/bruknes.world\/","name":"bruknes world","description":"","potentialAction":[{"@type":"SearchAction","target":{"@type":"EntryPoint","urlTemplate":"https:\/\/bruknes.world\/?s={search_term_string}"},"query-input":{"@type":"PropertyValueSpecification","valueRequired":true,"valueName":"search_term_string"}}],"inLanguage":"en-US"}]}},"_links":{"self":[{"href":"https:\/\/bruknes.world\/en\/wp-json\/wp\/v2\/product\/10300","targetHints":{"allow":["GET"]}}],"collection":[{"href":"https:\/\/bruknes.world\/en\/wp-json\/wp\/v2\/product"}],"about":[{"href":"https:\/\/bruknes.world\/en\/wp-json\/wp\/v2\/types\/product"}],"wp:featuredmedia":[{"embeddable":true,"href":"https:\/\/bruknes.world\/en\/wp-json\/wp\/v2\/media\/10308"}],"wp:attachment":[{"href":"https:\/\/bruknes.world\/en\/wp-json\/wp\/v2\/media?parent=10300"}],"wp:term":[{"taxonomy":"product_brand","embeddable":true,"href":"https:\/\/bruknes.world\/en\/wp-json\/wp\/v2\/product_brand?post=10300"},{"taxonomy":"product_cat","embeddable":true,"href":"https:\/\/bruknes.world\/en\/wp-json\/wp\/v2\/product_cat?post=10300"},{"taxonomy":"product_tag","embeddable":true,"href":"https:\/\/bruknes.world\/en\/wp-json\/wp\/v2\/product_tag?post=10300"}],"curies":[{"name":"wp","href":"https:\/\/api.w.org\/{rel}","templated":true}]}}