{"id":10344,"date":"2023-11-01T11:55:15","date_gmt":"2023-11-01T09:55:15","guid":{"rendered":"https:\/\/bruknes.world\/?post_type=product&#038;p=10344"},"modified":"2024-01-10T17:40:52","modified_gmt":"2024-01-10T15:40:52","slug":"dezutes","status":"publish","type":"product","link":"https:\/\/bruknes.world\/en\/produktai\/vokai\/dekliukai-dezutes\/dezutes\/","title":{"rendered":"spalvotos d\u0117\u017eut\u0117s"},"content":{"rendered":"","protected":false},"excerpt":{"rendered":"<p><span style=\"color: #000000; font-family: Montserrat; font-size: medium;\">dekoratyvinio popieriaus d\u0117\u017eut\u0117s <\/span><span style=\"color: #000000; font-family: Montserrat; font-size: medium;\">gali b\u016bti \u012fdomus pakavimo sprendimas dovan\u0173 kuponams, vestuvi\u0173, krik\u0161tyn\u0173 ar kit\u0173 \u0161ven\u010di\u0173 kvietimams. Taip pat d\u0117\u017eutes puikiai tiks ma\u017eoms bei ypatingai subtilioms dovanoms ar meil\u0117s lai\u0161kams pakuoti, gali b\u016bti papildomai dekoruojamos<\/span><\/p>\n<p><span style=\"color: #000000; font-family: Montserrat; font-size: medium;\">d\u0117\u017eu\u010di\u0173 dekoravimo id\u0117jos:<\/span><\/p>\n<ul>\n<li><span style=\"color: #000000; font-family: Montserrat; font-size: medium;\">dekoruojama va\u0161ko antspaudu.<br \/>\nVa\u0161ko antspaudus galite i\u0161sirinkti <a href=\"https:\/\/bruknes.world\/en\/popieriniai-dalykai\/dovanu-pakavimas\/vasko-antspaudai\/\" target=\"_blank\" rel=\"noopener\">\u010dia<\/a><\/span><\/li>\n<li><span style=\"color: #000000; font-family: Montserrat; font-size: medium;\">perri\u0161ant dekoratyvine juostele.<br \/>\nJuosteles dekoravimui galite i\u0161sirinkti <a href=\"https:\/\/bruknes.world\/en\/popieriniai-dalykai\/dovanu-pakavimas\/juosteles\/\" target=\"_blank\" rel=\"noopener\">\u010dia<\/a><\/span><\/li>\n<li><span style=\"color: #000000; font-family: Montserrat; font-size: medium;\">priri\u0161ant tagiuk\u0105 ir u\u017era\u0161ant \u017einut\u0119<br \/>\nTagiukus dekoravimui galite i\u0161sirinkti <a href=\"https:\/\/bruknes.world\/en\/popieriniai-dalykai\/dovanu-pakavimas\/tagiukai\/\" target=\"_blank\" rel=\"noopener\">\u010dia<\/a><\/span><\/li>\n<\/ul>\n<p><span style=\"color: #000000; font-family: Montserrat; font-size: medium;\">&#8211; &#8211; &#8211;<br \/>\n<\/span><span style=\"color: #000000; font-family: Montserrat; font-size: medium;\">d\u0117\u017eut\u0117s dydis: 13 x 13 x 2 cm<\/span><\/p>","protected":false},"featured_media":10363,"template":"","meta":[],"product_brand":[],"product_cat":[139,140,118,123],"product_tag":[],"class_list":{"0":"post-10344","1":"product","2":"type-product","3":"status-publish","4":"has-post-thumbnail","6":"product_cat-dezutes","7":"product_cat-dekliukai-dezutes","8":"product_cat-dovanu-pakavimas","9":"product_cat-vokai","11":"first","12":"instock","13":"shipping-taxable","14":"purchasable","15":"product-type-variable"},"yoast_head":"<!-- This site is optimized with the Yoast SEO plugin v27.2 - https:\/\/yoast.com\/product\/yoast-seo-wordpress\/ -->\n<title>spalvotos d\u0117\u017eut\u0117s - bruknes world<\/title>\n<meta name=\"description\" content=\"dekoratyvinio popieriaus d\u0117\u017eut\u0117s sukurtos ma\u017eoms bei ypatingai subtilioms dovanoms, kvietimams ar meil\u0117s lai\u0161kams pakuoti\" \/>\n<meta name=\"robots\" content=\"index, follow, max-snippet:-1, max-image-preview:large, max-video-preview:-1\" \/>\n<link rel=\"canonical\" href=\"https:\/\/bruknes.world\/en\/produktai\/vokai\/dekliukai-dezutes\/dezutes\/\" \/>\n<meta property=\"og:locale\" content=\"en_US\" \/>\n<meta property=\"og:type\" content=\"article\" \/>\n<meta property=\"og:title\" content=\"spalvotos d\u0117\u017eut\u0117s - bruknes world\" \/>\n<meta property=\"og:description\" content=\"dekoratyvinio popieriaus d\u0117\u017eut\u0117s sukurtos ma\u017eoms bei ypatingai subtilioms dovanoms, kvietimams ar meil\u0117s lai\u0161kams pakuoti\" \/>\n<meta property=\"og:url\" content=\"https:\/\/bruknes.world\/en\/produktai\/vokai\/dekliukai-dezutes\/dezutes\/\" \/>\n<meta property=\"og:site_name\" content=\"bruknes world\" \/>\n<meta property=\"article:modified_time\" content=\"2024-01-10T15:40:52+00:00\" \/>\n<meta property=\"og:image\" content=\"https:\/\/bruknes.world\/wp-content\/uploads\/2023\/11\/dezutes_2x3-10-scaled.jpg\" \/>\n\t<meta property=\"og:image:width\" content=\"2048\" \/>\n\t<meta property=\"og:image:height\" content=\"2560\" \/>\n\t<meta property=\"og:image:type\" content=\"image\/jpeg\" \/>\n<meta name=\"twitter:card\" content=\"summary_large_image\" \/>\n<script type=\"application\/ld+json\" class=\"yoast-schema-graph\">{\"@context\":\"https:\/\/schema.org\",\"@graph\":[{\"@type\":\"WebPage\",\"@id\":\"https:\/\/bruknes.world\/produktai\/vokai\/dekliukai-dezutes\/dezutes\/\",\"url\":\"https:\/\/bruknes.world\/produktai\/vokai\/dekliukai-dezutes\/dezutes\/\",\"name\":\"spalvotos d\u0117\u017eut\u0117s - bruknes world\",\"isPartOf\":{\"@id\":\"https:\/\/bruknes.world\/#website\"},\"primaryImageOfPage\":{\"@id\":\"https:\/\/bruknes.world\/produktai\/vokai\/dekliukai-dezutes\/dezutes\/#primaryimage\"},\"image\":{\"@id\":\"https:\/\/bruknes.world\/produktai\/vokai\/dekliukai-dezutes\/dezutes\/#primaryimage\"},\"thumbnailUrl\":\"https:\/\/bruknes.world\/wp-content\/uploads\/2023\/11\/dezutes_2x3-10-scaled.jpg\",\"datePublished\":\"2023-11-01T09:55:15+00:00\",\"dateModified\":\"2024-01-10T15:40:52+00:00\",\"description\":\"dekoratyvinio popieriaus d\u0117\u017eut\u0117s sukurtos ma\u017eoms bei ypatingai subtilioms dovanoms, kvietimams ar meil\u0117s lai\u0161kams pakuoti\",\"breadcrumb\":{\"@id\":\"https:\/\/bruknes.world\/produktai\/vokai\/dekliukai-dezutes\/dezutes\/#breadcrumb\"},\"inLanguage\":\"en-US\",\"potentialAction\":[{\"@type\":\"ReadAction\",\"target\":[\"https:\/\/bruknes.world\/produktai\/vokai\/dekliukai-dezutes\/dezutes\/\"]}]},{\"@type\":\"ImageObject\",\"inLanguage\":\"en-US\",\"@id\":\"https:\/\/bruknes.world\/produktai\/vokai\/dekliukai-dezutes\/dezutes\/#primaryimage\",\"url\":\"https:\/\/bruknes.world\/wp-content\/uploads\/2023\/11\/dezutes_2x3-10-scaled.jpg\",\"contentUrl\":\"https:\/\/bruknes.world\/wp-content\/uploads\/2023\/11\/dezutes_2x3-10-scaled.jpg\",\"width\":2048,\"height\":2560},{\"@type\":\"BreadcrumbList\",\"@id\":\"https:\/\/bruknes.world\/produktai\/vokai\/dekliukai-dezutes\/dezutes\/#breadcrumb\",\"itemListElement\":[{\"@type\":\"ListItem\",\"position\":1,\"name\":\"Home\",\"item\":\"https:\/\/bruknes.world\/\"},{\"@type\":\"ListItem\",\"position\":2,\"name\":\"popieriniai dalykai\",\"item\":\"https:\/\/bruknes.world\/popieriniai-dalykai\/\"},{\"@type\":\"ListItem\",\"position\":3,\"name\":\"spalvotos d\u0117\u017eut\u0117s\"}]},{\"@type\":\"WebSite\",\"@id\":\"https:\/\/bruknes.world\/#website\",\"url\":\"https:\/\/bruknes.world\/\",\"name\":\"bruknes world\",\"description\":\"\",\"potentialAction\":[{\"@type\":\"SearchAction\",\"target\":{\"@type\":\"EntryPoint\",\"urlTemplate\":\"https:\/\/bruknes.world\/?s={search_term_string}\"},\"query-input\":{\"@type\":\"PropertyValueSpecification\",\"valueRequired\":true,\"valueName\":\"search_term_string\"}}],\"inLanguage\":\"en-US\"}]}<\/script>\n<!-- \/ Yoast SEO plugin. -->","yoast_head_json":{"title":"spalvotos d\u0117\u017eut\u0117s - bruknes world","description":"dekoratyvinio popieriaus d\u0117\u017eut\u0117s sukurtos ma\u017eoms bei ypatingai subtilioms dovanoms, kvietimams ar meil\u0117s lai\u0161kams pakuoti","robots":{"index":"index","follow":"follow","max-snippet":"max-snippet:-1","max-image-preview":"max-image-preview:large","max-video-preview":"max-video-preview:-1"},"canonical":"https:\/\/bruknes.world\/en\/produktai\/vokai\/dekliukai-dezutes\/dezutes\/","og_locale":"en_US","og_type":"article","og_title":"spalvotos d\u0117\u017eut\u0117s - bruknes world","og_description":"dekoratyvinio popieriaus d\u0117\u017eut\u0117s sukurtos ma\u017eoms bei ypatingai subtilioms dovanoms, kvietimams ar meil\u0117s lai\u0161kams pakuoti","og_url":"https:\/\/bruknes.world\/en\/produktai\/vokai\/dekliukai-dezutes\/dezutes\/","og_site_name":"bruknes world","article_modified_time":"2024-01-10T15:40:52+00:00","og_image":[{"width":2048,"height":2560,"url":"https:\/\/bruknes.world\/wp-content\/uploads\/2023\/11\/dezutes_2x3-10-scaled.jpg","type":"image\/jpeg"}],"twitter_card":"summary_large_image","schema":{"@context":"https:\/\/schema.org","@graph":[{"@type":"WebPage","@id":"https:\/\/bruknes.world\/produktai\/vokai\/dekliukai-dezutes\/dezutes\/","url":"https:\/\/bruknes.world\/produktai\/vokai\/dekliukai-dezutes\/dezutes\/","name":"spalvotos d\u0117\u017eut\u0117s - bruknes world","isPartOf":{"@id":"https:\/\/bruknes.world\/#website"},"primaryImageOfPage":{"@id":"https:\/\/bruknes.world\/produktai\/vokai\/dekliukai-dezutes\/dezutes\/#primaryimage"},"image":{"@id":"https:\/\/bruknes.world\/produktai\/vokai\/dekliukai-dezutes\/dezutes\/#primaryimage"},"thumbnailUrl":"https:\/\/bruknes.world\/wp-content\/uploads\/2023\/11\/dezutes_2x3-10-scaled.jpg","datePublished":"2023-11-01T09:55:15+00:00","dateModified":"2024-01-10T15:40:52+00:00","description":"dekoratyvinio popieriaus d\u0117\u017eut\u0117s sukurtos ma\u017eoms bei ypatingai subtilioms dovanoms, kvietimams ar meil\u0117s lai\u0161kams pakuoti","breadcrumb":{"@id":"https:\/\/bruknes.world\/produktai\/vokai\/dekliukai-dezutes\/dezutes\/#breadcrumb"},"inLanguage":"en-US","potentialAction":[{"@type":"ReadAction","target":["https:\/\/bruknes.world\/produktai\/vokai\/dekliukai-dezutes\/dezutes\/"]}]},{"@type":"ImageObject","inLanguage":"en-US","@id":"https:\/\/bruknes.world\/produktai\/vokai\/dekliukai-dezutes\/dezutes\/#primaryimage","url":"https:\/\/bruknes.world\/wp-content\/uploads\/2023\/11\/dezutes_2x3-10-scaled.jpg","contentUrl":"https:\/\/bruknes.world\/wp-content\/uploads\/2023\/11\/dezutes_2x3-10-scaled.jpg","width":2048,"height":2560},{"@type":"BreadcrumbList","@id":"https:\/\/bruknes.world\/produktai\/vokai\/dekliukai-dezutes\/dezutes\/#breadcrumb","itemListElement":[{"@type":"ListItem","position":1,"name":"Home","item":"https:\/\/bruknes.world\/"},{"@type":"ListItem","position":2,"name":"popieriniai dalykai","item":"https:\/\/bruknes.world\/popieriniai-dalykai\/"},{"@type":"ListItem","position":3,"name":"spalvotos d\u0117\u017eut\u0117s"}]},{"@type":"WebSite","@id":"https:\/\/bruknes.world\/#website","url":"https:\/\/bruknes.world\/","name":"bruknes world","description":"","potentialAction":[{"@type":"SearchAction","target":{"@type":"EntryPoint","urlTemplate":"https:\/\/bruknes.world\/?s={search_term_string}"},"query-input":{"@type":"PropertyValueSpecification","valueRequired":true,"valueName":"search_term_string"}}],"inLanguage":"en-US"}]}},"_links":{"self":[{"href":"https:\/\/bruknes.world\/en\/wp-json\/wp\/v2\/product\/10344","targetHints":{"allow":["GET"]}}],"collection":[{"href":"https:\/\/bruknes.world\/en\/wp-json\/wp\/v2\/product"}],"about":[{"href":"https:\/\/bruknes.world\/en\/wp-json\/wp\/v2\/types\/product"}],"wp:featuredmedia":[{"embeddable":true,"href":"https:\/\/bruknes.world\/en\/wp-json\/wp\/v2\/media\/10363"}],"wp:attachment":[{"href":"https:\/\/bruknes.world\/en\/wp-json\/wp\/v2\/media?parent=10344"}],"wp:term":[{"taxonomy":"product_brand","embeddable":true,"href":"https:\/\/bruknes.world\/en\/wp-json\/wp\/v2\/product_brand?post=10344"},{"taxonomy":"product_cat","embeddable":true,"href":"https:\/\/bruknes.world\/en\/wp-json\/wp\/v2\/product_cat?post=10344"},{"taxonomy":"product_tag","embeddable":true,"href":"https:\/\/bruknes.world\/en\/wp-json\/wp\/v2\/product_tag?post=10344"}],"curies":[{"name":"wp","href":"https:\/\/api.w.org\/{rel}","templated":true}]}}