{"id":10720,"date":"2025-02-19T19:25:13","date_gmt":"2025-02-19T17:25:13","guid":{"rendered":"https:\/\/bruknes.world\/?post_type=product&#038;p=10720"},"modified":"2025-02-19T19:51:32","modified_gmt":"2025-02-19T17:51:32","slug":"plakatas-zemelapis","status":"publish","type":"product","link":"https:\/\/bruknes.world\/en\/produktai\/plakatai\/koliazas-plakatai\/plakatas-zemelapis\/","title":{"rendered":"plakatas \u2022 kelioni\u0173 \u017eem\u0117lapis"},"content":{"rendered":"","protected":false},"excerpt":{"rendered":"<p>&nbsp;<\/p>\n<p>&nbsp;<\/p>\n<p>&#8211; &#8211; &#8211;<br \/>\nspauda ant matinio popieriaus ir paklijavimas ant mink\u0161tos plok\u0161t\u0117s, kad b\u016bt\u0173 galima \u012fbesti smeigtukus<br \/>\n&#8211; &#8211; &#8211;<br \/>\ndydis: 70x50cm<\/p>\n<p>&#8211; &#8211; &#8211;<br \/>\n\u017eem\u0117lapis parduodamas \u012fr\u0117mintas + smeigtukai v\u0117liav\u0117l\u0117s (30vnt) d\u0117\u017eut\u0117je + instrukcijos stovelis (10x15cm)<\/p>","protected":false},"featured_media":10692,"template":"","meta":[],"product_brand":[],"product_cat":[86,85,81],"product_tag":[],"class_list":{"0":"post-10720","1":"product","2":"type-product","3":"status-publish","4":"has-post-thumbnail","6":"product_cat-fotografija","7":"product_cat-koliazas-plakatai","8":"product_cat-plakatai","10":"first","11":"instock","12":"shipping-taxable","13":"purchasable","14":"product-type-variable"},"yoast_head":"<!-- This site is optimized with the Yoast SEO plugin v27.2 - https:\/\/yoast.com\/product\/yoast-seo-wordpress\/ -->\n<title>plakatas \u2022 kelioni\u0173 \u017eem\u0117lapis - bruknes world<\/title>\n<meta name=\"description\" content=\"plakatai nam\u0173 ar darbo vietos dekorui, kvie\u010diantys pasivaik\u0161\u010dioti abstrakcij\u0173, kolia\u017ei\u0173 ar fotografijos takais. Plakatai puiki dovana \u012fvairioms progoms\" \/>\n<meta name=\"robots\" content=\"index, follow, max-snippet:-1, max-image-preview:large, max-video-preview:-1\" \/>\n<link rel=\"canonical\" href=\"https:\/\/bruknes.world\/en\/produktai\/plakatai\/koliazas-plakatai\/plakatas-zemelapis\/\" \/>\n<meta property=\"og:locale\" content=\"en_US\" \/>\n<meta property=\"og:type\" content=\"article\" \/>\n<meta property=\"og:title\" content=\"plakatas \u2022 kelioni\u0173 \u017eem\u0117lapis - bruknes world\" \/>\n<meta property=\"og:description\" content=\"plakatai nam\u0173 ar darbo vietos dekorui, kvie\u010diantys pasivaik\u0161\u010dioti abstrakcij\u0173, kolia\u017ei\u0173 ar fotografijos takais. Plakatai puiki dovana \u012fvairioms progoms\" \/>\n<meta property=\"og:url\" content=\"https:\/\/bruknes.world\/en\/produktai\/plakatai\/koliazas-plakatai\/plakatas-zemelapis\/\" \/>\n<meta property=\"og:site_name\" content=\"bruknes world\" \/>\n<meta property=\"article:modified_time\" content=\"2025-02-19T17:51:32+00:00\" \/>\n<meta property=\"og:image\" content=\"https:\/\/bruknes.world\/wp-content\/uploads\/2025\/02\/sventes-dienos-spauda_bruknesworld-19.jpg\" \/>\n\t<meta property=\"og:image:width\" content=\"1536\" \/>\n\t<meta property=\"og:image:height\" content=\"1920\" \/>\n\t<meta property=\"og:image:type\" content=\"image\/jpeg\" \/>\n<meta name=\"twitter:card\" content=\"summary_large_image\" \/>\n<meta name=\"twitter:label1\" content=\"Est. reading time\" \/>\n\t<meta name=\"twitter:data1\" content=\"1 minute\" \/>\n<script type=\"application\/ld+json\" class=\"yoast-schema-graph\">{\"@context\":\"https:\/\/schema.org\",\"@graph\":[{\"@type\":\"WebPage\",\"@id\":\"https:\/\/bruknes.world\/produktai\/plakatai\/koliazas-plakatai\/plakatas-zemelapis\/\",\"url\":\"https:\/\/bruknes.world\/produktai\/plakatai\/koliazas-plakatai\/plakatas-zemelapis\/\",\"name\":\"plakatas \u2022 kelioni\u0173 \u017eem\u0117lapis - bruknes world\",\"isPartOf\":{\"@id\":\"https:\/\/bruknes.world\/#website\"},\"primaryImageOfPage\":{\"@id\":\"https:\/\/bruknes.world\/produktai\/plakatai\/koliazas-plakatai\/plakatas-zemelapis\/#primaryimage\"},\"image\":{\"@id\":\"https:\/\/bruknes.world\/produktai\/plakatai\/koliazas-plakatai\/plakatas-zemelapis\/#primaryimage\"},\"thumbnailUrl\":\"https:\/\/bruknes.world\/wp-content\/uploads\/2025\/02\/sventes-dienos-spauda_bruknesworld-19.jpg\",\"datePublished\":\"2025-02-19T17:25:13+00:00\",\"dateModified\":\"2025-02-19T17:51:32+00:00\",\"description\":\"plakatai nam\u0173 ar darbo vietos dekorui, kvie\u010diantys pasivaik\u0161\u010dioti abstrakcij\u0173, kolia\u017ei\u0173 ar fotografijos takais. Plakatai puiki dovana \u012fvairioms progoms\",\"breadcrumb\":{\"@id\":\"https:\/\/bruknes.world\/produktai\/plakatai\/koliazas-plakatai\/plakatas-zemelapis\/#breadcrumb\"},\"inLanguage\":\"en-US\",\"potentialAction\":[{\"@type\":\"ReadAction\",\"target\":[\"https:\/\/bruknes.world\/produktai\/plakatai\/koliazas-plakatai\/plakatas-zemelapis\/\"]}]},{\"@type\":\"ImageObject\",\"inLanguage\":\"en-US\",\"@id\":\"https:\/\/bruknes.world\/produktai\/plakatai\/koliazas-plakatai\/plakatas-zemelapis\/#primaryimage\",\"url\":\"https:\/\/bruknes.world\/wp-content\/uploads\/2025\/02\/sventes-dienos-spauda_bruknesworld-19.jpg\",\"contentUrl\":\"https:\/\/bruknes.world\/wp-content\/uploads\/2025\/02\/sventes-dienos-spauda_bruknesworld-19.jpg\",\"width\":1536,\"height\":1920,\"caption\":\"\u0161vent\u0117s dienos spauda \u2022\u00a0papildomi elementai \u2022 \u017eem\u0117lapis | vestuvin\u0117 u\u017eduotis | \u017eaidimas\"},{\"@type\":\"BreadcrumbList\",\"@id\":\"https:\/\/bruknes.world\/produktai\/plakatai\/koliazas-plakatai\/plakatas-zemelapis\/#breadcrumb\",\"itemListElement\":[{\"@type\":\"ListItem\",\"position\":1,\"name\":\"Home\",\"item\":\"https:\/\/bruknes.world\/\"},{\"@type\":\"ListItem\",\"position\":2,\"name\":\"popieriniai dalykai\",\"item\":\"https:\/\/bruknes.world\/popieriniai-dalykai\/\"},{\"@type\":\"ListItem\",\"position\":3,\"name\":\"plakatas \u2022 kelioni\u0173 \u017eem\u0117lapis\"}]},{\"@type\":\"WebSite\",\"@id\":\"https:\/\/bruknes.world\/#website\",\"url\":\"https:\/\/bruknes.world\/\",\"name\":\"bruknes world\",\"description\":\"\",\"potentialAction\":[{\"@type\":\"SearchAction\",\"target\":{\"@type\":\"EntryPoint\",\"urlTemplate\":\"https:\/\/bruknes.world\/?s={search_term_string}\"},\"query-input\":{\"@type\":\"PropertyValueSpecification\",\"valueRequired\":true,\"valueName\":\"search_term_string\"}}],\"inLanguage\":\"en-US\"}]}<\/script>\n<!-- \/ Yoast SEO plugin. -->","yoast_head_json":{"title":"plakatas \u2022 kelioni\u0173 \u017eem\u0117lapis - bruknes world","description":"plakatai nam\u0173 ar darbo vietos dekorui, kvie\u010diantys pasivaik\u0161\u010dioti abstrakcij\u0173, kolia\u017ei\u0173 ar fotografijos takais. Plakatai puiki dovana \u012fvairioms progoms","robots":{"index":"index","follow":"follow","max-snippet":"max-snippet:-1","max-image-preview":"max-image-preview:large","max-video-preview":"max-video-preview:-1"},"canonical":"https:\/\/bruknes.world\/en\/produktai\/plakatai\/koliazas-plakatai\/plakatas-zemelapis\/","og_locale":"en_US","og_type":"article","og_title":"plakatas \u2022 kelioni\u0173 \u017eem\u0117lapis - bruknes world","og_description":"plakatai nam\u0173 ar darbo vietos dekorui, kvie\u010diantys pasivaik\u0161\u010dioti abstrakcij\u0173, kolia\u017ei\u0173 ar fotografijos takais. Plakatai puiki dovana \u012fvairioms progoms","og_url":"https:\/\/bruknes.world\/en\/produktai\/plakatai\/koliazas-plakatai\/plakatas-zemelapis\/","og_site_name":"bruknes world","article_modified_time":"2025-02-19T17:51:32+00:00","og_image":[{"width":1536,"height":1920,"url":"https:\/\/bruknes.world\/wp-content\/uploads\/2025\/02\/sventes-dienos-spauda_bruknesworld-19.jpg","type":"image\/jpeg"}],"twitter_card":"summary_large_image","twitter_misc":{"Est. reading time":"1 minute"},"schema":{"@context":"https:\/\/schema.org","@graph":[{"@type":"WebPage","@id":"https:\/\/bruknes.world\/produktai\/plakatai\/koliazas-plakatai\/plakatas-zemelapis\/","url":"https:\/\/bruknes.world\/produktai\/plakatai\/koliazas-plakatai\/plakatas-zemelapis\/","name":"plakatas \u2022 kelioni\u0173 \u017eem\u0117lapis - bruknes world","isPartOf":{"@id":"https:\/\/bruknes.world\/#website"},"primaryImageOfPage":{"@id":"https:\/\/bruknes.world\/produktai\/plakatai\/koliazas-plakatai\/plakatas-zemelapis\/#primaryimage"},"image":{"@id":"https:\/\/bruknes.world\/produktai\/plakatai\/koliazas-plakatai\/plakatas-zemelapis\/#primaryimage"},"thumbnailUrl":"https:\/\/bruknes.world\/wp-content\/uploads\/2025\/02\/sventes-dienos-spauda_bruknesworld-19.jpg","datePublished":"2025-02-19T17:25:13+00:00","dateModified":"2025-02-19T17:51:32+00:00","description":"plakatai nam\u0173 ar darbo vietos dekorui, kvie\u010diantys pasivaik\u0161\u010dioti abstrakcij\u0173, kolia\u017ei\u0173 ar fotografijos takais. Plakatai puiki dovana \u012fvairioms progoms","breadcrumb":{"@id":"https:\/\/bruknes.world\/produktai\/plakatai\/koliazas-plakatai\/plakatas-zemelapis\/#breadcrumb"},"inLanguage":"en-US","potentialAction":[{"@type":"ReadAction","target":["https:\/\/bruknes.world\/produktai\/plakatai\/koliazas-plakatai\/plakatas-zemelapis\/"]}]},{"@type":"ImageObject","inLanguage":"en-US","@id":"https:\/\/bruknes.world\/produktai\/plakatai\/koliazas-plakatai\/plakatas-zemelapis\/#primaryimage","url":"https:\/\/bruknes.world\/wp-content\/uploads\/2025\/02\/sventes-dienos-spauda_bruknesworld-19.jpg","contentUrl":"https:\/\/bruknes.world\/wp-content\/uploads\/2025\/02\/sventes-dienos-spauda_bruknesworld-19.jpg","width":1536,"height":1920,"caption":"\u0161vent\u0117s dienos spauda \u2022\u00a0papildomi elementai \u2022 \u017eem\u0117lapis | vestuvin\u0117 u\u017eduotis | \u017eaidimas"},{"@type":"BreadcrumbList","@id":"https:\/\/bruknes.world\/produktai\/plakatai\/koliazas-plakatai\/plakatas-zemelapis\/#breadcrumb","itemListElement":[{"@type":"ListItem","position":1,"name":"Home","item":"https:\/\/bruknes.world\/"},{"@type":"ListItem","position":2,"name":"popieriniai dalykai","item":"https:\/\/bruknes.world\/popieriniai-dalykai\/"},{"@type":"ListItem","position":3,"name":"plakatas \u2022 kelioni\u0173 \u017eem\u0117lapis"}]},{"@type":"WebSite","@id":"https:\/\/bruknes.world\/#website","url":"https:\/\/bruknes.world\/","name":"bruknes world","description":"","potentialAction":[{"@type":"SearchAction","target":{"@type":"EntryPoint","urlTemplate":"https:\/\/bruknes.world\/?s={search_term_string}"},"query-input":{"@type":"PropertyValueSpecification","valueRequired":true,"valueName":"search_term_string"}}],"inLanguage":"en-US"}]}},"_links":{"self":[{"href":"https:\/\/bruknes.world\/en\/wp-json\/wp\/v2\/product\/10720","targetHints":{"allow":["GET"]}}],"collection":[{"href":"https:\/\/bruknes.world\/en\/wp-json\/wp\/v2\/product"}],"about":[{"href":"https:\/\/bruknes.world\/en\/wp-json\/wp\/v2\/types\/product"}],"wp:featuredmedia":[{"embeddable":true,"href":"https:\/\/bruknes.world\/en\/wp-json\/wp\/v2\/media\/10692"}],"wp:attachment":[{"href":"https:\/\/bruknes.world\/en\/wp-json\/wp\/v2\/media?parent=10720"}],"wp:term":[{"taxonomy":"product_brand","embeddable":true,"href":"https:\/\/bruknes.world\/en\/wp-json\/wp\/v2\/product_brand?post=10720"},{"taxonomy":"product_cat","embeddable":true,"href":"https:\/\/bruknes.world\/en\/wp-json\/wp\/v2\/product_cat?post=10720"},{"taxonomy":"product_tag","embeddable":true,"href":"https:\/\/bruknes.world\/en\/wp-json\/wp\/v2\/product_tag?post=10720"}],"curies":[{"name":"wp","href":"https:\/\/api.w.org\/{rel}","templated":true}]}}