{"id":10782,"date":"2023-11-03T10:00:49","date_gmt":"2023-11-03T08:00:49","guid":{"rendered":"https:\/\/bruknes.world\/?post_type=product&#038;p=10782"},"modified":"2026-03-20T18:27:45","modified_gmt":"2026-03-20T16:27:45","slug":"minties-svelnumas","status":"publish","type":"product","link":"https:\/\/bruknes.world\/en\/produktai\/sventes-dienos-spauda\/rinkiniai-sventes-dienos-spauda\/minties-svelnumas\/","title":{"rendered":"minties \u0161velnumas \u2022 \u0161vent\u0117s dienos spauda"},"content":{"rendered":"<p><strong>kain\u0105 sudaro:<\/strong><\/p>\n<p>dizaino ir maketavimo darbai + gamybos kaina<\/p>\n<p>&#8211; vardo kortel\u0117 &#8211; 0,85 eur\/vnt<br \/>\n&#8211; vardinis meniu &#8211; 2,40 eur\/vnt<br \/>\n&#8211; stalo numeris &#8211;\u00a0 1,80 eur\/vnt<br \/>\n&#8211; s\u0117d\u0117jimo planas &#8211; nuo 48 eur\/vnt (tvirtas 5mm storio, dydis 50x70cm). Galimi ir kiti paprastesni\/sud\u0117tingesni, pigesni\/brangesni sprendimai<\/p>\n<p><strong>&#8211; MINI kanceliarijos rinkinio dizaino adaptavimo darbai 75 eur<\/strong><br \/>\n\u2022 vardo kortel\u0117s<br \/>\n\u2022 stalo numeriai<br \/>\n\u2022 sed\u0117jimo planas<\/p>\n<p><strong>&#8211; MIDI kanceliarijos rinkinio dizaino adaptavimo darbai 110 eur<\/strong><br \/>\n\u2022 vardiniai meniu su vienu bendru meniu visiems sve\u010diams (jeigu meniu su skirtingais pasirinktais patiekalais kiekvienam sve\u010diui, papildomo meniu maketavimas + 6 eur)<br \/>\n\u2022 stalo numeriai<br \/>\n\u2022 sed\u0117jimo planas<\/p>\n<p><strong>&#8211; MAXI kanceliarijos rinkinio dizaino adaptavimo darbai 130 eur<\/strong><br \/>\n\u2022 vardo kortel\u0117s ARBA vardiniai meniu su vienu bendru meniu visiems sve\u010diams (jeigu meniu su skirtingais pasirinktais patiekalais kiekvienam sve\u010diui, papildomo meniu maketavimas + 6 eur)<br \/>\n\u2022 stalo numeriai<br \/>\n\u2022 sed\u0117jimo planas<br \/>\n\u2022 + 3 papildomi \u0161ventin\u0117s kanceliarijos elementai (desert\u0173 stalui, nakvynei, link\u0117jimams, dovan\u0117l\u0117ms sve\u010diams ar kt.)<\/p>\n<p><strong>&#8211; papildomi elementai<\/strong><br \/>\nvisada yra galimyb\u0117 sukurti papildom\u0173 element\u0173 dizain\u0105, jeigu tai yra reikalinga j\u016bs\u0173 \u0161ventei. Dr\u0105siai teiraukit\u0117s \u2013 patikslinsime dizaino ir gamybos kainas<\/p>","protected":false},"excerpt":{"rendered":"<p>&nbsp;<\/p>\n<p class=\"p1\">\u0161ventin\u0117s kanceliarijos\u00a0elementai prisideda prie skland\u017eios \u0161vent\u0117s eigos, suteikia reikiam\u0105 informacij\u0105 sve\u010diams<br \/>\n&#8211; &#8211; &#8211;<br \/>\nsusodinimo planas, stalo kortel\u0117s vardams (arba vardiniai meniu) bei stalo numeriai padeda sve\u010diams grei\u010diau rasti savo viet\u0105 \u0161ventiniam vakarui &#8211; tai ypa\u010d aktualu, kai \u0161vent\u0117je dalyvauja daugiau nei 30 \u017emoni\u0173<br \/>\n&#8211; &#8211; &#8211;<br \/>\nrekomenduojame \u0161vent\u0117s dienos spaudos derinimo darbus prad\u0117ti ne v\u0117liau nei 1 m\u0117nuo iki \u0161vent\u0117s dienos<br \/>\n&#8211; &#8211; &#8211;<\/p>\n<p>&nbsp;<\/p>\n<p id=\"viewer-2s6f1\" class=\"mm8Nw _1j-51 _1atvN _1FoOD _78FBa _3_La3 _1atvN public-DraftStyleDefault-block-depth0 public-DraftStyleDefault-text-ltr\"><span class=\"_2PHJq public-DraftStyleDefault-ltr\">dr\u0105siai teiraukit\u0117s, mes visuomet pasiruo\u0161usios patarti, konsultuoti, atrasti. <\/span><span class=\"_2PHJq public-DraftStyleDefault-ltr\">I\u0161 patirties \u017einome, kad \u017eaviausi sprendimai gimsta kartu \u2013 tad laukiame \u012fvairi\u0173, net ir labai netik\u0117t\u0173 id\u0117j\u0173<\/span><\/p>","protected":false},"featured_media":10784,"template":"","meta":[],"product_brand":[],"product_cat":[133,47],"product_tag":[55,50],"class_list":{"0":"post-10782","1":"product","2":"type-product","3":"status-publish","4":"has-post-thumbnail","6":"product_cat-rinkiniai-sventes-dienos-spauda","7":"product_cat-sventes-dienos-spauda","8":"product_tag-forma","9":"product_tag-kcforma1","10":"product_shipping_class-siuntimas","12":"first","13":"instock","14":"shipping-taxable","15":"product-type-simple"},"yoast_head":"<!-- This site is optimized with the Yoast SEO plugin v27.2 - https:\/\/yoast.com\/product\/yoast-seo-wordpress\/ -->\n<title>minties \u0161velnumas \u2022 \u0161vent\u0117s dienos spauda - bruknes world<\/title>\n<meta name=\"description\" content=\"\u0161vent\u0117s dienos spauda su g\u0117l\u0117mis - stalo kortel\u0117s, stalo numeriai, meniu kortel\u0117s, s\u0117d\u0117jimo planas ir kiti elementai prisideda prie skland\u017eios \u0161vent\u0117s eigos\" \/>\n<meta name=\"robots\" content=\"index, follow, max-snippet:-1, max-image-preview:large, max-video-preview:-1\" \/>\n<link rel=\"canonical\" href=\"https:\/\/bruknes.world\/en\/produktai\/sventes-dienos-spauda\/rinkiniai-sventes-dienos-spauda\/minties-svelnumas\/\" \/>\n<meta property=\"og:locale\" content=\"en_US\" \/>\n<meta property=\"og:type\" content=\"article\" \/>\n<meta property=\"og:title\" content=\"minties \u0161velnumas \u2022 \u0161vent\u0117s dienos spauda - bruknes world\" \/>\n<meta property=\"og:description\" content=\"\u0161vent\u0117s dienos spauda su g\u0117l\u0117mis - stalo kortel\u0117s, stalo numeriai, meniu kortel\u0117s, s\u0117d\u0117jimo planas ir kiti elementai prisideda prie skland\u017eios \u0161vent\u0117s eigos\" \/>\n<meta property=\"og:url\" content=\"https:\/\/bruknes.world\/en\/produktai\/sventes-dienos-spauda\/rinkiniai-sventes-dienos-spauda\/minties-svelnumas\/\" \/>\n<meta property=\"og:site_name\" content=\"bruknes world\" \/>\n<meta property=\"article:modified_time\" content=\"2026-03-20T16:27:45+00:00\" \/>\n<meta property=\"og:image\" content=\"https:\/\/bruknes.world\/wp-content\/uploads\/2025\/02\/kanceliarija_minties-svelnumas_bruknesworld-2.jpg\" \/>\n\t<meta property=\"og:image:width\" content=\"1600\" \/>\n\t<meta property=\"og:image:height\" content=\"2000\" \/>\n\t<meta property=\"og:image:type\" content=\"image\/jpeg\" \/>\n<meta name=\"twitter:card\" content=\"summary_large_image\" \/>\n<meta name=\"twitter:label1\" content=\"Est. reading time\" \/>\n\t<meta name=\"twitter:data1\" content=\"2 minutes\" \/>\n<script type=\"application\/ld+json\" class=\"yoast-schema-graph\">{\"@context\":\"https:\/\/schema.org\",\"@graph\":[{\"@type\":\"WebPage\",\"@id\":\"https:\/\/bruknes.world\/produktai\/sventes-dienos-spauda\/rinkiniai-sventes-dienos-spauda\/minties-svelnumas\/\",\"url\":\"https:\/\/bruknes.world\/produktai\/sventes-dienos-spauda\/rinkiniai-sventes-dienos-spauda\/minties-svelnumas\/\",\"name\":\"minties \u0161velnumas \u2022 \u0161vent\u0117s dienos spauda - bruknes world\",\"isPartOf\":{\"@id\":\"https:\/\/bruknes.world\/#website\"},\"primaryImageOfPage\":{\"@id\":\"https:\/\/bruknes.world\/produktai\/sventes-dienos-spauda\/rinkiniai-sventes-dienos-spauda\/minties-svelnumas\/#primaryimage\"},\"image\":{\"@id\":\"https:\/\/bruknes.world\/produktai\/sventes-dienos-spauda\/rinkiniai-sventes-dienos-spauda\/minties-svelnumas\/#primaryimage\"},\"thumbnailUrl\":\"https:\/\/bruknes.world\/wp-content\/uploads\/2025\/02\/kanceliarija_minties-svelnumas_bruknesworld-2.jpg\",\"datePublished\":\"2023-11-03T08:00:49+00:00\",\"dateModified\":\"2026-03-20T16:27:45+00:00\",\"description\":\"\u0161vent\u0117s dienos spauda su g\u0117l\u0117mis - stalo kortel\u0117s, stalo numeriai, meniu kortel\u0117s, s\u0117d\u0117jimo planas ir kiti elementai prisideda prie skland\u017eios \u0161vent\u0117s eigos\",\"breadcrumb\":{\"@id\":\"https:\/\/bruknes.world\/produktai\/sventes-dienos-spauda\/rinkiniai-sventes-dienos-spauda\/minties-svelnumas\/#breadcrumb\"},\"inLanguage\":\"en-US\",\"potentialAction\":[{\"@type\":\"ReadAction\",\"target\":[\"https:\/\/bruknes.world\/produktai\/sventes-dienos-spauda\/rinkiniai-sventes-dienos-spauda\/minties-svelnumas\/\"]}]},{\"@type\":\"ImageObject\",\"inLanguage\":\"en-US\",\"@id\":\"https:\/\/bruknes.world\/produktai\/sventes-dienos-spauda\/rinkiniai-sventes-dienos-spauda\/minties-svelnumas\/#primaryimage\",\"url\":\"https:\/\/bruknes.world\/wp-content\/uploads\/2025\/02\/kanceliarija_minties-svelnumas_bruknesworld-2.jpg\",\"contentUrl\":\"https:\/\/bruknes.world\/wp-content\/uploads\/2025\/02\/kanceliarija_minties-svelnumas_bruknesworld-2.jpg\",\"width\":1600,\"height\":2000,\"caption\":\"stalo numeris, stalo kortel\u0117s, vardo kortel\u0117s, vardiniai meniu\"},{\"@type\":\"BreadcrumbList\",\"@id\":\"https:\/\/bruknes.world\/produktai\/sventes-dienos-spauda\/rinkiniai-sventes-dienos-spauda\/minties-svelnumas\/#breadcrumb\",\"itemListElement\":[{\"@type\":\"ListItem\",\"position\":1,\"name\":\"Home\",\"item\":\"https:\/\/bruknes.world\/\"},{\"@type\":\"ListItem\",\"position\":2,\"name\":\"popieriniai dalykai\",\"item\":\"https:\/\/bruknes.world\/popieriniai-dalykai\/\"},{\"@type\":\"ListItem\",\"position\":3,\"name\":\"minties \u0161velnumas \u2022 \u0161vent\u0117s dienos spauda\"}]},{\"@type\":\"WebSite\",\"@id\":\"https:\/\/bruknes.world\/#website\",\"url\":\"https:\/\/bruknes.world\/\",\"name\":\"bruknes world\",\"description\":\"\",\"potentialAction\":[{\"@type\":\"SearchAction\",\"target\":{\"@type\":\"EntryPoint\",\"urlTemplate\":\"https:\/\/bruknes.world\/?s={search_term_string}\"},\"query-input\":{\"@type\":\"PropertyValueSpecification\",\"valueRequired\":true,\"valueName\":\"search_term_string\"}}],\"inLanguage\":\"en-US\"}]}<\/script>\n<!-- \/ Yoast SEO plugin. -->","yoast_head_json":{"title":"minties \u0161velnumas \u2022 \u0161vent\u0117s dienos spauda - bruknes world","description":"\u0161vent\u0117s dienos spauda su g\u0117l\u0117mis - stalo kortel\u0117s, stalo numeriai, meniu kortel\u0117s, s\u0117d\u0117jimo planas ir kiti elementai prisideda prie skland\u017eios \u0161vent\u0117s eigos","robots":{"index":"index","follow":"follow","max-snippet":"max-snippet:-1","max-image-preview":"max-image-preview:large","max-video-preview":"max-video-preview:-1"},"canonical":"https:\/\/bruknes.world\/en\/produktai\/sventes-dienos-spauda\/rinkiniai-sventes-dienos-spauda\/minties-svelnumas\/","og_locale":"en_US","og_type":"article","og_title":"minties \u0161velnumas \u2022 \u0161vent\u0117s dienos spauda - bruknes world","og_description":"\u0161vent\u0117s dienos spauda su g\u0117l\u0117mis - stalo kortel\u0117s, stalo numeriai, meniu kortel\u0117s, s\u0117d\u0117jimo planas ir kiti elementai prisideda prie skland\u017eios \u0161vent\u0117s eigos","og_url":"https:\/\/bruknes.world\/en\/produktai\/sventes-dienos-spauda\/rinkiniai-sventes-dienos-spauda\/minties-svelnumas\/","og_site_name":"bruknes world","article_modified_time":"2026-03-20T16:27:45+00:00","og_image":[{"width":1600,"height":2000,"url":"https:\/\/bruknes.world\/wp-content\/uploads\/2025\/02\/kanceliarija_minties-svelnumas_bruknesworld-2.jpg","type":"image\/jpeg"}],"twitter_card":"summary_large_image","twitter_misc":{"Est. reading time":"2 minutes"},"schema":{"@context":"https:\/\/schema.org","@graph":[{"@type":"WebPage","@id":"https:\/\/bruknes.world\/produktai\/sventes-dienos-spauda\/rinkiniai-sventes-dienos-spauda\/minties-svelnumas\/","url":"https:\/\/bruknes.world\/produktai\/sventes-dienos-spauda\/rinkiniai-sventes-dienos-spauda\/minties-svelnumas\/","name":"minties \u0161velnumas \u2022 \u0161vent\u0117s dienos spauda - bruknes world","isPartOf":{"@id":"https:\/\/bruknes.world\/#website"},"primaryImageOfPage":{"@id":"https:\/\/bruknes.world\/produktai\/sventes-dienos-spauda\/rinkiniai-sventes-dienos-spauda\/minties-svelnumas\/#primaryimage"},"image":{"@id":"https:\/\/bruknes.world\/produktai\/sventes-dienos-spauda\/rinkiniai-sventes-dienos-spauda\/minties-svelnumas\/#primaryimage"},"thumbnailUrl":"https:\/\/bruknes.world\/wp-content\/uploads\/2025\/02\/kanceliarija_minties-svelnumas_bruknesworld-2.jpg","datePublished":"2023-11-03T08:00:49+00:00","dateModified":"2026-03-20T16:27:45+00:00","description":"\u0161vent\u0117s dienos spauda su g\u0117l\u0117mis - stalo kortel\u0117s, stalo numeriai, meniu kortel\u0117s, s\u0117d\u0117jimo planas ir kiti elementai prisideda prie skland\u017eios \u0161vent\u0117s eigos","breadcrumb":{"@id":"https:\/\/bruknes.world\/produktai\/sventes-dienos-spauda\/rinkiniai-sventes-dienos-spauda\/minties-svelnumas\/#breadcrumb"},"inLanguage":"en-US","potentialAction":[{"@type":"ReadAction","target":["https:\/\/bruknes.world\/produktai\/sventes-dienos-spauda\/rinkiniai-sventes-dienos-spauda\/minties-svelnumas\/"]}]},{"@type":"ImageObject","inLanguage":"en-US","@id":"https:\/\/bruknes.world\/produktai\/sventes-dienos-spauda\/rinkiniai-sventes-dienos-spauda\/minties-svelnumas\/#primaryimage","url":"https:\/\/bruknes.world\/wp-content\/uploads\/2025\/02\/kanceliarija_minties-svelnumas_bruknesworld-2.jpg","contentUrl":"https:\/\/bruknes.world\/wp-content\/uploads\/2025\/02\/kanceliarija_minties-svelnumas_bruknesworld-2.jpg","width":1600,"height":2000,"caption":"stalo numeris, stalo kortel\u0117s, vardo kortel\u0117s, vardiniai meniu"},{"@type":"BreadcrumbList","@id":"https:\/\/bruknes.world\/produktai\/sventes-dienos-spauda\/rinkiniai-sventes-dienos-spauda\/minties-svelnumas\/#breadcrumb","itemListElement":[{"@type":"ListItem","position":1,"name":"Home","item":"https:\/\/bruknes.world\/"},{"@type":"ListItem","position":2,"name":"popieriniai dalykai","item":"https:\/\/bruknes.world\/popieriniai-dalykai\/"},{"@type":"ListItem","position":3,"name":"minties \u0161velnumas \u2022 \u0161vent\u0117s dienos spauda"}]},{"@type":"WebSite","@id":"https:\/\/bruknes.world\/#website","url":"https:\/\/bruknes.world\/","name":"bruknes world","description":"","potentialAction":[{"@type":"SearchAction","target":{"@type":"EntryPoint","urlTemplate":"https:\/\/bruknes.world\/?s={search_term_string}"},"query-input":{"@type":"PropertyValueSpecification","valueRequired":true,"valueName":"search_term_string"}}],"inLanguage":"en-US"}]}},"_links":{"self":[{"href":"https:\/\/bruknes.world\/en\/wp-json\/wp\/v2\/product\/10782","targetHints":{"allow":["GET"]}}],"collection":[{"href":"https:\/\/bruknes.world\/en\/wp-json\/wp\/v2\/product"}],"about":[{"href":"https:\/\/bruknes.world\/en\/wp-json\/wp\/v2\/types\/product"}],"wp:featuredmedia":[{"embeddable":true,"href":"https:\/\/bruknes.world\/en\/wp-json\/wp\/v2\/media\/10784"}],"wp:attachment":[{"href":"https:\/\/bruknes.world\/en\/wp-json\/wp\/v2\/media?parent=10782"}],"wp:term":[{"taxonomy":"product_brand","embeddable":true,"href":"https:\/\/bruknes.world\/en\/wp-json\/wp\/v2\/product_brand?post=10782"},{"taxonomy":"product_cat","embeddable":true,"href":"https:\/\/bruknes.world\/en\/wp-json\/wp\/v2\/product_cat?post=10782"},{"taxonomy":"product_tag","embeddable":true,"href":"https:\/\/bruknes.world\/en\/wp-json\/wp\/v2\/product_tag?post=10782"}],"curies":[{"name":"wp","href":"https:\/\/api.w.org\/{rel}","templated":true}]}}