{"id":10894,"date":"2025-08-06T17:25:36","date_gmt":"2025-08-06T14:25:36","guid":{"rendered":"https:\/\/bruknes.world\/?post_type=product&#038;p=10894"},"modified":"2025-08-06T18:09:06","modified_gmt":"2025-08-06T15:09:06","slug":"kaledinis-atvirukas-ho-ho-ho","status":"publish","type":"product","link":"https:\/\/bruknes.world\/en\/produktai\/atvirukai\/kalediniai\/kaledinis-atvirukas-ho-ho-ho\/","title":{"rendered":"kal\u0117dinis atvirukas \u2022 ho ho ho"},"content":{"rendered":"","protected":false},"excerpt":{"rendered":"<p>&nbsp;<\/p>\n<p><span style=\"color: #000000; font-family: Montserrat; font-size: medium;\"><strong>kolekcija \u2022 ry\u0161k\u016bs kal\u0117diniai sveikinimo atvirukai<\/strong> &#8211; tai vizual\u016bs \u0161vent\u0117s \u017eenklai, skirti tiems, kurie vertina paprastum\u0105, humoro kibirk\u0161t\u012f ir estetik\u0105 be pertekliaus. \u010cia susitinka m\u016bs\u0173 meil\u0117 grafiniam \u017eaismui ir \u0161ventiniam minimalizmui. Emocinga, \u0161ilta, dr\u0105si raudona spalva tampa pagrindiniu veik\u0117ju. Geometriniai ra\u0161tai, eglu\u010di\u0173 siluetai ir simbolin\u0117s detal\u0117s kvie\u010dia \u0161v\u0119sti<\/span><\/p>\n<p><span style=\"color: #000000; font-family: Montserrat; font-size: medium;\">\u2013 \u2013 \u2013<br \/>\natver\u010diamas atvirukas<br \/>\ntekst\u016brinis (350gsm) popierius<br \/>\n\u2013 \u2013 \u2013<br \/>\ndydis: 12x16cm<br \/>\ndekoratyvinis vokas siuntimui (B6 \u2022 17,5 x 12,5 cm)<\/span><\/p>","protected":false},"featured_media":10911,"template":"","meta":[],"product_brand":[],"product_cat":[78,131],"product_tag":[],"class_list":{"0":"post-10894","1":"product","2":"type-product","3":"status-publish","4":"has-post-thumbnail","6":"product_cat-atvirukai","7":"product_cat-kalediniai","9":"first","10":"instock","11":"shipping-taxable","12":"purchasable","13":"product-type-variable"},"yoast_head":"<!-- This site is optimized with the Yoast SEO plugin v27.2 - https:\/\/yoast.com\/product\/yoast-seo-wordpress\/ -->\n<title>kal\u0117dinis atvirukas \u2022 ho ho ho - bruknes world<\/title>\n<meta name=\"description\" content=\"Kal\u0117diniai sveikinimo atvirukai tiems, kurie vertina paprastum\u0105, humoro kibirk\u0161t\u012f ir estetik\u0105 be pertekliaus. Geometriniai ra\u0161tai, eglu\u010di\u0173 siluetai...\" \/>\n<meta name=\"robots\" content=\"index, follow, max-snippet:-1, max-image-preview:large, max-video-preview:-1\" \/>\n<link rel=\"canonical\" href=\"https:\/\/bruknes.world\/en\/produktai\/atvirukai\/kalediniai\/kaledinis-atvirukas-ho-ho-ho\/\" \/>\n<meta property=\"og:locale\" content=\"en_US\" \/>\n<meta property=\"og:type\" content=\"article\" \/>\n<meta property=\"og:title\" content=\"kal\u0117dinis atvirukas \u2022 ho ho ho - bruknes world\" \/>\n<meta property=\"og:description\" content=\"Kal\u0117diniai sveikinimo atvirukai tiems, kurie vertina paprastum\u0105, humoro kibirk\u0161t\u012f ir estetik\u0105 be pertekliaus. Geometriniai ra\u0161tai, eglu\u010di\u0173 siluetai...\" \/>\n<meta property=\"og:url\" content=\"https:\/\/bruknes.world\/en\/produktai\/atvirukai\/kalediniai\/kaledinis-atvirukas-ho-ho-ho\/\" \/>\n<meta property=\"og:site_name\" content=\"bruknes world\" \/>\n<meta property=\"article:modified_time\" content=\"2025-08-06T15:09:06+00:00\" \/>\n<meta property=\"og:image\" content=\"https:\/\/bruknes.world\/wp-content\/uploads\/2025\/08\/kalediniai-atvirukai_bruknesworld-2.jpg\" \/>\n\t<meta property=\"og:image:width\" content=\"750\" \/>\n\t<meta property=\"og:image:height\" content=\"1000\" \/>\n\t<meta property=\"og:image:type\" content=\"image\/jpeg\" \/>\n<meta name=\"twitter:card\" content=\"summary_large_image\" \/>\n<meta name=\"twitter:label1\" content=\"Est. reading time\" \/>\n\t<meta name=\"twitter:data1\" content=\"1 minute\" \/>\n<script type=\"application\/ld+json\" class=\"yoast-schema-graph\">{\"@context\":\"https:\/\/schema.org\",\"@graph\":[{\"@type\":\"WebPage\",\"@id\":\"https:\/\/bruknes.world\/produktai\/atvirukai\/kalediniai\/kaledinis-atvirukas-ho-ho-ho\/\",\"url\":\"https:\/\/bruknes.world\/produktai\/atvirukai\/kalediniai\/kaledinis-atvirukas-ho-ho-ho\/\",\"name\":\"kal\u0117dinis atvirukas \u2022 ho ho ho - bruknes world\",\"isPartOf\":{\"@id\":\"https:\/\/bruknes.world\/#website\"},\"primaryImageOfPage\":{\"@id\":\"https:\/\/bruknes.world\/produktai\/atvirukai\/kalediniai\/kaledinis-atvirukas-ho-ho-ho\/#primaryimage\"},\"image\":{\"@id\":\"https:\/\/bruknes.world\/produktai\/atvirukai\/kalediniai\/kaledinis-atvirukas-ho-ho-ho\/#primaryimage\"},\"thumbnailUrl\":\"https:\/\/bruknes.world\/wp-content\/uploads\/2025\/08\/kalediniai-atvirukai_bruknesworld-2.jpg\",\"datePublished\":\"2025-08-06T14:25:36+00:00\",\"dateModified\":\"2025-08-06T15:09:06+00:00\",\"description\":\"Kal\u0117diniai sveikinimo atvirukai tiems, kurie vertina paprastum\u0105, humoro kibirk\u0161t\u012f ir estetik\u0105 be pertekliaus. Geometriniai ra\u0161tai, eglu\u010di\u0173 siluetai...\",\"breadcrumb\":{\"@id\":\"https:\/\/bruknes.world\/produktai\/atvirukai\/kalediniai\/kaledinis-atvirukas-ho-ho-ho\/#breadcrumb\"},\"inLanguage\":\"en-US\",\"potentialAction\":[{\"@type\":\"ReadAction\",\"target\":[\"https:\/\/bruknes.world\/produktai\/atvirukai\/kalediniai\/kaledinis-atvirukas-ho-ho-ho\/\"]}]},{\"@type\":\"ImageObject\",\"inLanguage\":\"en-US\",\"@id\":\"https:\/\/bruknes.world\/produktai\/atvirukai\/kalediniai\/kaledinis-atvirukas-ho-ho-ho\/#primaryimage\",\"url\":\"https:\/\/bruknes.world\/wp-content\/uploads\/2025\/08\/kalediniai-atvirukai_bruknesworld-2.jpg\",\"contentUrl\":\"https:\/\/bruknes.world\/wp-content\/uploads\/2025\/08\/kalediniai-atvirukai_bruknesworld-2.jpg\",\"width\":750,\"height\":1000,\"caption\":\"kal\u0117dinis sveikinimo atvirukas - eglut\u0117\"},{\"@type\":\"BreadcrumbList\",\"@id\":\"https:\/\/bruknes.world\/produktai\/atvirukai\/kalediniai\/kaledinis-atvirukas-ho-ho-ho\/#breadcrumb\",\"itemListElement\":[{\"@type\":\"ListItem\",\"position\":1,\"name\":\"Home\",\"item\":\"https:\/\/bruknes.world\/\"},{\"@type\":\"ListItem\",\"position\":2,\"name\":\"popieriniai dalykai\",\"item\":\"https:\/\/bruknes.world\/popieriniai-dalykai\/\"},{\"@type\":\"ListItem\",\"position\":3,\"name\":\"kal\u0117dinis atvirukas \u2022 ho ho ho\"}]},{\"@type\":\"WebSite\",\"@id\":\"https:\/\/bruknes.world\/#website\",\"url\":\"https:\/\/bruknes.world\/\",\"name\":\"bruknes world\",\"description\":\"\",\"potentialAction\":[{\"@type\":\"SearchAction\",\"target\":{\"@type\":\"EntryPoint\",\"urlTemplate\":\"https:\/\/bruknes.world\/?s={search_term_string}\"},\"query-input\":{\"@type\":\"PropertyValueSpecification\",\"valueRequired\":true,\"valueName\":\"search_term_string\"}}],\"inLanguage\":\"en-US\"}]}<\/script>\n<!-- \/ Yoast SEO plugin. -->","yoast_head_json":{"title":"kal\u0117dinis atvirukas \u2022 ho ho ho - bruknes world","description":"Kal\u0117diniai sveikinimo atvirukai tiems, kurie vertina paprastum\u0105, humoro kibirk\u0161t\u012f ir estetik\u0105 be pertekliaus. Geometriniai ra\u0161tai, eglu\u010di\u0173 siluetai...","robots":{"index":"index","follow":"follow","max-snippet":"max-snippet:-1","max-image-preview":"max-image-preview:large","max-video-preview":"max-video-preview:-1"},"canonical":"https:\/\/bruknes.world\/en\/produktai\/atvirukai\/kalediniai\/kaledinis-atvirukas-ho-ho-ho\/","og_locale":"en_US","og_type":"article","og_title":"kal\u0117dinis atvirukas \u2022 ho ho ho - bruknes world","og_description":"Kal\u0117diniai sveikinimo atvirukai tiems, kurie vertina paprastum\u0105, humoro kibirk\u0161t\u012f ir estetik\u0105 be pertekliaus. Geometriniai ra\u0161tai, eglu\u010di\u0173 siluetai...","og_url":"https:\/\/bruknes.world\/en\/produktai\/atvirukai\/kalediniai\/kaledinis-atvirukas-ho-ho-ho\/","og_site_name":"bruknes world","article_modified_time":"2025-08-06T15:09:06+00:00","og_image":[{"width":750,"height":1000,"url":"https:\/\/bruknes.world\/wp-content\/uploads\/2025\/08\/kalediniai-atvirukai_bruknesworld-2.jpg","type":"image\/jpeg"}],"twitter_card":"summary_large_image","twitter_misc":{"Est. reading time":"1 minute"},"schema":{"@context":"https:\/\/schema.org","@graph":[{"@type":"WebPage","@id":"https:\/\/bruknes.world\/produktai\/atvirukai\/kalediniai\/kaledinis-atvirukas-ho-ho-ho\/","url":"https:\/\/bruknes.world\/produktai\/atvirukai\/kalediniai\/kaledinis-atvirukas-ho-ho-ho\/","name":"kal\u0117dinis atvirukas \u2022 ho ho ho - bruknes world","isPartOf":{"@id":"https:\/\/bruknes.world\/#website"},"primaryImageOfPage":{"@id":"https:\/\/bruknes.world\/produktai\/atvirukai\/kalediniai\/kaledinis-atvirukas-ho-ho-ho\/#primaryimage"},"image":{"@id":"https:\/\/bruknes.world\/produktai\/atvirukai\/kalediniai\/kaledinis-atvirukas-ho-ho-ho\/#primaryimage"},"thumbnailUrl":"https:\/\/bruknes.world\/wp-content\/uploads\/2025\/08\/kalediniai-atvirukai_bruknesworld-2.jpg","datePublished":"2025-08-06T14:25:36+00:00","dateModified":"2025-08-06T15:09:06+00:00","description":"Kal\u0117diniai sveikinimo atvirukai tiems, kurie vertina paprastum\u0105, humoro kibirk\u0161t\u012f ir estetik\u0105 be pertekliaus. Geometriniai ra\u0161tai, eglu\u010di\u0173 siluetai...","breadcrumb":{"@id":"https:\/\/bruknes.world\/produktai\/atvirukai\/kalediniai\/kaledinis-atvirukas-ho-ho-ho\/#breadcrumb"},"inLanguage":"en-US","potentialAction":[{"@type":"ReadAction","target":["https:\/\/bruknes.world\/produktai\/atvirukai\/kalediniai\/kaledinis-atvirukas-ho-ho-ho\/"]}]},{"@type":"ImageObject","inLanguage":"en-US","@id":"https:\/\/bruknes.world\/produktai\/atvirukai\/kalediniai\/kaledinis-atvirukas-ho-ho-ho\/#primaryimage","url":"https:\/\/bruknes.world\/wp-content\/uploads\/2025\/08\/kalediniai-atvirukai_bruknesworld-2.jpg","contentUrl":"https:\/\/bruknes.world\/wp-content\/uploads\/2025\/08\/kalediniai-atvirukai_bruknesworld-2.jpg","width":750,"height":1000,"caption":"kal\u0117dinis sveikinimo atvirukas - eglut\u0117"},{"@type":"BreadcrumbList","@id":"https:\/\/bruknes.world\/produktai\/atvirukai\/kalediniai\/kaledinis-atvirukas-ho-ho-ho\/#breadcrumb","itemListElement":[{"@type":"ListItem","position":1,"name":"Home","item":"https:\/\/bruknes.world\/"},{"@type":"ListItem","position":2,"name":"popieriniai dalykai","item":"https:\/\/bruknes.world\/popieriniai-dalykai\/"},{"@type":"ListItem","position":3,"name":"kal\u0117dinis atvirukas \u2022 ho ho ho"}]},{"@type":"WebSite","@id":"https:\/\/bruknes.world\/#website","url":"https:\/\/bruknes.world\/","name":"bruknes world","description":"","potentialAction":[{"@type":"SearchAction","target":{"@type":"EntryPoint","urlTemplate":"https:\/\/bruknes.world\/?s={search_term_string}"},"query-input":{"@type":"PropertyValueSpecification","valueRequired":true,"valueName":"search_term_string"}}],"inLanguage":"en-US"}]}},"_links":{"self":[{"href":"https:\/\/bruknes.world\/en\/wp-json\/wp\/v2\/product\/10894","targetHints":{"allow":["GET"]}}],"collection":[{"href":"https:\/\/bruknes.world\/en\/wp-json\/wp\/v2\/product"}],"about":[{"href":"https:\/\/bruknes.world\/en\/wp-json\/wp\/v2\/types\/product"}],"wp:featuredmedia":[{"embeddable":true,"href":"https:\/\/bruknes.world\/en\/wp-json\/wp\/v2\/media\/10911"}],"wp:attachment":[{"href":"https:\/\/bruknes.world\/en\/wp-json\/wp\/v2\/media?parent=10894"}],"wp:term":[{"taxonomy":"product_brand","embeddable":true,"href":"https:\/\/bruknes.world\/en\/wp-json\/wp\/v2\/product_brand?post=10894"},{"taxonomy":"product_cat","embeddable":true,"href":"https:\/\/bruknes.world\/en\/wp-json\/wp\/v2\/product_cat?post=10894"},{"taxonomy":"product_tag","embeddable":true,"href":"https:\/\/bruknes.world\/en\/wp-json\/wp\/v2\/product_tag?post=10894"}],"curies":[{"name":"wp","href":"https:\/\/api.w.org\/{rel}","templated":true}]}}