{"id":4381,"date":"2021-11-04T12:00:57","date_gmt":"2021-11-04T10:00:57","guid":{"rendered":"https:\/\/bruknes.world\/?post_type=product&#038;p=4381"},"modified":"2026-03-15T18:46:30","modified_gmt":"2026-03-15T16:46:30","slug":"vestuviu-kvietimai-minkstas-rukas","status":"publish","type":"product","link":"https:\/\/bruknes.world\/en\/produktai\/kvietimai\/minimalistiniai\/vestuviu-kvietimai-minkstas-rukas\/","title":{"rendered":"mink\u0161tas r\u016bkas \u2022 kvietimai"},"content":{"rendered":"<p><strong>kain\u0105 sudaro:<\/strong><\/p>\n<p>dizaino ir maketavimo darbai + kvietimo gamybos kaina + voko kaina<\/p>\n<p>&#8211; kvietimo gamybos kaina 3,60 eur\/vnt<br \/>\n&#8211; vokas 1,80 eur\/vnt<\/p>\n<p>&#8211; dizaino adaptavimo darbai 60 eur<br \/>\n* kvietimo pagal j\u016bs\u0173 tekst\u0105 maketavimo darbai viena kalba<br \/>\n* galimi dizaino pakeitimai derantys prie pasirinkto dizaino: spalvos, popierius ir\u00a0 papildomos detal\u0117s (va\u0161ko antspaudai, kutai ir t.t.)<\/p>\n<p>&#8211; papildoma kalba + 12 eur<br \/>\n&#8211; kvietimai su kreipiniais + 18 eur<\/p>","protected":false},"excerpt":{"rendered":"<p>kvietimas + vokas<\/p>\n<p>&nbsp;<\/p>\n<p>modernia elegancija kv\u0117puojantis kvietim\u0173 dizainas. Akvarelinis fonas, pl\u0117\u0161tas kra\u0161tas ir subtilus r\u0117melio \u012fspaudas sukuria ypatingai magi\u0161k\u0105 jausm\u0105<br \/>\n&#8211; &#8211; &#8211;<br \/>\nvienpus\u0117s spaudos medviln\u0117s popieriaus kvietimo kortel\u0117 su \u012fspaud\u0173 r\u0117meliu<br \/>\n&#8211; &#8211; &#8211;<br \/>\ndydis: 12&#215;16,5cm<br \/>\ndekoratyvinis vokas su va\u0161ko antspaudu: 12,5&#215;17,5cm<br \/>\npapildomas vokas siuntimui: 14x19cm<\/p>\n<p>&nbsp;<\/p>\n<p>minimalus u\u017esakymo kiekis\u00a0 15 vnt.<br \/>\nu\u017esakymo \u012fgyvendinimo trukm\u0117\u00a0 10 d.d.<\/p>","protected":false},"featured_media":4383,"template":"","meta":[],"product_brand":[],"product_cat":[56,41,48],"product_tag":[55,49],"class_list":{"0":"post-4381","1":"product","2":"type-product","3":"status-publish","4":"has-post-thumbnail","6":"product_cat-elegantiski","7":"product_cat-kvietimai","8":"product_cat-minimalistiniai","9":"product_tag-forma","10":"product_tag-forma2","12":"first","13":"instock","14":"shipping-taxable","15":"product-type-simple"},"yoast_head":"<!-- This site is optimized with the Yoast SEO plugin v27.2 - https:\/\/yoast.com\/product\/yoast-seo-wordpress\/ -->\n<title>mink\u0161tas r\u016bkas \u2022 kvietimai - bruknes world<\/title>\n<meta name=\"description\" content=\"VESTUVI\u0172 KVIETIMAI | ELEKTRONIAI ir POPIERINIAI - modern\u016bs, minimalistiniai, eleganti\u0161ki, romanti\u0161ki, netradinin\u0117s formos ir bohemi\u0161ki kvietimai \u012f vestuves\" \/>\n<meta name=\"robots\" content=\"index, follow, max-snippet:-1, max-image-preview:large, max-video-preview:-1\" \/>\n<link rel=\"canonical\" href=\"https:\/\/bruknes.world\/en\/produktai\/kvietimai\/minimalistiniai\/vestuviu-kvietimai-minkstas-rukas\/\" \/>\n<meta property=\"og:locale\" content=\"en_US\" \/>\n<meta property=\"og:type\" content=\"article\" \/>\n<meta property=\"og:title\" content=\"mink\u0161tas r\u016bkas \u2022 kvietimai - bruknes world\" \/>\n<meta property=\"og:description\" content=\"VESTUVI\u0172 KVIETIMAI | ELEKTRONIAI ir POPIERINIAI - modern\u016bs, minimalistiniai, eleganti\u0161ki, romanti\u0161ki, netradinin\u0117s formos ir bohemi\u0161ki kvietimai \u012f vestuves\" \/>\n<meta property=\"og:url\" content=\"https:\/\/bruknes.world\/en\/produktai\/kvietimai\/minimalistiniai\/vestuviu-kvietimai-minkstas-rukas\/\" \/>\n<meta property=\"og:site_name\" content=\"bruknes world\" \/>\n<meta property=\"article:modified_time\" content=\"2026-03-15T16:46:30+00:00\" \/>\n<meta property=\"og:image\" content=\"https:\/\/bruknes.world\/wp-content\/uploads\/2021\/10\/kvietimas-minkstas-rukas-1.jpg\" \/>\n\t<meta property=\"og:image:width\" content=\"1638\" \/>\n\t<meta property=\"og:image:height\" content=\"2048\" \/>\n\t<meta property=\"og:image:type\" content=\"image\/jpeg\" \/>\n<meta name=\"twitter:card\" content=\"summary_large_image\" \/>\n<meta name=\"twitter:label1\" content=\"Est. reading time\" \/>\n\t<meta name=\"twitter:data1\" content=\"1 minute\" \/>\n<script type=\"application\/ld+json\" class=\"yoast-schema-graph\">{\"@context\":\"https:\/\/schema.org\",\"@graph\":[{\"@type\":\"WebPage\",\"@id\":\"https:\/\/bruknes.world\/produktai\/kvietimai\/minimalistiniai\/vestuviu-kvietimai-minkstas-rukas\/\",\"url\":\"https:\/\/bruknes.world\/produktai\/kvietimai\/minimalistiniai\/vestuviu-kvietimai-minkstas-rukas\/\",\"name\":\"mink\u0161tas r\u016bkas \u2022 kvietimai - bruknes world\",\"isPartOf\":{\"@id\":\"https:\/\/bruknes.world\/#website\"},\"primaryImageOfPage\":{\"@id\":\"https:\/\/bruknes.world\/produktai\/kvietimai\/minimalistiniai\/vestuviu-kvietimai-minkstas-rukas\/#primaryimage\"},\"image\":{\"@id\":\"https:\/\/bruknes.world\/produktai\/kvietimai\/minimalistiniai\/vestuviu-kvietimai-minkstas-rukas\/#primaryimage\"},\"thumbnailUrl\":\"https:\/\/bruknes.world\/wp-content\/uploads\/2021\/10\/kvietimas-minkstas-rukas-1.jpg\",\"datePublished\":\"2021-11-04T10:00:57+00:00\",\"dateModified\":\"2026-03-15T16:46:30+00:00\",\"description\":\"VESTUVI\u0172 KVIETIMAI | ELEKTRONIAI ir POPIERINIAI - modern\u016bs, minimalistiniai, eleganti\u0161ki, romanti\u0161ki, netradinin\u0117s formos ir bohemi\u0161ki kvietimai \u012f vestuves\",\"breadcrumb\":{\"@id\":\"https:\/\/bruknes.world\/produktai\/kvietimai\/minimalistiniai\/vestuviu-kvietimai-minkstas-rukas\/#breadcrumb\"},\"inLanguage\":\"en-US\",\"potentialAction\":[{\"@type\":\"ReadAction\",\"target\":[\"https:\/\/bruknes.world\/produktai\/kvietimai\/minimalistiniai\/vestuviu-kvietimai-minkstas-rukas\/\"]}]},{\"@type\":\"ImageObject\",\"inLanguage\":\"en-US\",\"@id\":\"https:\/\/bruknes.world\/produktai\/kvietimai\/minimalistiniai\/vestuviu-kvietimai-minkstas-rukas\/#primaryimage\",\"url\":\"https:\/\/bruknes.world\/wp-content\/uploads\/2021\/10\/kvietimas-minkstas-rukas-1.jpg\",\"contentUrl\":\"https:\/\/bruknes.world\/wp-content\/uploads\/2021\/10\/kvietimas-minkstas-rukas-1.jpg\",\"width\":1638,\"height\":2048,\"caption\":\"vestuviniai kvietimai | minimalistiniai eleganti\u0161ki | brukn\u0117s vestuv\u0117s\"},{\"@type\":\"BreadcrumbList\",\"@id\":\"https:\/\/bruknes.world\/produktai\/kvietimai\/minimalistiniai\/vestuviu-kvietimai-minkstas-rukas\/#breadcrumb\",\"itemListElement\":[{\"@type\":\"ListItem\",\"position\":1,\"name\":\"Home\",\"item\":\"https:\/\/bruknes.world\/\"},{\"@type\":\"ListItem\",\"position\":2,\"name\":\"popieriniai dalykai\",\"item\":\"https:\/\/bruknes.world\/popieriniai-dalykai\/\"},{\"@type\":\"ListItem\",\"position\":3,\"name\":\"mink\u0161tas r\u016bkas \u2022 kvietimai\"}]},{\"@type\":\"WebSite\",\"@id\":\"https:\/\/bruknes.world\/#website\",\"url\":\"https:\/\/bruknes.world\/\",\"name\":\"bruknes world\",\"description\":\"\",\"potentialAction\":[{\"@type\":\"SearchAction\",\"target\":{\"@type\":\"EntryPoint\",\"urlTemplate\":\"https:\/\/bruknes.world\/?s={search_term_string}\"},\"query-input\":{\"@type\":\"PropertyValueSpecification\",\"valueRequired\":true,\"valueName\":\"search_term_string\"}}],\"inLanguage\":\"en-US\"}]}<\/script>\n<!-- \/ Yoast SEO plugin. -->","yoast_head_json":{"title":"mink\u0161tas r\u016bkas \u2022 kvietimai - bruknes world","description":"VESTUVI\u0172 KVIETIMAI | ELEKTRONIAI ir POPIERINIAI - modern\u016bs, minimalistiniai, eleganti\u0161ki, romanti\u0161ki, netradinin\u0117s formos ir bohemi\u0161ki kvietimai \u012f vestuves","robots":{"index":"index","follow":"follow","max-snippet":"max-snippet:-1","max-image-preview":"max-image-preview:large","max-video-preview":"max-video-preview:-1"},"canonical":"https:\/\/bruknes.world\/en\/produktai\/kvietimai\/minimalistiniai\/vestuviu-kvietimai-minkstas-rukas\/","og_locale":"en_US","og_type":"article","og_title":"mink\u0161tas r\u016bkas \u2022 kvietimai - bruknes world","og_description":"VESTUVI\u0172 KVIETIMAI | ELEKTRONIAI ir POPIERINIAI - modern\u016bs, minimalistiniai, eleganti\u0161ki, romanti\u0161ki, netradinin\u0117s formos ir bohemi\u0161ki kvietimai \u012f vestuves","og_url":"https:\/\/bruknes.world\/en\/produktai\/kvietimai\/minimalistiniai\/vestuviu-kvietimai-minkstas-rukas\/","og_site_name":"bruknes world","article_modified_time":"2026-03-15T16:46:30+00:00","og_image":[{"width":1638,"height":2048,"url":"https:\/\/bruknes.world\/wp-content\/uploads\/2021\/10\/kvietimas-minkstas-rukas-1.jpg","type":"image\/jpeg"}],"twitter_card":"summary_large_image","twitter_misc":{"Est. reading time":"1 minute"},"schema":{"@context":"https:\/\/schema.org","@graph":[{"@type":"WebPage","@id":"https:\/\/bruknes.world\/produktai\/kvietimai\/minimalistiniai\/vestuviu-kvietimai-minkstas-rukas\/","url":"https:\/\/bruknes.world\/produktai\/kvietimai\/minimalistiniai\/vestuviu-kvietimai-minkstas-rukas\/","name":"mink\u0161tas r\u016bkas \u2022 kvietimai - bruknes world","isPartOf":{"@id":"https:\/\/bruknes.world\/#website"},"primaryImageOfPage":{"@id":"https:\/\/bruknes.world\/produktai\/kvietimai\/minimalistiniai\/vestuviu-kvietimai-minkstas-rukas\/#primaryimage"},"image":{"@id":"https:\/\/bruknes.world\/produktai\/kvietimai\/minimalistiniai\/vestuviu-kvietimai-minkstas-rukas\/#primaryimage"},"thumbnailUrl":"https:\/\/bruknes.world\/wp-content\/uploads\/2021\/10\/kvietimas-minkstas-rukas-1.jpg","datePublished":"2021-11-04T10:00:57+00:00","dateModified":"2026-03-15T16:46:30+00:00","description":"VESTUVI\u0172 KVIETIMAI | ELEKTRONIAI ir POPIERINIAI - modern\u016bs, minimalistiniai, eleganti\u0161ki, romanti\u0161ki, netradinin\u0117s formos ir bohemi\u0161ki kvietimai \u012f vestuves","breadcrumb":{"@id":"https:\/\/bruknes.world\/produktai\/kvietimai\/minimalistiniai\/vestuviu-kvietimai-minkstas-rukas\/#breadcrumb"},"inLanguage":"en-US","potentialAction":[{"@type":"ReadAction","target":["https:\/\/bruknes.world\/produktai\/kvietimai\/minimalistiniai\/vestuviu-kvietimai-minkstas-rukas\/"]}]},{"@type":"ImageObject","inLanguage":"en-US","@id":"https:\/\/bruknes.world\/produktai\/kvietimai\/minimalistiniai\/vestuviu-kvietimai-minkstas-rukas\/#primaryimage","url":"https:\/\/bruknes.world\/wp-content\/uploads\/2021\/10\/kvietimas-minkstas-rukas-1.jpg","contentUrl":"https:\/\/bruknes.world\/wp-content\/uploads\/2021\/10\/kvietimas-minkstas-rukas-1.jpg","width":1638,"height":2048,"caption":"vestuviniai kvietimai | minimalistiniai eleganti\u0161ki | brukn\u0117s vestuv\u0117s"},{"@type":"BreadcrumbList","@id":"https:\/\/bruknes.world\/produktai\/kvietimai\/minimalistiniai\/vestuviu-kvietimai-minkstas-rukas\/#breadcrumb","itemListElement":[{"@type":"ListItem","position":1,"name":"Home","item":"https:\/\/bruknes.world\/"},{"@type":"ListItem","position":2,"name":"popieriniai dalykai","item":"https:\/\/bruknes.world\/popieriniai-dalykai\/"},{"@type":"ListItem","position":3,"name":"mink\u0161tas r\u016bkas \u2022 kvietimai"}]},{"@type":"WebSite","@id":"https:\/\/bruknes.world\/#website","url":"https:\/\/bruknes.world\/","name":"bruknes world","description":"","potentialAction":[{"@type":"SearchAction","target":{"@type":"EntryPoint","urlTemplate":"https:\/\/bruknes.world\/?s={search_term_string}"},"query-input":{"@type":"PropertyValueSpecification","valueRequired":true,"valueName":"search_term_string"}}],"inLanguage":"en-US"}]}},"_links":{"self":[{"href":"https:\/\/bruknes.world\/en\/wp-json\/wp\/v2\/product\/4381","targetHints":{"allow":["GET"]}}],"collection":[{"href":"https:\/\/bruknes.world\/en\/wp-json\/wp\/v2\/product"}],"about":[{"href":"https:\/\/bruknes.world\/en\/wp-json\/wp\/v2\/types\/product"}],"wp:featuredmedia":[{"embeddable":true,"href":"https:\/\/bruknes.world\/en\/wp-json\/wp\/v2\/media\/4383"}],"wp:attachment":[{"href":"https:\/\/bruknes.world\/en\/wp-json\/wp\/v2\/media?parent=4381"}],"wp:term":[{"taxonomy":"product_brand","embeddable":true,"href":"https:\/\/bruknes.world\/en\/wp-json\/wp\/v2\/product_brand?post=4381"},{"taxonomy":"product_cat","embeddable":true,"href":"https:\/\/bruknes.world\/en\/wp-json\/wp\/v2\/product_cat?post=4381"},{"taxonomy":"product_tag","embeddable":true,"href":"https:\/\/bruknes.world\/en\/wp-json\/wp\/v2\/product_tag?post=4381"}],"curies":[{"name":"wp","href":"https:\/\/api.w.org\/{rel}","templated":true}]}}