{"id":5523,"date":"2021-10-28T15:48:57","date_gmt":"2021-10-28T12:48:57","guid":{"rendered":"https:\/\/bruknes.world\/?post_type=product&#038;p=5523"},"modified":"2026-03-20T19:14:38","modified_gmt":"2026-03-20T17:14:38","slug":"minkstas-rukas-animuotas-kvietimas","status":"publish","type":"product","link":"https:\/\/bruknes.world\/en\/produktai\/animuoti-kvietimai\/minkstas-rukas-animuotas-kvietimas\/","title":{"rendered":"mink\u0161tas r\u016bkas \u2022 animuotas kvietimas"},"content":{"rendered":"<p>ANIMUOTAS KVIETIMAS:<\/p>\n<p>dizaino ir animavimo darbai 85 eur<\/p>\n<p>* kvietimo pagal j\u016bs\u0173 tekst\u0105 animavimo darbai viena kalba<br \/>\n* papildoma kalba + 35 eur<br \/>\n<span class=\"\" lang=\"EN-US\">* t<\/span><span class=\"\">ai yra bendro kreipinio video kvietimas, asmeniniams kreipiniams galimyb\u0117s neturime<br \/>\n<\/span><span class=\"\">*<\/span> <span class=\"\">atlikimo terminas <\/span><span class=\"\" lang=\"EN-US\">5<\/span><span class=\"\"> d.d.<\/span><\/p>\n<p>&nbsp;<\/p>\n<p>ANIMUOTAS + POPIERINIS KVIETIMAS:<\/p>\n<p>to paties dizaino popierini\u0173 ir animuoto kvietim\u0173 dizaino ir animavimo darbai 110eur + kvietim\u0173 gamybos kaina<br \/>\n&#8211; popierinio kvietimo gamybos kaina 3,60 eur\/vnt<br \/>\n&#8211; vokas 1,80 eur\/vnt<\/p>\n<p>* minimalus popierini\u0173 kvietim\u0173 u\u017esakymo kiekis &#8211; 15 vnt.<br \/>\n* papildoma kalba popieriniams kvietimams + 12 eur<br \/>\n* popieriniai kvietimai su kreipiniais + 18 eur<br \/>\n<span class=\"\">*<\/span> <span class=\"\">atlikimo terminas 10 d.d.<\/span><\/p>","protected":false},"excerpt":{"rendered":"<div class=\"fusion-woo-short-description-tb fusion-woo-short-description-tb-1\">\n<div class=\"post-content woocommerce-product-details__short-description\">\n<p>animuotas elektroninis vestuvi\u0173 kvietimas sukurtas pagal to paties dizaino popierinius kvietimus \u2013 tai galimyb\u0117 greitai ir efektingai pakviesti savo draugus elektroniniu pa\u0161tu.<\/p>\n<p>jei dvejojate, kas geriau, popierinis ar elektroninis vestuvi\u0173 kvietimas? Si\u016blome rinktis abu! Savo artimiausius \u0161eimos narius, kurie galb\u016bt n\u0117ra tokie entuziastingi technologij\u0173 m\u0117g\u0117jai, nustebinkite \u012fteikdami tikrus popierinius kvietimus.<\/p>\n<p>\u2014<\/p>\n<p>piln\u0105 animuoto kvietimo versij\u0105 su garsu galite per\u017ei\u016br\u0117ti <a href=\"https:\/\/www.youtube.com\/watch?v=IipZiu2sPOg\" target=\"_blank\" rel=\"noopener\"><strong>\u010dia<\/strong><\/a><\/p>\n<\/div>\n<\/div>","protected":false},"featured_media":9030,"template":"","meta":[],"product_brand":[],"product_cat":[53],"product_tag":[71,55],"class_list":{"0":"post-5523","1":"product","2":"type-product","3":"status-publish","4":"has-post-thumbnail","6":"product_cat-animuoti-kvietimai","7":"product_tag-eforma","8":"product_tag-forma","10":"first","11":"instock","12":"shipping-taxable","13":"product-type-simple"},"yoast_head":"<!-- This site is optimized with the Yoast SEO plugin v27.2 - https:\/\/yoast.com\/product\/yoast-seo-wordpress\/ -->\n<title>mink\u0161tas r\u016bkas \u2022 animuotas kvietimas - bruknes world<\/title>\n<meta name=\"description\" content=\"Animuoti elektroniniai kvietimai - galimyb\u0117 greitai ir efektingai pakviesti draugus bei \u0161eimos narius \u012f vestuvi\u0173, gimtadienio ar kit\u0105 \u0161vent\u0119.\" \/>\n<meta name=\"robots\" content=\"index, follow, max-snippet:-1, max-image-preview:large, max-video-preview:-1\" \/>\n<link rel=\"canonical\" href=\"https:\/\/bruknes.world\/en\/produktai\/animuoti-kvietimai\/minkstas-rukas-animuotas-kvietimas\/\" \/>\n<meta property=\"og:locale\" content=\"en_US\" \/>\n<meta property=\"og:type\" content=\"article\" \/>\n<meta property=\"og:title\" content=\"mink\u0161tas r\u016bkas \u2022 animuotas kvietimas - bruknes world\" \/>\n<meta property=\"og:description\" content=\"Animuoti elektroniniai kvietimai - galimyb\u0117 greitai ir efektingai pakviesti draugus bei \u0161eimos narius \u012f vestuvi\u0173, gimtadienio ar kit\u0105 \u0161vent\u0119.\" \/>\n<meta property=\"og:url\" content=\"https:\/\/bruknes.world\/en\/produktai\/animuoti-kvietimai\/minkstas-rukas-animuotas-kvietimas\/\" \/>\n<meta property=\"og:site_name\" content=\"bruknes world\" \/>\n<meta property=\"article:modified_time\" content=\"2026-03-20T17:14:38+00:00\" \/>\n<meta property=\"og:image\" content=\"https:\/\/bruknes.world\/wp-content\/uploads\/2023\/01\/minkstas-rukas_telefonas_4X5.jpg\" \/>\n\t<meta property=\"og:image:width\" content=\"800\" \/>\n\t<meta property=\"og:image:height\" content=\"999\" \/>\n\t<meta property=\"og:image:type\" content=\"image\/jpeg\" \/>\n<meta name=\"twitter:card\" content=\"summary_large_image\" \/>\n<meta name=\"twitter:label1\" content=\"Est. reading time\" \/>\n\t<meta name=\"twitter:data1\" content=\"1 minute\" \/>\n<script type=\"application\/ld+json\" class=\"yoast-schema-graph\">{\"@context\":\"https:\/\/schema.org\",\"@graph\":[{\"@type\":\"WebPage\",\"@id\":\"https:\/\/bruknes.world\/produktai\/animuoti-kvietimai\/minkstas-rukas-animuotas-kvietimas\/\",\"url\":\"https:\/\/bruknes.world\/produktai\/animuoti-kvietimai\/minkstas-rukas-animuotas-kvietimas\/\",\"name\":\"mink\u0161tas r\u016bkas \u2022 animuotas kvietimas - bruknes world\",\"isPartOf\":{\"@id\":\"https:\/\/bruknes.world\/#website\"},\"primaryImageOfPage\":{\"@id\":\"https:\/\/bruknes.world\/produktai\/animuoti-kvietimai\/minkstas-rukas-animuotas-kvietimas\/#primaryimage\"},\"image\":{\"@id\":\"https:\/\/bruknes.world\/produktai\/animuoti-kvietimai\/minkstas-rukas-animuotas-kvietimas\/#primaryimage\"},\"thumbnailUrl\":\"https:\/\/bruknes.world\/wp-content\/uploads\/2023\/01\/minkstas-rukas_telefonas_4X5.jpg\",\"datePublished\":\"2021-10-28T12:48:57+00:00\",\"dateModified\":\"2026-03-20T17:14:38+00:00\",\"description\":\"Animuoti elektroniniai kvietimai - galimyb\u0117 greitai ir efektingai pakviesti draugus bei \u0161eimos narius \u012f vestuvi\u0173, gimtadienio ar kit\u0105 \u0161vent\u0119.\",\"breadcrumb\":{\"@id\":\"https:\/\/bruknes.world\/produktai\/animuoti-kvietimai\/minkstas-rukas-animuotas-kvietimas\/#breadcrumb\"},\"inLanguage\":\"en-US\",\"potentialAction\":[{\"@type\":\"ReadAction\",\"target\":[\"https:\/\/bruknes.world\/produktai\/animuoti-kvietimai\/minkstas-rukas-animuotas-kvietimas\/\"]}]},{\"@type\":\"ImageObject\",\"inLanguage\":\"en-US\",\"@id\":\"https:\/\/bruknes.world\/produktai\/animuoti-kvietimai\/minkstas-rukas-animuotas-kvietimas\/#primaryimage\",\"url\":\"https:\/\/bruknes.world\/wp-content\/uploads\/2023\/01\/minkstas-rukas_telefonas_4X5.jpg\",\"contentUrl\":\"https:\/\/bruknes.world\/wp-content\/uploads\/2023\/01\/minkstas-rukas_telefonas_4X5.jpg\",\"width\":800,\"height\":999,\"caption\":\"elektroniniai kvietimai, vestuviu animuoti kvietimai\"},{\"@type\":\"BreadcrumbList\",\"@id\":\"https:\/\/bruknes.world\/produktai\/animuoti-kvietimai\/minkstas-rukas-animuotas-kvietimas\/#breadcrumb\",\"itemListElement\":[{\"@type\":\"ListItem\",\"position\":1,\"name\":\"Home\",\"item\":\"https:\/\/bruknes.world\/\"},{\"@type\":\"ListItem\",\"position\":2,\"name\":\"popieriniai dalykai\",\"item\":\"https:\/\/bruknes.world\/popieriniai-dalykai\/\"},{\"@type\":\"ListItem\",\"position\":3,\"name\":\"mink\u0161tas r\u016bkas \u2022 animuotas kvietimas\"}]},{\"@type\":\"WebSite\",\"@id\":\"https:\/\/bruknes.world\/#website\",\"url\":\"https:\/\/bruknes.world\/\",\"name\":\"bruknes world\",\"description\":\"\",\"potentialAction\":[{\"@type\":\"SearchAction\",\"target\":{\"@type\":\"EntryPoint\",\"urlTemplate\":\"https:\/\/bruknes.world\/?s={search_term_string}\"},\"query-input\":{\"@type\":\"PropertyValueSpecification\",\"valueRequired\":true,\"valueName\":\"search_term_string\"}}],\"inLanguage\":\"en-US\"}]}<\/script>\n<!-- \/ Yoast SEO plugin. -->","yoast_head_json":{"title":"mink\u0161tas r\u016bkas \u2022 animuotas kvietimas - bruknes world","description":"Animuoti elektroniniai kvietimai - galimyb\u0117 greitai ir efektingai pakviesti draugus bei \u0161eimos narius \u012f vestuvi\u0173, gimtadienio ar kit\u0105 \u0161vent\u0119.","robots":{"index":"index","follow":"follow","max-snippet":"max-snippet:-1","max-image-preview":"max-image-preview:large","max-video-preview":"max-video-preview:-1"},"canonical":"https:\/\/bruknes.world\/en\/produktai\/animuoti-kvietimai\/minkstas-rukas-animuotas-kvietimas\/","og_locale":"en_US","og_type":"article","og_title":"mink\u0161tas r\u016bkas \u2022 animuotas kvietimas - bruknes world","og_description":"Animuoti elektroniniai kvietimai - galimyb\u0117 greitai ir efektingai pakviesti draugus bei \u0161eimos narius \u012f vestuvi\u0173, gimtadienio ar kit\u0105 \u0161vent\u0119.","og_url":"https:\/\/bruknes.world\/en\/produktai\/animuoti-kvietimai\/minkstas-rukas-animuotas-kvietimas\/","og_site_name":"bruknes world","article_modified_time":"2026-03-20T17:14:38+00:00","og_image":[{"width":800,"height":999,"url":"https:\/\/bruknes.world\/wp-content\/uploads\/2023\/01\/minkstas-rukas_telefonas_4X5.jpg","type":"image\/jpeg"}],"twitter_card":"summary_large_image","twitter_misc":{"Est. reading time":"1 minute"},"schema":{"@context":"https:\/\/schema.org","@graph":[{"@type":"WebPage","@id":"https:\/\/bruknes.world\/produktai\/animuoti-kvietimai\/minkstas-rukas-animuotas-kvietimas\/","url":"https:\/\/bruknes.world\/produktai\/animuoti-kvietimai\/minkstas-rukas-animuotas-kvietimas\/","name":"mink\u0161tas r\u016bkas \u2022 animuotas kvietimas - bruknes world","isPartOf":{"@id":"https:\/\/bruknes.world\/#website"},"primaryImageOfPage":{"@id":"https:\/\/bruknes.world\/produktai\/animuoti-kvietimai\/minkstas-rukas-animuotas-kvietimas\/#primaryimage"},"image":{"@id":"https:\/\/bruknes.world\/produktai\/animuoti-kvietimai\/minkstas-rukas-animuotas-kvietimas\/#primaryimage"},"thumbnailUrl":"https:\/\/bruknes.world\/wp-content\/uploads\/2023\/01\/minkstas-rukas_telefonas_4X5.jpg","datePublished":"2021-10-28T12:48:57+00:00","dateModified":"2026-03-20T17:14:38+00:00","description":"Animuoti elektroniniai kvietimai - galimyb\u0117 greitai ir efektingai pakviesti draugus bei \u0161eimos narius \u012f vestuvi\u0173, gimtadienio ar kit\u0105 \u0161vent\u0119.","breadcrumb":{"@id":"https:\/\/bruknes.world\/produktai\/animuoti-kvietimai\/minkstas-rukas-animuotas-kvietimas\/#breadcrumb"},"inLanguage":"en-US","potentialAction":[{"@type":"ReadAction","target":["https:\/\/bruknes.world\/produktai\/animuoti-kvietimai\/minkstas-rukas-animuotas-kvietimas\/"]}]},{"@type":"ImageObject","inLanguage":"en-US","@id":"https:\/\/bruknes.world\/produktai\/animuoti-kvietimai\/minkstas-rukas-animuotas-kvietimas\/#primaryimage","url":"https:\/\/bruknes.world\/wp-content\/uploads\/2023\/01\/minkstas-rukas_telefonas_4X5.jpg","contentUrl":"https:\/\/bruknes.world\/wp-content\/uploads\/2023\/01\/minkstas-rukas_telefonas_4X5.jpg","width":800,"height":999,"caption":"elektroniniai kvietimai, vestuviu animuoti kvietimai"},{"@type":"BreadcrumbList","@id":"https:\/\/bruknes.world\/produktai\/animuoti-kvietimai\/minkstas-rukas-animuotas-kvietimas\/#breadcrumb","itemListElement":[{"@type":"ListItem","position":1,"name":"Home","item":"https:\/\/bruknes.world\/"},{"@type":"ListItem","position":2,"name":"popieriniai dalykai","item":"https:\/\/bruknes.world\/popieriniai-dalykai\/"},{"@type":"ListItem","position":3,"name":"mink\u0161tas r\u016bkas \u2022 animuotas kvietimas"}]},{"@type":"WebSite","@id":"https:\/\/bruknes.world\/#website","url":"https:\/\/bruknes.world\/","name":"bruknes world","description":"","potentialAction":[{"@type":"SearchAction","target":{"@type":"EntryPoint","urlTemplate":"https:\/\/bruknes.world\/?s={search_term_string}"},"query-input":{"@type":"PropertyValueSpecification","valueRequired":true,"valueName":"search_term_string"}}],"inLanguage":"en-US"}]}},"_links":{"self":[{"href":"https:\/\/bruknes.world\/en\/wp-json\/wp\/v2\/product\/5523","targetHints":{"allow":["GET"]}}],"collection":[{"href":"https:\/\/bruknes.world\/en\/wp-json\/wp\/v2\/product"}],"about":[{"href":"https:\/\/bruknes.world\/en\/wp-json\/wp\/v2\/types\/product"}],"wp:featuredmedia":[{"embeddable":true,"href":"https:\/\/bruknes.world\/en\/wp-json\/wp\/v2\/media\/9030"}],"wp:attachment":[{"href":"https:\/\/bruknes.world\/en\/wp-json\/wp\/v2\/media?parent=5523"}],"wp:term":[{"taxonomy":"product_brand","embeddable":true,"href":"https:\/\/bruknes.world\/en\/wp-json\/wp\/v2\/product_brand?post=5523"},{"taxonomy":"product_cat","embeddable":true,"href":"https:\/\/bruknes.world\/en\/wp-json\/wp\/v2\/product_cat?post=5523"},{"taxonomy":"product_tag","embeddable":true,"href":"https:\/\/bruknes.world\/en\/wp-json\/wp\/v2\/product_tag?post=5523"}],"curies":[{"name":"wp","href":"https:\/\/api.w.org\/{rel}","templated":true}]}}