{"id":6234,"date":"2021-11-03T18:00:27","date_gmt":"2021-11-03T16:00:27","guid":{"rendered":"https:\/\/bruknes.world\/?post_type=product&#038;p=6234"},"modified":"2026-03-15T18:46:55","modified_gmt":"2026-03-15T16:46:55","slug":"vestuviu-kvietimai-vasaros-pedsakais","status":"publish","type":"product","link":"https:\/\/bruknes.world\/en\/produktai\/kvietimai\/modernus\/vestuviu-kvietimai-vasaros-pedsakais\/","title":{"rendered":"vasaros p\u0117dsakais \u2022 kvietimai"},"content":{"rendered":"<p><strong>kain\u0105 sudaro:<\/strong><\/p>\n<p>dizaino ir maketavimo darbai + kvietimo gamybos kaina + voko kaina<\/p>\n<p>&#8211; kvietimo gamybos kaina 7,30 eur\/vnt<br \/>\n&#8211; vokas 0,85 eur\/vnt<\/p>\n<p>&#8211; dizaino adaptavimo darbai 60 eur<br \/>\n* kvietimo pagal j\u016bs\u0173 tekst\u0105 maketavimo darbai viena kalba<br \/>\n* galimi dizaino pakeitimai derantys prie pasirinkto dizaino: spalvos, popierius ir\u00a0 papildomos detal\u0117s (va\u0161ko antspaudai, kutai ir t.t.)<\/p>\n<p>&#8211; papildoma kalba + 12 eur<br \/>\n&#8211; kvietimai su kreipiniais + 18 eur<\/p>","protected":false},"excerpt":{"rendered":"<p>kvietimas + vokas<\/p>\n<p>&nbsp;<\/p>\n<p>modernus trij\u0173 skirting\u0173 korteli\u0173 rinkinyje sukomponuotas vestuvi\u0173 kvietimas su vos pastebima \u0161akel\u0117s grafika, kuri suteikia kvietimui elegancijos. U\u017ebaigimui apgaubtas kalkine \u012fmaute su \u0161vent\u0117s datos monograma<br \/>\n&#8211; &#8211; &#8211;<br \/>\ntrij\u0173 skirtingo dyd\u017eio korteli\u0173 rinkinys su kalkiniu \u0161vent\u0117s datos apgaubimu<br \/>\ngalimas \u012fvairus spalv\u0173 pasirinkimas<br \/>\n&#8211; &#8211; &#8211;<br \/>\ndydis: 15x15cm<br \/>\ndekoratyvinis vokas su lipduku: 15,5&#215;15,5cm<\/p>\n<p>&nbsp;<\/p>\n<p>minimalus u\u017esakymo kiekis\u00a0 15 vnt.<br \/>\nu\u017esakymo \u012fgyvendinimo trukm\u0117\u00a0 10 d.d.<\/p>","protected":false},"featured_media":6401,"template":"","meta":[],"product_brand":[],"product_cat":[63,41,48,46],"product_tag":[55,61],"class_list":{"0":"post-6234","1":"product","2":"type-product","3":"status-publish","4":"has-post-thumbnail","6":"product_cat-isskirtine-forma","7":"product_cat-kvietimai","8":"product_cat-minimalistiniai","9":"product_cat-modernus","10":"product_tag-forma","11":"product_tag-forma1a","13":"first","14":"instock","15":"shipping-taxable","16":"product-type-simple"},"yoast_head":"<!-- This site is optimized with the Yoast SEO plugin v27.2 - https:\/\/yoast.com\/product\/yoast-seo-wordpress\/ -->\n<title>vasaros p\u0117dsakais \u2022 kvietimai - bruknes world<\/title>\n<meta name=\"description\" content=\"VESTUVI\u0172 KVIETIMAI | ELEKTRONIAI ir POPIERINIAI - modern\u016bs, minimalistiniai, eleganti\u0161ki, romanti\u0161ki, netradinin\u0117s formos ir bohemi\u0161ki kvietimai \u012f vestuves\" \/>\n<meta name=\"robots\" content=\"index, follow, max-snippet:-1, max-image-preview:large, max-video-preview:-1\" \/>\n<link rel=\"canonical\" href=\"https:\/\/bruknes.world\/en\/produktai\/kvietimai\/modernus\/vestuviu-kvietimai-vasaros-pedsakais\/\" \/>\n<meta property=\"og:locale\" content=\"en_US\" \/>\n<meta property=\"og:type\" content=\"article\" \/>\n<meta property=\"og:title\" content=\"vasaros p\u0117dsakais \u2022 kvietimai - bruknes world\" \/>\n<meta property=\"og:description\" content=\"VESTUVI\u0172 KVIETIMAI | ELEKTRONIAI ir POPIERINIAI - modern\u016bs, minimalistiniai, eleganti\u0161ki, romanti\u0161ki, netradinin\u0117s formos ir bohemi\u0161ki kvietimai \u012f vestuves\" \/>\n<meta property=\"og:url\" content=\"https:\/\/bruknes.world\/en\/produktai\/kvietimai\/modernus\/vestuviu-kvietimai-vasaros-pedsakais\/\" \/>\n<meta property=\"og:site_name\" content=\"bruknes world\" \/>\n<meta property=\"article:modified_time\" content=\"2026-03-15T16:46:55+00:00\" \/>\n<meta property=\"og:image\" content=\"https:\/\/bruknes.world\/wp-content\/uploads\/2021\/11\/vasaros-pedsakais-3-2.jpg\" \/>\n\t<meta property=\"og:image:width\" content=\"1365\" \/>\n\t<meta property=\"og:image:height\" content=\"1706\" \/>\n\t<meta property=\"og:image:type\" content=\"image\/jpeg\" \/>\n<meta name=\"twitter:card\" content=\"summary_large_image\" \/>\n<meta name=\"twitter:label1\" content=\"Est. reading time\" \/>\n\t<meta name=\"twitter:data1\" content=\"1 minute\" \/>\n<script type=\"application\/ld+json\" class=\"yoast-schema-graph\">{\"@context\":\"https:\/\/schema.org\",\"@graph\":[{\"@type\":\"WebPage\",\"@id\":\"https:\/\/bruknes.world\/produktai\/kvietimai\/modernus\/vestuviu-kvietimai-vasaros-pedsakais\/\",\"url\":\"https:\/\/bruknes.world\/produktai\/kvietimai\/modernus\/vestuviu-kvietimai-vasaros-pedsakais\/\",\"name\":\"vasaros p\u0117dsakais \u2022 kvietimai - bruknes world\",\"isPartOf\":{\"@id\":\"https:\/\/bruknes.world\/#website\"},\"primaryImageOfPage\":{\"@id\":\"https:\/\/bruknes.world\/produktai\/kvietimai\/modernus\/vestuviu-kvietimai-vasaros-pedsakais\/#primaryimage\"},\"image\":{\"@id\":\"https:\/\/bruknes.world\/produktai\/kvietimai\/modernus\/vestuviu-kvietimai-vasaros-pedsakais\/#primaryimage\"},\"thumbnailUrl\":\"https:\/\/bruknes.world\/wp-content\/uploads\/2021\/11\/vasaros-pedsakais-3-2.jpg\",\"datePublished\":\"2021-11-03T16:00:27+00:00\",\"dateModified\":\"2026-03-15T16:46:55+00:00\",\"description\":\"VESTUVI\u0172 KVIETIMAI | ELEKTRONIAI ir POPIERINIAI - modern\u016bs, minimalistiniai, eleganti\u0161ki, romanti\u0161ki, netradinin\u0117s formos ir bohemi\u0161ki kvietimai \u012f vestuves\",\"breadcrumb\":{\"@id\":\"https:\/\/bruknes.world\/produktai\/kvietimai\/modernus\/vestuviu-kvietimai-vasaros-pedsakais\/#breadcrumb\"},\"inLanguage\":\"en-US\",\"potentialAction\":[{\"@type\":\"ReadAction\",\"target\":[\"https:\/\/bruknes.world\/produktai\/kvietimai\/modernus\/vestuviu-kvietimai-vasaros-pedsakais\/\"]}]},{\"@type\":\"ImageObject\",\"inLanguage\":\"en-US\",\"@id\":\"https:\/\/bruknes.world\/produktai\/kvietimai\/modernus\/vestuviu-kvietimai-vasaros-pedsakais\/#primaryimage\",\"url\":\"https:\/\/bruknes.world\/wp-content\/uploads\/2021\/11\/vasaros-pedsakais-3-2.jpg\",\"contentUrl\":\"https:\/\/bruknes.world\/wp-content\/uploads\/2021\/11\/vasaros-pedsakais-3-2.jpg\",\"width\":1365,\"height\":1706,\"caption\":\"vestuviniai kvietimai | i\u0161skirtin\u0117s formos minimalistinis | brukn\u0117s vestuv\u0117s\"},{\"@type\":\"BreadcrumbList\",\"@id\":\"https:\/\/bruknes.world\/produktai\/kvietimai\/modernus\/vestuviu-kvietimai-vasaros-pedsakais\/#breadcrumb\",\"itemListElement\":[{\"@type\":\"ListItem\",\"position\":1,\"name\":\"Home\",\"item\":\"https:\/\/bruknes.world\/\"},{\"@type\":\"ListItem\",\"position\":2,\"name\":\"popieriniai dalykai\",\"item\":\"https:\/\/bruknes.world\/popieriniai-dalykai\/\"},{\"@type\":\"ListItem\",\"position\":3,\"name\":\"vasaros p\u0117dsakais \u2022 kvietimai\"}]},{\"@type\":\"WebSite\",\"@id\":\"https:\/\/bruknes.world\/#website\",\"url\":\"https:\/\/bruknes.world\/\",\"name\":\"bruknes world\",\"description\":\"\",\"potentialAction\":[{\"@type\":\"SearchAction\",\"target\":{\"@type\":\"EntryPoint\",\"urlTemplate\":\"https:\/\/bruknes.world\/?s={search_term_string}\"},\"query-input\":{\"@type\":\"PropertyValueSpecification\",\"valueRequired\":true,\"valueName\":\"search_term_string\"}}],\"inLanguage\":\"en-US\"}]}<\/script>\n<!-- \/ Yoast SEO plugin. -->","yoast_head_json":{"title":"vasaros p\u0117dsakais \u2022 kvietimai - bruknes world","description":"VESTUVI\u0172 KVIETIMAI | ELEKTRONIAI ir POPIERINIAI - modern\u016bs, minimalistiniai, eleganti\u0161ki, romanti\u0161ki, netradinin\u0117s formos ir bohemi\u0161ki kvietimai \u012f vestuves","robots":{"index":"index","follow":"follow","max-snippet":"max-snippet:-1","max-image-preview":"max-image-preview:large","max-video-preview":"max-video-preview:-1"},"canonical":"https:\/\/bruknes.world\/en\/produktai\/kvietimai\/modernus\/vestuviu-kvietimai-vasaros-pedsakais\/","og_locale":"en_US","og_type":"article","og_title":"vasaros p\u0117dsakais \u2022 kvietimai - bruknes world","og_description":"VESTUVI\u0172 KVIETIMAI | ELEKTRONIAI ir POPIERINIAI - modern\u016bs, minimalistiniai, eleganti\u0161ki, romanti\u0161ki, netradinin\u0117s formos ir bohemi\u0161ki kvietimai \u012f vestuves","og_url":"https:\/\/bruknes.world\/en\/produktai\/kvietimai\/modernus\/vestuviu-kvietimai-vasaros-pedsakais\/","og_site_name":"bruknes world","article_modified_time":"2026-03-15T16:46:55+00:00","og_image":[{"width":1365,"height":1706,"url":"https:\/\/bruknes.world\/wp-content\/uploads\/2021\/11\/vasaros-pedsakais-3-2.jpg","type":"image\/jpeg"}],"twitter_card":"summary_large_image","twitter_misc":{"Est. reading time":"1 minute"},"schema":{"@context":"https:\/\/schema.org","@graph":[{"@type":"WebPage","@id":"https:\/\/bruknes.world\/produktai\/kvietimai\/modernus\/vestuviu-kvietimai-vasaros-pedsakais\/","url":"https:\/\/bruknes.world\/produktai\/kvietimai\/modernus\/vestuviu-kvietimai-vasaros-pedsakais\/","name":"vasaros p\u0117dsakais \u2022 kvietimai - bruknes world","isPartOf":{"@id":"https:\/\/bruknes.world\/#website"},"primaryImageOfPage":{"@id":"https:\/\/bruknes.world\/produktai\/kvietimai\/modernus\/vestuviu-kvietimai-vasaros-pedsakais\/#primaryimage"},"image":{"@id":"https:\/\/bruknes.world\/produktai\/kvietimai\/modernus\/vestuviu-kvietimai-vasaros-pedsakais\/#primaryimage"},"thumbnailUrl":"https:\/\/bruknes.world\/wp-content\/uploads\/2021\/11\/vasaros-pedsakais-3-2.jpg","datePublished":"2021-11-03T16:00:27+00:00","dateModified":"2026-03-15T16:46:55+00:00","description":"VESTUVI\u0172 KVIETIMAI | ELEKTRONIAI ir POPIERINIAI - modern\u016bs, minimalistiniai, eleganti\u0161ki, romanti\u0161ki, netradinin\u0117s formos ir bohemi\u0161ki kvietimai \u012f vestuves","breadcrumb":{"@id":"https:\/\/bruknes.world\/produktai\/kvietimai\/modernus\/vestuviu-kvietimai-vasaros-pedsakais\/#breadcrumb"},"inLanguage":"en-US","potentialAction":[{"@type":"ReadAction","target":["https:\/\/bruknes.world\/produktai\/kvietimai\/modernus\/vestuviu-kvietimai-vasaros-pedsakais\/"]}]},{"@type":"ImageObject","inLanguage":"en-US","@id":"https:\/\/bruknes.world\/produktai\/kvietimai\/modernus\/vestuviu-kvietimai-vasaros-pedsakais\/#primaryimage","url":"https:\/\/bruknes.world\/wp-content\/uploads\/2021\/11\/vasaros-pedsakais-3-2.jpg","contentUrl":"https:\/\/bruknes.world\/wp-content\/uploads\/2021\/11\/vasaros-pedsakais-3-2.jpg","width":1365,"height":1706,"caption":"vestuviniai kvietimai | i\u0161skirtin\u0117s formos minimalistinis | brukn\u0117s vestuv\u0117s"},{"@type":"BreadcrumbList","@id":"https:\/\/bruknes.world\/produktai\/kvietimai\/modernus\/vestuviu-kvietimai-vasaros-pedsakais\/#breadcrumb","itemListElement":[{"@type":"ListItem","position":1,"name":"Home","item":"https:\/\/bruknes.world\/"},{"@type":"ListItem","position":2,"name":"popieriniai dalykai","item":"https:\/\/bruknes.world\/popieriniai-dalykai\/"},{"@type":"ListItem","position":3,"name":"vasaros p\u0117dsakais \u2022 kvietimai"}]},{"@type":"WebSite","@id":"https:\/\/bruknes.world\/#website","url":"https:\/\/bruknes.world\/","name":"bruknes world","description":"","potentialAction":[{"@type":"SearchAction","target":{"@type":"EntryPoint","urlTemplate":"https:\/\/bruknes.world\/?s={search_term_string}"},"query-input":{"@type":"PropertyValueSpecification","valueRequired":true,"valueName":"search_term_string"}}],"inLanguage":"en-US"}]}},"_links":{"self":[{"href":"https:\/\/bruknes.world\/en\/wp-json\/wp\/v2\/product\/6234","targetHints":{"allow":["GET"]}}],"collection":[{"href":"https:\/\/bruknes.world\/en\/wp-json\/wp\/v2\/product"}],"about":[{"href":"https:\/\/bruknes.world\/en\/wp-json\/wp\/v2\/types\/product"}],"wp:featuredmedia":[{"embeddable":true,"href":"https:\/\/bruknes.world\/en\/wp-json\/wp\/v2\/media\/6401"}],"wp:attachment":[{"href":"https:\/\/bruknes.world\/en\/wp-json\/wp\/v2\/media?parent=6234"}],"wp:term":[{"taxonomy":"product_brand","embeddable":true,"href":"https:\/\/bruknes.world\/en\/wp-json\/wp\/v2\/product_brand?post=6234"},{"taxonomy":"product_cat","embeddable":true,"href":"https:\/\/bruknes.world\/en\/wp-json\/wp\/v2\/product_cat?post=6234"},{"taxonomy":"product_tag","embeddable":true,"href":"https:\/\/bruknes.world\/en\/wp-json\/wp\/v2\/product_tag?post=6234"}],"curies":[{"name":"wp","href":"https:\/\/api.w.org\/{rel}","templated":true}]}}