{"id":6548,"date":"2021-12-01T20:58:37","date_gmt":"2021-12-01T18:58:37","guid":{"rendered":"https:\/\/bruknes.world\/?post_type=product&#038;p=6548"},"modified":"2025-11-02T10:10:32","modified_gmt":"2025-11-02T08:10:32","slug":"stalo-kalendorius-2026-gamta","status":"publish","type":"product","link":"https:\/\/bruknes.world\/en\/produktai\/kalendoriai\/stalo\/stalo-kalendorius-2026-gamta\/","title":{"rendered":"stalo kalendorius 2026 \u2022 gamta"},"content":{"rendered":"","protected":false},"excerpt":{"rendered":"<p>kalendorius ypatingam dien\u0173 skai\u010diavimui<\/p>\n<p>&nbsp;<\/p>\n<p>ilgi pasivaik\u0161\u010diojimai ir pokalbiai su gamta virto 2026 met\u0173 stalo kalendoriumi. Kiekviena nuotrauka lyg ma\u017ea u\u017euomina \u012f jausm\u0105, kur\u012f mums dovanoja skirtingas m\u0117nuo<\/p>\n<p>stalo kalendorius 2026 metams su 12 skirting\u0173 gamtos nuotrauk\u0173. Kortel\u0117s dedamos ant sutveriamo, juodo organinio stiklo, stovelio. Pasibaigus metams stovel\u012f galite naudoti nam\u0173 dekorui, nuotrauk\u0173 eksponavimui arba u\u017esakyti naujas korteles kitiems metams. Nupl\u0117\u0161us ar nukirpus m\u0117nesio lapel\u012f, kortel\u0119 galite panaudoti, kaip sveikinimo atviruk\u0105, knygos skirtuk\u0105 ar tiesiog \u012fsir\u0117minti<\/p>\n<p>&nbsp;<\/p>\n<p>&#8211; 12 m\u0117nesi\u0173 korteli\u0173 ir vir\u0161elis (korteli\u0173 dydis 15 cm\u00a0 x 15 cm)<br \/>\n&#8211; puikiai tinka ant darbo stalo<br \/>\n&#8211; 350 g tekst\u016brinis popierius + si\u016bta m\u0117nesio kortel\u0117 120 g tekst\u016brinis popierius<br \/>\n&#8211; auk\u0161tos kokyb\u0117s neblunkanti pigmentin\u0117 spauda<br \/>\n&#8211; pakuot\u0117 \u2013 ruda kartonin\u0117 d\u0117\u017eut\u0117<br \/>\n&#8211; pagaminta su meile m\u016bs\u0173 studijoje<\/p>\n<p>&nbsp;<\/p>\n<p><em><strong>naujiena! si\u016blome metus skai\u010diuoti nuo gimtadienio<br \/>\n<\/strong><\/em><em><strong>galite u\u017esakyti kalendori\u0173 gimtadienio dovanai pasirinkdami nuo kurio m\u0117nesio bus skai\u010diuojami metai<\/strong><\/em><\/p>","protected":false},"featured_media":9479,"template":"","meta":[],"product_brand":[],"product_cat":[84,116],"product_tag":[],"class_list":{"0":"post-6548","1":"product","2":"type-product","3":"status-publish","4":"has-post-thumbnail","6":"product_cat-kalendoriai","7":"product_cat-stalo","9":"first","10":"instock","11":"shipping-taxable","12":"purchasable","13":"product-type-variable"},"yoast_head":"<!-- This site is optimized with the Yoast SEO plugin v27.2 - https:\/\/yoast.com\/product\/yoast-seo-wordpress\/ -->\n<title>stalo kalendorius 2026 \u2022 gamta - bruknes world<\/title>\n<meta name=\"description\" content=\"2026 met\u0173 stalo kalendorius GAMTA. Kalendorius - dovana nauj\u0173 met\u0173 prad\u017eiai, gimtadieniui: 12 skirting\u0173 gamtos nuotrauk\u0173, sutveriamas stovelis.\" \/>\n<meta name=\"robots\" content=\"index, follow, max-snippet:-1, max-image-preview:large, max-video-preview:-1\" \/>\n<link rel=\"canonical\" href=\"https:\/\/bruknes.world\/en\/produktai\/kalendoriai\/stalo\/stalo-kalendorius-2026-gamta\/\" \/>\n<meta property=\"og:locale\" content=\"en_US\" \/>\n<meta property=\"og:type\" content=\"article\" \/>\n<meta property=\"og:title\" content=\"stalo kalendorius 2026 \u2022 gamta - bruknes world\" \/>\n<meta property=\"og:description\" content=\"2026 met\u0173 stalo kalendorius GAMTA. Kalendorius - dovana nauj\u0173 met\u0173 prad\u017eiai, gimtadieniui: 12 skirting\u0173 gamtos nuotrauk\u0173, sutveriamas stovelis.\" \/>\n<meta property=\"og:url\" content=\"https:\/\/bruknes.world\/en\/produktai\/kalendoriai\/stalo\/stalo-kalendorius-2026-gamta\/\" \/>\n<meta property=\"og:site_name\" content=\"bruknes world\" \/>\n<meta property=\"article:modified_time\" content=\"2025-11-02T08:10:32+00:00\" \/>\n<meta property=\"og:image\" content=\"https:\/\/bruknes.world\/wp-content\/uploads\/2021\/12\/kalendorius_gamta-1-1.jpg\" \/>\n\t<meta property=\"og:image:width\" content=\"1366\" \/>\n\t<meta property=\"og:image:height\" content=\"2048\" \/>\n\t<meta property=\"og:image:type\" content=\"image\/jpeg\" \/>\n<meta name=\"twitter:card\" content=\"summary_large_image\" \/>\n<meta name=\"twitter:label1\" content=\"Est. reading time\" \/>\n\t<meta name=\"twitter:data1\" content=\"1 minute\" \/>\n<script type=\"application\/ld+json\" class=\"yoast-schema-graph\">{\"@context\":\"https:\/\/schema.org\",\"@graph\":[{\"@type\":\"WebPage\",\"@id\":\"https:\/\/bruknes.world\/produktai\/kalendoriai\/stalo\/stalo-kalendorius-2026-gamta\/\",\"url\":\"https:\/\/bruknes.world\/produktai\/kalendoriai\/stalo\/stalo-kalendorius-2026-gamta\/\",\"name\":\"stalo kalendorius 2026 \u2022 gamta - bruknes world\",\"isPartOf\":{\"@id\":\"https:\/\/bruknes.world\/#website\"},\"primaryImageOfPage\":{\"@id\":\"https:\/\/bruknes.world\/produktai\/kalendoriai\/stalo\/stalo-kalendorius-2026-gamta\/#primaryimage\"},\"image\":{\"@id\":\"https:\/\/bruknes.world\/produktai\/kalendoriai\/stalo\/stalo-kalendorius-2026-gamta\/#primaryimage\"},\"thumbnailUrl\":\"https:\/\/bruknes.world\/wp-content\/uploads\/2021\/12\/kalendorius_gamta-1-1.jpg\",\"datePublished\":\"2021-12-01T18:58:37+00:00\",\"dateModified\":\"2025-11-02T08:10:32+00:00\",\"description\":\"2026 met\u0173 stalo kalendorius GAMTA. Kalendorius - dovana nauj\u0173 met\u0173 prad\u017eiai, gimtadieniui: 12 skirting\u0173 gamtos nuotrauk\u0173, sutveriamas stovelis.\",\"breadcrumb\":{\"@id\":\"https:\/\/bruknes.world\/produktai\/kalendoriai\/stalo\/stalo-kalendorius-2026-gamta\/#breadcrumb\"},\"inLanguage\":\"en-US\",\"potentialAction\":[{\"@type\":\"ReadAction\",\"target\":[\"https:\/\/bruknes.world\/produktai\/kalendoriai\/stalo\/stalo-kalendorius-2026-gamta\/\"]}]},{\"@type\":\"ImageObject\",\"inLanguage\":\"en-US\",\"@id\":\"https:\/\/bruknes.world\/produktai\/kalendoriai\/stalo\/stalo-kalendorius-2026-gamta\/#primaryimage\",\"url\":\"https:\/\/bruknes.world\/wp-content\/uploads\/2021\/12\/kalendorius_gamta-1-1.jpg\",\"contentUrl\":\"https:\/\/bruknes.world\/wp-content\/uploads\/2021\/12\/kalendorius_gamta-1-1.jpg\",\"width\":1366,\"height\":2048,\"caption\":\"stalo kalendorius su stoveliu, stalinis kalendorius lapeliais\"},{\"@type\":\"BreadcrumbList\",\"@id\":\"https:\/\/bruknes.world\/produktai\/kalendoriai\/stalo\/stalo-kalendorius-2026-gamta\/#breadcrumb\",\"itemListElement\":[{\"@type\":\"ListItem\",\"position\":1,\"name\":\"Home\",\"item\":\"https:\/\/bruknes.world\/\"},{\"@type\":\"ListItem\",\"position\":2,\"name\":\"popieriniai dalykai\",\"item\":\"https:\/\/bruknes.world\/popieriniai-dalykai\/\"},{\"@type\":\"ListItem\",\"position\":3,\"name\":\"stalo kalendorius 2026 \u2022 gamta\"}]},{\"@type\":\"WebSite\",\"@id\":\"https:\/\/bruknes.world\/#website\",\"url\":\"https:\/\/bruknes.world\/\",\"name\":\"bruknes world\",\"description\":\"\",\"potentialAction\":[{\"@type\":\"SearchAction\",\"target\":{\"@type\":\"EntryPoint\",\"urlTemplate\":\"https:\/\/bruknes.world\/?s={search_term_string}\"},\"query-input\":{\"@type\":\"PropertyValueSpecification\",\"valueRequired\":true,\"valueName\":\"search_term_string\"}}],\"inLanguage\":\"en-US\"}]}<\/script>\n<!-- \/ Yoast SEO plugin. -->","yoast_head_json":{"title":"stalo kalendorius 2026 \u2022 gamta - bruknes world","description":"2026 met\u0173 stalo kalendorius GAMTA. Kalendorius - dovana nauj\u0173 met\u0173 prad\u017eiai, gimtadieniui: 12 skirting\u0173 gamtos nuotrauk\u0173, sutveriamas stovelis.","robots":{"index":"index","follow":"follow","max-snippet":"max-snippet:-1","max-image-preview":"max-image-preview:large","max-video-preview":"max-video-preview:-1"},"canonical":"https:\/\/bruknes.world\/en\/produktai\/kalendoriai\/stalo\/stalo-kalendorius-2026-gamta\/","og_locale":"en_US","og_type":"article","og_title":"stalo kalendorius 2026 \u2022 gamta - bruknes world","og_description":"2026 met\u0173 stalo kalendorius GAMTA. Kalendorius - dovana nauj\u0173 met\u0173 prad\u017eiai, gimtadieniui: 12 skirting\u0173 gamtos nuotrauk\u0173, sutveriamas stovelis.","og_url":"https:\/\/bruknes.world\/en\/produktai\/kalendoriai\/stalo\/stalo-kalendorius-2026-gamta\/","og_site_name":"bruknes world","article_modified_time":"2025-11-02T08:10:32+00:00","og_image":[{"width":1366,"height":2048,"url":"https:\/\/bruknes.world\/wp-content\/uploads\/2021\/12\/kalendorius_gamta-1-1.jpg","type":"image\/jpeg"}],"twitter_card":"summary_large_image","twitter_misc":{"Est. reading time":"1 minute"},"schema":{"@context":"https:\/\/schema.org","@graph":[{"@type":"WebPage","@id":"https:\/\/bruknes.world\/produktai\/kalendoriai\/stalo\/stalo-kalendorius-2026-gamta\/","url":"https:\/\/bruknes.world\/produktai\/kalendoriai\/stalo\/stalo-kalendorius-2026-gamta\/","name":"stalo kalendorius 2026 \u2022 gamta - bruknes world","isPartOf":{"@id":"https:\/\/bruknes.world\/#website"},"primaryImageOfPage":{"@id":"https:\/\/bruknes.world\/produktai\/kalendoriai\/stalo\/stalo-kalendorius-2026-gamta\/#primaryimage"},"image":{"@id":"https:\/\/bruknes.world\/produktai\/kalendoriai\/stalo\/stalo-kalendorius-2026-gamta\/#primaryimage"},"thumbnailUrl":"https:\/\/bruknes.world\/wp-content\/uploads\/2021\/12\/kalendorius_gamta-1-1.jpg","datePublished":"2021-12-01T18:58:37+00:00","dateModified":"2025-11-02T08:10:32+00:00","description":"2026 met\u0173 stalo kalendorius GAMTA. Kalendorius - dovana nauj\u0173 met\u0173 prad\u017eiai, gimtadieniui: 12 skirting\u0173 gamtos nuotrauk\u0173, sutveriamas stovelis.","breadcrumb":{"@id":"https:\/\/bruknes.world\/produktai\/kalendoriai\/stalo\/stalo-kalendorius-2026-gamta\/#breadcrumb"},"inLanguage":"en-US","potentialAction":[{"@type":"ReadAction","target":["https:\/\/bruknes.world\/produktai\/kalendoriai\/stalo\/stalo-kalendorius-2026-gamta\/"]}]},{"@type":"ImageObject","inLanguage":"en-US","@id":"https:\/\/bruknes.world\/produktai\/kalendoriai\/stalo\/stalo-kalendorius-2026-gamta\/#primaryimage","url":"https:\/\/bruknes.world\/wp-content\/uploads\/2021\/12\/kalendorius_gamta-1-1.jpg","contentUrl":"https:\/\/bruknes.world\/wp-content\/uploads\/2021\/12\/kalendorius_gamta-1-1.jpg","width":1366,"height":2048,"caption":"stalo kalendorius su stoveliu, stalinis kalendorius lapeliais"},{"@type":"BreadcrumbList","@id":"https:\/\/bruknes.world\/produktai\/kalendoriai\/stalo\/stalo-kalendorius-2026-gamta\/#breadcrumb","itemListElement":[{"@type":"ListItem","position":1,"name":"Home","item":"https:\/\/bruknes.world\/"},{"@type":"ListItem","position":2,"name":"popieriniai dalykai","item":"https:\/\/bruknes.world\/popieriniai-dalykai\/"},{"@type":"ListItem","position":3,"name":"stalo kalendorius 2026 \u2022 gamta"}]},{"@type":"WebSite","@id":"https:\/\/bruknes.world\/#website","url":"https:\/\/bruknes.world\/","name":"bruknes world","description":"","potentialAction":[{"@type":"SearchAction","target":{"@type":"EntryPoint","urlTemplate":"https:\/\/bruknes.world\/?s={search_term_string}"},"query-input":{"@type":"PropertyValueSpecification","valueRequired":true,"valueName":"search_term_string"}}],"inLanguage":"en-US"}]}},"_links":{"self":[{"href":"https:\/\/bruknes.world\/en\/wp-json\/wp\/v2\/product\/6548","targetHints":{"allow":["GET"]}}],"collection":[{"href":"https:\/\/bruknes.world\/en\/wp-json\/wp\/v2\/product"}],"about":[{"href":"https:\/\/bruknes.world\/en\/wp-json\/wp\/v2\/types\/product"}],"wp:featuredmedia":[{"embeddable":true,"href":"https:\/\/bruknes.world\/en\/wp-json\/wp\/v2\/media\/9479"}],"wp:attachment":[{"href":"https:\/\/bruknes.world\/en\/wp-json\/wp\/v2\/media?parent=6548"}],"wp:term":[{"taxonomy":"product_brand","embeddable":true,"href":"https:\/\/bruknes.world\/en\/wp-json\/wp\/v2\/product_brand?post=6548"},{"taxonomy":"product_cat","embeddable":true,"href":"https:\/\/bruknes.world\/en\/wp-json\/wp\/v2\/product_cat?post=6548"},{"taxonomy":"product_tag","embeddable":true,"href":"https:\/\/bruknes.world\/en\/wp-json\/wp\/v2\/product_tag?post=6548"}],"curies":[{"name":"wp","href":"https:\/\/api.w.org\/{rel}","templated":true}]}}