{"id":6688,"date":"2022-01-11T10:00:14","date_gmt":"2022-01-11T08:00:14","guid":{"rendered":"https:\/\/bruknes.world\/?post_type=product&#038;p=6688"},"modified":"2023-01-24T16:58:01","modified_gmt":"2023-01-24T14:58:01","slug":"abstrakcija-nr-5","status":"publish","type":"product","link":"https:\/\/bruknes.world\/en\/produktai\/atvirukai\/abstrakcija\/abstrakcija-nr-5\/","title":{"rendered":"atvirukas \u2022 abstrakcija Nr.5"},"content":{"rendered":"","protected":false},"excerpt":{"rendered":"<p>atvirukas<\/p>\n<p>&nbsp;<\/p>\n<p>atviruk\u0173 kolekcija abstrakcija &#8211; vakaro \u017eaidimai teptuku ir juodu tu\u0161u virto grafiniais pie\u0161iniais, kvie\u010dian\u010diais pasivaik\u0161\u010dioti optinio meno labirintais. Raudoni akcentai \u2013 tai grafiniai \u017eenklai kalbantys apie aistr\u0105 gyvenimui ir dabarties akimirkoms. Palepinkite savo k\u016brybi\u0161kum\u0105 akimis b\u0117giojant tarp tu\u0161o d\u0117mi\u0173<br \/>\n&#8211; &#8211; &#8211;<br \/>\ndvipus\u0117s spaudos kortel\u0117<br \/>\nkokybi\u0161kas tekst\u016brinis (350gsm) popierius<br \/>\n&#8211; &#8211; &#8211;<br \/>\ndydis: 12x17cm<br \/>\ndekoratyvinis vokas siuntimui (B6 \u2022 17,5 x 12,5 cm)<\/p>","protected":false},"featured_media":7035,"template":"","meta":[],"product_brand":[],"product_cat":[79,78,131],"product_tag":[],"class_list":{"0":"post-6688","1":"product","2":"type-product","3":"status-publish","4":"has-post-thumbnail","6":"product_cat-abstrakcija","7":"product_cat-atvirukai","8":"product_cat-kalediniai","10":"first","11":"instock","12":"shipping-taxable","13":"purchasable","14":"product-type-variable"},"yoast_head":"<!-- This site is optimized with the Yoast SEO plugin v27.2 - https:\/\/yoast.com\/product\/yoast-seo-wordpress\/ -->\n<title>atvirukas \u2022 abstrakcija Nr.5 - bruknes world<\/title>\n<meta name=\"description\" content=\"sveikinimo atvirukai - kolekcija abstrakcija - juodo tu\u0161o pie\u0161iniai, kvie\u010diantys \u012f optinio meno labirintus. Meni\u0161ki sveikinimo atvirukai \u012fvairioms \u0161vent\u0117ms\" \/>\n<meta name=\"robots\" content=\"index, follow, max-snippet:-1, max-image-preview:large, max-video-preview:-1\" \/>\n<link rel=\"canonical\" href=\"https:\/\/bruknes.world\/en\/produktai\/atvirukai\/abstrakcija\/abstrakcija-nr-5\/\" \/>\n<meta property=\"og:locale\" content=\"en_US\" \/>\n<meta property=\"og:type\" content=\"article\" \/>\n<meta property=\"og:title\" content=\"atvirukas \u2022 abstrakcija Nr.5 - bruknes world\" \/>\n<meta property=\"og:description\" content=\"sveikinimo atvirukai - kolekcija abstrakcija - juodo tu\u0161o pie\u0161iniai, kvie\u010diantys \u012f optinio meno labirintus. Meni\u0161ki sveikinimo atvirukai \u012fvairioms \u0161vent\u0117ms\" \/>\n<meta property=\"og:url\" content=\"https:\/\/bruknes.world\/en\/produktai\/atvirukai\/abstrakcija\/abstrakcija-nr-5\/\" \/>\n<meta property=\"og:site_name\" content=\"bruknes world\" \/>\n<meta property=\"article:modified_time\" content=\"2023-01-24T14:58:01+00:00\" \/>\n<meta property=\"og:image\" content=\"https:\/\/bruknes.world\/wp-content\/uploads\/2022\/01\/atvirukai-abstrakcija-abstract-postcard-4X5-3.jpg\" \/>\n\t<meta property=\"og:image:width\" content=\"1638\" \/>\n\t<meta property=\"og:image:height\" content=\"2048\" \/>\n\t<meta property=\"og:image:type\" content=\"image\/jpeg\" \/>\n<meta name=\"twitter:card\" content=\"summary_large_image\" \/>\n<script type=\"application\/ld+json\" class=\"yoast-schema-graph\">{\"@context\":\"https:\/\/schema.org\",\"@graph\":[{\"@type\":\"WebPage\",\"@id\":\"https:\/\/bruknes.world\/produktai\/atvirukai\/abstrakcija\/abstrakcija-nr-5\/\",\"url\":\"https:\/\/bruknes.world\/produktai\/atvirukai\/abstrakcija\/abstrakcija-nr-5\/\",\"name\":\"atvirukas \u2022 abstrakcija Nr.5 - bruknes world\",\"isPartOf\":{\"@id\":\"https:\/\/bruknes.world\/#website\"},\"primaryImageOfPage\":{\"@id\":\"https:\/\/bruknes.world\/produktai\/atvirukai\/abstrakcija\/abstrakcija-nr-5\/#primaryimage\"},\"image\":{\"@id\":\"https:\/\/bruknes.world\/produktai\/atvirukai\/abstrakcija\/abstrakcija-nr-5\/#primaryimage\"},\"thumbnailUrl\":\"https:\/\/bruknes.world\/wp-content\/uploads\/2022\/01\/atvirukai-abstrakcija-abstract-postcard-4X5-3.jpg\",\"datePublished\":\"2022-01-11T08:00:14+00:00\",\"dateModified\":\"2023-01-24T14:58:01+00:00\",\"description\":\"sveikinimo atvirukai - kolekcija abstrakcija - juodo tu\u0161o pie\u0161iniai, kvie\u010diantys \u012f optinio meno labirintus. Meni\u0161ki sveikinimo atvirukai \u012fvairioms \u0161vent\u0117ms\",\"breadcrumb\":{\"@id\":\"https:\/\/bruknes.world\/produktai\/atvirukai\/abstrakcija\/abstrakcija-nr-5\/#breadcrumb\"},\"inLanguage\":\"en-US\",\"potentialAction\":[{\"@type\":\"ReadAction\",\"target\":[\"https:\/\/bruknes.world\/produktai\/atvirukai\/abstrakcija\/abstrakcija-nr-5\/\"]}]},{\"@type\":\"ImageObject\",\"inLanguage\":\"en-US\",\"@id\":\"https:\/\/bruknes.world\/produktai\/atvirukai\/abstrakcija\/abstrakcija-nr-5\/#primaryimage\",\"url\":\"https:\/\/bruknes.world\/wp-content\/uploads\/2022\/01\/atvirukai-abstrakcija-abstract-postcard-4X5-3.jpg\",\"contentUrl\":\"https:\/\/bruknes.world\/wp-content\/uploads\/2022\/01\/atvirukai-abstrakcija-abstract-postcard-4X5-3.jpg\",\"width\":1638,\"height\":2048,\"caption\":\"popieriniai dalykai | dalyk\u0173 butikas | minimalistiniai, iliustruoti | bruknes.world\"},{\"@type\":\"BreadcrumbList\",\"@id\":\"https:\/\/bruknes.world\/produktai\/atvirukai\/abstrakcija\/abstrakcija-nr-5\/#breadcrumb\",\"itemListElement\":[{\"@type\":\"ListItem\",\"position\":1,\"name\":\"Home\",\"item\":\"https:\/\/bruknes.world\/\"},{\"@type\":\"ListItem\",\"position\":2,\"name\":\"popieriniai dalykai\",\"item\":\"https:\/\/bruknes.world\/popieriniai-dalykai\/\"},{\"@type\":\"ListItem\",\"position\":3,\"name\":\"atvirukas \u2022 abstrakcija Nr.5\"}]},{\"@type\":\"WebSite\",\"@id\":\"https:\/\/bruknes.world\/#website\",\"url\":\"https:\/\/bruknes.world\/\",\"name\":\"bruknes world\",\"description\":\"\",\"potentialAction\":[{\"@type\":\"SearchAction\",\"target\":{\"@type\":\"EntryPoint\",\"urlTemplate\":\"https:\/\/bruknes.world\/?s={search_term_string}\"},\"query-input\":{\"@type\":\"PropertyValueSpecification\",\"valueRequired\":true,\"valueName\":\"search_term_string\"}}],\"inLanguage\":\"en-US\"}]}<\/script>\n<!-- \/ Yoast SEO plugin. -->","yoast_head_json":{"title":"atvirukas \u2022 abstrakcija Nr.5 - bruknes world","description":"sveikinimo atvirukai - kolekcija abstrakcija - juodo tu\u0161o pie\u0161iniai, kvie\u010diantys \u012f optinio meno labirintus. Meni\u0161ki sveikinimo atvirukai \u012fvairioms \u0161vent\u0117ms","robots":{"index":"index","follow":"follow","max-snippet":"max-snippet:-1","max-image-preview":"max-image-preview:large","max-video-preview":"max-video-preview:-1"},"canonical":"https:\/\/bruknes.world\/en\/produktai\/atvirukai\/abstrakcija\/abstrakcija-nr-5\/","og_locale":"en_US","og_type":"article","og_title":"atvirukas \u2022 abstrakcija Nr.5 - bruknes world","og_description":"sveikinimo atvirukai - kolekcija abstrakcija - juodo tu\u0161o pie\u0161iniai, kvie\u010diantys \u012f optinio meno labirintus. Meni\u0161ki sveikinimo atvirukai \u012fvairioms \u0161vent\u0117ms","og_url":"https:\/\/bruknes.world\/en\/produktai\/atvirukai\/abstrakcija\/abstrakcija-nr-5\/","og_site_name":"bruknes world","article_modified_time":"2023-01-24T14:58:01+00:00","og_image":[{"width":1638,"height":2048,"url":"https:\/\/bruknes.world\/wp-content\/uploads\/2022\/01\/atvirukai-abstrakcija-abstract-postcard-4X5-3.jpg","type":"image\/jpeg"}],"twitter_card":"summary_large_image","schema":{"@context":"https:\/\/schema.org","@graph":[{"@type":"WebPage","@id":"https:\/\/bruknes.world\/produktai\/atvirukai\/abstrakcija\/abstrakcija-nr-5\/","url":"https:\/\/bruknes.world\/produktai\/atvirukai\/abstrakcija\/abstrakcija-nr-5\/","name":"atvirukas \u2022 abstrakcija Nr.5 - bruknes world","isPartOf":{"@id":"https:\/\/bruknes.world\/#website"},"primaryImageOfPage":{"@id":"https:\/\/bruknes.world\/produktai\/atvirukai\/abstrakcija\/abstrakcija-nr-5\/#primaryimage"},"image":{"@id":"https:\/\/bruknes.world\/produktai\/atvirukai\/abstrakcija\/abstrakcija-nr-5\/#primaryimage"},"thumbnailUrl":"https:\/\/bruknes.world\/wp-content\/uploads\/2022\/01\/atvirukai-abstrakcija-abstract-postcard-4X5-3.jpg","datePublished":"2022-01-11T08:00:14+00:00","dateModified":"2023-01-24T14:58:01+00:00","description":"sveikinimo atvirukai - kolekcija abstrakcija - juodo tu\u0161o pie\u0161iniai, kvie\u010diantys \u012f optinio meno labirintus. Meni\u0161ki sveikinimo atvirukai \u012fvairioms \u0161vent\u0117ms","breadcrumb":{"@id":"https:\/\/bruknes.world\/produktai\/atvirukai\/abstrakcija\/abstrakcija-nr-5\/#breadcrumb"},"inLanguage":"en-US","potentialAction":[{"@type":"ReadAction","target":["https:\/\/bruknes.world\/produktai\/atvirukai\/abstrakcija\/abstrakcija-nr-5\/"]}]},{"@type":"ImageObject","inLanguage":"en-US","@id":"https:\/\/bruknes.world\/produktai\/atvirukai\/abstrakcija\/abstrakcija-nr-5\/#primaryimage","url":"https:\/\/bruknes.world\/wp-content\/uploads\/2022\/01\/atvirukai-abstrakcija-abstract-postcard-4X5-3.jpg","contentUrl":"https:\/\/bruknes.world\/wp-content\/uploads\/2022\/01\/atvirukai-abstrakcija-abstract-postcard-4X5-3.jpg","width":1638,"height":2048,"caption":"popieriniai dalykai | dalyk\u0173 butikas | minimalistiniai, iliustruoti | bruknes.world"},{"@type":"BreadcrumbList","@id":"https:\/\/bruknes.world\/produktai\/atvirukai\/abstrakcija\/abstrakcija-nr-5\/#breadcrumb","itemListElement":[{"@type":"ListItem","position":1,"name":"Home","item":"https:\/\/bruknes.world\/"},{"@type":"ListItem","position":2,"name":"popieriniai dalykai","item":"https:\/\/bruknes.world\/popieriniai-dalykai\/"},{"@type":"ListItem","position":3,"name":"atvirukas \u2022 abstrakcija Nr.5"}]},{"@type":"WebSite","@id":"https:\/\/bruknes.world\/#website","url":"https:\/\/bruknes.world\/","name":"bruknes world","description":"","potentialAction":[{"@type":"SearchAction","target":{"@type":"EntryPoint","urlTemplate":"https:\/\/bruknes.world\/?s={search_term_string}"},"query-input":{"@type":"PropertyValueSpecification","valueRequired":true,"valueName":"search_term_string"}}],"inLanguage":"en-US"}]}},"_links":{"self":[{"href":"https:\/\/bruknes.world\/en\/wp-json\/wp\/v2\/product\/6688","targetHints":{"allow":["GET"]}}],"collection":[{"href":"https:\/\/bruknes.world\/en\/wp-json\/wp\/v2\/product"}],"about":[{"href":"https:\/\/bruknes.world\/en\/wp-json\/wp\/v2\/types\/product"}],"wp:featuredmedia":[{"embeddable":true,"href":"https:\/\/bruknes.world\/en\/wp-json\/wp\/v2\/media\/7035"}],"wp:attachment":[{"href":"https:\/\/bruknes.world\/en\/wp-json\/wp\/v2\/media?parent=6688"}],"wp:term":[{"taxonomy":"product_brand","embeddable":true,"href":"https:\/\/bruknes.world\/en\/wp-json\/wp\/v2\/product_brand?post=6688"},{"taxonomy":"product_cat","embeddable":true,"href":"https:\/\/bruknes.world\/en\/wp-json\/wp\/v2\/product_cat?post=6688"},{"taxonomy":"product_tag","embeddable":true,"href":"https:\/\/bruknes.world\/en\/wp-json\/wp\/v2\/product_tag?post=6688"}],"curies":[{"name":"wp","href":"https:\/\/api.w.org\/{rel}","templated":true}]}}