{"id":6719,"date":"2022-01-03T21:05:47","date_gmt":"2022-01-03T19:05:47","guid":{"rendered":"https:\/\/bruknes.world\/?post_type=product&#038;p=6719"},"modified":"2025-12-02T00:07:08","modified_gmt":"2025-12-01T22:07:08","slug":"abstrakcija-laikas","status":"publish","type":"product","link":"https:\/\/bruknes.world\/en\/produktai\/plakatai\/abstrakcija-plakatai\/abstrakcija-laikas\/","title":{"rendered":"plakatas \u2022 laikas \u2022 abstrakcija"},"content":{"rendered":"","protected":false},"excerpt":{"rendered":"<p>plakatas<\/p>\n<p>&nbsp;<\/p>\n<p>plakat\u0173 kolekcija abstrakcija &#8211; vakaro \u017eaidimai teptuku ir juodu tu\u0161u virto grafiniais pie\u0161iniais, kvie\u010dian\u010diais pasivaik\u0161\u010dioti optinio meno labirintais. Raudoni akcentai \u2013 tai grafiniai \u017eenklai kalbantys apie aistr\u0105 gyvenimui ir dabarties akimirkoms. Palepinkite savo k\u016brybi\u0161kum\u0105 akimis b\u0117giojant tarp tu\u0161o d\u0117mi\u0173<br \/>\n&#8211; &#8211; &#8211;<br \/>\nspauda ant kokybi\u0161ko tekst\u016brinio (250gsm) popieriaus<br \/>\n&#8211; &#8211; &#8211;<br \/>\ndydis: 21x30cm<\/p>\n<p>&#8211; &#8211; &#8211;<br \/>\npaveikslai parduodami be r\u0117m\u0173<\/p>","protected":false},"featured_media":7107,"template":"","meta":[],"product_brand":[],"product_cat":[82,81],"product_tag":[],"class_list":{"0":"post-6719","1":"product","2":"type-product","3":"status-publish","4":"has-post-thumbnail","6":"product_cat-abstrakcija-plakatai","7":"product_cat-plakatai","9":"first","10":"instock","11":"shipping-taxable","12":"purchasable","13":"product-type-variable"},"yoast_head":"<!-- This site is optimized with the Yoast SEO plugin v27.2 - https:\/\/yoast.com\/product\/yoast-seo-wordpress\/ -->\n<title>plakatas \u2022 laikas \u2022 abstrakcija - bruknes world<\/title>\n<meta name=\"description\" content=\"plakatas, kolekcija abstrakcija - juodo tu\u0161o pie\u0161iniai, kvie\u010diantys \u012f optinio meno labirintus, su raudonais dabarties akcentais.\" \/>\n<meta name=\"robots\" content=\"index, follow, max-snippet:-1, max-image-preview:large, max-video-preview:-1\" \/>\n<link rel=\"canonical\" href=\"https:\/\/bruknes.world\/en\/produktai\/plakatai\/abstrakcija-plakatai\/abstrakcija-laikas\/\" \/>\n<meta property=\"og:locale\" content=\"en_US\" \/>\n<meta property=\"og:type\" content=\"article\" \/>\n<meta property=\"og:title\" content=\"plakatas \u2022 laikas \u2022 abstrakcija - bruknes world\" \/>\n<meta property=\"og:description\" content=\"plakatas, kolekcija abstrakcija - juodo tu\u0161o pie\u0161iniai, kvie\u010diantys \u012f optinio meno labirintus, su raudonais dabarties akcentais.\" \/>\n<meta property=\"og:url\" content=\"https:\/\/bruknes.world\/en\/produktai\/plakatai\/abstrakcija-plakatai\/abstrakcija-laikas\/\" \/>\n<meta property=\"og:site_name\" content=\"bruknes world\" \/>\n<meta property=\"article:modified_time\" content=\"2025-12-01T22:07:08+00:00\" \/>\n<meta property=\"og:image\" content=\"https:\/\/bruknes.world\/wp-content\/uploads\/2022\/01\/poster-abstract-abstrakcija-laikas-4X5-4.jpg\" \/>\n\t<meta property=\"og:image:width\" content=\"1638\" \/>\n\t<meta property=\"og:image:height\" content=\"2048\" \/>\n\t<meta property=\"og:image:type\" content=\"image\/jpeg\" \/>\n<meta name=\"twitter:card\" content=\"summary_large_image\" \/>\n<meta name=\"twitter:label1\" content=\"Est. reading time\" \/>\n\t<meta name=\"twitter:data1\" content=\"1 minute\" \/>\n<script type=\"application\/ld+json\" class=\"yoast-schema-graph\">{\"@context\":\"https:\/\/schema.org\",\"@graph\":[{\"@type\":\"WebPage\",\"@id\":\"https:\/\/bruknes.world\/produktai\/plakatai\/abstrakcija-plakatai\/abstrakcija-laikas\/\",\"url\":\"https:\/\/bruknes.world\/produktai\/plakatai\/abstrakcija-plakatai\/abstrakcija-laikas\/\",\"name\":\"plakatas \u2022 laikas \u2022 abstrakcija - bruknes world\",\"isPartOf\":{\"@id\":\"https:\/\/bruknes.world\/#website\"},\"primaryImageOfPage\":{\"@id\":\"https:\/\/bruknes.world\/produktai\/plakatai\/abstrakcija-plakatai\/abstrakcija-laikas\/#primaryimage\"},\"image\":{\"@id\":\"https:\/\/bruknes.world\/produktai\/plakatai\/abstrakcija-plakatai\/abstrakcija-laikas\/#primaryimage\"},\"thumbnailUrl\":\"https:\/\/bruknes.world\/wp-content\/uploads\/2022\/01\/poster-abstract-abstrakcija-laikas-4X5-4.jpg\",\"datePublished\":\"2022-01-03T19:05:47+00:00\",\"dateModified\":\"2025-12-01T22:07:08+00:00\",\"description\":\"plakatas, kolekcija abstrakcija - juodo tu\u0161o pie\u0161iniai, kvie\u010diantys \u012f optinio meno labirintus, su raudonais dabarties akcentais.\",\"breadcrumb\":{\"@id\":\"https:\/\/bruknes.world\/produktai\/plakatai\/abstrakcija-plakatai\/abstrakcija-laikas\/#breadcrumb\"},\"inLanguage\":\"en-US\",\"potentialAction\":[{\"@type\":\"ReadAction\",\"target\":[\"https:\/\/bruknes.world\/produktai\/plakatai\/abstrakcija-plakatai\/abstrakcija-laikas\/\"]}]},{\"@type\":\"ImageObject\",\"inLanguage\":\"en-US\",\"@id\":\"https:\/\/bruknes.world\/produktai\/plakatai\/abstrakcija-plakatai\/abstrakcija-laikas\/#primaryimage\",\"url\":\"https:\/\/bruknes.world\/wp-content\/uploads\/2022\/01\/poster-abstract-abstrakcija-laikas-4X5-4.jpg\",\"contentUrl\":\"https:\/\/bruknes.world\/wp-content\/uploads\/2022\/01\/poster-abstract-abstrakcija-laikas-4X5-4.jpg\",\"width\":1638,\"height\":2048,\"caption\":\"popieriniai dalykai, paveikslas nam\u0173 arba darbo vietos dekorui\"},{\"@type\":\"BreadcrumbList\",\"@id\":\"https:\/\/bruknes.world\/produktai\/plakatai\/abstrakcija-plakatai\/abstrakcija-laikas\/#breadcrumb\",\"itemListElement\":[{\"@type\":\"ListItem\",\"position\":1,\"name\":\"Home\",\"item\":\"https:\/\/bruknes.world\/\"},{\"@type\":\"ListItem\",\"position\":2,\"name\":\"popieriniai dalykai\",\"item\":\"https:\/\/bruknes.world\/popieriniai-dalykai\/\"},{\"@type\":\"ListItem\",\"position\":3,\"name\":\"plakatas \u2022 laikas \u2022 abstrakcija\"}]},{\"@type\":\"WebSite\",\"@id\":\"https:\/\/bruknes.world\/#website\",\"url\":\"https:\/\/bruknes.world\/\",\"name\":\"bruknes world\",\"description\":\"\",\"potentialAction\":[{\"@type\":\"SearchAction\",\"target\":{\"@type\":\"EntryPoint\",\"urlTemplate\":\"https:\/\/bruknes.world\/?s={search_term_string}\"},\"query-input\":{\"@type\":\"PropertyValueSpecification\",\"valueRequired\":true,\"valueName\":\"search_term_string\"}}],\"inLanguage\":\"en-US\"}]}<\/script>\n<!-- \/ Yoast SEO plugin. -->","yoast_head_json":{"title":"plakatas \u2022 laikas \u2022 abstrakcija - bruknes world","description":"plakatas, kolekcija abstrakcija - juodo tu\u0161o pie\u0161iniai, kvie\u010diantys \u012f optinio meno labirintus, su raudonais dabarties akcentais.","robots":{"index":"index","follow":"follow","max-snippet":"max-snippet:-1","max-image-preview":"max-image-preview:large","max-video-preview":"max-video-preview:-1"},"canonical":"https:\/\/bruknes.world\/en\/produktai\/plakatai\/abstrakcija-plakatai\/abstrakcija-laikas\/","og_locale":"en_US","og_type":"article","og_title":"plakatas \u2022 laikas \u2022 abstrakcija - bruknes world","og_description":"plakatas, kolekcija abstrakcija - juodo tu\u0161o pie\u0161iniai, kvie\u010diantys \u012f optinio meno labirintus, su raudonais dabarties akcentais.","og_url":"https:\/\/bruknes.world\/en\/produktai\/plakatai\/abstrakcija-plakatai\/abstrakcija-laikas\/","og_site_name":"bruknes world","article_modified_time":"2025-12-01T22:07:08+00:00","og_image":[{"width":1638,"height":2048,"url":"https:\/\/bruknes.world\/wp-content\/uploads\/2022\/01\/poster-abstract-abstrakcija-laikas-4X5-4.jpg","type":"image\/jpeg"}],"twitter_card":"summary_large_image","twitter_misc":{"Est. reading time":"1 minute"},"schema":{"@context":"https:\/\/schema.org","@graph":[{"@type":"WebPage","@id":"https:\/\/bruknes.world\/produktai\/plakatai\/abstrakcija-plakatai\/abstrakcija-laikas\/","url":"https:\/\/bruknes.world\/produktai\/plakatai\/abstrakcija-plakatai\/abstrakcija-laikas\/","name":"plakatas \u2022 laikas \u2022 abstrakcija - bruknes world","isPartOf":{"@id":"https:\/\/bruknes.world\/#website"},"primaryImageOfPage":{"@id":"https:\/\/bruknes.world\/produktai\/plakatai\/abstrakcija-plakatai\/abstrakcija-laikas\/#primaryimage"},"image":{"@id":"https:\/\/bruknes.world\/produktai\/plakatai\/abstrakcija-plakatai\/abstrakcija-laikas\/#primaryimage"},"thumbnailUrl":"https:\/\/bruknes.world\/wp-content\/uploads\/2022\/01\/poster-abstract-abstrakcija-laikas-4X5-4.jpg","datePublished":"2022-01-03T19:05:47+00:00","dateModified":"2025-12-01T22:07:08+00:00","description":"plakatas, kolekcija abstrakcija - juodo tu\u0161o pie\u0161iniai, kvie\u010diantys \u012f optinio meno labirintus, su raudonais dabarties akcentais.","breadcrumb":{"@id":"https:\/\/bruknes.world\/produktai\/plakatai\/abstrakcija-plakatai\/abstrakcija-laikas\/#breadcrumb"},"inLanguage":"en-US","potentialAction":[{"@type":"ReadAction","target":["https:\/\/bruknes.world\/produktai\/plakatai\/abstrakcija-plakatai\/abstrakcija-laikas\/"]}]},{"@type":"ImageObject","inLanguage":"en-US","@id":"https:\/\/bruknes.world\/produktai\/plakatai\/abstrakcija-plakatai\/abstrakcija-laikas\/#primaryimage","url":"https:\/\/bruknes.world\/wp-content\/uploads\/2022\/01\/poster-abstract-abstrakcija-laikas-4X5-4.jpg","contentUrl":"https:\/\/bruknes.world\/wp-content\/uploads\/2022\/01\/poster-abstract-abstrakcija-laikas-4X5-4.jpg","width":1638,"height":2048,"caption":"popieriniai dalykai, paveikslas nam\u0173 arba darbo vietos dekorui"},{"@type":"BreadcrumbList","@id":"https:\/\/bruknes.world\/produktai\/plakatai\/abstrakcija-plakatai\/abstrakcija-laikas\/#breadcrumb","itemListElement":[{"@type":"ListItem","position":1,"name":"Home","item":"https:\/\/bruknes.world\/"},{"@type":"ListItem","position":2,"name":"popieriniai dalykai","item":"https:\/\/bruknes.world\/popieriniai-dalykai\/"},{"@type":"ListItem","position":3,"name":"plakatas \u2022 laikas \u2022 abstrakcija"}]},{"@type":"WebSite","@id":"https:\/\/bruknes.world\/#website","url":"https:\/\/bruknes.world\/","name":"bruknes world","description":"","potentialAction":[{"@type":"SearchAction","target":{"@type":"EntryPoint","urlTemplate":"https:\/\/bruknes.world\/?s={search_term_string}"},"query-input":{"@type":"PropertyValueSpecification","valueRequired":true,"valueName":"search_term_string"}}],"inLanguage":"en-US"}]}},"_links":{"self":[{"href":"https:\/\/bruknes.world\/en\/wp-json\/wp\/v2\/product\/6719","targetHints":{"allow":["GET"]}}],"collection":[{"href":"https:\/\/bruknes.world\/en\/wp-json\/wp\/v2\/product"}],"about":[{"href":"https:\/\/bruknes.world\/en\/wp-json\/wp\/v2\/types\/product"}],"wp:featuredmedia":[{"embeddable":true,"href":"https:\/\/bruknes.world\/en\/wp-json\/wp\/v2\/media\/7107"}],"wp:attachment":[{"href":"https:\/\/bruknes.world\/en\/wp-json\/wp\/v2\/media?parent=6719"}],"wp:term":[{"taxonomy":"product_brand","embeddable":true,"href":"https:\/\/bruknes.world\/en\/wp-json\/wp\/v2\/product_brand?post=6719"},{"taxonomy":"product_cat","embeddable":true,"href":"https:\/\/bruknes.world\/en\/wp-json\/wp\/v2\/product_cat?post=6719"},{"taxonomy":"product_tag","embeddable":true,"href":"https:\/\/bruknes.world\/en\/wp-json\/wp\/v2\/product_tag?post=6719"}],"curies":[{"name":"wp","href":"https:\/\/api.w.org\/{rel}","templated":true}]}}