{"id":7186,"date":"2022-01-03T23:05:04","date_gmt":"2022-01-03T21:05:04","guid":{"rendered":"https:\/\/bruknes.world\/?post_type=product&#038;p=7186"},"modified":"2025-12-02T00:07:08","modified_gmt":"2025-12-01T22:07:08","slug":"koliazas-zmones-plakatas","status":"publish","type":"product","link":"https:\/\/bruknes.world\/en\/produktai\/plakatai\/koliazas-plakatai\/koliazas-zmones-plakatas\/","title":{"rendered":"plakatas \u2022 \u017emon\u0117s \u2022 kolia\u017eas"},"content":{"rendered":"","protected":false},"excerpt":{"rendered":"<p>plakatas<\/p>\n<p>&nbsp;<\/p>\n<p>apie \u017emones, gyvenan\u010dius savame burbule. Apie tuos, kurie dealina reikaliukus, kurie u\u017esiima sav\u0173 tiksl\u0173 siekimu. Apie tuos, kurie svajoja, dirba, veikia, bendrauja. Apie visus, kurie yra be galo ypatingi, skirtingi ir sugeba gyventi toje pa\u010dioje aplinkoje<\/p>\n<p>plakat\u0173 kolekcija kolia\u017eas \u2022 gimusi i\u0161 noro u\u017esiimti fiziniu procesu &#8211; vartyti \u017eurnalus, pasteb\u0117ti kur krypsta \u017evilgsnis ir i\u0161 t\u0173 element\u0173 sud\u0117ti paveiksl\u0105. Kartais jie labiau konceptual\u016bs, kur dirba protas ir tem\u0105 papildo reikalingais elementais, kartais &#8211; visi\u0161kai jausminiai, kylantys i\u0161 kasdieni\u0173 apm\u0105stym\u0173 \u012f kuriuos nuveda socialin\u0117 aplinka<br \/>\n&#8211; &#8211; &#8211;<br \/>\nspauda ant kokybi\u0161ko tekst\u016brinio (250gsm) popieriaus<br \/>\n&#8211; &#8211; &#8211;<br \/>\ndydis: 21x30cm<\/p>\n<p>&#8211; &#8211; &#8211;<br \/>\npaveikslai parduodami be r\u0117m\u0173<\/p>","protected":false},"featured_media":7180,"template":"","meta":[],"product_brand":[],"product_cat":[85,81],"product_tag":[],"class_list":{"0":"post-7186","1":"product","2":"type-product","3":"status-publish","4":"has-post-thumbnail","6":"product_cat-koliazas-plakatai","7":"product_cat-plakatai","9":"first","10":"instock","11":"shipping-taxable","12":"purchasable","13":"product-type-variable"},"yoast_head":"<!-- This site is optimized with the Yoast SEO plugin v27.2 - https:\/\/yoast.com\/product\/yoast-seo-wordpress\/ -->\n<title>plakatas \u2022 \u017emon\u0117s \u2022 kolia\u017eas - bruknes world<\/title>\n<meta name=\"description\" content=\"plakatai nam\u0173 ar darbo vietos dekorui, kvie\u010diantys pasivaik\u0161\u010dioto abstrakcij\u0173, kolia\u017ei\u0173 ar fotografijos takais. Plakatai puiki dovana \u012fvairioms progoms\" \/>\n<meta name=\"robots\" content=\"index, follow, max-snippet:-1, max-image-preview:large, max-video-preview:-1\" \/>\n<link rel=\"canonical\" href=\"https:\/\/bruknes.world\/en\/produktai\/plakatai\/koliazas-plakatai\/koliazas-zmones-plakatas\/\" \/>\n<meta property=\"og:locale\" content=\"en_US\" \/>\n<meta property=\"og:type\" content=\"article\" \/>\n<meta property=\"og:title\" content=\"plakatas \u2022 \u017emon\u0117s \u2022 kolia\u017eas - bruknes world\" \/>\n<meta property=\"og:description\" content=\"plakatai nam\u0173 ar darbo vietos dekorui, kvie\u010diantys pasivaik\u0161\u010dioto abstrakcij\u0173, kolia\u017ei\u0173 ar fotografijos takais. Plakatai puiki dovana \u012fvairioms progoms\" \/>\n<meta property=\"og:url\" content=\"https:\/\/bruknes.world\/en\/produktai\/plakatai\/koliazas-plakatai\/koliazas-zmones-plakatas\/\" \/>\n<meta property=\"og:site_name\" content=\"bruknes world\" \/>\n<meta property=\"article:modified_time\" content=\"2025-12-01T22:07:08+00:00\" \/>\n<meta property=\"og:image\" content=\"https:\/\/bruknes.world\/wp-content\/uploads\/2022\/01\/poster-collageart-zmones-people-4X5-3.jpg\" \/>\n\t<meta property=\"og:image:width\" content=\"1638\" \/>\n\t<meta property=\"og:image:height\" content=\"2048\" \/>\n\t<meta property=\"og:image:type\" content=\"image\/jpeg\" \/>\n<meta name=\"twitter:card\" content=\"summary_large_image\" \/>\n<meta name=\"twitter:label1\" content=\"Est. reading time\" \/>\n\t<meta name=\"twitter:data1\" content=\"1 minute\" \/>\n<script type=\"application\/ld+json\" class=\"yoast-schema-graph\">{\"@context\":\"https:\/\/schema.org\",\"@graph\":[{\"@type\":\"WebPage\",\"@id\":\"https:\/\/bruknes.world\/produktai\/plakatai\/koliazas-plakatai\/koliazas-zmones-plakatas\/\",\"url\":\"https:\/\/bruknes.world\/produktai\/plakatai\/koliazas-plakatai\/koliazas-zmones-plakatas\/\",\"name\":\"plakatas \u2022 \u017emon\u0117s \u2022 kolia\u017eas - bruknes world\",\"isPartOf\":{\"@id\":\"https:\/\/bruknes.world\/#website\"},\"primaryImageOfPage\":{\"@id\":\"https:\/\/bruknes.world\/produktai\/plakatai\/koliazas-plakatai\/koliazas-zmones-plakatas\/#primaryimage\"},\"image\":{\"@id\":\"https:\/\/bruknes.world\/produktai\/plakatai\/koliazas-plakatai\/koliazas-zmones-plakatas\/#primaryimage\"},\"thumbnailUrl\":\"https:\/\/bruknes.world\/wp-content\/uploads\/2022\/01\/poster-collageart-zmones-people-4X5-3.jpg\",\"datePublished\":\"2022-01-03T21:05:04+00:00\",\"dateModified\":\"2025-12-01T22:07:08+00:00\",\"description\":\"plakatai nam\u0173 ar darbo vietos dekorui, kvie\u010diantys pasivaik\u0161\u010dioto abstrakcij\u0173, kolia\u017ei\u0173 ar fotografijos takais. Plakatai puiki dovana \u012fvairioms progoms\",\"breadcrumb\":{\"@id\":\"https:\/\/bruknes.world\/produktai\/plakatai\/koliazas-plakatai\/koliazas-zmones-plakatas\/#breadcrumb\"},\"inLanguage\":\"en-US\",\"potentialAction\":[{\"@type\":\"ReadAction\",\"target\":[\"https:\/\/bruknes.world\/produktai\/plakatai\/koliazas-plakatai\/koliazas-zmones-plakatas\/\"]}]},{\"@type\":\"ImageObject\",\"inLanguage\":\"en-US\",\"@id\":\"https:\/\/bruknes.world\/produktai\/plakatai\/koliazas-plakatai\/koliazas-zmones-plakatas\/#primaryimage\",\"url\":\"https:\/\/bruknes.world\/wp-content\/uploads\/2022\/01\/poster-collageart-zmones-people-4X5-3.jpg\",\"contentUrl\":\"https:\/\/bruknes.world\/wp-content\/uploads\/2022\/01\/poster-collageart-zmones-people-4X5-3.jpg\",\"width\":1638,\"height\":2048,\"caption\":\"popieriniai dalykai, kolia\u017eas, paveikslas nam\u0173 arba darbo vietos dekorui\"},{\"@type\":\"BreadcrumbList\",\"@id\":\"https:\/\/bruknes.world\/produktai\/plakatai\/koliazas-plakatai\/koliazas-zmones-plakatas\/#breadcrumb\",\"itemListElement\":[{\"@type\":\"ListItem\",\"position\":1,\"name\":\"Home\",\"item\":\"https:\/\/bruknes.world\/\"},{\"@type\":\"ListItem\",\"position\":2,\"name\":\"popieriniai dalykai\",\"item\":\"https:\/\/bruknes.world\/popieriniai-dalykai\/\"},{\"@type\":\"ListItem\",\"position\":3,\"name\":\"plakatas \u2022 \u017emon\u0117s \u2022 kolia\u017eas\"}]},{\"@type\":\"WebSite\",\"@id\":\"https:\/\/bruknes.world\/#website\",\"url\":\"https:\/\/bruknes.world\/\",\"name\":\"bruknes world\",\"description\":\"\",\"potentialAction\":[{\"@type\":\"SearchAction\",\"target\":{\"@type\":\"EntryPoint\",\"urlTemplate\":\"https:\/\/bruknes.world\/?s={search_term_string}\"},\"query-input\":{\"@type\":\"PropertyValueSpecification\",\"valueRequired\":true,\"valueName\":\"search_term_string\"}}],\"inLanguage\":\"en-US\"}]}<\/script>\n<!-- \/ Yoast SEO plugin. -->","yoast_head_json":{"title":"plakatas \u2022 \u017emon\u0117s \u2022 kolia\u017eas - bruknes world","description":"plakatai nam\u0173 ar darbo vietos dekorui, kvie\u010diantys pasivaik\u0161\u010dioto abstrakcij\u0173, kolia\u017ei\u0173 ar fotografijos takais. Plakatai puiki dovana \u012fvairioms progoms","robots":{"index":"index","follow":"follow","max-snippet":"max-snippet:-1","max-image-preview":"max-image-preview:large","max-video-preview":"max-video-preview:-1"},"canonical":"https:\/\/bruknes.world\/en\/produktai\/plakatai\/koliazas-plakatai\/koliazas-zmones-plakatas\/","og_locale":"en_US","og_type":"article","og_title":"plakatas \u2022 \u017emon\u0117s \u2022 kolia\u017eas - bruknes world","og_description":"plakatai nam\u0173 ar darbo vietos dekorui, kvie\u010diantys pasivaik\u0161\u010dioto abstrakcij\u0173, kolia\u017ei\u0173 ar fotografijos takais. Plakatai puiki dovana \u012fvairioms progoms","og_url":"https:\/\/bruknes.world\/en\/produktai\/plakatai\/koliazas-plakatai\/koliazas-zmones-plakatas\/","og_site_name":"bruknes world","article_modified_time":"2025-12-01T22:07:08+00:00","og_image":[{"width":1638,"height":2048,"url":"https:\/\/bruknes.world\/wp-content\/uploads\/2022\/01\/poster-collageart-zmones-people-4X5-3.jpg","type":"image\/jpeg"}],"twitter_card":"summary_large_image","twitter_misc":{"Est. reading time":"1 minute"},"schema":{"@context":"https:\/\/schema.org","@graph":[{"@type":"WebPage","@id":"https:\/\/bruknes.world\/produktai\/plakatai\/koliazas-plakatai\/koliazas-zmones-plakatas\/","url":"https:\/\/bruknes.world\/produktai\/plakatai\/koliazas-plakatai\/koliazas-zmones-plakatas\/","name":"plakatas \u2022 \u017emon\u0117s \u2022 kolia\u017eas - bruknes world","isPartOf":{"@id":"https:\/\/bruknes.world\/#website"},"primaryImageOfPage":{"@id":"https:\/\/bruknes.world\/produktai\/plakatai\/koliazas-plakatai\/koliazas-zmones-plakatas\/#primaryimage"},"image":{"@id":"https:\/\/bruknes.world\/produktai\/plakatai\/koliazas-plakatai\/koliazas-zmones-plakatas\/#primaryimage"},"thumbnailUrl":"https:\/\/bruknes.world\/wp-content\/uploads\/2022\/01\/poster-collageart-zmones-people-4X5-3.jpg","datePublished":"2022-01-03T21:05:04+00:00","dateModified":"2025-12-01T22:07:08+00:00","description":"plakatai nam\u0173 ar darbo vietos dekorui, kvie\u010diantys pasivaik\u0161\u010dioto abstrakcij\u0173, kolia\u017ei\u0173 ar fotografijos takais. Plakatai puiki dovana \u012fvairioms progoms","breadcrumb":{"@id":"https:\/\/bruknes.world\/produktai\/plakatai\/koliazas-plakatai\/koliazas-zmones-plakatas\/#breadcrumb"},"inLanguage":"en-US","potentialAction":[{"@type":"ReadAction","target":["https:\/\/bruknes.world\/produktai\/plakatai\/koliazas-plakatai\/koliazas-zmones-plakatas\/"]}]},{"@type":"ImageObject","inLanguage":"en-US","@id":"https:\/\/bruknes.world\/produktai\/plakatai\/koliazas-plakatai\/koliazas-zmones-plakatas\/#primaryimage","url":"https:\/\/bruknes.world\/wp-content\/uploads\/2022\/01\/poster-collageart-zmones-people-4X5-3.jpg","contentUrl":"https:\/\/bruknes.world\/wp-content\/uploads\/2022\/01\/poster-collageart-zmones-people-4X5-3.jpg","width":1638,"height":2048,"caption":"popieriniai dalykai, kolia\u017eas, paveikslas nam\u0173 arba darbo vietos dekorui"},{"@type":"BreadcrumbList","@id":"https:\/\/bruknes.world\/produktai\/plakatai\/koliazas-plakatai\/koliazas-zmones-plakatas\/#breadcrumb","itemListElement":[{"@type":"ListItem","position":1,"name":"Home","item":"https:\/\/bruknes.world\/"},{"@type":"ListItem","position":2,"name":"popieriniai dalykai","item":"https:\/\/bruknes.world\/popieriniai-dalykai\/"},{"@type":"ListItem","position":3,"name":"plakatas \u2022 \u017emon\u0117s \u2022 kolia\u017eas"}]},{"@type":"WebSite","@id":"https:\/\/bruknes.world\/#website","url":"https:\/\/bruknes.world\/","name":"bruknes world","description":"","potentialAction":[{"@type":"SearchAction","target":{"@type":"EntryPoint","urlTemplate":"https:\/\/bruknes.world\/?s={search_term_string}"},"query-input":{"@type":"PropertyValueSpecification","valueRequired":true,"valueName":"search_term_string"}}],"inLanguage":"en-US"}]}},"_links":{"self":[{"href":"https:\/\/bruknes.world\/en\/wp-json\/wp\/v2\/product\/7186","targetHints":{"allow":["GET"]}}],"collection":[{"href":"https:\/\/bruknes.world\/en\/wp-json\/wp\/v2\/product"}],"about":[{"href":"https:\/\/bruknes.world\/en\/wp-json\/wp\/v2\/types\/product"}],"wp:featuredmedia":[{"embeddable":true,"href":"https:\/\/bruknes.world\/en\/wp-json\/wp\/v2\/media\/7180"}],"wp:attachment":[{"href":"https:\/\/bruknes.world\/en\/wp-json\/wp\/v2\/media?parent=7186"}],"wp:term":[{"taxonomy":"product_brand","embeddable":true,"href":"https:\/\/bruknes.world\/en\/wp-json\/wp\/v2\/product_brand?post=7186"},{"taxonomy":"product_cat","embeddable":true,"href":"https:\/\/bruknes.world\/en\/wp-json\/wp\/v2\/product_cat?post=7186"},{"taxonomy":"product_tag","embeddable":true,"href":"https:\/\/bruknes.world\/en\/wp-json\/wp\/v2\/product_tag?post=7186"}],"curies":[{"name":"wp","href":"https:\/\/api.w.org\/{rel}","templated":true}]}}