{"id":7254,"date":"2022-01-13T05:00:03","date_gmt":"2022-01-13T03:00:03","guid":{"rendered":"https:\/\/bruknes.world\/?post_type=product&#038;p=7254"},"modified":"2023-01-24T17:23:17","modified_gmt":"2023-01-24T15:23:17","slug":"kalnai-2-rinkinys","status":"publish","type":"product","link":"https:\/\/bruknes.world\/en\/produktai\/atvirukai\/rinkiniai\/kalnai-2-rinkinys\/","title":{"rendered":"atviruk\u0173 rinkinys \u2022 kalnai &#8211; II \u2022"},"content":{"rendered":"","protected":false},"excerpt":{"rendered":"<p>atviruk\u0173 rinkinys (6 vnt)<\/p>\n<p>&nbsp;<\/p>\n<p>gamtos fotografija, nugulusi ant ypatingo dekoratyvinio popieriaus. Apie mus veikian\u010di\u0105 gamtos j\u0117g\u0105. Apie malonum\u0105, kuris u\u017epl\u016bsta m\u016bs\u0173 k\u016bn\u0105 pasiekus neapr\u0117piamo vaizdo ta\u0161k\u0105 kalnuose. Apie \u017emogaus trapum\u0105 lyginant su gamtos didybe<\/p>\n<p>&#8211; &#8211; &#8211;<br \/>\n\u0161e\u0161ios dvipus\u0117s spaudos kortel\u0117s<br \/>\nkokybi\u0161kas tekst\u016brinis (350gsm) popierius<br \/>\n&#8211; &#8211; &#8211;<br \/>\natviruko dydis: 12x17cm<br \/>\nvisi atvirukai supakuoti viename kalkiniame voke<\/p>","protected":false},"featured_media":7274,"template":"","meta":[],"product_brand":[],"product_cat":[78,87],"product_tag":[],"class_list":{"0":"post-7254","1":"product","2":"type-product","3":"status-publish","4":"has-post-thumbnail","6":"product_cat-atvirukai","7":"product_cat-rinkiniai","9":"first","10":"instock","11":"shipping-taxable","12":"purchasable","13":"product-type-variable"},"yoast_head":"<!-- This site is optimized with the Yoast SEO plugin v27.2 - https:\/\/yoast.com\/product\/yoast-seo-wordpress\/ -->\n<title>atviruk\u0173 rinkinys \u2022 kalnai - II \u2022 - bruknes world<\/title>\n<meta name=\"description\" content=\"sveikinimo atviruk\u0173 rinkinys - apie pasivaiks\u0161\u010diojimus kalnuose, apie mus veikian\u010di\u0105 gamtos j\u0117g\u0105. Fotografij\u0173 atvirukai \u012fvairioms progoms\" \/>\n<meta name=\"robots\" content=\"index, follow, max-snippet:-1, max-image-preview:large, max-video-preview:-1\" \/>\n<link rel=\"canonical\" href=\"https:\/\/bruknes.world\/en\/produktai\/atvirukai\/rinkiniai\/kalnai-2-rinkinys\/\" \/>\n<meta property=\"og:locale\" content=\"en_US\" \/>\n<meta property=\"og:type\" content=\"article\" \/>\n<meta property=\"og:title\" content=\"atviruk\u0173 rinkinys \u2022 kalnai - II \u2022 - bruknes world\" \/>\n<meta property=\"og:description\" content=\"sveikinimo atviruk\u0173 rinkinys - apie pasivaiks\u0161\u010diojimus kalnuose, apie mus veikian\u010di\u0105 gamtos j\u0117g\u0105. Fotografij\u0173 atvirukai \u012fvairioms progoms\" \/>\n<meta property=\"og:url\" content=\"https:\/\/bruknes.world\/en\/produktai\/atvirukai\/rinkiniai\/kalnai-2-rinkinys\/\" \/>\n<meta property=\"og:site_name\" content=\"bruknes world\" \/>\n<meta property=\"article:modified_time\" content=\"2023-01-24T15:23:17+00:00\" \/>\n<meta property=\"og:image\" content=\"https:\/\/bruknes.world\/wp-content\/uploads\/2022\/05\/atvirukai-kalnaiII-postcard-nature-4X5-7-819x1024.jpg\" \/>\n\t<meta property=\"og:image:width\" content=\"819\" \/>\n\t<meta property=\"og:image:height\" content=\"1024\" \/>\n\t<meta property=\"og:image:type\" content=\"image\/jpeg\" \/>\n<meta name=\"twitter:card\" content=\"summary_large_image\" \/>\n<script type=\"application\/ld+json\" class=\"yoast-schema-graph\">{\"@context\":\"https:\/\/schema.org\",\"@graph\":[{\"@type\":\"WebPage\",\"@id\":\"https:\/\/bruknes.world\/produktai\/atvirukai\/rinkiniai\/kalnai-2-rinkinys\/\",\"url\":\"https:\/\/bruknes.world\/produktai\/atvirukai\/rinkiniai\/kalnai-2-rinkinys\/\",\"name\":\"atviruk\u0173 rinkinys \u2022 kalnai - II \u2022 - bruknes world\",\"isPartOf\":{\"@id\":\"https:\/\/bruknes.world\/#website\"},\"primaryImageOfPage\":{\"@id\":\"https:\/\/bruknes.world\/produktai\/atvirukai\/rinkiniai\/kalnai-2-rinkinys\/#primaryimage\"},\"image\":{\"@id\":\"https:\/\/bruknes.world\/produktai\/atvirukai\/rinkiniai\/kalnai-2-rinkinys\/#primaryimage\"},\"thumbnailUrl\":\"https:\/\/bruknes.world\/wp-content\/uploads\/2022\/05\/atvirukai-kalnaiII-postcard-nature-4X5-7.jpg\",\"datePublished\":\"2022-01-13T03:00:03+00:00\",\"dateModified\":\"2023-01-24T15:23:17+00:00\",\"description\":\"sveikinimo atviruk\u0173 rinkinys - apie pasivaiks\u0161\u010diojimus kalnuose, apie mus veikian\u010di\u0105 gamtos j\u0117g\u0105. Fotografij\u0173 atvirukai \u012fvairioms progoms\",\"breadcrumb\":{\"@id\":\"https:\/\/bruknes.world\/produktai\/atvirukai\/rinkiniai\/kalnai-2-rinkinys\/#breadcrumb\"},\"inLanguage\":\"en-US\",\"potentialAction\":[{\"@type\":\"ReadAction\",\"target\":[\"https:\/\/bruknes.world\/produktai\/atvirukai\/rinkiniai\/kalnai-2-rinkinys\/\"]}]},{\"@type\":\"ImageObject\",\"inLanguage\":\"en-US\",\"@id\":\"https:\/\/bruknes.world\/produktai\/atvirukai\/rinkiniai\/kalnai-2-rinkinys\/#primaryimage\",\"url\":\"https:\/\/bruknes.world\/wp-content\/uploads\/2022\/05\/atvirukai-kalnaiII-postcard-nature-4X5-7.jpg\",\"contentUrl\":\"https:\/\/bruknes.world\/wp-content\/uploads\/2022\/05\/atvirukai-kalnaiII-postcard-nature-4X5-7.jpg\",\"width\":1638,\"height\":2048,\"caption\":\"popieriniai dalykai, sveikinimo atvirukai su kalnu nuotraukomis\"},{\"@type\":\"BreadcrumbList\",\"@id\":\"https:\/\/bruknes.world\/produktai\/atvirukai\/rinkiniai\/kalnai-2-rinkinys\/#breadcrumb\",\"itemListElement\":[{\"@type\":\"ListItem\",\"position\":1,\"name\":\"Home\",\"item\":\"https:\/\/bruknes.world\/\"},{\"@type\":\"ListItem\",\"position\":2,\"name\":\"popieriniai dalykai\",\"item\":\"https:\/\/bruknes.world\/popieriniai-dalykai\/\"},{\"@type\":\"ListItem\",\"position\":3,\"name\":\"atviruk\u0173 rinkinys \u2022 kalnai &#8211; II \u2022\"}]},{\"@type\":\"WebSite\",\"@id\":\"https:\/\/bruknes.world\/#website\",\"url\":\"https:\/\/bruknes.world\/\",\"name\":\"bruknes world\",\"description\":\"\",\"potentialAction\":[{\"@type\":\"SearchAction\",\"target\":{\"@type\":\"EntryPoint\",\"urlTemplate\":\"https:\/\/bruknes.world\/?s={search_term_string}\"},\"query-input\":{\"@type\":\"PropertyValueSpecification\",\"valueRequired\":true,\"valueName\":\"search_term_string\"}}],\"inLanguage\":\"en-US\"}]}<\/script>\n<!-- \/ Yoast SEO plugin. -->","yoast_head_json":{"title":"atviruk\u0173 rinkinys \u2022 kalnai - II \u2022 - bruknes world","description":"sveikinimo atviruk\u0173 rinkinys - apie pasivaiks\u0161\u010diojimus kalnuose, apie mus veikian\u010di\u0105 gamtos j\u0117g\u0105. Fotografij\u0173 atvirukai \u012fvairioms progoms","robots":{"index":"index","follow":"follow","max-snippet":"max-snippet:-1","max-image-preview":"max-image-preview:large","max-video-preview":"max-video-preview:-1"},"canonical":"https:\/\/bruknes.world\/en\/produktai\/atvirukai\/rinkiniai\/kalnai-2-rinkinys\/","og_locale":"en_US","og_type":"article","og_title":"atviruk\u0173 rinkinys \u2022 kalnai - II \u2022 - bruknes world","og_description":"sveikinimo atviruk\u0173 rinkinys - apie pasivaiks\u0161\u010diojimus kalnuose, apie mus veikian\u010di\u0105 gamtos j\u0117g\u0105. Fotografij\u0173 atvirukai \u012fvairioms progoms","og_url":"https:\/\/bruknes.world\/en\/produktai\/atvirukai\/rinkiniai\/kalnai-2-rinkinys\/","og_site_name":"bruknes world","article_modified_time":"2023-01-24T15:23:17+00:00","og_image":[{"width":819,"height":1024,"url":"https:\/\/bruknes.world\/wp-content\/uploads\/2022\/05\/atvirukai-kalnaiII-postcard-nature-4X5-7-819x1024.jpg","type":"image\/jpeg"}],"twitter_card":"summary_large_image","schema":{"@context":"https:\/\/schema.org","@graph":[{"@type":"WebPage","@id":"https:\/\/bruknes.world\/produktai\/atvirukai\/rinkiniai\/kalnai-2-rinkinys\/","url":"https:\/\/bruknes.world\/produktai\/atvirukai\/rinkiniai\/kalnai-2-rinkinys\/","name":"atviruk\u0173 rinkinys \u2022 kalnai - II \u2022 - bruknes world","isPartOf":{"@id":"https:\/\/bruknes.world\/#website"},"primaryImageOfPage":{"@id":"https:\/\/bruknes.world\/produktai\/atvirukai\/rinkiniai\/kalnai-2-rinkinys\/#primaryimage"},"image":{"@id":"https:\/\/bruknes.world\/produktai\/atvirukai\/rinkiniai\/kalnai-2-rinkinys\/#primaryimage"},"thumbnailUrl":"https:\/\/bruknes.world\/wp-content\/uploads\/2022\/05\/atvirukai-kalnaiII-postcard-nature-4X5-7.jpg","datePublished":"2022-01-13T03:00:03+00:00","dateModified":"2023-01-24T15:23:17+00:00","description":"sveikinimo atviruk\u0173 rinkinys - apie pasivaiks\u0161\u010diojimus kalnuose, apie mus veikian\u010di\u0105 gamtos j\u0117g\u0105. Fotografij\u0173 atvirukai \u012fvairioms progoms","breadcrumb":{"@id":"https:\/\/bruknes.world\/produktai\/atvirukai\/rinkiniai\/kalnai-2-rinkinys\/#breadcrumb"},"inLanguage":"en-US","potentialAction":[{"@type":"ReadAction","target":["https:\/\/bruknes.world\/produktai\/atvirukai\/rinkiniai\/kalnai-2-rinkinys\/"]}]},{"@type":"ImageObject","inLanguage":"en-US","@id":"https:\/\/bruknes.world\/produktai\/atvirukai\/rinkiniai\/kalnai-2-rinkinys\/#primaryimage","url":"https:\/\/bruknes.world\/wp-content\/uploads\/2022\/05\/atvirukai-kalnaiII-postcard-nature-4X5-7.jpg","contentUrl":"https:\/\/bruknes.world\/wp-content\/uploads\/2022\/05\/atvirukai-kalnaiII-postcard-nature-4X5-7.jpg","width":1638,"height":2048,"caption":"popieriniai dalykai, sveikinimo atvirukai su kalnu nuotraukomis"},{"@type":"BreadcrumbList","@id":"https:\/\/bruknes.world\/produktai\/atvirukai\/rinkiniai\/kalnai-2-rinkinys\/#breadcrumb","itemListElement":[{"@type":"ListItem","position":1,"name":"Home","item":"https:\/\/bruknes.world\/"},{"@type":"ListItem","position":2,"name":"popieriniai dalykai","item":"https:\/\/bruknes.world\/popieriniai-dalykai\/"},{"@type":"ListItem","position":3,"name":"atviruk\u0173 rinkinys \u2022 kalnai &#8211; II \u2022"}]},{"@type":"WebSite","@id":"https:\/\/bruknes.world\/#website","url":"https:\/\/bruknes.world\/","name":"bruknes world","description":"","potentialAction":[{"@type":"SearchAction","target":{"@type":"EntryPoint","urlTemplate":"https:\/\/bruknes.world\/?s={search_term_string}"},"query-input":{"@type":"PropertyValueSpecification","valueRequired":true,"valueName":"search_term_string"}}],"inLanguage":"en-US"}]}},"_links":{"self":[{"href":"https:\/\/bruknes.world\/en\/wp-json\/wp\/v2\/product\/7254","targetHints":{"allow":["GET"]}}],"collection":[{"href":"https:\/\/bruknes.world\/en\/wp-json\/wp\/v2\/product"}],"about":[{"href":"https:\/\/bruknes.world\/en\/wp-json\/wp\/v2\/types\/product"}],"wp:featuredmedia":[{"embeddable":true,"href":"https:\/\/bruknes.world\/en\/wp-json\/wp\/v2\/media\/7274"}],"wp:attachment":[{"href":"https:\/\/bruknes.world\/en\/wp-json\/wp\/v2\/media?parent=7254"}],"wp:term":[{"taxonomy":"product_brand","embeddable":true,"href":"https:\/\/bruknes.world\/en\/wp-json\/wp\/v2\/product_brand?post=7254"},{"taxonomy":"product_cat","embeddable":true,"href":"https:\/\/bruknes.world\/en\/wp-json\/wp\/v2\/product_cat?post=7254"},{"taxonomy":"product_tag","embeddable":true,"href":"https:\/\/bruknes.world\/en\/wp-json\/wp\/v2\/product_tag?post=7254"}],"curies":[{"name":"wp","href":"https:\/\/api.w.org\/{rel}","templated":true}]}}