{"id":7290,"date":"2023-01-20T15:30:53","date_gmt":"2023-01-20T13:30:53","guid":{"rendered":"https:\/\/bruknes.world\/?post_type=product&#038;p=7290"},"modified":"2023-01-30T17:51:47","modified_gmt":"2023-01-30T15:51:47","slug":"vilniausdangus-atviruku-rinkinys","status":"publish","type":"product","link":"https:\/\/bruknes.world\/en\/produktai\/atvirukai\/rinkiniai\/vilniausdangus-atviruku-rinkinys\/","title":{"rendered":"atviruk\u0173 rinkinys \u2022 #vilniausdangus"},"content":{"rendered":"","protected":false},"excerpt":{"rendered":"<p>atviruk\u0173 rinkinys (6 vnt)<\/p>\n<p>&nbsp;<\/p>\n<p>apie kasdienius pasivaik\u0161\u010diojimus Vilniaus gatv\u0117mis. Apie paprastas, kasdienes asociacijas kelian\u010dius vaizdus, miestui susiliejant su dangumi<\/p>\n<p>\u0161is atviruk\u0173 rinkinys &#8211; tai vaizd\u0173 telefone perk\u0117limas \u012f material\u0173 k\u016bn\u0105, i\u0161laikant atpa\u017e\u012fstam\u0105 instagram \u012fra\u0161\u0173 dizaino format\u0105<\/p>\n<p>&#8211; &#8211; &#8211;<br \/>\n\u0161e\u0161ios vienpus\u0117s spaudos kortel\u0117s<br \/>\nkokybi\u0161kas tekst\u016brinis (350gsm) popierius<br \/>\n&#8211; &#8211; &#8211;<br \/>\natviruko dydis: 12x17cm<br \/>\nvisi atvirukai supakuoti viename kalkiniame voke<\/p>","protected":false},"featured_media":7301,"template":"","meta":[],"product_brand":[],"product_cat":[78,87],"product_tag":[],"class_list":{"0":"post-7290","1":"product","2":"type-product","3":"status-publish","4":"has-post-thumbnail","6":"product_cat-atvirukai","7":"product_cat-rinkiniai","9":"first","10":"instock","11":"shipping-taxable","12":"purchasable","13":"product-type-variable"},"yoast_head":"<!-- This site is optimized with the Yoast SEO plugin v27.2 - https:\/\/yoast.com\/product\/yoast-seo-wordpress\/ -->\n<title>atviruk\u0173 rinkinys \u2022 #vilniausdangus - bruknes world<\/title>\n<meta name=\"description\" content=\"sveikinimo atviruk\u0173 rinkinys - kasdienes asociacijas keliantys vaizdai, Vilniaus miestui susiliejant su dangumi. Fotografij\u0173 atvirukai \u012fvairioms progoms\" \/>\n<meta name=\"robots\" content=\"index, follow, max-snippet:-1, max-image-preview:large, max-video-preview:-1\" \/>\n<link rel=\"canonical\" href=\"https:\/\/bruknes.world\/en\/produktai\/atvirukai\/rinkiniai\/vilniausdangus-atviruku-rinkinys\/\" \/>\n<meta property=\"og:locale\" content=\"en_US\" \/>\n<meta property=\"og:type\" content=\"article\" \/>\n<meta property=\"og:title\" content=\"atviruk\u0173 rinkinys \u2022 #vilniausdangus - bruknes world\" \/>\n<meta property=\"og:description\" content=\"sveikinimo atviruk\u0173 rinkinys - kasdienes asociacijas keliantys vaizdai, Vilniaus miestui susiliejant su dangumi. Fotografij\u0173 atvirukai \u012fvairioms progoms\" \/>\n<meta property=\"og:url\" content=\"https:\/\/bruknes.world\/en\/produktai\/atvirukai\/rinkiniai\/vilniausdangus-atviruku-rinkinys\/\" \/>\n<meta property=\"og:site_name\" content=\"bruknes world\" \/>\n<meta property=\"article:modified_time\" content=\"2023-01-30T15:51:47+00:00\" \/>\n<meta property=\"og:image\" content=\"https:\/\/bruknes.world\/wp-content\/uploads\/2022\/05\/atvirukai-vilniausdangus-postcard-4X5-10.jpg\" \/>\n\t<meta property=\"og:image:width\" content=\"1638\" \/>\n\t<meta property=\"og:image:height\" content=\"2048\" \/>\n\t<meta property=\"og:image:type\" content=\"image\/jpeg\" \/>\n<meta name=\"twitter:card\" content=\"summary_large_image\" \/>\n<script type=\"application\/ld+json\" class=\"yoast-schema-graph\">{\"@context\":\"https:\/\/schema.org\",\"@graph\":[{\"@type\":\"WebPage\",\"@id\":\"https:\/\/bruknes.world\/produktai\/atvirukai\/rinkiniai\/vilniausdangus-atviruku-rinkinys\/\",\"url\":\"https:\/\/bruknes.world\/produktai\/atvirukai\/rinkiniai\/vilniausdangus-atviruku-rinkinys\/\",\"name\":\"atviruk\u0173 rinkinys \u2022 #vilniausdangus - bruknes world\",\"isPartOf\":{\"@id\":\"https:\/\/bruknes.world\/#website\"},\"primaryImageOfPage\":{\"@id\":\"https:\/\/bruknes.world\/produktai\/atvirukai\/rinkiniai\/vilniausdangus-atviruku-rinkinys\/#primaryimage\"},\"image\":{\"@id\":\"https:\/\/bruknes.world\/produktai\/atvirukai\/rinkiniai\/vilniausdangus-atviruku-rinkinys\/#primaryimage\"},\"thumbnailUrl\":\"https:\/\/bruknes.world\/wp-content\/uploads\/2022\/05\/atvirukai-vilniausdangus-postcard-4X5-10.jpg\",\"datePublished\":\"2023-01-20T13:30:53+00:00\",\"dateModified\":\"2023-01-30T15:51:47+00:00\",\"description\":\"sveikinimo atviruk\u0173 rinkinys - kasdienes asociacijas keliantys vaizdai, Vilniaus miestui susiliejant su dangumi. Fotografij\u0173 atvirukai \u012fvairioms progoms\",\"breadcrumb\":{\"@id\":\"https:\/\/bruknes.world\/produktai\/atvirukai\/rinkiniai\/vilniausdangus-atviruku-rinkinys\/#breadcrumb\"},\"inLanguage\":\"en-US\",\"potentialAction\":[{\"@type\":\"ReadAction\",\"target\":[\"https:\/\/bruknes.world\/produktai\/atvirukai\/rinkiniai\/vilniausdangus-atviruku-rinkinys\/\"]}]},{\"@type\":\"ImageObject\",\"inLanguage\":\"en-US\",\"@id\":\"https:\/\/bruknes.world\/produktai\/atvirukai\/rinkiniai\/vilniausdangus-atviruku-rinkinys\/#primaryimage\",\"url\":\"https:\/\/bruknes.world\/wp-content\/uploads\/2022\/05\/atvirukai-vilniausdangus-postcard-4X5-10.jpg\",\"contentUrl\":\"https:\/\/bruknes.world\/wp-content\/uploads\/2022\/05\/atvirukai-vilniausdangus-postcard-4X5-10.jpg\",\"width\":1638,\"height\":2048,\"caption\":\"popieriniai dalykai, sveikinimo atvirukai su Vilniaus vaizdais\"},{\"@type\":\"BreadcrumbList\",\"@id\":\"https:\/\/bruknes.world\/produktai\/atvirukai\/rinkiniai\/vilniausdangus-atviruku-rinkinys\/#breadcrumb\",\"itemListElement\":[{\"@type\":\"ListItem\",\"position\":1,\"name\":\"Home\",\"item\":\"https:\/\/bruknes.world\/\"},{\"@type\":\"ListItem\",\"position\":2,\"name\":\"popieriniai dalykai\",\"item\":\"https:\/\/bruknes.world\/popieriniai-dalykai\/\"},{\"@type\":\"ListItem\",\"position\":3,\"name\":\"atviruk\u0173 rinkinys \u2022 #vilniausdangus\"}]},{\"@type\":\"WebSite\",\"@id\":\"https:\/\/bruknes.world\/#website\",\"url\":\"https:\/\/bruknes.world\/\",\"name\":\"bruknes world\",\"description\":\"\",\"potentialAction\":[{\"@type\":\"SearchAction\",\"target\":{\"@type\":\"EntryPoint\",\"urlTemplate\":\"https:\/\/bruknes.world\/?s={search_term_string}\"},\"query-input\":{\"@type\":\"PropertyValueSpecification\",\"valueRequired\":true,\"valueName\":\"search_term_string\"}}],\"inLanguage\":\"en-US\"}]}<\/script>\n<!-- \/ Yoast SEO plugin. -->","yoast_head_json":{"title":"atviruk\u0173 rinkinys \u2022 #vilniausdangus - bruknes world","description":"sveikinimo atviruk\u0173 rinkinys - kasdienes asociacijas keliantys vaizdai, Vilniaus miestui susiliejant su dangumi. Fotografij\u0173 atvirukai \u012fvairioms progoms","robots":{"index":"index","follow":"follow","max-snippet":"max-snippet:-1","max-image-preview":"max-image-preview:large","max-video-preview":"max-video-preview:-1"},"canonical":"https:\/\/bruknes.world\/en\/produktai\/atvirukai\/rinkiniai\/vilniausdangus-atviruku-rinkinys\/","og_locale":"en_US","og_type":"article","og_title":"atviruk\u0173 rinkinys \u2022 #vilniausdangus - bruknes world","og_description":"sveikinimo atviruk\u0173 rinkinys - kasdienes asociacijas keliantys vaizdai, Vilniaus miestui susiliejant su dangumi. Fotografij\u0173 atvirukai \u012fvairioms progoms","og_url":"https:\/\/bruknes.world\/en\/produktai\/atvirukai\/rinkiniai\/vilniausdangus-atviruku-rinkinys\/","og_site_name":"bruknes world","article_modified_time":"2023-01-30T15:51:47+00:00","og_image":[{"width":1638,"height":2048,"url":"https:\/\/bruknes.world\/wp-content\/uploads\/2022\/05\/atvirukai-vilniausdangus-postcard-4X5-10.jpg","type":"image\/jpeg"}],"twitter_card":"summary_large_image","schema":{"@context":"https:\/\/schema.org","@graph":[{"@type":"WebPage","@id":"https:\/\/bruknes.world\/produktai\/atvirukai\/rinkiniai\/vilniausdangus-atviruku-rinkinys\/","url":"https:\/\/bruknes.world\/produktai\/atvirukai\/rinkiniai\/vilniausdangus-atviruku-rinkinys\/","name":"atviruk\u0173 rinkinys \u2022 #vilniausdangus - bruknes world","isPartOf":{"@id":"https:\/\/bruknes.world\/#website"},"primaryImageOfPage":{"@id":"https:\/\/bruknes.world\/produktai\/atvirukai\/rinkiniai\/vilniausdangus-atviruku-rinkinys\/#primaryimage"},"image":{"@id":"https:\/\/bruknes.world\/produktai\/atvirukai\/rinkiniai\/vilniausdangus-atviruku-rinkinys\/#primaryimage"},"thumbnailUrl":"https:\/\/bruknes.world\/wp-content\/uploads\/2022\/05\/atvirukai-vilniausdangus-postcard-4X5-10.jpg","datePublished":"2023-01-20T13:30:53+00:00","dateModified":"2023-01-30T15:51:47+00:00","description":"sveikinimo atviruk\u0173 rinkinys - kasdienes asociacijas keliantys vaizdai, Vilniaus miestui susiliejant su dangumi. Fotografij\u0173 atvirukai \u012fvairioms progoms","breadcrumb":{"@id":"https:\/\/bruknes.world\/produktai\/atvirukai\/rinkiniai\/vilniausdangus-atviruku-rinkinys\/#breadcrumb"},"inLanguage":"en-US","potentialAction":[{"@type":"ReadAction","target":["https:\/\/bruknes.world\/produktai\/atvirukai\/rinkiniai\/vilniausdangus-atviruku-rinkinys\/"]}]},{"@type":"ImageObject","inLanguage":"en-US","@id":"https:\/\/bruknes.world\/produktai\/atvirukai\/rinkiniai\/vilniausdangus-atviruku-rinkinys\/#primaryimage","url":"https:\/\/bruknes.world\/wp-content\/uploads\/2022\/05\/atvirukai-vilniausdangus-postcard-4X5-10.jpg","contentUrl":"https:\/\/bruknes.world\/wp-content\/uploads\/2022\/05\/atvirukai-vilniausdangus-postcard-4X5-10.jpg","width":1638,"height":2048,"caption":"popieriniai dalykai, sveikinimo atvirukai su Vilniaus vaizdais"},{"@type":"BreadcrumbList","@id":"https:\/\/bruknes.world\/produktai\/atvirukai\/rinkiniai\/vilniausdangus-atviruku-rinkinys\/#breadcrumb","itemListElement":[{"@type":"ListItem","position":1,"name":"Home","item":"https:\/\/bruknes.world\/"},{"@type":"ListItem","position":2,"name":"popieriniai dalykai","item":"https:\/\/bruknes.world\/popieriniai-dalykai\/"},{"@type":"ListItem","position":3,"name":"atviruk\u0173 rinkinys \u2022 #vilniausdangus"}]},{"@type":"WebSite","@id":"https:\/\/bruknes.world\/#website","url":"https:\/\/bruknes.world\/","name":"bruknes world","description":"","potentialAction":[{"@type":"SearchAction","target":{"@type":"EntryPoint","urlTemplate":"https:\/\/bruknes.world\/?s={search_term_string}"},"query-input":{"@type":"PropertyValueSpecification","valueRequired":true,"valueName":"search_term_string"}}],"inLanguage":"en-US"}]}},"_links":{"self":[{"href":"https:\/\/bruknes.world\/en\/wp-json\/wp\/v2\/product\/7290","targetHints":{"allow":["GET"]}}],"collection":[{"href":"https:\/\/bruknes.world\/en\/wp-json\/wp\/v2\/product"}],"about":[{"href":"https:\/\/bruknes.world\/en\/wp-json\/wp\/v2\/types\/product"}],"wp:featuredmedia":[{"embeddable":true,"href":"https:\/\/bruknes.world\/en\/wp-json\/wp\/v2\/media\/7301"}],"wp:attachment":[{"href":"https:\/\/bruknes.world\/en\/wp-json\/wp\/v2\/media?parent=7290"}],"wp:term":[{"taxonomy":"product_brand","embeddable":true,"href":"https:\/\/bruknes.world\/en\/wp-json\/wp\/v2\/product_brand?post=7290"},{"taxonomy":"product_cat","embeddable":true,"href":"https:\/\/bruknes.world\/en\/wp-json\/wp\/v2\/product_cat?post=7290"},{"taxonomy":"product_tag","embeddable":true,"href":"https:\/\/bruknes.world\/en\/wp-json\/wp\/v2\/product_tag?post=7290"}],"curies":[{"name":"wp","href":"https:\/\/api.w.org\/{rel}","templated":true}]}}