{"id":7325,"date":"2022-01-07T13:54:11","date_gmt":"2022-01-07T11:54:11","guid":{"rendered":"https:\/\/bruknes.world\/?post_type=product&#038;p=7325"},"modified":"2025-12-02T00:07:08","modified_gmt":"2025-12-01T22:07:08","slug":"fotografija-kalnai-nr-4","status":"publish","type":"product","link":"https:\/\/bruknes.world\/en\/produktai\/plakatai\/fotografija\/fotografija-kalnai-nr-4\/","title":{"rendered":"plakatas \u2022 kalnai NR.4 \u2022 fotografija"},"content":{"rendered":"","protected":false},"excerpt":{"rendered":"<p>plakatas<\/p>\n<p>&nbsp;<\/p>\n<p>gamtos fotografija, nugulusi ant ypatingo dekoratyvinio popieriaus. Apie mus veikian\u010di\u0105 gamtos j\u0117g\u0105. Apie malonum\u0105, kuris u\u017epl\u016bsta m\u016bs\u0173 k\u016bn\u0105 pasiekus neapr\u0117piamo vaizdo ta\u0161k\u0105 kalnuose. Apie \u017emogaus trapum\u0105 lyginant su gamtos didybe<\/p>\n<p>&#8211; &#8211; &#8211;<br \/>\nspauda ant kokybi\u0161ko tekst\u016brinio (250gsm) popieriaus<br \/>\n&#8211; &#8211; &#8211;<br \/>\ngalimi dyd\u017eiai: 21x30cm | 30x40cm<\/p>\n<p>&#8211; &#8211; &#8211;<br \/>\npaveikslai parduodami be r\u0117m\u0173<\/p>","protected":false},"featured_media":7220,"template":"","meta":[],"product_brand":[],"product_cat":[86,81],"product_tag":[],"class_list":{"0":"post-7325","1":"product","2":"type-product","3":"status-publish","4":"has-post-thumbnail","6":"product_cat-fotografija","7":"product_cat-plakatai","9":"first","10":"instock","11":"shipping-taxable","12":"purchasable","13":"product-type-variable"},"yoast_head":"<!-- This site is optimized with the Yoast SEO plugin v27.2 - https:\/\/yoast.com\/product\/yoast-seo-wordpress\/ -->\n<title>plakatas \u2022 kalnai NR.4 \u2022 fotografija - bruknes world<\/title>\n<meta name=\"description\" content=\"plakatai nam\u0173 ar darbo vietos dekorui, kvie\u010diantys pasivaik\u0161\u010dioto abstrakcij\u0173, kolia\u017ei\u0173 ar fotografijos takais. Plakatai puiki dovana \u012fvairioms progoms\" \/>\n<meta name=\"robots\" content=\"index, follow, max-snippet:-1, max-image-preview:large, max-video-preview:-1\" \/>\n<link rel=\"canonical\" href=\"https:\/\/bruknes.world\/en\/produktai\/plakatai\/fotografija\/fotografija-kalnai-nr-4\/\" \/>\n<meta property=\"og:locale\" content=\"en_US\" \/>\n<meta property=\"og:type\" content=\"article\" \/>\n<meta property=\"og:title\" content=\"plakatas \u2022 kalnai NR.4 \u2022 fotografija - bruknes world\" \/>\n<meta property=\"og:description\" content=\"plakatai nam\u0173 ar darbo vietos dekorui, kvie\u010diantys pasivaik\u0161\u010dioto abstrakcij\u0173, kolia\u017ei\u0173 ar fotografijos takais. Plakatai puiki dovana \u012fvairioms progoms\" \/>\n<meta property=\"og:url\" content=\"https:\/\/bruknes.world\/en\/produktai\/plakatai\/fotografija\/fotografija-kalnai-nr-4\/\" \/>\n<meta property=\"og:site_name\" content=\"bruknes world\" \/>\n<meta property=\"article:modified_time\" content=\"2025-12-01T22:07:08+00:00\" \/>\n<meta property=\"og:image\" content=\"https:\/\/bruknes.world\/wp-content\/uploads\/2022\/05\/poster-kalnai-4X5-3.jpg\" \/>\n\t<meta property=\"og:image:width\" content=\"1638\" \/>\n\t<meta property=\"og:image:height\" content=\"2048\" \/>\n\t<meta property=\"og:image:type\" content=\"image\/jpeg\" \/>\n<meta name=\"twitter:card\" content=\"summary_large_image\" \/>\n<meta name=\"twitter:label1\" content=\"Est. reading time\" \/>\n\t<meta name=\"twitter:data1\" content=\"1 minute\" \/>\n<script type=\"application\/ld+json\" class=\"yoast-schema-graph\">{\"@context\":\"https:\/\/schema.org\",\"@graph\":[{\"@type\":\"WebPage\",\"@id\":\"https:\/\/bruknes.world\/produktai\/plakatai\/fotografija\/fotografija-kalnai-nr-4\/\",\"url\":\"https:\/\/bruknes.world\/produktai\/plakatai\/fotografija\/fotografija-kalnai-nr-4\/\",\"name\":\"plakatas \u2022 kalnai NR.4 \u2022 fotografija - bruknes world\",\"isPartOf\":{\"@id\":\"https:\/\/bruknes.world\/#website\"},\"primaryImageOfPage\":{\"@id\":\"https:\/\/bruknes.world\/produktai\/plakatai\/fotografija\/fotografija-kalnai-nr-4\/#primaryimage\"},\"image\":{\"@id\":\"https:\/\/bruknes.world\/produktai\/plakatai\/fotografija\/fotografija-kalnai-nr-4\/#primaryimage\"},\"thumbnailUrl\":\"https:\/\/bruknes.world\/wp-content\/uploads\/2022\/05\/poster-kalnai-4X5-3.jpg\",\"datePublished\":\"2022-01-07T11:54:11+00:00\",\"dateModified\":\"2025-12-01T22:07:08+00:00\",\"description\":\"plakatai nam\u0173 ar darbo vietos dekorui, kvie\u010diantys pasivaik\u0161\u010dioto abstrakcij\u0173, kolia\u017ei\u0173 ar fotografijos takais. Plakatai puiki dovana \u012fvairioms progoms\",\"breadcrumb\":{\"@id\":\"https:\/\/bruknes.world\/produktai\/plakatai\/fotografija\/fotografija-kalnai-nr-4\/#breadcrumb\"},\"inLanguage\":\"en-US\",\"potentialAction\":[{\"@type\":\"ReadAction\",\"target\":[\"https:\/\/bruknes.world\/produktai\/plakatai\/fotografija\/fotografija-kalnai-nr-4\/\"]}]},{\"@type\":\"ImageObject\",\"inLanguage\":\"en-US\",\"@id\":\"https:\/\/bruknes.world\/produktai\/plakatai\/fotografija\/fotografija-kalnai-nr-4\/#primaryimage\",\"url\":\"https:\/\/bruknes.world\/wp-content\/uploads\/2022\/05\/poster-kalnai-4X5-3.jpg\",\"contentUrl\":\"https:\/\/bruknes.world\/wp-content\/uploads\/2022\/05\/poster-kalnai-4X5-3.jpg\",\"width\":1638,\"height\":2048,\"caption\":\"popieriniai dalykai, fotografijos printai namu ar darbo vietos dekorui\"},{\"@type\":\"BreadcrumbList\",\"@id\":\"https:\/\/bruknes.world\/produktai\/plakatai\/fotografija\/fotografija-kalnai-nr-4\/#breadcrumb\",\"itemListElement\":[{\"@type\":\"ListItem\",\"position\":1,\"name\":\"Home\",\"item\":\"https:\/\/bruknes.world\/\"},{\"@type\":\"ListItem\",\"position\":2,\"name\":\"popieriniai dalykai\",\"item\":\"https:\/\/bruknes.world\/popieriniai-dalykai\/\"},{\"@type\":\"ListItem\",\"position\":3,\"name\":\"plakatas \u2022 kalnai NR.4 \u2022 fotografija\"}]},{\"@type\":\"WebSite\",\"@id\":\"https:\/\/bruknes.world\/#website\",\"url\":\"https:\/\/bruknes.world\/\",\"name\":\"bruknes world\",\"description\":\"\",\"potentialAction\":[{\"@type\":\"SearchAction\",\"target\":{\"@type\":\"EntryPoint\",\"urlTemplate\":\"https:\/\/bruknes.world\/?s={search_term_string}\"},\"query-input\":{\"@type\":\"PropertyValueSpecification\",\"valueRequired\":true,\"valueName\":\"search_term_string\"}}],\"inLanguage\":\"en-US\"}]}<\/script>\n<!-- \/ Yoast SEO plugin. -->","yoast_head_json":{"title":"plakatas \u2022 kalnai NR.4 \u2022 fotografija - bruknes world","description":"plakatai nam\u0173 ar darbo vietos dekorui, kvie\u010diantys pasivaik\u0161\u010dioto abstrakcij\u0173, kolia\u017ei\u0173 ar fotografijos takais. Plakatai puiki dovana \u012fvairioms progoms","robots":{"index":"index","follow":"follow","max-snippet":"max-snippet:-1","max-image-preview":"max-image-preview:large","max-video-preview":"max-video-preview:-1"},"canonical":"https:\/\/bruknes.world\/en\/produktai\/plakatai\/fotografija\/fotografija-kalnai-nr-4\/","og_locale":"en_US","og_type":"article","og_title":"plakatas \u2022 kalnai NR.4 \u2022 fotografija - bruknes world","og_description":"plakatai nam\u0173 ar darbo vietos dekorui, kvie\u010diantys pasivaik\u0161\u010dioto abstrakcij\u0173, kolia\u017ei\u0173 ar fotografijos takais. Plakatai puiki dovana \u012fvairioms progoms","og_url":"https:\/\/bruknes.world\/en\/produktai\/plakatai\/fotografija\/fotografija-kalnai-nr-4\/","og_site_name":"bruknes world","article_modified_time":"2025-12-01T22:07:08+00:00","og_image":[{"width":1638,"height":2048,"url":"https:\/\/bruknes.world\/wp-content\/uploads\/2022\/05\/poster-kalnai-4X5-3.jpg","type":"image\/jpeg"}],"twitter_card":"summary_large_image","twitter_misc":{"Est. reading time":"1 minute"},"schema":{"@context":"https:\/\/schema.org","@graph":[{"@type":"WebPage","@id":"https:\/\/bruknes.world\/produktai\/plakatai\/fotografija\/fotografija-kalnai-nr-4\/","url":"https:\/\/bruknes.world\/produktai\/plakatai\/fotografija\/fotografija-kalnai-nr-4\/","name":"plakatas \u2022 kalnai NR.4 \u2022 fotografija - bruknes world","isPartOf":{"@id":"https:\/\/bruknes.world\/#website"},"primaryImageOfPage":{"@id":"https:\/\/bruknes.world\/produktai\/plakatai\/fotografija\/fotografija-kalnai-nr-4\/#primaryimage"},"image":{"@id":"https:\/\/bruknes.world\/produktai\/plakatai\/fotografija\/fotografija-kalnai-nr-4\/#primaryimage"},"thumbnailUrl":"https:\/\/bruknes.world\/wp-content\/uploads\/2022\/05\/poster-kalnai-4X5-3.jpg","datePublished":"2022-01-07T11:54:11+00:00","dateModified":"2025-12-01T22:07:08+00:00","description":"plakatai nam\u0173 ar darbo vietos dekorui, kvie\u010diantys pasivaik\u0161\u010dioto abstrakcij\u0173, kolia\u017ei\u0173 ar fotografijos takais. Plakatai puiki dovana \u012fvairioms progoms","breadcrumb":{"@id":"https:\/\/bruknes.world\/produktai\/plakatai\/fotografija\/fotografija-kalnai-nr-4\/#breadcrumb"},"inLanguage":"en-US","potentialAction":[{"@type":"ReadAction","target":["https:\/\/bruknes.world\/produktai\/plakatai\/fotografija\/fotografija-kalnai-nr-4\/"]}]},{"@type":"ImageObject","inLanguage":"en-US","@id":"https:\/\/bruknes.world\/produktai\/plakatai\/fotografija\/fotografija-kalnai-nr-4\/#primaryimage","url":"https:\/\/bruknes.world\/wp-content\/uploads\/2022\/05\/poster-kalnai-4X5-3.jpg","contentUrl":"https:\/\/bruknes.world\/wp-content\/uploads\/2022\/05\/poster-kalnai-4X5-3.jpg","width":1638,"height":2048,"caption":"popieriniai dalykai, fotografijos printai namu ar darbo vietos dekorui"},{"@type":"BreadcrumbList","@id":"https:\/\/bruknes.world\/produktai\/plakatai\/fotografija\/fotografija-kalnai-nr-4\/#breadcrumb","itemListElement":[{"@type":"ListItem","position":1,"name":"Home","item":"https:\/\/bruknes.world\/"},{"@type":"ListItem","position":2,"name":"popieriniai dalykai","item":"https:\/\/bruknes.world\/popieriniai-dalykai\/"},{"@type":"ListItem","position":3,"name":"plakatas \u2022 kalnai NR.4 \u2022 fotografija"}]},{"@type":"WebSite","@id":"https:\/\/bruknes.world\/#website","url":"https:\/\/bruknes.world\/","name":"bruknes world","description":"","potentialAction":[{"@type":"SearchAction","target":{"@type":"EntryPoint","urlTemplate":"https:\/\/bruknes.world\/?s={search_term_string}"},"query-input":{"@type":"PropertyValueSpecification","valueRequired":true,"valueName":"search_term_string"}}],"inLanguage":"en-US"}]}},"_links":{"self":[{"href":"https:\/\/bruknes.world\/en\/wp-json\/wp\/v2\/product\/7325","targetHints":{"allow":["GET"]}}],"collection":[{"href":"https:\/\/bruknes.world\/en\/wp-json\/wp\/v2\/product"}],"about":[{"href":"https:\/\/bruknes.world\/en\/wp-json\/wp\/v2\/types\/product"}],"wp:featuredmedia":[{"embeddable":true,"href":"https:\/\/bruknes.world\/en\/wp-json\/wp\/v2\/media\/7220"}],"wp:attachment":[{"href":"https:\/\/bruknes.world\/en\/wp-json\/wp\/v2\/media?parent=7325"}],"wp:term":[{"taxonomy":"product_brand","embeddable":true,"href":"https:\/\/bruknes.world\/en\/wp-json\/wp\/v2\/product_brand?post=7325"},{"taxonomy":"product_cat","embeddable":true,"href":"https:\/\/bruknes.world\/en\/wp-json\/wp\/v2\/product_cat?post=7325"},{"taxonomy":"product_tag","embeddable":true,"href":"https:\/\/bruknes.world\/en\/wp-json\/wp\/v2\/product_tag?post=7325"}],"curies":[{"name":"wp","href":"https:\/\/api.w.org\/{rel}","templated":true}]}}