{"id":7986,"date":"2023-11-02T18:35:04","date_gmt":"2023-11-02T16:35:04","guid":{"rendered":"https:\/\/bruknes.world\/?post_type=product&#038;p=7986"},"modified":"2026-03-15T18:28:58","modified_gmt":"2026-03-15T16:28:58","slug":"vestuviu-kvietimai-saules-juokas","status":"publish","type":"product","link":"https:\/\/bruknes.world\/en\/produktai\/kvietimai\/botaniniai\/vestuviu-kvietimai-saules-juokas\/","title":{"rendered":"saul\u0117s juokas \u2022 kvietimai"},"content":{"rendered":"<p><strong>kain\u0105 sudaro:<\/strong><\/p>\n<p>dizaino ir maketavimo darbai + kvietimo gamybos kaina + voko kaina<\/p>\n<p>&#8211; kvietimo gamybos kaina 4,60 eur\/vnt<br \/>\n&#8211; vokas 1,80 eur\/vnt<\/p>\n<p>&#8211; dizaino adaptavimo darbai 60 eur<br \/>\n* kvietimo pagal j\u016bs\u0173 tekst\u0105 maketavimo darbai viena kalba<br \/>\n* galimi dizaino pakeitimai derantys prie pasirinkto dizaino: spalvos, popierius ir\u00a0 papildomos detal\u0117s (va\u0161ko antspaudai, kutai ir t.t.)<\/p>\n<p>&#8211; papildoma kalba + 12 eur<br \/>\n&#8211; kvietimai su kreipiniais + 18 eur<\/p>","protected":false},"excerpt":{"rendered":"<p>ry\u0161k\u016bs ir gaiv\u016bs, nat\u016bralumu spinduliuojantys vestuvi\u0173 kvietimai bohemi\u0161kai \u0161ventei gamtos apsuptyje. Vos atidarius saul\u0117t\u0105 vok\u0105 pasitinka smulki \u017eied\u0173 j\u016bra, o pro kalkin\u012f kvietimo kortel\u0117s apgaubim\u0105 \u0161m\u0117\u017euoja \u0161vent\u0117s informacija<br \/>\n&#8211; &#8211; &#8211;<br \/>\nkvietimas + vokas<\/p>\n<p>vienpus\u0117 vestuvinio kvietimo kortel\u0117, apgaubta kalkiniu popieriumi su smulkiomis g\u0117li\u0173 iliustracijomis, dedama \u012f dekoratyvin\u012f vok\u0105 su ra\u0161tuota \u012fklija<br \/>\n&#8211; &#8211; &#8211;<br \/>\ndydis: 12&#215;16,5cm<br \/>\ndekoratyvinis vokas su \u012fklija: 12,5&#215;17,5cm<\/p>\n<p>&nbsp;<\/p>\n<p>minimalus u\u017esakymo kiekis\u00a0 15 vnt.<br \/>\nu\u017esakymo \u012fgyvendinimo trukm\u0117\u00a0 10 d.d.<\/p>\n<p>m\u016bs\u0173 rekomendacijas, vestuvi\u0173 kvietimo teksto k\u016brimui, <a href=\"https:\/\/bruknes.world\/en\/vestuviniu-kvietimu-teksto-kurimas\/\">rasite \u010dia<\/a><\/p>","protected":false},"featured_media":7922,"template":"","meta":[],"product_brand":[],"product_cat":[59,54,58,41,57],"product_tag":[55,45],"class_list":{"0":"post-7986","1":"product","2":"type-product","3":"status-publish","4":"has-post-thumbnail","6":"product_cat-bohemiski","7":"product_cat-botaniniai","8":"product_cat-iliustruoti","9":"product_cat-kvietimai","10":"product_cat-meniski","11":"product_tag-forma","12":"product_tag-forma1","13":"product_shipping_class-siuntimas","15":"first","16":"instock","17":"shipping-taxable","18":"product-type-simple"},"yoast_head":"<!-- This site is optimized with the Yoast SEO plugin v27.2 - https:\/\/yoast.com\/product\/yoast-seo-wordpress\/ -->\n<title>saul\u0117s juokas \u2022 kvietimai - bruknes world<\/title>\n<meta name=\"description\" content=\"VESTUVI\u0172 KVIETIMAI | ELEKTRONINIAI ir POPIERINIAI - modern\u016bs, minimalistiniai, eleganti\u0161ki, romanti\u0161ki, netradiciniai ir bohemi\u0161ki kvietimai \u012f vestuves\" \/>\n<meta name=\"robots\" content=\"index, follow, max-snippet:-1, max-image-preview:large, max-video-preview:-1\" \/>\n<link rel=\"canonical\" href=\"https:\/\/bruknes.world\/en\/produktai\/kvietimai\/botaniniai\/vestuviu-kvietimai-saules-juokas\/\" \/>\n<meta property=\"og:locale\" content=\"en_US\" \/>\n<meta property=\"og:type\" content=\"article\" \/>\n<meta property=\"og:title\" content=\"saul\u0117s juokas \u2022 kvietimai - bruknes world\" \/>\n<meta property=\"og:description\" content=\"VESTUVI\u0172 KVIETIMAI | ELEKTRONINIAI ir POPIERINIAI - modern\u016bs, minimalistiniai, eleganti\u0161ki, romanti\u0161ki, netradiciniai ir bohemi\u0161ki kvietimai \u012f vestuves\" \/>\n<meta property=\"og:url\" content=\"https:\/\/bruknes.world\/en\/produktai\/kvietimai\/botaniniai\/vestuviu-kvietimai-saules-juokas\/\" \/>\n<meta property=\"og:site_name\" content=\"bruknes world\" \/>\n<meta property=\"article:modified_time\" content=\"2026-03-15T16:28:58+00:00\" \/>\n<meta property=\"og:image\" content=\"https:\/\/bruknes.world\/wp-content\/uploads\/2022\/11\/vestuviu-kvietimai-Saules-juokas-bruknesworld-6249.jpg\" \/>\n\t<meta property=\"og:image:width\" content=\"1600\" \/>\n\t<meta property=\"og:image:height\" content=\"2000\" \/>\n\t<meta property=\"og:image:type\" content=\"image\/jpeg\" \/>\n<meta name=\"twitter:card\" content=\"summary_large_image\" \/>\n<meta name=\"twitter:label1\" content=\"Est. reading time\" \/>\n\t<meta name=\"twitter:data1\" content=\"1 minute\" \/>\n<script type=\"application\/ld+json\" class=\"yoast-schema-graph\">{\"@context\":\"https:\/\/schema.org\",\"@graph\":[{\"@type\":\"WebPage\",\"@id\":\"https:\/\/bruknes.world\/produktai\/kvietimai\/botaniniai\/vestuviu-kvietimai-saules-juokas\/\",\"url\":\"https:\/\/bruknes.world\/produktai\/kvietimai\/botaniniai\/vestuviu-kvietimai-saules-juokas\/\",\"name\":\"saul\u0117s juokas \u2022 kvietimai - bruknes world\",\"isPartOf\":{\"@id\":\"https:\/\/bruknes.world\/#website\"},\"primaryImageOfPage\":{\"@id\":\"https:\/\/bruknes.world\/produktai\/kvietimai\/botaniniai\/vestuviu-kvietimai-saules-juokas\/#primaryimage\"},\"image\":{\"@id\":\"https:\/\/bruknes.world\/produktai\/kvietimai\/botaniniai\/vestuviu-kvietimai-saules-juokas\/#primaryimage\"},\"thumbnailUrl\":\"https:\/\/bruknes.world\/wp-content\/uploads\/2022\/11\/vestuviu-kvietimai-Saules-juokas-bruknesworld-6249.jpg\",\"datePublished\":\"2023-11-02T16:35:04+00:00\",\"dateModified\":\"2026-03-15T16:28:58+00:00\",\"description\":\"VESTUVI\u0172 KVIETIMAI | ELEKTRONINIAI ir POPIERINIAI - modern\u016bs, minimalistiniai, eleganti\u0161ki, romanti\u0161ki, netradiciniai ir bohemi\u0161ki kvietimai \u012f vestuves\",\"breadcrumb\":{\"@id\":\"https:\/\/bruknes.world\/produktai\/kvietimai\/botaniniai\/vestuviu-kvietimai-saules-juokas\/#breadcrumb\"},\"inLanguage\":\"en-US\",\"potentialAction\":[{\"@type\":\"ReadAction\",\"target\":[\"https:\/\/bruknes.world\/produktai\/kvietimai\/botaniniai\/vestuviu-kvietimai-saules-juokas\/\"]}]},{\"@type\":\"ImageObject\",\"inLanguage\":\"en-US\",\"@id\":\"https:\/\/bruknes.world\/produktai\/kvietimai\/botaniniai\/vestuviu-kvietimai-saules-juokas\/#primaryimage\",\"url\":\"https:\/\/bruknes.world\/wp-content\/uploads\/2022\/11\/vestuviu-kvietimai-Saules-juokas-bruknesworld-6249.jpg\",\"contentUrl\":\"https:\/\/bruknes.world\/wp-content\/uploads\/2022\/11\/vestuviu-kvietimai-Saules-juokas-bruknesworld-6249.jpg\",\"width\":1600,\"height\":2000,\"caption\":\"vestuviniai kvietimai botaniniai meni\u0161ki iliustruoti bohemi\u0161ki eleganti\u0161ki\"},{\"@type\":\"BreadcrumbList\",\"@id\":\"https:\/\/bruknes.world\/produktai\/kvietimai\/botaniniai\/vestuviu-kvietimai-saules-juokas\/#breadcrumb\",\"itemListElement\":[{\"@type\":\"ListItem\",\"position\":1,\"name\":\"Home\",\"item\":\"https:\/\/bruknes.world\/\"},{\"@type\":\"ListItem\",\"position\":2,\"name\":\"popieriniai dalykai\",\"item\":\"https:\/\/bruknes.world\/popieriniai-dalykai\/\"},{\"@type\":\"ListItem\",\"position\":3,\"name\":\"saul\u0117s juokas \u2022 kvietimai\"}]},{\"@type\":\"WebSite\",\"@id\":\"https:\/\/bruknes.world\/#website\",\"url\":\"https:\/\/bruknes.world\/\",\"name\":\"bruknes world\",\"description\":\"\",\"potentialAction\":[{\"@type\":\"SearchAction\",\"target\":{\"@type\":\"EntryPoint\",\"urlTemplate\":\"https:\/\/bruknes.world\/?s={search_term_string}\"},\"query-input\":{\"@type\":\"PropertyValueSpecification\",\"valueRequired\":true,\"valueName\":\"search_term_string\"}}],\"inLanguage\":\"en-US\"}]}<\/script>\n<!-- \/ Yoast SEO plugin. -->","yoast_head_json":{"title":"saul\u0117s juokas \u2022 kvietimai - bruknes world","description":"VESTUVI\u0172 KVIETIMAI | ELEKTRONINIAI ir POPIERINIAI - modern\u016bs, minimalistiniai, eleganti\u0161ki, romanti\u0161ki, netradiciniai ir bohemi\u0161ki kvietimai \u012f vestuves","robots":{"index":"index","follow":"follow","max-snippet":"max-snippet:-1","max-image-preview":"max-image-preview:large","max-video-preview":"max-video-preview:-1"},"canonical":"https:\/\/bruknes.world\/en\/produktai\/kvietimai\/botaniniai\/vestuviu-kvietimai-saules-juokas\/","og_locale":"en_US","og_type":"article","og_title":"saul\u0117s juokas \u2022 kvietimai - bruknes world","og_description":"VESTUVI\u0172 KVIETIMAI | ELEKTRONINIAI ir POPIERINIAI - modern\u016bs, minimalistiniai, eleganti\u0161ki, romanti\u0161ki, netradiciniai ir bohemi\u0161ki kvietimai \u012f vestuves","og_url":"https:\/\/bruknes.world\/en\/produktai\/kvietimai\/botaniniai\/vestuviu-kvietimai-saules-juokas\/","og_site_name":"bruknes world","article_modified_time":"2026-03-15T16:28:58+00:00","og_image":[{"width":1600,"height":2000,"url":"https:\/\/bruknes.world\/wp-content\/uploads\/2022\/11\/vestuviu-kvietimai-Saules-juokas-bruknesworld-6249.jpg","type":"image\/jpeg"}],"twitter_card":"summary_large_image","twitter_misc":{"Est. reading time":"1 minute"},"schema":{"@context":"https:\/\/schema.org","@graph":[{"@type":"WebPage","@id":"https:\/\/bruknes.world\/produktai\/kvietimai\/botaniniai\/vestuviu-kvietimai-saules-juokas\/","url":"https:\/\/bruknes.world\/produktai\/kvietimai\/botaniniai\/vestuviu-kvietimai-saules-juokas\/","name":"saul\u0117s juokas \u2022 kvietimai - bruknes world","isPartOf":{"@id":"https:\/\/bruknes.world\/#website"},"primaryImageOfPage":{"@id":"https:\/\/bruknes.world\/produktai\/kvietimai\/botaniniai\/vestuviu-kvietimai-saules-juokas\/#primaryimage"},"image":{"@id":"https:\/\/bruknes.world\/produktai\/kvietimai\/botaniniai\/vestuviu-kvietimai-saules-juokas\/#primaryimage"},"thumbnailUrl":"https:\/\/bruknes.world\/wp-content\/uploads\/2022\/11\/vestuviu-kvietimai-Saules-juokas-bruknesworld-6249.jpg","datePublished":"2023-11-02T16:35:04+00:00","dateModified":"2026-03-15T16:28:58+00:00","description":"VESTUVI\u0172 KVIETIMAI | ELEKTRONINIAI ir POPIERINIAI - modern\u016bs, minimalistiniai, eleganti\u0161ki, romanti\u0161ki, netradiciniai ir bohemi\u0161ki kvietimai \u012f vestuves","breadcrumb":{"@id":"https:\/\/bruknes.world\/produktai\/kvietimai\/botaniniai\/vestuviu-kvietimai-saules-juokas\/#breadcrumb"},"inLanguage":"en-US","potentialAction":[{"@type":"ReadAction","target":["https:\/\/bruknes.world\/produktai\/kvietimai\/botaniniai\/vestuviu-kvietimai-saules-juokas\/"]}]},{"@type":"ImageObject","inLanguage":"en-US","@id":"https:\/\/bruknes.world\/produktai\/kvietimai\/botaniniai\/vestuviu-kvietimai-saules-juokas\/#primaryimage","url":"https:\/\/bruknes.world\/wp-content\/uploads\/2022\/11\/vestuviu-kvietimai-Saules-juokas-bruknesworld-6249.jpg","contentUrl":"https:\/\/bruknes.world\/wp-content\/uploads\/2022\/11\/vestuviu-kvietimai-Saules-juokas-bruknesworld-6249.jpg","width":1600,"height":2000,"caption":"vestuviniai kvietimai botaniniai meni\u0161ki iliustruoti bohemi\u0161ki eleganti\u0161ki"},{"@type":"BreadcrumbList","@id":"https:\/\/bruknes.world\/produktai\/kvietimai\/botaniniai\/vestuviu-kvietimai-saules-juokas\/#breadcrumb","itemListElement":[{"@type":"ListItem","position":1,"name":"Home","item":"https:\/\/bruknes.world\/"},{"@type":"ListItem","position":2,"name":"popieriniai dalykai","item":"https:\/\/bruknes.world\/popieriniai-dalykai\/"},{"@type":"ListItem","position":3,"name":"saul\u0117s juokas \u2022 kvietimai"}]},{"@type":"WebSite","@id":"https:\/\/bruknes.world\/#website","url":"https:\/\/bruknes.world\/","name":"bruknes world","description":"","potentialAction":[{"@type":"SearchAction","target":{"@type":"EntryPoint","urlTemplate":"https:\/\/bruknes.world\/?s={search_term_string}"},"query-input":{"@type":"PropertyValueSpecification","valueRequired":true,"valueName":"search_term_string"}}],"inLanguage":"en-US"}]}},"_links":{"self":[{"href":"https:\/\/bruknes.world\/en\/wp-json\/wp\/v2\/product\/7986","targetHints":{"allow":["GET"]}}],"collection":[{"href":"https:\/\/bruknes.world\/en\/wp-json\/wp\/v2\/product"}],"about":[{"href":"https:\/\/bruknes.world\/en\/wp-json\/wp\/v2\/types\/product"}],"wp:featuredmedia":[{"embeddable":true,"href":"https:\/\/bruknes.world\/en\/wp-json\/wp\/v2\/media\/7922"}],"wp:attachment":[{"href":"https:\/\/bruknes.world\/en\/wp-json\/wp\/v2\/media?parent=7986"}],"wp:term":[{"taxonomy":"product_brand","embeddable":true,"href":"https:\/\/bruknes.world\/en\/wp-json\/wp\/v2\/product_brand?post=7986"},{"taxonomy":"product_cat","embeddable":true,"href":"https:\/\/bruknes.world\/en\/wp-json\/wp\/v2\/product_cat?post=7986"},{"taxonomy":"product_tag","embeddable":true,"href":"https:\/\/bruknes.world\/en\/wp-json\/wp\/v2\/product_tag?post=7986"}],"curies":[{"name":"wp","href":"https:\/\/api.w.org\/{rel}","templated":true}]}}