{"id":8127,"date":"2023-10-20T18:40:15","date_gmt":"2023-10-20T15:40:15","guid":{"rendered":"https:\/\/bruknes.world\/?post_type=product&#038;p=8127"},"modified":"2025-11-02T10:04:40","modified_gmt":"2025-11-02T08:04:40","slug":"sieninis-kalendorius-2026-kakava","status":"publish","type":"product","link":"https:\/\/bruknes.world\/en\/produktai\/kalendoriai\/sieniniai\/sieninis-kalendorius-2026-kakava\/","title":{"rendered":"sieninis kalendorius 2026 \u2022 kakava"},"content":{"rendered":"","protected":false},"excerpt":{"rendered":"<p>kalendorius ypatingam dien\u0173 planavimui<\/p>\n<p>&nbsp;<\/p>\n<p>2026 met\u0173 sieninis kalendorius darb\u0173 planavimui. Minimalistinio dizaino kalendorius 2026 metams gim\u0119s i\u0161 praktikos m\u016bs\u0173 studijoje planuojant ir strukt\u016bruojant darbus pla\u010diame met\u0173 kontekste<\/p>\n<p>\u2022 kviekviena diena turi laukel\u012f darbams u\u017era\u0161yti<br \/>\n\u2022 kiekvienas m\u0117nuo turi papildomas eilutes svarbiems m\u0117nesio momentams pasi\u017eym\u0117ti<br \/>\n\u2022 kiekvienas met\u0173 ketvirtis turi papildom\u0105 lap\u0105 sezono svarbiausiems akcentams u\u017efiksuoti<br \/>\n\u2022 pasibaigus metams medin\u012f r\u0117mel\u012f galite panaudoti printo ar nuotraukos pakabinimui savo nam\u0173 paveiksl\u0173 galerijoje<br \/>\n\u2022 vir\u0161elis &#8211; minimalistinio spalvini\u0173 per\u0117jim\u0173 dizaino, tad j\u012f dr\u0105siai galite kirpti, perlenkti ir k\u016brybi\u0161kai panaudoti sukurdami sveikinimo atviruk\u0105 ar kelis<\/p>\n<p>&nbsp;<\/p>\n<p>\u2013 medinis kalendoriaus lap\u0173 laikiklis<br \/>\n\u2013 12 m\u0117nesi\u0173 lap\u0173 su kakavos spalvos fonu<br \/>\n(dydis 32 cm x 45 cm)<br \/>\n\u2013 4 sezon\u0173 lapai planavimui (pavasaris, vasara, ruduo, \u017eiema)<br \/>\n\u2013 200 g matinis, auk\u0161tos kokyb\u0117s popierius<br \/>\n\u2013 pakuot\u0117 \u2013 ruda kartonin\u0117 d\u0117\u017eut\u0117<br \/>\n\u2013 pagaminta su meile m\u016bs\u0173 studijoje<\/p>","protected":false},"featured_media":8134,"template":"","meta":[],"product_brand":[],"product_cat":[84,117],"product_tag":[],"class_list":{"0":"post-8127","1":"product","2":"type-product","3":"status-publish","4":"has-post-thumbnail","6":"product_cat-kalendoriai","7":"product_cat-sieniniai","9":"first","10":"instock","11":"shipping-taxable","12":"purchasable","13":"product-type-variable"},"yoast_head":"<!-- This site is optimized with the Yoast SEO plugin v27.2 - https:\/\/yoast.com\/product\/yoast-seo-wordpress\/ -->\n<title>sieninis kalendorius 2026 \u2022 kakava - bruknes world<\/title>\n<meta name=\"description\" content=\"Sieninis kalendorius 2026 met\u0173 darb\u0173 planavimui. Minimalistinio dizaino kalendorius gim\u0119s i\u0161 praktikos planuojant ir strukt\u016bruojant darbus.\" \/>\n<meta name=\"robots\" content=\"index, follow, max-snippet:-1, max-image-preview:large, max-video-preview:-1\" \/>\n<link rel=\"canonical\" href=\"https:\/\/bruknes.world\/en\/produktai\/kalendoriai\/sieniniai\/sieninis-kalendorius-2026-kakava\/\" \/>\n<meta property=\"og:locale\" content=\"en_US\" \/>\n<meta property=\"og:type\" content=\"article\" \/>\n<meta property=\"og:title\" content=\"sieninis kalendorius 2026 \u2022 kakava - bruknes world\" \/>\n<meta property=\"og:description\" content=\"Sieninis kalendorius 2026 met\u0173 darb\u0173 planavimui. Minimalistinio dizaino kalendorius gim\u0119s i\u0161 praktikos planuojant ir strukt\u016bruojant darbus.\" \/>\n<meta property=\"og:url\" content=\"https:\/\/bruknes.world\/en\/produktai\/kalendoriai\/sieniniai\/sieninis-kalendorius-2026-kakava\/\" \/>\n<meta property=\"og:site_name\" content=\"bruknes world\" \/>\n<meta property=\"article:modified_time\" content=\"2025-11-02T08:04:40+00:00\" \/>\n<meta property=\"og:image\" content=\"https:\/\/bruknes.world\/wp-content\/uploads\/2022\/11\/sieninis-kalendorius-bruknesworld-5885.jpg\" \/>\n\t<meta property=\"og:image:width\" content=\"1333\" \/>\n\t<meta property=\"og:image:height\" content=\"2000\" \/>\n\t<meta property=\"og:image:type\" content=\"image\/jpeg\" \/>\n<meta name=\"twitter:card\" content=\"summary_large_image\" \/>\n<meta name=\"twitter:label1\" content=\"Est. reading time\" \/>\n\t<meta name=\"twitter:data1\" content=\"1 minute\" \/>\n<script type=\"application\/ld+json\" class=\"yoast-schema-graph\">{\"@context\":\"https:\/\/schema.org\",\"@graph\":[{\"@type\":\"WebPage\",\"@id\":\"https:\/\/bruknes.world\/produktai\/kalendoriai\/sieniniai\/sieninis-kalendorius-2026-kakava\/\",\"url\":\"https:\/\/bruknes.world\/produktai\/kalendoriai\/sieniniai\/sieninis-kalendorius-2026-kakava\/\",\"name\":\"sieninis kalendorius 2026 \u2022 kakava - bruknes world\",\"isPartOf\":{\"@id\":\"https:\/\/bruknes.world\/#website\"},\"primaryImageOfPage\":{\"@id\":\"https:\/\/bruknes.world\/produktai\/kalendoriai\/sieniniai\/sieninis-kalendorius-2026-kakava\/#primaryimage\"},\"image\":{\"@id\":\"https:\/\/bruknes.world\/produktai\/kalendoriai\/sieniniai\/sieninis-kalendorius-2026-kakava\/#primaryimage\"},\"thumbnailUrl\":\"https:\/\/bruknes.world\/wp-content\/uploads\/2022\/11\/sieninis-kalendorius-bruknesworld-5885.jpg\",\"datePublished\":\"2023-10-20T15:40:15+00:00\",\"dateModified\":\"2025-11-02T08:04:40+00:00\",\"description\":\"Sieninis kalendorius 2026 met\u0173 darb\u0173 planavimui. Minimalistinio dizaino kalendorius gim\u0119s i\u0161 praktikos planuojant ir strukt\u016bruojant darbus.\",\"breadcrumb\":{\"@id\":\"https:\/\/bruknes.world\/produktai\/kalendoriai\/sieniniai\/sieninis-kalendorius-2026-kakava\/#breadcrumb\"},\"inLanguage\":\"en-US\",\"potentialAction\":[{\"@type\":\"ReadAction\",\"target\":[\"https:\/\/bruknes.world\/produktai\/kalendoriai\/sieniniai\/sieninis-kalendorius-2026-kakava\/\"]}]},{\"@type\":\"ImageObject\",\"inLanguage\":\"en-US\",\"@id\":\"https:\/\/bruknes.world\/produktai\/kalendoriai\/sieniniai\/sieninis-kalendorius-2026-kakava\/#primaryimage\",\"url\":\"https:\/\/bruknes.world\/wp-content\/uploads\/2022\/11\/sieninis-kalendorius-bruknesworld-5885.jpg\",\"contentUrl\":\"https:\/\/bruknes.world\/wp-content\/uploads\/2022\/11\/sieninis-kalendorius-bruknesworld-5885.jpg\",\"width\":1333,\"height\":2000,\"caption\":\"sieninis kalendorius su mediniu laikikliu\"},{\"@type\":\"BreadcrumbList\",\"@id\":\"https:\/\/bruknes.world\/produktai\/kalendoriai\/sieniniai\/sieninis-kalendorius-2026-kakava\/#breadcrumb\",\"itemListElement\":[{\"@type\":\"ListItem\",\"position\":1,\"name\":\"Home\",\"item\":\"https:\/\/bruknes.world\/\"},{\"@type\":\"ListItem\",\"position\":2,\"name\":\"popieriniai dalykai\",\"item\":\"https:\/\/bruknes.world\/popieriniai-dalykai\/\"},{\"@type\":\"ListItem\",\"position\":3,\"name\":\"sieninis kalendorius 2026 \u2022 kakava\"}]},{\"@type\":\"WebSite\",\"@id\":\"https:\/\/bruknes.world\/#website\",\"url\":\"https:\/\/bruknes.world\/\",\"name\":\"bruknes world\",\"description\":\"\",\"potentialAction\":[{\"@type\":\"SearchAction\",\"target\":{\"@type\":\"EntryPoint\",\"urlTemplate\":\"https:\/\/bruknes.world\/?s={search_term_string}\"},\"query-input\":{\"@type\":\"PropertyValueSpecification\",\"valueRequired\":true,\"valueName\":\"search_term_string\"}}],\"inLanguage\":\"en-US\"}]}<\/script>\n<!-- \/ Yoast SEO plugin. -->","yoast_head_json":{"title":"sieninis kalendorius 2026 \u2022 kakava - bruknes world","description":"Sieninis kalendorius 2026 met\u0173 darb\u0173 planavimui. Minimalistinio dizaino kalendorius gim\u0119s i\u0161 praktikos planuojant ir strukt\u016bruojant darbus.","robots":{"index":"index","follow":"follow","max-snippet":"max-snippet:-1","max-image-preview":"max-image-preview:large","max-video-preview":"max-video-preview:-1"},"canonical":"https:\/\/bruknes.world\/en\/produktai\/kalendoriai\/sieniniai\/sieninis-kalendorius-2026-kakava\/","og_locale":"en_US","og_type":"article","og_title":"sieninis kalendorius 2026 \u2022 kakava - bruknes world","og_description":"Sieninis kalendorius 2026 met\u0173 darb\u0173 planavimui. Minimalistinio dizaino kalendorius gim\u0119s i\u0161 praktikos planuojant ir strukt\u016bruojant darbus.","og_url":"https:\/\/bruknes.world\/en\/produktai\/kalendoriai\/sieniniai\/sieninis-kalendorius-2026-kakava\/","og_site_name":"bruknes world","article_modified_time":"2025-11-02T08:04:40+00:00","og_image":[{"width":1333,"height":2000,"url":"https:\/\/bruknes.world\/wp-content\/uploads\/2022\/11\/sieninis-kalendorius-bruknesworld-5885.jpg","type":"image\/jpeg"}],"twitter_card":"summary_large_image","twitter_misc":{"Est. reading time":"1 minute"},"schema":{"@context":"https:\/\/schema.org","@graph":[{"@type":"WebPage","@id":"https:\/\/bruknes.world\/produktai\/kalendoriai\/sieniniai\/sieninis-kalendorius-2026-kakava\/","url":"https:\/\/bruknes.world\/produktai\/kalendoriai\/sieniniai\/sieninis-kalendorius-2026-kakava\/","name":"sieninis kalendorius 2026 \u2022 kakava - bruknes world","isPartOf":{"@id":"https:\/\/bruknes.world\/#website"},"primaryImageOfPage":{"@id":"https:\/\/bruknes.world\/produktai\/kalendoriai\/sieniniai\/sieninis-kalendorius-2026-kakava\/#primaryimage"},"image":{"@id":"https:\/\/bruknes.world\/produktai\/kalendoriai\/sieniniai\/sieninis-kalendorius-2026-kakava\/#primaryimage"},"thumbnailUrl":"https:\/\/bruknes.world\/wp-content\/uploads\/2022\/11\/sieninis-kalendorius-bruknesworld-5885.jpg","datePublished":"2023-10-20T15:40:15+00:00","dateModified":"2025-11-02T08:04:40+00:00","description":"Sieninis kalendorius 2026 met\u0173 darb\u0173 planavimui. Minimalistinio dizaino kalendorius gim\u0119s i\u0161 praktikos planuojant ir strukt\u016bruojant darbus.","breadcrumb":{"@id":"https:\/\/bruknes.world\/produktai\/kalendoriai\/sieniniai\/sieninis-kalendorius-2026-kakava\/#breadcrumb"},"inLanguage":"en-US","potentialAction":[{"@type":"ReadAction","target":["https:\/\/bruknes.world\/produktai\/kalendoriai\/sieniniai\/sieninis-kalendorius-2026-kakava\/"]}]},{"@type":"ImageObject","inLanguage":"en-US","@id":"https:\/\/bruknes.world\/produktai\/kalendoriai\/sieniniai\/sieninis-kalendorius-2026-kakava\/#primaryimage","url":"https:\/\/bruknes.world\/wp-content\/uploads\/2022\/11\/sieninis-kalendorius-bruknesworld-5885.jpg","contentUrl":"https:\/\/bruknes.world\/wp-content\/uploads\/2022\/11\/sieninis-kalendorius-bruknesworld-5885.jpg","width":1333,"height":2000,"caption":"sieninis kalendorius su mediniu laikikliu"},{"@type":"BreadcrumbList","@id":"https:\/\/bruknes.world\/produktai\/kalendoriai\/sieniniai\/sieninis-kalendorius-2026-kakava\/#breadcrumb","itemListElement":[{"@type":"ListItem","position":1,"name":"Home","item":"https:\/\/bruknes.world\/"},{"@type":"ListItem","position":2,"name":"popieriniai dalykai","item":"https:\/\/bruknes.world\/popieriniai-dalykai\/"},{"@type":"ListItem","position":3,"name":"sieninis kalendorius 2026 \u2022 kakava"}]},{"@type":"WebSite","@id":"https:\/\/bruknes.world\/#website","url":"https:\/\/bruknes.world\/","name":"bruknes world","description":"","potentialAction":[{"@type":"SearchAction","target":{"@type":"EntryPoint","urlTemplate":"https:\/\/bruknes.world\/?s={search_term_string}"},"query-input":{"@type":"PropertyValueSpecification","valueRequired":true,"valueName":"search_term_string"}}],"inLanguage":"en-US"}]}},"_links":{"self":[{"href":"https:\/\/bruknes.world\/en\/wp-json\/wp\/v2\/product\/8127","targetHints":{"allow":["GET"]}}],"collection":[{"href":"https:\/\/bruknes.world\/en\/wp-json\/wp\/v2\/product"}],"about":[{"href":"https:\/\/bruknes.world\/en\/wp-json\/wp\/v2\/types\/product"}],"wp:featuredmedia":[{"embeddable":true,"href":"https:\/\/bruknes.world\/en\/wp-json\/wp\/v2\/media\/8134"}],"wp:attachment":[{"href":"https:\/\/bruknes.world\/en\/wp-json\/wp\/v2\/media?parent=8127"}],"wp:term":[{"taxonomy":"product_brand","embeddable":true,"href":"https:\/\/bruknes.world\/en\/wp-json\/wp\/v2\/product_brand?post=8127"},{"taxonomy":"product_cat","embeddable":true,"href":"https:\/\/bruknes.world\/en\/wp-json\/wp\/v2\/product_cat?post=8127"},{"taxonomy":"product_tag","embeddable":true,"href":"https:\/\/bruknes.world\/en\/wp-json\/wp\/v2\/product_tag?post=8127"}],"curies":[{"name":"wp","href":"https:\/\/api.w.org\/{rel}","templated":true}]}}