{"id":8284,"date":"2023-11-10T17:54:31","date_gmt":"2023-11-10T15:54:31","guid":{"rendered":"https:\/\/bruknes.world\/?post_type=product&#038;p=8284"},"modified":"2025-02-19T14:58:42","modified_gmt":"2025-02-19T12:58:42","slug":"pusiau-skaidrus","status":"publish","type":"product","link":"https:\/\/bruknes.world\/en\/produktai\/vokai\/spalvoti\/pusiau-skaidrus\/","title":{"rendered":"vokai \u2022 pusiau skaidr\u016bs"},"content":{"rendered":"","protected":false},"excerpt":{"rendered":"<p>kalkinio popieriaus vokai su lipnia juostele u\u017eklijavimui<\/p>\n<p>\u2022 pusiau skaidrus voko popierius suteiks subtilios paslapties viskam, k\u0105 suplanuosite jame pakuoti. \u0160ie kalkiniai vokai gali atlikti papildom\u0105 dekoro funkcij\u0105. Tai gali b\u016bti \u012fdomus sprendimas dovan\u0173 kuponams, nuotraukoms, iliustracijoms ar vestuvi\u0173 kvietimams<br \/>\n&#8211; &#8211; &#8211;<br \/>\ndydis: B6 \/ 17,5 x 12,5 cm<\/p>","protected":false},"featured_media":8224,"template":"","meta":[],"product_brand":[],"product_cat":[124,123],"product_tag":[],"class_list":{"0":"post-8284","1":"product","2":"type-product","3":"status-publish","4":"has-post-thumbnail","6":"product_cat-spalvoti","7":"product_cat-vokai","9":"first","10":"outofstock","11":"shipping-taxable","12":"purchasable","13":"product-type-variable"},"yoast_head":"<!-- This site is optimized with the Yoast SEO plugin v27.2 - https:\/\/yoast.com\/product\/yoast-seo-wordpress\/ -->\n<title>vokai \u2022 pusiau skaidr\u016bs - bruknes world<\/title>\n<meta name=\"description\" content=\"Vokai gali atlikti papildom\u0105 dekoro funkcij\u0105. Tai gali b\u016bti \u012fdomus sprendimas dovan\u0173 kuponams, nuotraukoms, iliustracijoms ar vestuvi\u0173 kvietimams\" \/>\n<meta name=\"robots\" content=\"index, follow, max-snippet:-1, max-image-preview:large, max-video-preview:-1\" \/>\n<link rel=\"canonical\" href=\"https:\/\/bruknes.world\/en\/produktai\/vokai\/spalvoti\/pusiau-skaidrus\/\" \/>\n<meta property=\"og:locale\" content=\"en_US\" \/>\n<meta property=\"og:type\" content=\"article\" \/>\n<meta property=\"og:title\" content=\"vokai \u2022 pusiau skaidr\u016bs - bruknes world\" \/>\n<meta property=\"og:description\" content=\"Vokai gali atlikti papildom\u0105 dekoro funkcij\u0105. Tai gali b\u016bti \u012fdomus sprendimas dovan\u0173 kuponams, nuotraukoms, iliustracijoms ar vestuvi\u0173 kvietimams\" \/>\n<meta property=\"og:url\" content=\"https:\/\/bruknes.world\/en\/produktai\/vokai\/spalvoti\/pusiau-skaidrus\/\" \/>\n<meta property=\"og:site_name\" content=\"bruknes world\" \/>\n<meta property=\"article:modified_time\" content=\"2025-02-19T12:58:42+00:00\" \/>\n<meta property=\"og:image\" content=\"https:\/\/bruknes.world\/wp-content\/uploads\/2023\/01\/vokai_kalkiniai_B6-11.jpg\" \/>\n\t<meta property=\"og:image:width\" content=\"1638\" \/>\n\t<meta property=\"og:image:height\" content=\"2048\" \/>\n\t<meta property=\"og:image:type\" content=\"image\/jpeg\" \/>\n<meta name=\"twitter:card\" content=\"summary_large_image\" \/>\n<meta name=\"twitter:label1\" content=\"Est. reading time\" \/>\n\t<meta name=\"twitter:data1\" content=\"1 minute\" \/>\n<script type=\"application\/ld+json\" class=\"yoast-schema-graph\">{\"@context\":\"https:\/\/schema.org\",\"@graph\":[{\"@type\":\"WebPage\",\"@id\":\"https:\/\/bruknes.world\/produktai\/vokai\/spalvoti\/pusiau-skaidrus\/\",\"url\":\"https:\/\/bruknes.world\/produktai\/vokai\/spalvoti\/pusiau-skaidrus\/\",\"name\":\"vokai \u2022 pusiau skaidr\u016bs - bruknes world\",\"isPartOf\":{\"@id\":\"https:\/\/bruknes.world\/#website\"},\"primaryImageOfPage\":{\"@id\":\"https:\/\/bruknes.world\/produktai\/vokai\/spalvoti\/pusiau-skaidrus\/#primaryimage\"},\"image\":{\"@id\":\"https:\/\/bruknes.world\/produktai\/vokai\/spalvoti\/pusiau-skaidrus\/#primaryimage\"},\"thumbnailUrl\":\"https:\/\/bruknes.world\/wp-content\/uploads\/2023\/01\/vokai_kalkiniai_B6-11.jpg\",\"datePublished\":\"2023-11-10T15:54:31+00:00\",\"dateModified\":\"2025-02-19T12:58:42+00:00\",\"description\":\"Vokai gali atlikti papildom\u0105 dekoro funkcij\u0105. Tai gali b\u016bti \u012fdomus sprendimas dovan\u0173 kuponams, nuotraukoms, iliustracijoms ar vestuvi\u0173 kvietimams\",\"breadcrumb\":{\"@id\":\"https:\/\/bruknes.world\/produktai\/vokai\/spalvoti\/pusiau-skaidrus\/#breadcrumb\"},\"inLanguage\":\"en-US\",\"potentialAction\":[{\"@type\":\"ReadAction\",\"target\":[\"https:\/\/bruknes.world\/produktai\/vokai\/spalvoti\/pusiau-skaidrus\/\"]}]},{\"@type\":\"ImageObject\",\"inLanguage\":\"en-US\",\"@id\":\"https:\/\/bruknes.world\/produktai\/vokai\/spalvoti\/pusiau-skaidrus\/#primaryimage\",\"url\":\"https:\/\/bruknes.world\/wp-content\/uploads\/2023\/01\/vokai_kalkiniai_B6-11.jpg\",\"contentUrl\":\"https:\/\/bruknes.world\/wp-content\/uploads\/2023\/01\/vokai_kalkiniai_B6-11.jpg\",\"width\":1638,\"height\":2048,\"caption\":\"kalkiniai, pusiau skaidr\u016bs vokai kvietimas, atvirukams, nuotraukoms B6 formato\"},{\"@type\":\"BreadcrumbList\",\"@id\":\"https:\/\/bruknes.world\/produktai\/vokai\/spalvoti\/pusiau-skaidrus\/#breadcrumb\",\"itemListElement\":[{\"@type\":\"ListItem\",\"position\":1,\"name\":\"Home\",\"item\":\"https:\/\/bruknes.world\/\"},{\"@type\":\"ListItem\",\"position\":2,\"name\":\"popieriniai dalykai\",\"item\":\"https:\/\/bruknes.world\/popieriniai-dalykai\/\"},{\"@type\":\"ListItem\",\"position\":3,\"name\":\"vokai \u2022 pusiau skaidr\u016bs\"}]},{\"@type\":\"WebSite\",\"@id\":\"https:\/\/bruknes.world\/#website\",\"url\":\"https:\/\/bruknes.world\/\",\"name\":\"bruknes world\",\"description\":\"\",\"potentialAction\":[{\"@type\":\"SearchAction\",\"target\":{\"@type\":\"EntryPoint\",\"urlTemplate\":\"https:\/\/bruknes.world\/?s={search_term_string}\"},\"query-input\":{\"@type\":\"PropertyValueSpecification\",\"valueRequired\":true,\"valueName\":\"search_term_string\"}}],\"inLanguage\":\"en-US\"}]}<\/script>\n<!-- \/ Yoast SEO plugin. -->","yoast_head_json":{"title":"vokai \u2022 pusiau skaidr\u016bs - bruknes world","description":"Vokai gali atlikti papildom\u0105 dekoro funkcij\u0105. Tai gali b\u016bti \u012fdomus sprendimas dovan\u0173 kuponams, nuotraukoms, iliustracijoms ar vestuvi\u0173 kvietimams","robots":{"index":"index","follow":"follow","max-snippet":"max-snippet:-1","max-image-preview":"max-image-preview:large","max-video-preview":"max-video-preview:-1"},"canonical":"https:\/\/bruknes.world\/en\/produktai\/vokai\/spalvoti\/pusiau-skaidrus\/","og_locale":"en_US","og_type":"article","og_title":"vokai \u2022 pusiau skaidr\u016bs - bruknes world","og_description":"Vokai gali atlikti papildom\u0105 dekoro funkcij\u0105. Tai gali b\u016bti \u012fdomus sprendimas dovan\u0173 kuponams, nuotraukoms, iliustracijoms ar vestuvi\u0173 kvietimams","og_url":"https:\/\/bruknes.world\/en\/produktai\/vokai\/spalvoti\/pusiau-skaidrus\/","og_site_name":"bruknes world","article_modified_time":"2025-02-19T12:58:42+00:00","og_image":[{"width":1638,"height":2048,"url":"https:\/\/bruknes.world\/wp-content\/uploads\/2023\/01\/vokai_kalkiniai_B6-11.jpg","type":"image\/jpeg"}],"twitter_card":"summary_large_image","twitter_misc":{"Est. reading time":"1 minute"},"schema":{"@context":"https:\/\/schema.org","@graph":[{"@type":"WebPage","@id":"https:\/\/bruknes.world\/produktai\/vokai\/spalvoti\/pusiau-skaidrus\/","url":"https:\/\/bruknes.world\/produktai\/vokai\/spalvoti\/pusiau-skaidrus\/","name":"vokai \u2022 pusiau skaidr\u016bs - bruknes world","isPartOf":{"@id":"https:\/\/bruknes.world\/#website"},"primaryImageOfPage":{"@id":"https:\/\/bruknes.world\/produktai\/vokai\/spalvoti\/pusiau-skaidrus\/#primaryimage"},"image":{"@id":"https:\/\/bruknes.world\/produktai\/vokai\/spalvoti\/pusiau-skaidrus\/#primaryimage"},"thumbnailUrl":"https:\/\/bruknes.world\/wp-content\/uploads\/2023\/01\/vokai_kalkiniai_B6-11.jpg","datePublished":"2023-11-10T15:54:31+00:00","dateModified":"2025-02-19T12:58:42+00:00","description":"Vokai gali atlikti papildom\u0105 dekoro funkcij\u0105. Tai gali b\u016bti \u012fdomus sprendimas dovan\u0173 kuponams, nuotraukoms, iliustracijoms ar vestuvi\u0173 kvietimams","breadcrumb":{"@id":"https:\/\/bruknes.world\/produktai\/vokai\/spalvoti\/pusiau-skaidrus\/#breadcrumb"},"inLanguage":"en-US","potentialAction":[{"@type":"ReadAction","target":["https:\/\/bruknes.world\/produktai\/vokai\/spalvoti\/pusiau-skaidrus\/"]}]},{"@type":"ImageObject","inLanguage":"en-US","@id":"https:\/\/bruknes.world\/produktai\/vokai\/spalvoti\/pusiau-skaidrus\/#primaryimage","url":"https:\/\/bruknes.world\/wp-content\/uploads\/2023\/01\/vokai_kalkiniai_B6-11.jpg","contentUrl":"https:\/\/bruknes.world\/wp-content\/uploads\/2023\/01\/vokai_kalkiniai_B6-11.jpg","width":1638,"height":2048,"caption":"kalkiniai, pusiau skaidr\u016bs vokai kvietimas, atvirukams, nuotraukoms B6 formato"},{"@type":"BreadcrumbList","@id":"https:\/\/bruknes.world\/produktai\/vokai\/spalvoti\/pusiau-skaidrus\/#breadcrumb","itemListElement":[{"@type":"ListItem","position":1,"name":"Home","item":"https:\/\/bruknes.world\/"},{"@type":"ListItem","position":2,"name":"popieriniai dalykai","item":"https:\/\/bruknes.world\/popieriniai-dalykai\/"},{"@type":"ListItem","position":3,"name":"vokai \u2022 pusiau skaidr\u016bs"}]},{"@type":"WebSite","@id":"https:\/\/bruknes.world\/#website","url":"https:\/\/bruknes.world\/","name":"bruknes world","description":"","potentialAction":[{"@type":"SearchAction","target":{"@type":"EntryPoint","urlTemplate":"https:\/\/bruknes.world\/?s={search_term_string}"},"query-input":{"@type":"PropertyValueSpecification","valueRequired":true,"valueName":"search_term_string"}}],"inLanguage":"en-US"}]}},"_links":{"self":[{"href":"https:\/\/bruknes.world\/en\/wp-json\/wp\/v2\/product\/8284","targetHints":{"allow":["GET"]}}],"collection":[{"href":"https:\/\/bruknes.world\/en\/wp-json\/wp\/v2\/product"}],"about":[{"href":"https:\/\/bruknes.world\/en\/wp-json\/wp\/v2\/types\/product"}],"wp:featuredmedia":[{"embeddable":true,"href":"https:\/\/bruknes.world\/en\/wp-json\/wp\/v2\/media\/8224"}],"wp:attachment":[{"href":"https:\/\/bruknes.world\/en\/wp-json\/wp\/v2\/media?parent=8284"}],"wp:term":[{"taxonomy":"product_brand","embeddable":true,"href":"https:\/\/bruknes.world\/en\/wp-json\/wp\/v2\/product_brand?post=8284"},{"taxonomy":"product_cat","embeddable":true,"href":"https:\/\/bruknes.world\/en\/wp-json\/wp\/v2\/product_cat?post=8284"},{"taxonomy":"product_tag","embeddable":true,"href":"https:\/\/bruknes.world\/en\/wp-json\/wp\/v2\/product_tag?post=8284"}],"curies":[{"name":"wp","href":"https:\/\/api.w.org\/{rel}","templated":true}]}}