{"id":8300,"date":"2023-01-18T11:54:03","date_gmt":"2023-01-18T09:54:03","guid":{"rendered":"https:\/\/bruknes.world\/?post_type=product&#038;p=8300"},"modified":"2023-12-07T17:40:42","modified_gmt":"2023-12-07T15:40:42","slug":"zalsvi-eukaliptai-akvarele","status":"publish","type":"product","link":"https:\/\/bruknes.world\/en\/produktai\/vokai\/spalvoti\/zalsvi-eukaliptai-akvarele\/","title":{"rendered":"vokai \u2022 \u017ealsvi eukaliptai \u2022 akvarel\u0117"},"content":{"rendered":"","protected":false},"excerpt":{"rendered":"<p>spalvoti vokai trikampiu u\u017edarymu ir ra\u0161tuota \u012fklija viduje. \u0160i\u0173 vok\u0173 \u012fklija dekoruota botaninio stiliaus augal\u0173 iliustracija ir lengvu akvarel\u0117s liejiniu<br \/>\n\u2022 pie\u0161inys atspausdintas ant tekst\u016brinio popieriaus<br \/>\n\u2022 vokai su ra\u0161tuota \u012fklija yra k\u016brybi\u0161kas sprendimas dovan\u0173 kuponams, gimtadienio, vestuvi\u0173 ar krik\u0161tyn\u0173 kvietimams supakuoti<\/p>\n<p><b>vok\u0173 kolekcija akvarel\u0117 <\/b>\u2022 \u010dia susitinka akvarel\u0117s liejiniai ir botanin\u0117s augal\u0173 iliustracijos. Vokai, esantys \u0161ioje kolekcijoje, tarsi pasidalina \u012f dvi dalis, pirmoji &#8211; lengvi akvarel\u0117s pasiliejimai menantys saul\u0117tek\u012f arba pasivaik\u0161\u010diojim\u0105 s\u0105manotu mi\u0161ku, antra &#8211; akvarel\u0117s fonas papildytas lauko g\u0117li\u0173, bij\u016bn\u0173, eukalipt\u0173 iliustracijomis<br \/>\n&#8211; &#8211; &#8211;<br \/>\ndydis: B6 \u2022 17,5 x 12,5 cm<\/p>","protected":false},"featured_media":8236,"template":"","meta":[],"product_brand":[],"product_cat":[124,125,123],"product_tag":[],"class_list":{"0":"post-8300","1":"product","2":"type-product","3":"status-publish","4":"has-post-thumbnail","6":"product_cat-spalvoti","7":"product_cat-su-iklija","8":"product_cat-vokai","10":"first","11":"instock","12":"shipping-taxable","13":"purchasable","14":"product-type-variable"},"yoast_head":"<!-- This site is optimized with the Yoast SEO plugin v27.2 - https:\/\/yoast.com\/product\/yoast-seo-wordpress\/ -->\n<title>vokai \u2022 \u017ealsvi eukaliptai \u2022 akvarel\u0117 - bruknes world<\/title>\n<meta name=\"description\" content=\"Vokai gali atlikti papildom\u0105 dekoro funkcij\u0105. Tai gali b\u016bti \u012fdomus sprendimas dovan\u0173 kuponams, nuotraukoms, iliustracijoms ar vestuvi\u0173 kvietimams\" \/>\n<meta name=\"robots\" content=\"index, follow, max-snippet:-1, max-image-preview:large, max-video-preview:-1\" \/>\n<link rel=\"canonical\" href=\"https:\/\/bruknes.world\/en\/produktai\/vokai\/spalvoti\/zalsvi-eukaliptai-akvarele\/\" \/>\n<meta property=\"og:locale\" content=\"en_US\" \/>\n<meta property=\"og:type\" content=\"article\" \/>\n<meta property=\"og:title\" content=\"vokai \u2022 \u017ealsvi eukaliptai \u2022 akvarel\u0117 - bruknes world\" \/>\n<meta property=\"og:description\" content=\"Vokai gali atlikti papildom\u0105 dekoro funkcij\u0105. Tai gali b\u016bti \u012fdomus sprendimas dovan\u0173 kuponams, nuotraukoms, iliustracijoms ar vestuvi\u0173 kvietimams\" \/>\n<meta property=\"og:url\" content=\"https:\/\/bruknes.world\/en\/produktai\/vokai\/spalvoti\/zalsvi-eukaliptai-akvarele\/\" \/>\n<meta property=\"og:site_name\" content=\"bruknes world\" \/>\n<meta property=\"article:modified_time\" content=\"2023-12-07T15:40:42+00:00\" \/>\n<meta property=\"og:image\" content=\"https:\/\/bruknes.world\/wp-content\/uploads\/2023\/01\/vokai-akvarele-eukaliptai-5222.jpg\" \/>\n\t<meta property=\"og:image:width\" content=\"1600\" \/>\n\t<meta property=\"og:image:height\" content=\"2000\" \/>\n\t<meta property=\"og:image:type\" content=\"image\/jpeg\" \/>\n<meta name=\"twitter:card\" content=\"summary_large_image\" \/>\n<script type=\"application\/ld+json\" class=\"yoast-schema-graph\">{\"@context\":\"https:\/\/schema.org\",\"@graph\":[{\"@type\":\"WebPage\",\"@id\":\"https:\/\/bruknes.world\/produktai\/vokai\/spalvoti\/zalsvi-eukaliptai-akvarele\/\",\"url\":\"https:\/\/bruknes.world\/produktai\/vokai\/spalvoti\/zalsvi-eukaliptai-akvarele\/\",\"name\":\"vokai \u2022 \u017ealsvi eukaliptai \u2022 akvarel\u0117 - bruknes world\",\"isPartOf\":{\"@id\":\"https:\/\/bruknes.world\/#website\"},\"primaryImageOfPage\":{\"@id\":\"https:\/\/bruknes.world\/produktai\/vokai\/spalvoti\/zalsvi-eukaliptai-akvarele\/#primaryimage\"},\"image\":{\"@id\":\"https:\/\/bruknes.world\/produktai\/vokai\/spalvoti\/zalsvi-eukaliptai-akvarele\/#primaryimage\"},\"thumbnailUrl\":\"https:\/\/bruknes.world\/wp-content\/uploads\/2023\/01\/vokai-akvarele-eukaliptai-5222.jpg\",\"datePublished\":\"2023-01-18T09:54:03+00:00\",\"dateModified\":\"2023-12-07T15:40:42+00:00\",\"description\":\"Vokai gali atlikti papildom\u0105 dekoro funkcij\u0105. Tai gali b\u016bti \u012fdomus sprendimas dovan\u0173 kuponams, nuotraukoms, iliustracijoms ar vestuvi\u0173 kvietimams\",\"breadcrumb\":{\"@id\":\"https:\/\/bruknes.world\/produktai\/vokai\/spalvoti\/zalsvi-eukaliptai-akvarele\/#breadcrumb\"},\"inLanguage\":\"en-US\",\"potentialAction\":[{\"@type\":\"ReadAction\",\"target\":[\"https:\/\/bruknes.world\/produktai\/vokai\/spalvoti\/zalsvi-eukaliptai-akvarele\/\"]}]},{\"@type\":\"ImageObject\",\"inLanguage\":\"en-US\",\"@id\":\"https:\/\/bruknes.world\/produktai\/vokai\/spalvoti\/zalsvi-eukaliptai-akvarele\/#primaryimage\",\"url\":\"https:\/\/bruknes.world\/wp-content\/uploads\/2023\/01\/vokai-akvarele-eukaliptai-5222.jpg\",\"contentUrl\":\"https:\/\/bruknes.world\/wp-content\/uploads\/2023\/01\/vokai-akvarele-eukaliptai-5222.jpg\",\"width\":1600,\"height\":2000,\"caption\":\"vokai kvietimas, vokai su dekoru, vokai su akvareles geleta iklija\"},{\"@type\":\"BreadcrumbList\",\"@id\":\"https:\/\/bruknes.world\/produktai\/vokai\/spalvoti\/zalsvi-eukaliptai-akvarele\/#breadcrumb\",\"itemListElement\":[{\"@type\":\"ListItem\",\"position\":1,\"name\":\"Home\",\"item\":\"https:\/\/bruknes.world\/\"},{\"@type\":\"ListItem\",\"position\":2,\"name\":\"popieriniai dalykai\",\"item\":\"https:\/\/bruknes.world\/popieriniai-dalykai\/\"},{\"@type\":\"ListItem\",\"position\":3,\"name\":\"vokai \u2022 \u017ealsvi eukaliptai \u2022 akvarel\u0117\"}]},{\"@type\":\"WebSite\",\"@id\":\"https:\/\/bruknes.world\/#website\",\"url\":\"https:\/\/bruknes.world\/\",\"name\":\"bruknes world\",\"description\":\"\",\"potentialAction\":[{\"@type\":\"SearchAction\",\"target\":{\"@type\":\"EntryPoint\",\"urlTemplate\":\"https:\/\/bruknes.world\/?s={search_term_string}\"},\"query-input\":{\"@type\":\"PropertyValueSpecification\",\"valueRequired\":true,\"valueName\":\"search_term_string\"}}],\"inLanguage\":\"en-US\"}]}<\/script>\n<!-- \/ Yoast SEO plugin. -->","yoast_head_json":{"title":"vokai \u2022 \u017ealsvi eukaliptai \u2022 akvarel\u0117 - bruknes world","description":"Vokai gali atlikti papildom\u0105 dekoro funkcij\u0105. Tai gali b\u016bti \u012fdomus sprendimas dovan\u0173 kuponams, nuotraukoms, iliustracijoms ar vestuvi\u0173 kvietimams","robots":{"index":"index","follow":"follow","max-snippet":"max-snippet:-1","max-image-preview":"max-image-preview:large","max-video-preview":"max-video-preview:-1"},"canonical":"https:\/\/bruknes.world\/en\/produktai\/vokai\/spalvoti\/zalsvi-eukaliptai-akvarele\/","og_locale":"en_US","og_type":"article","og_title":"vokai \u2022 \u017ealsvi eukaliptai \u2022 akvarel\u0117 - bruknes world","og_description":"Vokai gali atlikti papildom\u0105 dekoro funkcij\u0105. Tai gali b\u016bti \u012fdomus sprendimas dovan\u0173 kuponams, nuotraukoms, iliustracijoms ar vestuvi\u0173 kvietimams","og_url":"https:\/\/bruknes.world\/en\/produktai\/vokai\/spalvoti\/zalsvi-eukaliptai-akvarele\/","og_site_name":"bruknes world","article_modified_time":"2023-12-07T15:40:42+00:00","og_image":[{"width":1600,"height":2000,"url":"https:\/\/bruknes.world\/wp-content\/uploads\/2023\/01\/vokai-akvarele-eukaliptai-5222.jpg","type":"image\/jpeg"}],"twitter_card":"summary_large_image","schema":{"@context":"https:\/\/schema.org","@graph":[{"@type":"WebPage","@id":"https:\/\/bruknes.world\/produktai\/vokai\/spalvoti\/zalsvi-eukaliptai-akvarele\/","url":"https:\/\/bruknes.world\/produktai\/vokai\/spalvoti\/zalsvi-eukaliptai-akvarele\/","name":"vokai \u2022 \u017ealsvi eukaliptai \u2022 akvarel\u0117 - bruknes world","isPartOf":{"@id":"https:\/\/bruknes.world\/#website"},"primaryImageOfPage":{"@id":"https:\/\/bruknes.world\/produktai\/vokai\/spalvoti\/zalsvi-eukaliptai-akvarele\/#primaryimage"},"image":{"@id":"https:\/\/bruknes.world\/produktai\/vokai\/spalvoti\/zalsvi-eukaliptai-akvarele\/#primaryimage"},"thumbnailUrl":"https:\/\/bruknes.world\/wp-content\/uploads\/2023\/01\/vokai-akvarele-eukaliptai-5222.jpg","datePublished":"2023-01-18T09:54:03+00:00","dateModified":"2023-12-07T15:40:42+00:00","description":"Vokai gali atlikti papildom\u0105 dekoro funkcij\u0105. Tai gali b\u016bti \u012fdomus sprendimas dovan\u0173 kuponams, nuotraukoms, iliustracijoms ar vestuvi\u0173 kvietimams","breadcrumb":{"@id":"https:\/\/bruknes.world\/produktai\/vokai\/spalvoti\/zalsvi-eukaliptai-akvarele\/#breadcrumb"},"inLanguage":"en-US","potentialAction":[{"@type":"ReadAction","target":["https:\/\/bruknes.world\/produktai\/vokai\/spalvoti\/zalsvi-eukaliptai-akvarele\/"]}]},{"@type":"ImageObject","inLanguage":"en-US","@id":"https:\/\/bruknes.world\/produktai\/vokai\/spalvoti\/zalsvi-eukaliptai-akvarele\/#primaryimage","url":"https:\/\/bruknes.world\/wp-content\/uploads\/2023\/01\/vokai-akvarele-eukaliptai-5222.jpg","contentUrl":"https:\/\/bruknes.world\/wp-content\/uploads\/2023\/01\/vokai-akvarele-eukaliptai-5222.jpg","width":1600,"height":2000,"caption":"vokai kvietimas, vokai su dekoru, vokai su akvareles geleta iklija"},{"@type":"BreadcrumbList","@id":"https:\/\/bruknes.world\/produktai\/vokai\/spalvoti\/zalsvi-eukaliptai-akvarele\/#breadcrumb","itemListElement":[{"@type":"ListItem","position":1,"name":"Home","item":"https:\/\/bruknes.world\/"},{"@type":"ListItem","position":2,"name":"popieriniai dalykai","item":"https:\/\/bruknes.world\/popieriniai-dalykai\/"},{"@type":"ListItem","position":3,"name":"vokai \u2022 \u017ealsvi eukaliptai \u2022 akvarel\u0117"}]},{"@type":"WebSite","@id":"https:\/\/bruknes.world\/#website","url":"https:\/\/bruknes.world\/","name":"bruknes world","description":"","potentialAction":[{"@type":"SearchAction","target":{"@type":"EntryPoint","urlTemplate":"https:\/\/bruknes.world\/?s={search_term_string}"},"query-input":{"@type":"PropertyValueSpecification","valueRequired":true,"valueName":"search_term_string"}}],"inLanguage":"en-US"}]}},"_links":{"self":[{"href":"https:\/\/bruknes.world\/en\/wp-json\/wp\/v2\/product\/8300","targetHints":{"allow":["GET"]}}],"collection":[{"href":"https:\/\/bruknes.world\/en\/wp-json\/wp\/v2\/product"}],"about":[{"href":"https:\/\/bruknes.world\/en\/wp-json\/wp\/v2\/types\/product"}],"wp:featuredmedia":[{"embeddable":true,"href":"https:\/\/bruknes.world\/en\/wp-json\/wp\/v2\/media\/8236"}],"wp:attachment":[{"href":"https:\/\/bruknes.world\/en\/wp-json\/wp\/v2\/media?parent=8300"}],"wp:term":[{"taxonomy":"product_brand","embeddable":true,"href":"https:\/\/bruknes.world\/en\/wp-json\/wp\/v2\/product_brand?post=8300"},{"taxonomy":"product_cat","embeddable":true,"href":"https:\/\/bruknes.world\/en\/wp-json\/wp\/v2\/product_cat?post=8300"},{"taxonomy":"product_tag","embeddable":true,"href":"https:\/\/bruknes.world\/en\/wp-json\/wp\/v2\/product_tag?post=8300"}],"curies":[{"name":"wp","href":"https:\/\/api.w.org\/{rel}","templated":true}]}}