{"id":8348,"date":"2023-01-20T11:48:31","date_gmt":"2023-01-20T09:48:31","guid":{"rendered":"https:\/\/bruknes.world\/?post_type=product&#038;p=8348"},"modified":"2023-05-06T17:05:08","modified_gmt":"2023-05-06T14:05:08","slug":"tiramisu","status":"publish","type":"product","link":"https:\/\/bruknes.world\/en\/produktai\/vokai\/pinigams\/tiramisu\/","title":{"rendered":"vokai pinigams \u2022 tiramisu"},"content":{"rendered":"","protected":false},"excerpt":{"rendered":"<p>dekoratyvinio popieriaus sulankstomas d\u0117kliukas \u2013 vokas su ki\u0161en\u0117le pinigams. Tai puikus sprendimas gimtadienio, vestuvi\u0173 ar krik\u0161tyn\u0173 sveikinimui, viduje galima para\u0161yti link\u0117jim\u0105. Subtil\u016bs abstrakcij\u0173 elementai voko vir\u0161elyje \u2013 tarsi link\u0117jimas dr\u0105siai svajoti<\/p>\n<p>&#8211; &#8211; &#8211;<br \/>\ndydis:\u00a0 19 x 10 cm<\/p>","protected":false},"featured_media":8335,"template":"","meta":[],"product_brand":[],"product_cat":[123,127],"product_tag":[],"class_list":{"0":"post-8348","1":"product","2":"type-product","3":"status-publish","4":"has-post-thumbnail","6":"product_cat-vokai","7":"product_cat-pinigams","9":"first","10":"instock","11":"shipping-taxable","12":"purchasable","13":"product-type-variable"},"yoast_head":"<!-- This site is optimized with the Yoast SEO plugin v27.2 - https:\/\/yoast.com\/product\/yoast-seo-wordpress\/ -->\n<title>vokai pinigams \u2022 tiramisu - bruknes world<\/title>\n<meta name=\"description\" content=\"Vokai pinigams su abstrakcijos pie\u0161iniu vir\u0161elyje. Tai puiki pinig\u0173 dovanojimo id\u0117ja vestuvi\u0173, krik\u0161tyn\u0173, jubiliejaus ar mokyklos\/universiteto baigimo proga\" \/>\n<meta name=\"robots\" content=\"index, follow, max-snippet:-1, max-image-preview:large, max-video-preview:-1\" \/>\n<link rel=\"canonical\" href=\"https:\/\/bruknes.world\/en\/produktai\/vokai\/dekliukai\/tiramisu\/\" \/>\n<meta property=\"og:locale\" content=\"en_US\" \/>\n<meta property=\"og:type\" content=\"article\" \/>\n<meta property=\"og:title\" content=\"vokai pinigams \u2022 tiramisu - bruknes world\" \/>\n<meta property=\"og:description\" content=\"Vokai pinigams su abstrakcijos pie\u0161iniu vir\u0161elyje. Tai puiki pinig\u0173 dovanojimo id\u0117ja vestuvi\u0173, krik\u0161tyn\u0173, jubiliejaus ar mokyklos\/universiteto baigimo proga\" \/>\n<meta property=\"og:url\" content=\"https:\/\/bruknes.world\/en\/produktai\/vokai\/dekliukai\/tiramisu\/\" \/>\n<meta property=\"og:site_name\" content=\"bruknes world\" \/>\n<meta property=\"article:modified_time\" content=\"2023-05-06T14:05:08+00:00\" \/>\n<meta property=\"og:image\" content=\"https:\/\/bruknes.world\/wp-content\/uploads\/2023\/01\/vokai-pinigams-5300.jpg\" \/>\n\t<meta property=\"og:image:width\" content=\"1600\" \/>\n\t<meta property=\"og:image:height\" content=\"2000\" \/>\n\t<meta property=\"og:image:type\" content=\"image\/jpeg\" \/>\n<meta name=\"twitter:card\" content=\"summary_large_image\" \/>\n<script type=\"application\/ld+json\" class=\"yoast-schema-graph\">{\"@context\":\"https:\/\/schema.org\",\"@graph\":[{\"@type\":\"WebPage\",\"@id\":\"https:\/\/bruknes.world\/produktai\/vokai\/dekliukai\/tiramisu\/\",\"url\":\"https:\/\/bruknes.world\/produktai\/vokai\/dekliukai\/tiramisu\/\",\"name\":\"vokai pinigams \u2022 tiramisu - bruknes world\",\"isPartOf\":{\"@id\":\"https:\/\/bruknes.world\/#website\"},\"primaryImageOfPage\":{\"@id\":\"https:\/\/bruknes.world\/produktai\/vokai\/dekliukai\/tiramisu\/#primaryimage\"},\"image\":{\"@id\":\"https:\/\/bruknes.world\/produktai\/vokai\/dekliukai\/tiramisu\/#primaryimage\"},\"thumbnailUrl\":\"https:\/\/bruknes.world\/wp-content\/uploads\/2023\/01\/vokai-pinigams-5300.jpg\",\"datePublished\":\"2023-01-20T09:48:31+00:00\",\"dateModified\":\"2023-05-06T14:05:08+00:00\",\"description\":\"Vokai pinigams su abstrakcijos pie\u0161iniu vir\u0161elyje. Tai puiki pinig\u0173 dovanojimo id\u0117ja vestuvi\u0173, krik\u0161tyn\u0173, jubiliejaus ar mokyklos\/universiteto baigimo proga\",\"breadcrumb\":{\"@id\":\"https:\/\/bruknes.world\/produktai\/vokai\/dekliukai\/tiramisu\/#breadcrumb\"},\"inLanguage\":\"en-US\",\"potentialAction\":[{\"@type\":\"ReadAction\",\"target\":[\"https:\/\/bruknes.world\/produktai\/vokai\/dekliukai\/tiramisu\/\"]}]},{\"@type\":\"ImageObject\",\"inLanguage\":\"en-US\",\"@id\":\"https:\/\/bruknes.world\/produktai\/vokai\/dekliukai\/tiramisu\/#primaryimage\",\"url\":\"https:\/\/bruknes.world\/wp-content\/uploads\/2023\/01\/vokai-pinigams-5300.jpg\",\"contentUrl\":\"https:\/\/bruknes.world\/wp-content\/uploads\/2023\/01\/vokai-pinigams-5300.jpg\",\"width\":1600,\"height\":2000,\"caption\":\"vokai pinigams dovanoti, gimtadienio vestuviu krikstynu atvirukai pinigams\"},{\"@type\":\"BreadcrumbList\",\"@id\":\"https:\/\/bruknes.world\/produktai\/vokai\/dekliukai\/tiramisu\/#breadcrumb\",\"itemListElement\":[{\"@type\":\"ListItem\",\"position\":1,\"name\":\"Home\",\"item\":\"https:\/\/bruknes.world\/\"},{\"@type\":\"ListItem\",\"position\":2,\"name\":\"popieriniai dalykai\",\"item\":\"https:\/\/bruknes.world\/popieriniai-dalykai\/\"},{\"@type\":\"ListItem\",\"position\":3,\"name\":\"vokai pinigams \u2022 tiramisu\"}]},{\"@type\":\"WebSite\",\"@id\":\"https:\/\/bruknes.world\/#website\",\"url\":\"https:\/\/bruknes.world\/\",\"name\":\"bruknes world\",\"description\":\"\",\"potentialAction\":[{\"@type\":\"SearchAction\",\"target\":{\"@type\":\"EntryPoint\",\"urlTemplate\":\"https:\/\/bruknes.world\/?s={search_term_string}\"},\"query-input\":{\"@type\":\"PropertyValueSpecification\",\"valueRequired\":true,\"valueName\":\"search_term_string\"}}],\"inLanguage\":\"en-US\"}]}<\/script>\n<!-- \/ Yoast SEO plugin. -->","yoast_head_json":{"title":"vokai pinigams \u2022 tiramisu - bruknes world","description":"Vokai pinigams su abstrakcijos pie\u0161iniu vir\u0161elyje. Tai puiki pinig\u0173 dovanojimo id\u0117ja vestuvi\u0173, krik\u0161tyn\u0173, jubiliejaus ar mokyklos\/universiteto baigimo proga","robots":{"index":"index","follow":"follow","max-snippet":"max-snippet:-1","max-image-preview":"max-image-preview:large","max-video-preview":"max-video-preview:-1"},"canonical":"https:\/\/bruknes.world\/en\/produktai\/vokai\/dekliukai\/tiramisu\/","og_locale":"en_US","og_type":"article","og_title":"vokai pinigams \u2022 tiramisu - bruknes world","og_description":"Vokai pinigams su abstrakcijos pie\u0161iniu vir\u0161elyje. Tai puiki pinig\u0173 dovanojimo id\u0117ja vestuvi\u0173, krik\u0161tyn\u0173, jubiliejaus ar mokyklos\/universiteto baigimo proga","og_url":"https:\/\/bruknes.world\/en\/produktai\/vokai\/dekliukai\/tiramisu\/","og_site_name":"bruknes world","article_modified_time":"2023-05-06T14:05:08+00:00","og_image":[{"width":1600,"height":2000,"url":"https:\/\/bruknes.world\/wp-content\/uploads\/2023\/01\/vokai-pinigams-5300.jpg","type":"image\/jpeg"}],"twitter_card":"summary_large_image","schema":{"@context":"https:\/\/schema.org","@graph":[{"@type":"WebPage","@id":"https:\/\/bruknes.world\/produktai\/vokai\/dekliukai\/tiramisu\/","url":"https:\/\/bruknes.world\/produktai\/vokai\/dekliukai\/tiramisu\/","name":"vokai pinigams \u2022 tiramisu - bruknes world","isPartOf":{"@id":"https:\/\/bruknes.world\/#website"},"primaryImageOfPage":{"@id":"https:\/\/bruknes.world\/produktai\/vokai\/dekliukai\/tiramisu\/#primaryimage"},"image":{"@id":"https:\/\/bruknes.world\/produktai\/vokai\/dekliukai\/tiramisu\/#primaryimage"},"thumbnailUrl":"https:\/\/bruknes.world\/wp-content\/uploads\/2023\/01\/vokai-pinigams-5300.jpg","datePublished":"2023-01-20T09:48:31+00:00","dateModified":"2023-05-06T14:05:08+00:00","description":"Vokai pinigams su abstrakcijos pie\u0161iniu vir\u0161elyje. Tai puiki pinig\u0173 dovanojimo id\u0117ja vestuvi\u0173, krik\u0161tyn\u0173, jubiliejaus ar mokyklos\/universiteto baigimo proga","breadcrumb":{"@id":"https:\/\/bruknes.world\/produktai\/vokai\/dekliukai\/tiramisu\/#breadcrumb"},"inLanguage":"en-US","potentialAction":[{"@type":"ReadAction","target":["https:\/\/bruknes.world\/produktai\/vokai\/dekliukai\/tiramisu\/"]}]},{"@type":"ImageObject","inLanguage":"en-US","@id":"https:\/\/bruknes.world\/produktai\/vokai\/dekliukai\/tiramisu\/#primaryimage","url":"https:\/\/bruknes.world\/wp-content\/uploads\/2023\/01\/vokai-pinigams-5300.jpg","contentUrl":"https:\/\/bruknes.world\/wp-content\/uploads\/2023\/01\/vokai-pinigams-5300.jpg","width":1600,"height":2000,"caption":"vokai pinigams dovanoti, gimtadienio vestuviu krikstynu atvirukai pinigams"},{"@type":"BreadcrumbList","@id":"https:\/\/bruknes.world\/produktai\/vokai\/dekliukai\/tiramisu\/#breadcrumb","itemListElement":[{"@type":"ListItem","position":1,"name":"Home","item":"https:\/\/bruknes.world\/"},{"@type":"ListItem","position":2,"name":"popieriniai dalykai","item":"https:\/\/bruknes.world\/popieriniai-dalykai\/"},{"@type":"ListItem","position":3,"name":"vokai pinigams \u2022 tiramisu"}]},{"@type":"WebSite","@id":"https:\/\/bruknes.world\/#website","url":"https:\/\/bruknes.world\/","name":"bruknes world","description":"","potentialAction":[{"@type":"SearchAction","target":{"@type":"EntryPoint","urlTemplate":"https:\/\/bruknes.world\/?s={search_term_string}"},"query-input":{"@type":"PropertyValueSpecification","valueRequired":true,"valueName":"search_term_string"}}],"inLanguage":"en-US"}]}},"_links":{"self":[{"href":"https:\/\/bruknes.world\/en\/wp-json\/wp\/v2\/product\/8348","targetHints":{"allow":["GET"]}}],"collection":[{"href":"https:\/\/bruknes.world\/en\/wp-json\/wp\/v2\/product"}],"about":[{"href":"https:\/\/bruknes.world\/en\/wp-json\/wp\/v2\/types\/product"}],"wp:featuredmedia":[{"embeddable":true,"href":"https:\/\/bruknes.world\/en\/wp-json\/wp\/v2\/media\/8335"}],"wp:attachment":[{"href":"https:\/\/bruknes.world\/en\/wp-json\/wp\/v2\/media?parent=8348"}],"wp:term":[{"taxonomy":"product_brand","embeddable":true,"href":"https:\/\/bruknes.world\/en\/wp-json\/wp\/v2\/product_brand?post=8348"},{"taxonomy":"product_cat","embeddable":true,"href":"https:\/\/bruknes.world\/en\/wp-json\/wp\/v2\/product_cat?post=8348"},{"taxonomy":"product_tag","embeddable":true,"href":"https:\/\/bruknes.world\/en\/wp-json\/wp\/v2\/product_tag?post=8348"}],"curies":[{"name":"wp","href":"https:\/\/api.w.org\/{rel}","templated":true}]}}