{"id":8354,"date":"2023-11-01T11:53:15","date_gmt":"2023-11-01T09:53:15","guid":{"rendered":"https:\/\/bruknes.world\/?post_type=product&#038;p=8354"},"modified":"2024-02-19T16:00:59","modified_gmt":"2024-02-19T14:00:59","slug":"taskuoti-15x15","status":"publish","type":"product","link":"https:\/\/bruknes.world\/en\/produktai\/vokai\/spalvoti\/taskuoti-15x15\/","title":{"rendered":"vokai \u2022 d\u0117kliukai \u2022 ta\u0161kuoti \u2022 15 x 15"},"content":{"rendered":"","protected":false},"excerpt":{"rendered":"<p><span style=\"color: #000000; font-family: Montserrat; font-size: medium;\">dekoratyvinio popieriaus origami principu sulankstomi vokai &#8211; d\u0117kliukai. \u0160ie spalvoti kvadratiniai vokai &#8211; d\u0117kliukai dekoruoti subtiliais aukso akvarel\u0117s ir balto tu\u0161o pata\u0161kymais, kurie savo blizgesiu d\u0117kliukui suteikia magi\u0161ko \u0161vneti\u0161kumo. Tai gali b\u016bti \u012fdomus pakavimo sprendimas dovan\u0173 kuponams, vestuvi\u0173, krik\u0161tyn\u0173 ar kit\u0173 \u0161ven\u010di\u0173 kvietimams. Vokai &#8211; d\u0117kliukai u\u017eklijuojami dvipusiu lipduku, gali b\u016bti papildomai dekoruojami<\/span><\/p>\n<p><span style=\"color: #000000; font-family: Montserrat; font-size: medium;\">d\u0117kliuk\u0173 dekoravimo id\u0117jos:<\/span><\/p>\n<ul>\n<li><span style=\"color: #000000; font-family: Montserrat; font-size: medium;\">dekoruojamas va\u0161ko antspaudu.<br \/>\nVa\u0161ko antspaudus galite i\u0161sirinkti <a href=\"https:\/\/bruknes.world\/en\/popieriniai-dalykai\/dovanu-pakavimas\/vasko-antspaudai\/\" target=\"_blank\" rel=\"noopener\">\u010dia<\/a><\/span><\/li>\n<li><span style=\"color: #000000; font-family: Montserrat; font-size: medium;\">perri\u0161amas dekoratyvine juostele.<br \/>\nJuosteles dekoravimui galite i\u0161sirinkti <a href=\"https:\/\/bruknes.world\/en\/popieriniai-dalykai\/dovanu-pakavimas\/juosteles\/\" target=\"_blank\" rel=\"noopener\">\u010dia<\/a><\/span><\/li>\n<\/ul>\n<p><span style=\"color: #000000; font-family: Montserrat; font-size: medium;\">&#8211; &#8211; &#8211;<br \/>\n<\/span><span style=\"color: #000000; font-family: Montserrat; font-size: medium;\">d\u0117kliuko dydis: 15 x 15 cm<br \/>\n<\/span><span style=\"color: #000000; font-family: Montserrat; font-size: medium;\">maksimalus vidin\u0117s kortel\u0117s dydis: 14 x 14 cm<br \/>\nd\u0117kliuko popieriaus storis: 300 gsm<br \/>\n<\/span><\/p>\n<p>Dalinam\u0117s kaip mes panaudojome vokus &#8211; d\u0117kliukus brukni\u0161kuose projektuose: <a href=\"https:\/\/bruknes.world\/en\/produktai\/kvietimai\/botaniniai\/vestuviu-kvietimai-subtilus-eukaliptas\/\" target=\"_blank\" rel=\"noopener\">Subtilus eukaliptas<\/a> \u2022 <a href=\"https:\/\/bruknes.world\/en\/produktai\/kvietimai\/botaniniai\/vestuviu-kvietimai-herbariumas\/\" target=\"_blank\" rel=\"noopener\">Herbariumas<\/a> \u2022 <a href=\"https:\/\/bruknes.world\/en\/produktai\/kvietimai\/iliustruoti\/vestuviu-kvietimai-akimirka\/\" target=\"_blank\" rel=\"noopener\">Akimirka<\/a><\/p>","protected":false},"featured_media":8356,"template":"","meta":[],"product_brand":[],"product_cat":[141,124,123],"product_tag":[],"class_list":{"0":"post-8354","1":"product","2":"type-product","3":"status-publish","4":"has-post-thumbnail","6":"product_cat-dekliukai","7":"product_cat-spalvoti","8":"product_cat-vokai","10":"first","11":"instock","12":"shipping-taxable","13":"purchasable","14":"product-type-variable"},"yoast_head":"<!-- This site is optimized with the Yoast SEO plugin v27.2 - https:\/\/yoast.com\/product\/yoast-seo-wordpress\/ -->\n<title>vokai \u2022 d\u0117kliukai \u2022 ta\u0161kuoti \u2022 15 x 15 - bruknes world<\/title>\n<meta name=\"description\" content=\"Dekoratyvinio popieriaus sulankstomi vokai - d\u0117kliukai. \u0160ie vokai - d\u0117kliukai dekoruoti subtiliais aukso akvarel\u0117s ir balto tu\u0161o pata\u0161kymais.\" \/>\n<meta name=\"robots\" content=\"index, follow, max-snippet:-1, max-image-preview:large, max-video-preview:-1\" \/>\n<link rel=\"canonical\" href=\"https:\/\/bruknes.world\/en\/produktai\/vokai\/spalvoti\/taskuoti-15x15\/\" \/>\n<meta property=\"og:locale\" content=\"en_US\" \/>\n<meta property=\"og:type\" content=\"article\" \/>\n<meta property=\"og:title\" content=\"vokai \u2022 d\u0117kliukai \u2022 ta\u0161kuoti \u2022 15 x 15 - bruknes world\" \/>\n<meta property=\"og:description\" content=\"Dekoratyvinio popieriaus sulankstomi vokai - d\u0117kliukai. \u0160ie vokai - d\u0117kliukai dekoruoti subtiliais aukso akvarel\u0117s ir balto tu\u0161o pata\u0161kymais.\" \/>\n<meta property=\"og:url\" content=\"https:\/\/bruknes.world\/en\/produktai\/vokai\/spalvoti\/taskuoti-15x15\/\" \/>\n<meta property=\"og:site_name\" content=\"bruknes world\" \/>\n<meta property=\"article:modified_time\" content=\"2024-02-19T14:00:59+00:00\" \/>\n<meta property=\"og:image\" content=\"https:\/\/bruknes.world\/wp-content\/uploads\/2023\/01\/BW-popieriniai-dalykai-4591.jpg\" \/>\n\t<meta property=\"og:image:width\" content=\"1600\" \/>\n\t<meta property=\"og:image:height\" content=\"2000\" \/>\n\t<meta property=\"og:image:type\" content=\"image\/jpeg\" \/>\n<meta name=\"twitter:card\" content=\"summary_large_image\" \/>\n<script type=\"application\/ld+json\" class=\"yoast-schema-graph\">{\"@context\":\"https:\/\/schema.org\",\"@graph\":[{\"@type\":\"WebPage\",\"@id\":\"https:\/\/bruknes.world\/produktai\/vokai\/spalvoti\/taskuoti-15x15\/\",\"url\":\"https:\/\/bruknes.world\/produktai\/vokai\/spalvoti\/taskuoti-15x15\/\",\"name\":\"vokai \u2022 d\u0117kliukai \u2022 ta\u0161kuoti \u2022 15 x 15 - bruknes world\",\"isPartOf\":{\"@id\":\"https:\/\/bruknes.world\/#website\"},\"primaryImageOfPage\":{\"@id\":\"https:\/\/bruknes.world\/produktai\/vokai\/spalvoti\/taskuoti-15x15\/#primaryimage\"},\"image\":{\"@id\":\"https:\/\/bruknes.world\/produktai\/vokai\/spalvoti\/taskuoti-15x15\/#primaryimage\"},\"thumbnailUrl\":\"https:\/\/bruknes.world\/wp-content\/uploads\/2023\/01\/BW-popieriniai-dalykai-4591.jpg\",\"datePublished\":\"2023-11-01T09:53:15+00:00\",\"dateModified\":\"2024-02-19T14:00:59+00:00\",\"description\":\"Dekoratyvinio popieriaus sulankstomi vokai - d\u0117kliukai. \u0160ie vokai - d\u0117kliukai dekoruoti subtiliais aukso akvarel\u0117s ir balto tu\u0161o pata\u0161kymais.\",\"breadcrumb\":{\"@id\":\"https:\/\/bruknes.world\/produktai\/vokai\/spalvoti\/taskuoti-15x15\/#breadcrumb\"},\"inLanguage\":\"en-US\",\"potentialAction\":[{\"@type\":\"ReadAction\",\"target\":[\"https:\/\/bruknes.world\/produktai\/vokai\/spalvoti\/taskuoti-15x15\/\"]}]},{\"@type\":\"ImageObject\",\"inLanguage\":\"en-US\",\"@id\":\"https:\/\/bruknes.world\/produktai\/vokai\/spalvoti\/taskuoti-15x15\/#primaryimage\",\"url\":\"https:\/\/bruknes.world\/wp-content\/uploads\/2023\/01\/BW-popieriniai-dalykai-4591.jpg\",\"contentUrl\":\"https:\/\/bruknes.world\/wp-content\/uploads\/2023\/01\/BW-popieriniai-dalykai-4591.jpg\",\"width\":1600,\"height\":2000,\"caption\":\"kvietimu gamyba, vokai d\u0117kliukai kvietimams, dovanu kuponams, su aukso akvarele\"},{\"@type\":\"BreadcrumbList\",\"@id\":\"https:\/\/bruknes.world\/produktai\/vokai\/spalvoti\/taskuoti-15x15\/#breadcrumb\",\"itemListElement\":[{\"@type\":\"ListItem\",\"position\":1,\"name\":\"Home\",\"item\":\"https:\/\/bruknes.world\/\"},{\"@type\":\"ListItem\",\"position\":2,\"name\":\"popieriniai dalykai\",\"item\":\"https:\/\/bruknes.world\/popieriniai-dalykai\/\"},{\"@type\":\"ListItem\",\"position\":3,\"name\":\"vokai \u2022 d\u0117kliukai \u2022 ta\u0161kuoti \u2022 15 x 15\"}]},{\"@type\":\"WebSite\",\"@id\":\"https:\/\/bruknes.world\/#website\",\"url\":\"https:\/\/bruknes.world\/\",\"name\":\"bruknes world\",\"description\":\"\",\"potentialAction\":[{\"@type\":\"SearchAction\",\"target\":{\"@type\":\"EntryPoint\",\"urlTemplate\":\"https:\/\/bruknes.world\/?s={search_term_string}\"},\"query-input\":{\"@type\":\"PropertyValueSpecification\",\"valueRequired\":true,\"valueName\":\"search_term_string\"}}],\"inLanguage\":\"en-US\"}]}<\/script>\n<!-- \/ Yoast SEO plugin. -->","yoast_head_json":{"title":"vokai \u2022 d\u0117kliukai \u2022 ta\u0161kuoti \u2022 15 x 15 - bruknes world","description":"Dekoratyvinio popieriaus sulankstomi vokai - d\u0117kliukai. \u0160ie vokai - d\u0117kliukai dekoruoti subtiliais aukso akvarel\u0117s ir balto tu\u0161o pata\u0161kymais.","robots":{"index":"index","follow":"follow","max-snippet":"max-snippet:-1","max-image-preview":"max-image-preview:large","max-video-preview":"max-video-preview:-1"},"canonical":"https:\/\/bruknes.world\/en\/produktai\/vokai\/spalvoti\/taskuoti-15x15\/","og_locale":"en_US","og_type":"article","og_title":"vokai \u2022 d\u0117kliukai \u2022 ta\u0161kuoti \u2022 15 x 15 - bruknes world","og_description":"Dekoratyvinio popieriaus sulankstomi vokai - d\u0117kliukai. \u0160ie vokai - d\u0117kliukai dekoruoti subtiliais aukso akvarel\u0117s ir balto tu\u0161o pata\u0161kymais.","og_url":"https:\/\/bruknes.world\/en\/produktai\/vokai\/spalvoti\/taskuoti-15x15\/","og_site_name":"bruknes world","article_modified_time":"2024-02-19T14:00:59+00:00","og_image":[{"width":1600,"height":2000,"url":"https:\/\/bruknes.world\/wp-content\/uploads\/2023\/01\/BW-popieriniai-dalykai-4591.jpg","type":"image\/jpeg"}],"twitter_card":"summary_large_image","schema":{"@context":"https:\/\/schema.org","@graph":[{"@type":"WebPage","@id":"https:\/\/bruknes.world\/produktai\/vokai\/spalvoti\/taskuoti-15x15\/","url":"https:\/\/bruknes.world\/produktai\/vokai\/spalvoti\/taskuoti-15x15\/","name":"vokai \u2022 d\u0117kliukai \u2022 ta\u0161kuoti \u2022 15 x 15 - bruknes world","isPartOf":{"@id":"https:\/\/bruknes.world\/#website"},"primaryImageOfPage":{"@id":"https:\/\/bruknes.world\/produktai\/vokai\/spalvoti\/taskuoti-15x15\/#primaryimage"},"image":{"@id":"https:\/\/bruknes.world\/produktai\/vokai\/spalvoti\/taskuoti-15x15\/#primaryimage"},"thumbnailUrl":"https:\/\/bruknes.world\/wp-content\/uploads\/2023\/01\/BW-popieriniai-dalykai-4591.jpg","datePublished":"2023-11-01T09:53:15+00:00","dateModified":"2024-02-19T14:00:59+00:00","description":"Dekoratyvinio popieriaus sulankstomi vokai - d\u0117kliukai. \u0160ie vokai - d\u0117kliukai dekoruoti subtiliais aukso akvarel\u0117s ir balto tu\u0161o pata\u0161kymais.","breadcrumb":{"@id":"https:\/\/bruknes.world\/produktai\/vokai\/spalvoti\/taskuoti-15x15\/#breadcrumb"},"inLanguage":"en-US","potentialAction":[{"@type":"ReadAction","target":["https:\/\/bruknes.world\/produktai\/vokai\/spalvoti\/taskuoti-15x15\/"]}]},{"@type":"ImageObject","inLanguage":"en-US","@id":"https:\/\/bruknes.world\/produktai\/vokai\/spalvoti\/taskuoti-15x15\/#primaryimage","url":"https:\/\/bruknes.world\/wp-content\/uploads\/2023\/01\/BW-popieriniai-dalykai-4591.jpg","contentUrl":"https:\/\/bruknes.world\/wp-content\/uploads\/2023\/01\/BW-popieriniai-dalykai-4591.jpg","width":1600,"height":2000,"caption":"kvietimu gamyba, vokai d\u0117kliukai kvietimams, dovanu kuponams, su aukso akvarele"},{"@type":"BreadcrumbList","@id":"https:\/\/bruknes.world\/produktai\/vokai\/spalvoti\/taskuoti-15x15\/#breadcrumb","itemListElement":[{"@type":"ListItem","position":1,"name":"Home","item":"https:\/\/bruknes.world\/"},{"@type":"ListItem","position":2,"name":"popieriniai dalykai","item":"https:\/\/bruknes.world\/popieriniai-dalykai\/"},{"@type":"ListItem","position":3,"name":"vokai \u2022 d\u0117kliukai \u2022 ta\u0161kuoti \u2022 15 x 15"}]},{"@type":"WebSite","@id":"https:\/\/bruknes.world\/#website","url":"https:\/\/bruknes.world\/","name":"bruknes world","description":"","potentialAction":[{"@type":"SearchAction","target":{"@type":"EntryPoint","urlTemplate":"https:\/\/bruknes.world\/?s={search_term_string}"},"query-input":{"@type":"PropertyValueSpecification","valueRequired":true,"valueName":"search_term_string"}}],"inLanguage":"en-US"}]}},"_links":{"self":[{"href":"https:\/\/bruknes.world\/en\/wp-json\/wp\/v2\/product\/8354","targetHints":{"allow":["GET"]}}],"collection":[{"href":"https:\/\/bruknes.world\/en\/wp-json\/wp\/v2\/product"}],"about":[{"href":"https:\/\/bruknes.world\/en\/wp-json\/wp\/v2\/types\/product"}],"wp:featuredmedia":[{"embeddable":true,"href":"https:\/\/bruknes.world\/en\/wp-json\/wp\/v2\/media\/8356"}],"wp:attachment":[{"href":"https:\/\/bruknes.world\/en\/wp-json\/wp\/v2\/media?parent=8354"}],"wp:term":[{"taxonomy":"product_brand","embeddable":true,"href":"https:\/\/bruknes.world\/en\/wp-json\/wp\/v2\/product_brand?post=8354"},{"taxonomy":"product_cat","embeddable":true,"href":"https:\/\/bruknes.world\/en\/wp-json\/wp\/v2\/product_cat?post=8354"},{"taxonomy":"product_tag","embeddable":true,"href":"https:\/\/bruknes.world\/en\/wp-json\/wp\/v2\/product_tag?post=8354"}],"curies":[{"name":"wp","href":"https:\/\/api.w.org\/{rel}","templated":true}]}}