{"id":8369,"date":"2023-01-20T12:09:09","date_gmt":"2023-01-20T10:09:09","guid":{"rendered":"https:\/\/bruknes.world\/?post_type=product&#038;p=8369"},"modified":"2024-02-19T16:01:19","modified_gmt":"2024-02-19T14:01:19","slug":"su-kisenele-taskuoti-21x10","status":"publish","type":"product","link":"https:\/\/bruknes.world\/en\/produktai\/vokai\/spalvoti\/su-kisenele-taskuoti-21x10\/","title":{"rendered":"vokai \u2022 d\u0117kliukai su ki\u0161en\u0117le \u2022 ta\u0161kuoti \u2022 21 x 10"},"content":{"rendered":"","protected":false},"excerpt":{"rendered":"<p>dekoratyvinio popieriaus sulankstomi vokai &#8211; d\u0117kliukai. \u0160ie vokai &#8211; d\u0117kliukai dekoruoti subtiliais aukso akvarel\u0117s ir balto tu\u0161o pata\u0161kymais, kurie savo blizgesiu d\u0117kliukui suteikia magi\u0161ko \u0161venti\u0161kumo. Tai gali b\u016bti \u012fdomus pakavimo sprendimas dovan\u0173 kuponams, vestuvi\u0173, krik\u0161tyn\u0173 ar kit\u0173 \u0161ven\u010di\u0173 kvietimams. Vokai &#8211; d\u0117kliukai u\u017eklijuojami dvipusiu lipduku, gali b\u016bti papildomai dekoruojami<\/p>\n<p>d\u0117kliuk\u0173 dekoravimo id\u0117jos:<\/p>\n<ul>\n<li>perri\u0161amas dekoratyvine juostele.<br \/>\nJuosteles dekoravimui galite i\u0161sirinkti <a href=\"https:\/\/bruknes.world\/en\/popieriniai-dalykai\/dovanu-pakavimas\/juosteles\/\" target=\"_blank\" rel=\"noopener\">\u010dia<\/a><\/li>\n<\/ul>\n<p>&#8211; &#8211; &#8211;<br \/>\nd\u0117kliuko dydis: 21 x 10 cm<br \/>\nmaksimalus vidin\u0117s kortel\u0117s dydis: 20 x 9 cm<br \/>\n<span style=\"color: #000000; font-family: Montserrat; font-size: medium;\">d\u0117kliuko popieriaus storis: 300 gsm<\/span><\/p>\n<p>Dalinam\u0117s kaip mes panaudojome vokus &#8211; d\u0117kliukus brukni\u0161kuose projektuose: <a href=\"https:\/\/bruknes.world\/en\/produktai\/kvietimai\/modernus\/vestuviu-kvietimai-miesto-atspindziai\/\" target=\"_blank\" rel=\"noopener\">Miesto atspind\u017eiai<\/a> \u2022<\/p>","protected":false},"featured_media":8364,"template":"","meta":[],"product_brand":[],"product_cat":[141,124,123],"product_tag":[],"class_list":{"0":"post-8369","1":"product","2":"type-product","3":"status-publish","4":"has-post-thumbnail","6":"product_cat-dekliukai","7":"product_cat-spalvoti","8":"product_cat-vokai","10":"first","11":"instock","12":"shipping-taxable","13":"purchasable","14":"product-type-variable"},"yoast_head":"<!-- This site is optimized with the Yoast SEO plugin v27.2 - https:\/\/yoast.com\/product\/yoast-seo-wordpress\/ -->\n<title>vokai \u2022 d\u0117kliukai su ki\u0161en\u0117le \u2022 ta\u0161kuoti \u2022 21 x 10 - bruknes world<\/title>\n<meta name=\"description\" content=\"Dekoratyvinio popieriaus sulankstomi vokai - d\u0117kliukai. \u0160ie vokai - d\u0117kliukai dekoruoti subtiliais aukso akvarel\u0117s ir balto tu\u0161o pata\u0161kymais.\" \/>\n<meta name=\"robots\" content=\"index, follow, max-snippet:-1, max-image-preview:large, max-video-preview:-1\" \/>\n<link rel=\"canonical\" href=\"https:\/\/bruknes.world\/en\/produktai\/vokai\/spalvoti\/su-kisenele-taskuoti-21x10\/\" \/>\n<meta property=\"og:locale\" content=\"en_US\" \/>\n<meta property=\"og:type\" content=\"article\" \/>\n<meta property=\"og:title\" content=\"vokai \u2022 d\u0117kliukai su ki\u0161en\u0117le \u2022 ta\u0161kuoti \u2022 21 x 10 - bruknes world\" \/>\n<meta property=\"og:description\" content=\"Dekoratyvinio popieriaus sulankstomi vokai - d\u0117kliukai. \u0160ie vokai - d\u0117kliukai dekoruoti subtiliais aukso akvarel\u0117s ir balto tu\u0161o pata\u0161kymais.\" \/>\n<meta property=\"og:url\" content=\"https:\/\/bruknes.world\/en\/produktai\/vokai\/spalvoti\/su-kisenele-taskuoti-21x10\/\" \/>\n<meta property=\"og:site_name\" content=\"bruknes world\" \/>\n<meta property=\"article:modified_time\" content=\"2024-02-19T14:01:19+00:00\" \/>\n<meta property=\"og:image\" content=\"https:\/\/bruknes.world\/wp-content\/uploads\/2023\/01\/BW-popieriniai-dalykai-4728.jpg\" \/>\n\t<meta property=\"og:image:width\" content=\"1600\" \/>\n\t<meta property=\"og:image:height\" content=\"2000\" \/>\n\t<meta property=\"og:image:type\" content=\"image\/jpeg\" \/>\n<meta name=\"twitter:card\" content=\"summary_large_image\" \/>\n<script type=\"application\/ld+json\" class=\"yoast-schema-graph\">{\"@context\":\"https:\/\/schema.org\",\"@graph\":[{\"@type\":\"WebPage\",\"@id\":\"https:\/\/bruknes.world\/produktai\/vokai\/spalvoti\/su-kisenele-taskuoti-21x10\/\",\"url\":\"https:\/\/bruknes.world\/produktai\/vokai\/spalvoti\/su-kisenele-taskuoti-21x10\/\",\"name\":\"vokai \u2022 d\u0117kliukai su ki\u0161en\u0117le \u2022 ta\u0161kuoti \u2022 21 x 10 - bruknes world\",\"isPartOf\":{\"@id\":\"https:\/\/bruknes.world\/#website\"},\"primaryImageOfPage\":{\"@id\":\"https:\/\/bruknes.world\/produktai\/vokai\/spalvoti\/su-kisenele-taskuoti-21x10\/#primaryimage\"},\"image\":{\"@id\":\"https:\/\/bruknes.world\/produktai\/vokai\/spalvoti\/su-kisenele-taskuoti-21x10\/#primaryimage\"},\"thumbnailUrl\":\"https:\/\/bruknes.world\/wp-content\/uploads\/2023\/01\/BW-popieriniai-dalykai-4728.jpg\",\"datePublished\":\"2023-01-20T10:09:09+00:00\",\"dateModified\":\"2024-02-19T14:01:19+00:00\",\"description\":\"Dekoratyvinio popieriaus sulankstomi vokai - d\u0117kliukai. \u0160ie vokai - d\u0117kliukai dekoruoti subtiliais aukso akvarel\u0117s ir balto tu\u0161o pata\u0161kymais.\",\"breadcrumb\":{\"@id\":\"https:\/\/bruknes.world\/produktai\/vokai\/spalvoti\/su-kisenele-taskuoti-21x10\/#breadcrumb\"},\"inLanguage\":\"en-US\",\"potentialAction\":[{\"@type\":\"ReadAction\",\"target\":[\"https:\/\/bruknes.world\/produktai\/vokai\/spalvoti\/su-kisenele-taskuoti-21x10\/\"]}]},{\"@type\":\"ImageObject\",\"inLanguage\":\"en-US\",\"@id\":\"https:\/\/bruknes.world\/produktai\/vokai\/spalvoti\/su-kisenele-taskuoti-21x10\/#primaryimage\",\"url\":\"https:\/\/bruknes.world\/wp-content\/uploads\/2023\/01\/BW-popieriniai-dalykai-4728.jpg\",\"contentUrl\":\"https:\/\/bruknes.world\/wp-content\/uploads\/2023\/01\/BW-popieriniai-dalykai-4728.jpg\",\"width\":1600,\"height\":2000,\"caption\":\"kvietimu gamyba, vokai d\u0117kliukai kvietimams, dovanu kuponams, su aukso akvarele\"},{\"@type\":\"BreadcrumbList\",\"@id\":\"https:\/\/bruknes.world\/produktai\/vokai\/spalvoti\/su-kisenele-taskuoti-21x10\/#breadcrumb\",\"itemListElement\":[{\"@type\":\"ListItem\",\"position\":1,\"name\":\"Home\",\"item\":\"https:\/\/bruknes.world\/\"},{\"@type\":\"ListItem\",\"position\":2,\"name\":\"popieriniai dalykai\",\"item\":\"https:\/\/bruknes.world\/popieriniai-dalykai\/\"},{\"@type\":\"ListItem\",\"position\":3,\"name\":\"vokai \u2022 d\u0117kliukai su ki\u0161en\u0117le \u2022 ta\u0161kuoti \u2022 21 x 10\"}]},{\"@type\":\"WebSite\",\"@id\":\"https:\/\/bruknes.world\/#website\",\"url\":\"https:\/\/bruknes.world\/\",\"name\":\"bruknes world\",\"description\":\"\",\"potentialAction\":[{\"@type\":\"SearchAction\",\"target\":{\"@type\":\"EntryPoint\",\"urlTemplate\":\"https:\/\/bruknes.world\/?s={search_term_string}\"},\"query-input\":{\"@type\":\"PropertyValueSpecification\",\"valueRequired\":true,\"valueName\":\"search_term_string\"}}],\"inLanguage\":\"en-US\"}]}<\/script>\n<!-- \/ Yoast SEO plugin. -->","yoast_head_json":{"title":"vokai \u2022 d\u0117kliukai su ki\u0161en\u0117le \u2022 ta\u0161kuoti \u2022 21 x 10 - bruknes world","description":"Dekoratyvinio popieriaus sulankstomi vokai - d\u0117kliukai. \u0160ie vokai - d\u0117kliukai dekoruoti subtiliais aukso akvarel\u0117s ir balto tu\u0161o pata\u0161kymais.","robots":{"index":"index","follow":"follow","max-snippet":"max-snippet:-1","max-image-preview":"max-image-preview:large","max-video-preview":"max-video-preview:-1"},"canonical":"https:\/\/bruknes.world\/en\/produktai\/vokai\/spalvoti\/su-kisenele-taskuoti-21x10\/","og_locale":"en_US","og_type":"article","og_title":"vokai \u2022 d\u0117kliukai su ki\u0161en\u0117le \u2022 ta\u0161kuoti \u2022 21 x 10 - bruknes world","og_description":"Dekoratyvinio popieriaus sulankstomi vokai - d\u0117kliukai. \u0160ie vokai - d\u0117kliukai dekoruoti subtiliais aukso akvarel\u0117s ir balto tu\u0161o pata\u0161kymais.","og_url":"https:\/\/bruknes.world\/en\/produktai\/vokai\/spalvoti\/su-kisenele-taskuoti-21x10\/","og_site_name":"bruknes world","article_modified_time":"2024-02-19T14:01:19+00:00","og_image":[{"width":1600,"height":2000,"url":"https:\/\/bruknes.world\/wp-content\/uploads\/2023\/01\/BW-popieriniai-dalykai-4728.jpg","type":"image\/jpeg"}],"twitter_card":"summary_large_image","schema":{"@context":"https:\/\/schema.org","@graph":[{"@type":"WebPage","@id":"https:\/\/bruknes.world\/produktai\/vokai\/spalvoti\/su-kisenele-taskuoti-21x10\/","url":"https:\/\/bruknes.world\/produktai\/vokai\/spalvoti\/su-kisenele-taskuoti-21x10\/","name":"vokai \u2022 d\u0117kliukai su ki\u0161en\u0117le \u2022 ta\u0161kuoti \u2022 21 x 10 - bruknes world","isPartOf":{"@id":"https:\/\/bruknes.world\/#website"},"primaryImageOfPage":{"@id":"https:\/\/bruknes.world\/produktai\/vokai\/spalvoti\/su-kisenele-taskuoti-21x10\/#primaryimage"},"image":{"@id":"https:\/\/bruknes.world\/produktai\/vokai\/spalvoti\/su-kisenele-taskuoti-21x10\/#primaryimage"},"thumbnailUrl":"https:\/\/bruknes.world\/wp-content\/uploads\/2023\/01\/BW-popieriniai-dalykai-4728.jpg","datePublished":"2023-01-20T10:09:09+00:00","dateModified":"2024-02-19T14:01:19+00:00","description":"Dekoratyvinio popieriaus sulankstomi vokai - d\u0117kliukai. \u0160ie vokai - d\u0117kliukai dekoruoti subtiliais aukso akvarel\u0117s ir balto tu\u0161o pata\u0161kymais.","breadcrumb":{"@id":"https:\/\/bruknes.world\/produktai\/vokai\/spalvoti\/su-kisenele-taskuoti-21x10\/#breadcrumb"},"inLanguage":"en-US","potentialAction":[{"@type":"ReadAction","target":["https:\/\/bruknes.world\/produktai\/vokai\/spalvoti\/su-kisenele-taskuoti-21x10\/"]}]},{"@type":"ImageObject","inLanguage":"en-US","@id":"https:\/\/bruknes.world\/produktai\/vokai\/spalvoti\/su-kisenele-taskuoti-21x10\/#primaryimage","url":"https:\/\/bruknes.world\/wp-content\/uploads\/2023\/01\/BW-popieriniai-dalykai-4728.jpg","contentUrl":"https:\/\/bruknes.world\/wp-content\/uploads\/2023\/01\/BW-popieriniai-dalykai-4728.jpg","width":1600,"height":2000,"caption":"kvietimu gamyba, vokai d\u0117kliukai kvietimams, dovanu kuponams, su aukso akvarele"},{"@type":"BreadcrumbList","@id":"https:\/\/bruknes.world\/produktai\/vokai\/spalvoti\/su-kisenele-taskuoti-21x10\/#breadcrumb","itemListElement":[{"@type":"ListItem","position":1,"name":"Home","item":"https:\/\/bruknes.world\/"},{"@type":"ListItem","position":2,"name":"popieriniai dalykai","item":"https:\/\/bruknes.world\/popieriniai-dalykai\/"},{"@type":"ListItem","position":3,"name":"vokai \u2022 d\u0117kliukai su ki\u0161en\u0117le \u2022 ta\u0161kuoti \u2022 21 x 10"}]},{"@type":"WebSite","@id":"https:\/\/bruknes.world\/#website","url":"https:\/\/bruknes.world\/","name":"bruknes world","description":"","potentialAction":[{"@type":"SearchAction","target":{"@type":"EntryPoint","urlTemplate":"https:\/\/bruknes.world\/?s={search_term_string}"},"query-input":{"@type":"PropertyValueSpecification","valueRequired":true,"valueName":"search_term_string"}}],"inLanguage":"en-US"}]}},"_links":{"self":[{"href":"https:\/\/bruknes.world\/en\/wp-json\/wp\/v2\/product\/8369","targetHints":{"allow":["GET"]}}],"collection":[{"href":"https:\/\/bruknes.world\/en\/wp-json\/wp\/v2\/product"}],"about":[{"href":"https:\/\/bruknes.world\/en\/wp-json\/wp\/v2\/types\/product"}],"wp:featuredmedia":[{"embeddable":true,"href":"https:\/\/bruknes.world\/en\/wp-json\/wp\/v2\/media\/8364"}],"wp:attachment":[{"href":"https:\/\/bruknes.world\/en\/wp-json\/wp\/v2\/media?parent=8369"}],"wp:term":[{"taxonomy":"product_brand","embeddable":true,"href":"https:\/\/bruknes.world\/en\/wp-json\/wp\/v2\/product_brand?post=8369"},{"taxonomy":"product_cat","embeddable":true,"href":"https:\/\/bruknes.world\/en\/wp-json\/wp\/v2\/product_cat?post=8369"},{"taxonomy":"product_tag","embeddable":true,"href":"https:\/\/bruknes.world\/en\/wp-json\/wp\/v2\/product_tag?post=8369"}],"curies":[{"name":"wp","href":"https:\/\/api.w.org\/{rel}","templated":true}]}}