{"id":8466,"date":"2023-01-20T12:00:49","date_gmt":"2023-01-20T10:00:49","guid":{"rendered":"https:\/\/bruknes.world\/?post_type=product&#038;p=8466"},"modified":"2024-02-19T16:01:28","modified_gmt":"2024-02-19T14:01:28","slug":"su-kaspinu-spalvoti-staciakampiai","status":"publish","type":"product","link":"https:\/\/bruknes.world\/en\/produktai\/vokai\/spalvoti\/su-kaspinu-spalvoti-staciakampiai\/","title":{"rendered":"vokai \u2022 d\u0117kliukai su kaspinu \u2022 spalvoti \u2022 16,5 x 12"},"content":{"rendered":"","protected":false},"excerpt":{"rendered":"<p><span style=\"color: #000000; font-family: Montserrat; font-size: medium;\">dekoratyvinio popieriaus origami principu sulankstomi vokai &#8211; d\u0117kliukai su skylut\u0117mis kaspinui perverti bei suri\u0161ti. \u0160ie spalvoti vokai &#8211; d\u0117kliukai gali b\u016bti \u012fdomus pakavimo sprendimas dovan\u0173 kuponams, vestuvi\u0173, krik\u0161tyn\u0173 ar kit\u0173 \u0161ven\u010di\u0173 kvietimams<\/span><\/p>\n<p><span style=\"color: #000000; font-family: Montserrat; font-size: medium;\">d\u0117kliukai parduodami be juostel\u0117s<br \/>\n<\/span><span style=\"color: #000000; font-family: Montserrat; font-size: medium;\">juosteles dekoravimui galite i\u0161sirinkti <a href=\"https:\/\/bruknes.world\/en\/popieriniai-dalykai\/dovanu-pakavimas\/juosteles\/\" target=\"_blank\" rel=\"noopener\">\u010dia<\/a><br \/>\nvieno d\u0117kliuko dailiam u\u017eri\u0161imui reik\u0117t\u0173 apie 60cm juostel\u0117s<\/span><\/p>\n<p><span style=\"color: #000000; font-family: Montserrat; font-size: medium;\">&#8211; &#8211; &#8211;<br \/>\n<\/span><span style=\"color: #000000; font-family: Montserrat; font-size: medium;\">d\u0117kliuko dydis: 16,5 x 12 cm<br \/>\n<\/span><span style=\"color: #000000; font-family: Montserrat; font-size: medium;\">maksimalus vidin\u0117s kortel\u0117s dydis: 16 x 11,5 cm<br \/>\nd\u0117kliuko popieriaus storis: 300 gsm<br \/>\n<\/span><\/p>\n<p>Dalinam\u0117s kaip mes panaudojome vokus &#8211; d\u0117kliukus brukni\u0161kuose projektuose: <a href=\"https:\/\/bruknes.world\/en\/produktai\/kvietimai\/modernus\/vestuviu-kvietimai-artumas\/\" target=\"_blank\" rel=\"noopener\">Artumas<\/a> \u2022 <a href=\"https:\/\/bruknes.world\/en\/produktai\/kvietimai\/botaniniai\/vestuviu-kvietimai-kvapnus-provansas\/\" target=\"_blank\" rel=\"noopener\">Kvapnus provansas<\/a> \u2022<a href=\"https:\/\/bruknes.world\/en\/produktai\/kvietimai\/elegantiski\/vestuviu-kvietimai-karaliskas-laiskas\/\" target=\"_blank\" rel=\"noopener\"> Karali\u0161kas lai\u0161kas<\/a><\/p>","protected":false},"featured_media":8459,"template":"","meta":[],"product_brand":[],"product_cat":[141,124,123],"product_tag":[],"class_list":{"0":"post-8466","1":"product","2":"type-product","3":"status-publish","4":"has-post-thumbnail","6":"product_cat-dekliukai","7":"product_cat-spalvoti","8":"product_cat-vokai","10":"first","11":"instock","12":"shipping-taxable","13":"purchasable","14":"product-type-variable"},"yoast_head":"<!-- This site is optimized with the Yoast SEO plugin v27.2 - https:\/\/yoast.com\/product\/yoast-seo-wordpress\/ -->\n<title>vokai \u2022 d\u0117kliukai su kaspinu \u2022 spalvoti \u2022 16,5 x 12 - bruknes world<\/title>\n<meta name=\"description\" content=\"Dekoratyvinio popieriaus spalvoti sulankstomi vokai - d\u0117kliukai su skylut\u0117mis kaspinui perverti bei suri\u0161ti, kvietimams, sveikinimams ar kuponams supakuoti.\" \/>\n<meta name=\"robots\" content=\"index, follow, max-snippet:-1, max-image-preview:large, max-video-preview:-1\" \/>\n<link rel=\"canonical\" href=\"https:\/\/bruknes.world\/en\/produktai\/vokai\/spalvoti\/su-kaspinu-spalvoti-staciakampiai\/\" \/>\n<meta property=\"og:locale\" content=\"en_US\" \/>\n<meta property=\"og:type\" content=\"article\" \/>\n<meta property=\"og:title\" content=\"vokai \u2022 d\u0117kliukai su kaspinu \u2022 spalvoti \u2022 16,5 x 12 - bruknes world\" \/>\n<meta property=\"og:description\" content=\"Dekoratyvinio popieriaus spalvoti sulankstomi vokai - d\u0117kliukai su skylut\u0117mis kaspinui perverti bei suri\u0161ti, kvietimams, sveikinimams ar kuponams supakuoti.\" \/>\n<meta property=\"og:url\" content=\"https:\/\/bruknes.world\/en\/produktai\/vokai\/spalvoti\/su-kaspinu-spalvoti-staciakampiai\/\" \/>\n<meta property=\"og:site_name\" content=\"bruknes world\" \/>\n<meta property=\"article:modified_time\" content=\"2024-02-19T14:01:28+00:00\" \/>\n<meta property=\"og:image\" content=\"https:\/\/bruknes.world\/wp-content\/uploads\/2023\/01\/BW-popieriniai-dalykai-4685.jpg\" \/>\n\t<meta property=\"og:image:width\" content=\"1600\" \/>\n\t<meta property=\"og:image:height\" content=\"2000\" \/>\n\t<meta property=\"og:image:type\" content=\"image\/jpeg\" \/>\n<meta name=\"twitter:card\" content=\"summary_large_image\" \/>\n<script type=\"application\/ld+json\" class=\"yoast-schema-graph\">{\"@context\":\"https:\/\/schema.org\",\"@graph\":[{\"@type\":\"WebPage\",\"@id\":\"https:\/\/bruknes.world\/produktai\/vokai\/spalvoti\/su-kaspinu-spalvoti-staciakampiai\/\",\"url\":\"https:\/\/bruknes.world\/produktai\/vokai\/spalvoti\/su-kaspinu-spalvoti-staciakampiai\/\",\"name\":\"vokai \u2022 d\u0117kliukai su kaspinu \u2022 spalvoti \u2022 16,5 x 12 - bruknes world\",\"isPartOf\":{\"@id\":\"https:\/\/bruknes.world\/#website\"},\"primaryImageOfPage\":{\"@id\":\"https:\/\/bruknes.world\/produktai\/vokai\/spalvoti\/su-kaspinu-spalvoti-staciakampiai\/#primaryimage\"},\"image\":{\"@id\":\"https:\/\/bruknes.world\/produktai\/vokai\/spalvoti\/su-kaspinu-spalvoti-staciakampiai\/#primaryimage\"},\"thumbnailUrl\":\"https:\/\/bruknes.world\/wp-content\/uploads\/2023\/01\/BW-popieriniai-dalykai-4685.jpg\",\"datePublished\":\"2023-01-20T10:00:49+00:00\",\"dateModified\":\"2024-02-19T14:01:28+00:00\",\"description\":\"Dekoratyvinio popieriaus spalvoti sulankstomi vokai - d\u0117kliukai su skylut\u0117mis kaspinui perverti bei suri\u0161ti, kvietimams, sveikinimams ar kuponams supakuoti.\",\"breadcrumb\":{\"@id\":\"https:\/\/bruknes.world\/produktai\/vokai\/spalvoti\/su-kaspinu-spalvoti-staciakampiai\/#breadcrumb\"},\"inLanguage\":\"en-US\",\"potentialAction\":[{\"@type\":\"ReadAction\",\"target\":[\"https:\/\/bruknes.world\/produktai\/vokai\/spalvoti\/su-kaspinu-spalvoti-staciakampiai\/\"]}]},{\"@type\":\"ImageObject\",\"inLanguage\":\"en-US\",\"@id\":\"https:\/\/bruknes.world\/produktai\/vokai\/spalvoti\/su-kaspinu-spalvoti-staciakampiai\/#primaryimage\",\"url\":\"https:\/\/bruknes.world\/wp-content\/uploads\/2023\/01\/BW-popieriniai-dalykai-4685.jpg\",\"contentUrl\":\"https:\/\/bruknes.world\/wp-content\/uploads\/2023\/01\/BW-popieriniai-dalykai-4685.jpg\",\"width\":1600,\"height\":2000,\"caption\":\"kvietimu gamyba, d\u0117kliukas kvietimui su dekoru\"},{\"@type\":\"BreadcrumbList\",\"@id\":\"https:\/\/bruknes.world\/produktai\/vokai\/spalvoti\/su-kaspinu-spalvoti-staciakampiai\/#breadcrumb\",\"itemListElement\":[{\"@type\":\"ListItem\",\"position\":1,\"name\":\"Home\",\"item\":\"https:\/\/bruknes.world\/\"},{\"@type\":\"ListItem\",\"position\":2,\"name\":\"popieriniai dalykai\",\"item\":\"https:\/\/bruknes.world\/popieriniai-dalykai\/\"},{\"@type\":\"ListItem\",\"position\":3,\"name\":\"vokai \u2022 d\u0117kliukai su kaspinu \u2022 spalvoti \u2022 16,5 x 12\"}]},{\"@type\":\"WebSite\",\"@id\":\"https:\/\/bruknes.world\/#website\",\"url\":\"https:\/\/bruknes.world\/\",\"name\":\"bruknes world\",\"description\":\"\",\"potentialAction\":[{\"@type\":\"SearchAction\",\"target\":{\"@type\":\"EntryPoint\",\"urlTemplate\":\"https:\/\/bruknes.world\/?s={search_term_string}\"},\"query-input\":{\"@type\":\"PropertyValueSpecification\",\"valueRequired\":true,\"valueName\":\"search_term_string\"}}],\"inLanguage\":\"en-US\"}]}<\/script>\n<!-- \/ Yoast SEO plugin. -->","yoast_head_json":{"title":"vokai \u2022 d\u0117kliukai su kaspinu \u2022 spalvoti \u2022 16,5 x 12 - bruknes world","description":"Dekoratyvinio popieriaus spalvoti sulankstomi vokai - d\u0117kliukai su skylut\u0117mis kaspinui perverti bei suri\u0161ti, kvietimams, sveikinimams ar kuponams supakuoti.","robots":{"index":"index","follow":"follow","max-snippet":"max-snippet:-1","max-image-preview":"max-image-preview:large","max-video-preview":"max-video-preview:-1"},"canonical":"https:\/\/bruknes.world\/en\/produktai\/vokai\/spalvoti\/su-kaspinu-spalvoti-staciakampiai\/","og_locale":"en_US","og_type":"article","og_title":"vokai \u2022 d\u0117kliukai su kaspinu \u2022 spalvoti \u2022 16,5 x 12 - bruknes world","og_description":"Dekoratyvinio popieriaus spalvoti sulankstomi vokai - d\u0117kliukai su skylut\u0117mis kaspinui perverti bei suri\u0161ti, kvietimams, sveikinimams ar kuponams supakuoti.","og_url":"https:\/\/bruknes.world\/en\/produktai\/vokai\/spalvoti\/su-kaspinu-spalvoti-staciakampiai\/","og_site_name":"bruknes world","article_modified_time":"2024-02-19T14:01:28+00:00","og_image":[{"width":1600,"height":2000,"url":"https:\/\/bruknes.world\/wp-content\/uploads\/2023\/01\/BW-popieriniai-dalykai-4685.jpg","type":"image\/jpeg"}],"twitter_card":"summary_large_image","schema":{"@context":"https:\/\/schema.org","@graph":[{"@type":"WebPage","@id":"https:\/\/bruknes.world\/produktai\/vokai\/spalvoti\/su-kaspinu-spalvoti-staciakampiai\/","url":"https:\/\/bruknes.world\/produktai\/vokai\/spalvoti\/su-kaspinu-spalvoti-staciakampiai\/","name":"vokai \u2022 d\u0117kliukai su kaspinu \u2022 spalvoti \u2022 16,5 x 12 - bruknes world","isPartOf":{"@id":"https:\/\/bruknes.world\/#website"},"primaryImageOfPage":{"@id":"https:\/\/bruknes.world\/produktai\/vokai\/spalvoti\/su-kaspinu-spalvoti-staciakampiai\/#primaryimage"},"image":{"@id":"https:\/\/bruknes.world\/produktai\/vokai\/spalvoti\/su-kaspinu-spalvoti-staciakampiai\/#primaryimage"},"thumbnailUrl":"https:\/\/bruknes.world\/wp-content\/uploads\/2023\/01\/BW-popieriniai-dalykai-4685.jpg","datePublished":"2023-01-20T10:00:49+00:00","dateModified":"2024-02-19T14:01:28+00:00","description":"Dekoratyvinio popieriaus spalvoti sulankstomi vokai - d\u0117kliukai su skylut\u0117mis kaspinui perverti bei suri\u0161ti, kvietimams, sveikinimams ar kuponams supakuoti.","breadcrumb":{"@id":"https:\/\/bruknes.world\/produktai\/vokai\/spalvoti\/su-kaspinu-spalvoti-staciakampiai\/#breadcrumb"},"inLanguage":"en-US","potentialAction":[{"@type":"ReadAction","target":["https:\/\/bruknes.world\/produktai\/vokai\/spalvoti\/su-kaspinu-spalvoti-staciakampiai\/"]}]},{"@type":"ImageObject","inLanguage":"en-US","@id":"https:\/\/bruknes.world\/produktai\/vokai\/spalvoti\/su-kaspinu-spalvoti-staciakampiai\/#primaryimage","url":"https:\/\/bruknes.world\/wp-content\/uploads\/2023\/01\/BW-popieriniai-dalykai-4685.jpg","contentUrl":"https:\/\/bruknes.world\/wp-content\/uploads\/2023\/01\/BW-popieriniai-dalykai-4685.jpg","width":1600,"height":2000,"caption":"kvietimu gamyba, d\u0117kliukas kvietimui su dekoru"},{"@type":"BreadcrumbList","@id":"https:\/\/bruknes.world\/produktai\/vokai\/spalvoti\/su-kaspinu-spalvoti-staciakampiai\/#breadcrumb","itemListElement":[{"@type":"ListItem","position":1,"name":"Home","item":"https:\/\/bruknes.world\/"},{"@type":"ListItem","position":2,"name":"popieriniai dalykai","item":"https:\/\/bruknes.world\/popieriniai-dalykai\/"},{"@type":"ListItem","position":3,"name":"vokai \u2022 d\u0117kliukai su kaspinu \u2022 spalvoti \u2022 16,5 x 12"}]},{"@type":"WebSite","@id":"https:\/\/bruknes.world\/#website","url":"https:\/\/bruknes.world\/","name":"bruknes world","description":"","potentialAction":[{"@type":"SearchAction","target":{"@type":"EntryPoint","urlTemplate":"https:\/\/bruknes.world\/?s={search_term_string}"},"query-input":{"@type":"PropertyValueSpecification","valueRequired":true,"valueName":"search_term_string"}}],"inLanguage":"en-US"}]}},"_links":{"self":[{"href":"https:\/\/bruknes.world\/en\/wp-json\/wp\/v2\/product\/8466","targetHints":{"allow":["GET"]}}],"collection":[{"href":"https:\/\/bruknes.world\/en\/wp-json\/wp\/v2\/product"}],"about":[{"href":"https:\/\/bruknes.world\/en\/wp-json\/wp\/v2\/types\/product"}],"wp:featuredmedia":[{"embeddable":true,"href":"https:\/\/bruknes.world\/en\/wp-json\/wp\/v2\/media\/8459"}],"wp:attachment":[{"href":"https:\/\/bruknes.world\/en\/wp-json\/wp\/v2\/media?parent=8466"}],"wp:term":[{"taxonomy":"product_brand","embeddable":true,"href":"https:\/\/bruknes.world\/en\/wp-json\/wp\/v2\/product_brand?post=8466"},{"taxonomy":"product_cat","embeddable":true,"href":"https:\/\/bruknes.world\/en\/wp-json\/wp\/v2\/product_cat?post=8466"},{"taxonomy":"product_tag","embeddable":true,"href":"https:\/\/bruknes.world\/en\/wp-json\/wp\/v2\/product_tag?post=8466"}],"curies":[{"name":"wp","href":"https:\/\/api.w.org\/{rel}","templated":true}]}}