{"id":8556,"date":"2023-01-20T15:05:49","date_gmt":"2023-01-20T13:05:49","guid":{"rendered":"https:\/\/bruknes.world\/?post_type=product&#038;p=8556"},"modified":"2023-01-31T11:17:37","modified_gmt":"2023-01-31T09:17:37","slug":"dovanu-pakavimo-rinkinys-taskas","status":"publish","type":"product","link":"https:\/\/bruknes.world\/en\/produktai\/dovanu-pakavimas\/dovanu-pakavimo-rinkiniai\/dovanu-pakavimo-rinkinys-taskas\/","title":{"rendered":"dovan\u0173 pakavimo rinkinys \u2022 ta\u0161kas"},"content":{"rendered":"","protected":false},"excerpt":{"rendered":"<p><span style=\"color: #000000; font-family: Montserrat; font-size: medium;\">dailiame d\u0117kle su ki\u0161en\u0117l\u0117mis supakuotos priri\u0161amos etiket\u0117s, lipdukai ir atviruk\u0173 paruo\u0161tukai. Tai dovan\u0173 pakavimo priemoni\u0173 rinkinio sudedamosios dalys, kurios pad\u0117s ypatingai u\u017ebaigti dovan\u0105 subtiliais akcentais<\/span><\/p>\n<p><span style=\"color: #000000; font-family: Montserrat; font-size: medium;\">rinkin\u012f sudaro:<br \/>\n<\/span><span style=\"color: #000000; font-family: Montserrat; font-size: medium;\">\u2013 10 tagiuk\u0173 &#8211; priri\u0161am\u0173 etike\u010di\u0173 (dydis 5 x 10 cm)<br \/>\n<\/span><span style=\"color: #000000; font-family: Montserrat; font-size: medium;\">\u2013 6 kortel\u0117s link\u0117jimams ra\u0161yti (dydis 16 x 12 cm)<br \/>\n<\/span><span style=\"color: #000000; font-family: Montserrat; font-size: medium;\">\u2013 4 lipdukai (dydis 5 x 10 cm)<br \/>\n<\/span><span style=\"color: #000000; font-family: Montserrat; font-size: medium;\">\u2013 pagaminta su meile m\u016bs\u0173 studijoje, naudojant 250 g dekoratyvin\u012f popieri\u0173<\/span><\/p>\n<p><span style=\"color: #000000; font-family: Montserrat; font-size: medium;\">\u2022 <b>tvarumas<\/b> &#8211; \u0161is produktas sukurtas naudojant popieriaus atrai\u017eas liekan\u010dias nuo vestuvini\u0173 kvietim\u0173 gamybos. Nesuprantamas popieriaus \u0161naresys besikaupian\u010diose kr\u016bvel\u0117se, paku\u017ed\u0117jo prakti\u0161kos estetikos id\u0117j\u0105 \u2013 taip gim\u0117 dovan\u0173 pakavimo priemoni\u0173 rinkiniai, bei tagiukai &#8211; priri\u0161amos etiket\u0117s<\/span><\/p>","protected":false},"featured_media":8575,"template":"","meta":[],"product_brand":[],"product_cat":[118,119],"product_tag":[],"class_list":{"0":"post-8556","1":"product","2":"type-product","3":"status-publish","4":"has-post-thumbnail","6":"product_cat-dovanu-pakavimas","7":"product_cat-dovanu-pakavimo-rinkiniai","9":"first","10":"instock","11":"shipping-taxable","12":"purchasable","13":"product-type-variable"},"yoast_head":"<!-- This site is optimized with the Yoast SEO plugin v27.2 - https:\/\/yoast.com\/product\/yoast-seo-wordpress\/ -->\n<title>dovan\u0173 pakavimo rinkinys \u2022 ta\u0161kas - bruknes world<\/title>\n<meta name=\"description\" content=\"Dovan\u0173 pakavimo rinkinys - priri\u0161amos etiket\u0117s, lipdukai ir atviruk\u0173 paruo\u0161tukai. Pad\u0117s ypatingai u\u017ebaigti dovan\u0105 subtiliais akcentais.\" \/>\n<meta name=\"robots\" content=\"index, follow, max-snippet:-1, max-image-preview:large, max-video-preview:-1\" \/>\n<link rel=\"canonical\" href=\"https:\/\/bruknes.world\/en\/produktai\/dovanu-pakavimas\/dovanu-pakavimo-rinkiniai\/dovanu-pakavimo-rinkinys-taskas\/\" \/>\n<meta property=\"og:locale\" content=\"en_US\" \/>\n<meta property=\"og:type\" content=\"article\" \/>\n<meta property=\"og:title\" content=\"dovan\u0173 pakavimo rinkinys \u2022 ta\u0161kas - bruknes world\" \/>\n<meta property=\"og:description\" content=\"Dovan\u0173 pakavimo rinkinys - priri\u0161amos etiket\u0117s, lipdukai ir atviruk\u0173 paruo\u0161tukai. Pad\u0117s ypatingai u\u017ebaigti dovan\u0105 subtiliais akcentais.\" \/>\n<meta property=\"og:url\" content=\"https:\/\/bruknes.world\/en\/produktai\/dovanu-pakavimas\/dovanu-pakavimo-rinkiniai\/dovanu-pakavimo-rinkinys-taskas\/\" \/>\n<meta property=\"og:site_name\" content=\"bruknes world\" \/>\n<meta property=\"article:modified_time\" content=\"2023-01-31T09:17:37+00:00\" \/>\n<meta property=\"og:image\" content=\"https:\/\/bruknes.world\/wp-content\/uploads\/2023\/01\/BW-popieriniai-dalykai-5511.jpg\" \/>\n\t<meta property=\"og:image:width\" content=\"1600\" \/>\n\t<meta property=\"og:image:height\" content=\"2000\" \/>\n\t<meta property=\"og:image:type\" content=\"image\/jpeg\" \/>\n<meta name=\"twitter:card\" content=\"summary_large_image\" \/>\n<script type=\"application\/ld+json\" class=\"yoast-schema-graph\">{\"@context\":\"https:\/\/schema.org\",\"@graph\":[{\"@type\":\"WebPage\",\"@id\":\"https:\/\/bruknes.world\/produktai\/dovanu-pakavimas\/dovanu-pakavimo-rinkiniai\/dovanu-pakavimo-rinkinys-taskas\/\",\"url\":\"https:\/\/bruknes.world\/produktai\/dovanu-pakavimas\/dovanu-pakavimo-rinkiniai\/dovanu-pakavimo-rinkinys-taskas\/\",\"name\":\"dovan\u0173 pakavimo rinkinys \u2022 ta\u0161kas - bruknes world\",\"isPartOf\":{\"@id\":\"https:\/\/bruknes.world\/#website\"},\"primaryImageOfPage\":{\"@id\":\"https:\/\/bruknes.world\/produktai\/dovanu-pakavimas\/dovanu-pakavimo-rinkiniai\/dovanu-pakavimo-rinkinys-taskas\/#primaryimage\"},\"image\":{\"@id\":\"https:\/\/bruknes.world\/produktai\/dovanu-pakavimas\/dovanu-pakavimo-rinkiniai\/dovanu-pakavimo-rinkinys-taskas\/#primaryimage\"},\"thumbnailUrl\":\"https:\/\/bruknes.world\/wp-content\/uploads\/2023\/01\/BW-popieriniai-dalykai-5511.jpg\",\"datePublished\":\"2023-01-20T13:05:49+00:00\",\"dateModified\":\"2023-01-31T09:17:37+00:00\",\"description\":\"Dovan\u0173 pakavimo rinkinys - priri\u0161amos etiket\u0117s, lipdukai ir atviruk\u0173 paruo\u0161tukai. Pad\u0117s ypatingai u\u017ebaigti dovan\u0105 subtiliais akcentais.\",\"breadcrumb\":{\"@id\":\"https:\/\/bruknes.world\/produktai\/dovanu-pakavimas\/dovanu-pakavimo-rinkiniai\/dovanu-pakavimo-rinkinys-taskas\/#breadcrumb\"},\"inLanguage\":\"en-US\",\"potentialAction\":[{\"@type\":\"ReadAction\",\"target\":[\"https:\/\/bruknes.world\/produktai\/dovanu-pakavimas\/dovanu-pakavimo-rinkiniai\/dovanu-pakavimo-rinkinys-taskas\/\"]}]},{\"@type\":\"ImageObject\",\"inLanguage\":\"en-US\",\"@id\":\"https:\/\/bruknes.world\/produktai\/dovanu-pakavimas\/dovanu-pakavimo-rinkiniai\/dovanu-pakavimo-rinkinys-taskas\/#primaryimage\",\"url\":\"https:\/\/bruknes.world\/wp-content\/uploads\/2023\/01\/BW-popieriniai-dalykai-5511.jpg\",\"contentUrl\":\"https:\/\/bruknes.world\/wp-content\/uploads\/2023\/01\/BW-popieriniai-dalykai-5511.jpg\",\"width\":1600,\"height\":2000,\"caption\":\"dovanu pakavimo priemones, popierines etiketes, atvirukai, lipdukai\"},{\"@type\":\"BreadcrumbList\",\"@id\":\"https:\/\/bruknes.world\/produktai\/dovanu-pakavimas\/dovanu-pakavimo-rinkiniai\/dovanu-pakavimo-rinkinys-taskas\/#breadcrumb\",\"itemListElement\":[{\"@type\":\"ListItem\",\"position\":1,\"name\":\"Home\",\"item\":\"https:\/\/bruknes.world\/\"},{\"@type\":\"ListItem\",\"position\":2,\"name\":\"popieriniai dalykai\",\"item\":\"https:\/\/bruknes.world\/popieriniai-dalykai\/\"},{\"@type\":\"ListItem\",\"position\":3,\"name\":\"dovan\u0173 pakavimo rinkinys \u2022 ta\u0161kas\"}]},{\"@type\":\"WebSite\",\"@id\":\"https:\/\/bruknes.world\/#website\",\"url\":\"https:\/\/bruknes.world\/\",\"name\":\"bruknes world\",\"description\":\"\",\"potentialAction\":[{\"@type\":\"SearchAction\",\"target\":{\"@type\":\"EntryPoint\",\"urlTemplate\":\"https:\/\/bruknes.world\/?s={search_term_string}\"},\"query-input\":{\"@type\":\"PropertyValueSpecification\",\"valueRequired\":true,\"valueName\":\"search_term_string\"}}],\"inLanguage\":\"en-US\"}]}<\/script>\n<!-- \/ Yoast SEO plugin. -->","yoast_head_json":{"title":"dovan\u0173 pakavimo rinkinys \u2022 ta\u0161kas - bruknes world","description":"Dovan\u0173 pakavimo rinkinys - priri\u0161amos etiket\u0117s, lipdukai ir atviruk\u0173 paruo\u0161tukai. Pad\u0117s ypatingai u\u017ebaigti dovan\u0105 subtiliais akcentais.","robots":{"index":"index","follow":"follow","max-snippet":"max-snippet:-1","max-image-preview":"max-image-preview:large","max-video-preview":"max-video-preview:-1"},"canonical":"https:\/\/bruknes.world\/en\/produktai\/dovanu-pakavimas\/dovanu-pakavimo-rinkiniai\/dovanu-pakavimo-rinkinys-taskas\/","og_locale":"en_US","og_type":"article","og_title":"dovan\u0173 pakavimo rinkinys \u2022 ta\u0161kas - bruknes world","og_description":"Dovan\u0173 pakavimo rinkinys - priri\u0161amos etiket\u0117s, lipdukai ir atviruk\u0173 paruo\u0161tukai. Pad\u0117s ypatingai u\u017ebaigti dovan\u0105 subtiliais akcentais.","og_url":"https:\/\/bruknes.world\/en\/produktai\/dovanu-pakavimas\/dovanu-pakavimo-rinkiniai\/dovanu-pakavimo-rinkinys-taskas\/","og_site_name":"bruknes world","article_modified_time":"2023-01-31T09:17:37+00:00","og_image":[{"width":1600,"height":2000,"url":"https:\/\/bruknes.world\/wp-content\/uploads\/2023\/01\/BW-popieriniai-dalykai-5511.jpg","type":"image\/jpeg"}],"twitter_card":"summary_large_image","schema":{"@context":"https:\/\/schema.org","@graph":[{"@type":"WebPage","@id":"https:\/\/bruknes.world\/produktai\/dovanu-pakavimas\/dovanu-pakavimo-rinkiniai\/dovanu-pakavimo-rinkinys-taskas\/","url":"https:\/\/bruknes.world\/produktai\/dovanu-pakavimas\/dovanu-pakavimo-rinkiniai\/dovanu-pakavimo-rinkinys-taskas\/","name":"dovan\u0173 pakavimo rinkinys \u2022 ta\u0161kas - bruknes world","isPartOf":{"@id":"https:\/\/bruknes.world\/#website"},"primaryImageOfPage":{"@id":"https:\/\/bruknes.world\/produktai\/dovanu-pakavimas\/dovanu-pakavimo-rinkiniai\/dovanu-pakavimo-rinkinys-taskas\/#primaryimage"},"image":{"@id":"https:\/\/bruknes.world\/produktai\/dovanu-pakavimas\/dovanu-pakavimo-rinkiniai\/dovanu-pakavimo-rinkinys-taskas\/#primaryimage"},"thumbnailUrl":"https:\/\/bruknes.world\/wp-content\/uploads\/2023\/01\/BW-popieriniai-dalykai-5511.jpg","datePublished":"2023-01-20T13:05:49+00:00","dateModified":"2023-01-31T09:17:37+00:00","description":"Dovan\u0173 pakavimo rinkinys - priri\u0161amos etiket\u0117s, lipdukai ir atviruk\u0173 paruo\u0161tukai. Pad\u0117s ypatingai u\u017ebaigti dovan\u0105 subtiliais akcentais.","breadcrumb":{"@id":"https:\/\/bruknes.world\/produktai\/dovanu-pakavimas\/dovanu-pakavimo-rinkiniai\/dovanu-pakavimo-rinkinys-taskas\/#breadcrumb"},"inLanguage":"en-US","potentialAction":[{"@type":"ReadAction","target":["https:\/\/bruknes.world\/produktai\/dovanu-pakavimas\/dovanu-pakavimo-rinkiniai\/dovanu-pakavimo-rinkinys-taskas\/"]}]},{"@type":"ImageObject","inLanguage":"en-US","@id":"https:\/\/bruknes.world\/produktai\/dovanu-pakavimas\/dovanu-pakavimo-rinkiniai\/dovanu-pakavimo-rinkinys-taskas\/#primaryimage","url":"https:\/\/bruknes.world\/wp-content\/uploads\/2023\/01\/BW-popieriniai-dalykai-5511.jpg","contentUrl":"https:\/\/bruknes.world\/wp-content\/uploads\/2023\/01\/BW-popieriniai-dalykai-5511.jpg","width":1600,"height":2000,"caption":"dovanu pakavimo priemones, popierines etiketes, atvirukai, lipdukai"},{"@type":"BreadcrumbList","@id":"https:\/\/bruknes.world\/produktai\/dovanu-pakavimas\/dovanu-pakavimo-rinkiniai\/dovanu-pakavimo-rinkinys-taskas\/#breadcrumb","itemListElement":[{"@type":"ListItem","position":1,"name":"Home","item":"https:\/\/bruknes.world\/"},{"@type":"ListItem","position":2,"name":"popieriniai dalykai","item":"https:\/\/bruknes.world\/popieriniai-dalykai\/"},{"@type":"ListItem","position":3,"name":"dovan\u0173 pakavimo rinkinys \u2022 ta\u0161kas"}]},{"@type":"WebSite","@id":"https:\/\/bruknes.world\/#website","url":"https:\/\/bruknes.world\/","name":"bruknes world","description":"","potentialAction":[{"@type":"SearchAction","target":{"@type":"EntryPoint","urlTemplate":"https:\/\/bruknes.world\/?s={search_term_string}"},"query-input":{"@type":"PropertyValueSpecification","valueRequired":true,"valueName":"search_term_string"}}],"inLanguage":"en-US"}]}},"_links":{"self":[{"href":"https:\/\/bruknes.world\/en\/wp-json\/wp\/v2\/product\/8556","targetHints":{"allow":["GET"]}}],"collection":[{"href":"https:\/\/bruknes.world\/en\/wp-json\/wp\/v2\/product"}],"about":[{"href":"https:\/\/bruknes.world\/en\/wp-json\/wp\/v2\/types\/product"}],"wp:featuredmedia":[{"embeddable":true,"href":"https:\/\/bruknes.world\/en\/wp-json\/wp\/v2\/media\/8575"}],"wp:attachment":[{"href":"https:\/\/bruknes.world\/en\/wp-json\/wp\/v2\/media?parent=8556"}],"wp:term":[{"taxonomy":"product_brand","embeddable":true,"href":"https:\/\/bruknes.world\/en\/wp-json\/wp\/v2\/product_brand?post=8556"},{"taxonomy":"product_cat","embeddable":true,"href":"https:\/\/bruknes.world\/en\/wp-json\/wp\/v2\/product_cat?post=8556"},{"taxonomy":"product_tag","embeddable":true,"href":"https:\/\/bruknes.world\/en\/wp-json\/wp\/v2\/product_tag?post=8556"}],"curies":[{"name":"wp","href":"https:\/\/api.w.org\/{rel}","templated":true}]}}