{"id":8613,"date":"2023-01-20T14:55:34","date_gmt":"2023-01-20T12:55:34","guid":{"rendered":"https:\/\/bruknes.world\/?post_type=product&#038;p=8613"},"modified":"2023-07-19T10:33:00","modified_gmt":"2023-07-19T07:33:00","slug":"vaskine-juostele-zvyras","status":"publish","type":"product","link":"https:\/\/bruknes.world\/en\/produktai\/dovanu-pakavimas\/juosteles\/vaskine-juostele-zvyras\/","title":{"rendered":"va\u0161kin\u0117 juostel\u0117 \u2022 \u017evyras"},"content":{"rendered":"","protected":false},"excerpt":{"rendered":"<p><span style=\"color: #000000; font-family: Montserrat; font-size: medium;\">nat\u016bralus d\u017eiutas popierini\u0173 dalyk\u0173 dekorui, d\u0117kliuk\u0173 u\u017ebaigimui, dovan\u0173 pakavimui, \u012fvairiems\u00a0rankdarbiams, dekoracijoms kurti. D\u017eiutas gali b\u016bti naudojamas dailiam kvietimo \u012f vestuves, krik\u0161tynas ar kit\u0105 asmenin\u0119 \u0161vent\u0119 u\u017ebaigimui. Ypatingai tinka augaliuko ar papildomos ma\u017eos kortel\u0117s priri\u0161imui<\/span><\/p>\n<p><span style=\"color: #000000; font-family: Montserrat; font-size: medium;\">&#8211; &#8211; &#8211;<br \/>\n<\/span><span style=\"color: #000000; font-family: Montserrat; font-size: medium;\">d\u017eiuto storis 1,2 mm<br \/>\n<\/span><span style=\"color: #000000; font-family: Montserrat; font-size: medium;\">juostel\u0117s ilgis 10 m<\/span><\/p>","protected":false},"featured_media":8609,"template":"","meta":[],"product_brand":[],"product_cat":[118,120],"product_tag":[],"class_list":{"0":"post-8613","1":"product","2":"type-product","3":"status-publish","4":"has-post-thumbnail","6":"product_cat-dovanu-pakavimas","7":"product_cat-juosteles","9":"first","10":"instock","11":"shipping-taxable","12":"purchasable","13":"product-type-variable"},"yoast_head":"<!-- This site is optimized with the Yoast SEO plugin v27.2 - https:\/\/yoast.com\/product\/yoast-seo-wordpress\/ -->\n<title>va\u0161kin\u0117 juostel\u0117 \u2022 \u017evyras - bruknes world<\/title>\n<meta name=\"description\" content=\"Dekoratyvin\u0117 va\u0161kin\u0117 juostel\u0117\u00a0popierini\u0173 dalyk\u0173 dekorui, d\u0117kliuk\u0173 u\u017ebaigimui, dovan\u0173 pakavimui, \u012fvairiems\u00a0rankdarbiams, dekoracijoms kurti.\" \/>\n<meta name=\"robots\" content=\"index, follow, max-snippet:-1, max-image-preview:large, max-video-preview:-1\" \/>\n<link rel=\"canonical\" href=\"https:\/\/bruknes.world\/en\/produktai\/dovanu-pakavimas\/juosteles\/vaskine-juostele-zvyras\/\" \/>\n<meta property=\"og:locale\" content=\"en_US\" \/>\n<meta property=\"og:type\" content=\"article\" \/>\n<meta property=\"og:title\" content=\"va\u0161kin\u0117 juostel\u0117 \u2022 \u017evyras - bruknes world\" \/>\n<meta property=\"og:description\" content=\"Dekoratyvin\u0117 va\u0161kin\u0117 juostel\u0117\u00a0popierini\u0173 dalyk\u0173 dekorui, d\u0117kliuk\u0173 u\u017ebaigimui, dovan\u0173 pakavimui, \u012fvairiems\u00a0rankdarbiams, dekoracijoms kurti.\" \/>\n<meta property=\"og:url\" content=\"https:\/\/bruknes.world\/en\/produktai\/dovanu-pakavimas\/juosteles\/vaskine-juostele-zvyras\/\" \/>\n<meta property=\"og:site_name\" content=\"bruknes world\" \/>\n<meta property=\"article:modified_time\" content=\"2023-07-19T07:33:00+00:00\" \/>\n<meta property=\"og:image\" content=\"https:\/\/bruknes.world\/wp-content\/uploads\/2023\/01\/vaskines-juosteles-5396.jpg\" \/>\n\t<meta property=\"og:image:width\" content=\"1600\" \/>\n\t<meta property=\"og:image:height\" content=\"2000\" \/>\n\t<meta property=\"og:image:type\" content=\"image\/jpeg\" \/>\n<meta name=\"twitter:card\" content=\"summary_large_image\" \/>\n<script type=\"application\/ld+json\" class=\"yoast-schema-graph\">{\"@context\":\"https:\/\/schema.org\",\"@graph\":[{\"@type\":\"WebPage\",\"@id\":\"https:\/\/bruknes.world\/produktai\/dovanu-pakavimas\/juosteles\/vaskine-juostele-zvyras\/\",\"url\":\"https:\/\/bruknes.world\/produktai\/dovanu-pakavimas\/juosteles\/vaskine-juostele-zvyras\/\",\"name\":\"va\u0161kin\u0117 juostel\u0117 \u2022 \u017evyras - bruknes world\",\"isPartOf\":{\"@id\":\"https:\/\/bruknes.world\/#website\"},\"primaryImageOfPage\":{\"@id\":\"https:\/\/bruknes.world\/produktai\/dovanu-pakavimas\/juosteles\/vaskine-juostele-zvyras\/#primaryimage\"},\"image\":{\"@id\":\"https:\/\/bruknes.world\/produktai\/dovanu-pakavimas\/juosteles\/vaskine-juostele-zvyras\/#primaryimage\"},\"thumbnailUrl\":\"https:\/\/bruknes.world\/wp-content\/uploads\/2023\/01\/vaskines-juosteles-5396.jpg\",\"datePublished\":\"2023-01-20T12:55:34+00:00\",\"dateModified\":\"2023-07-19T07:33:00+00:00\",\"description\":\"Dekoratyvin\u0117 va\u0161kin\u0117 juostel\u0117\u00a0popierini\u0173 dalyk\u0173 dekorui, d\u0117kliuk\u0173 u\u017ebaigimui, dovan\u0173 pakavimui, \u012fvairiems\u00a0rankdarbiams, dekoracijoms kurti.\",\"breadcrumb\":{\"@id\":\"https:\/\/bruknes.world\/produktai\/dovanu-pakavimas\/juosteles\/vaskine-juostele-zvyras\/#breadcrumb\"},\"inLanguage\":\"en-US\",\"potentialAction\":[{\"@type\":\"ReadAction\",\"target\":[\"https:\/\/bruknes.world\/produktai\/dovanu-pakavimas\/juosteles\/vaskine-juostele-zvyras\/\"]}]},{\"@type\":\"ImageObject\",\"inLanguage\":\"en-US\",\"@id\":\"https:\/\/bruknes.world\/produktai\/dovanu-pakavimas\/juosteles\/vaskine-juostele-zvyras\/#primaryimage\",\"url\":\"https:\/\/bruknes.world\/wp-content\/uploads\/2023\/01\/vaskines-juosteles-5396.jpg\",\"contentUrl\":\"https:\/\/bruknes.world\/wp-content\/uploads\/2023\/01\/vaskines-juosteles-5396.jpg\",\"width\":1600,\"height\":2000,\"caption\":\"kvietimu gamyba, dovanu pakavimo priemones, d\u017eiutas,\"},{\"@type\":\"BreadcrumbList\",\"@id\":\"https:\/\/bruknes.world\/produktai\/dovanu-pakavimas\/juosteles\/vaskine-juostele-zvyras\/#breadcrumb\",\"itemListElement\":[{\"@type\":\"ListItem\",\"position\":1,\"name\":\"Home\",\"item\":\"https:\/\/bruknes.world\/\"},{\"@type\":\"ListItem\",\"position\":2,\"name\":\"popieriniai dalykai\",\"item\":\"https:\/\/bruknes.world\/popieriniai-dalykai\/\"},{\"@type\":\"ListItem\",\"position\":3,\"name\":\"va\u0161kin\u0117 juostel\u0117 \u2022 \u017evyras\"}]},{\"@type\":\"WebSite\",\"@id\":\"https:\/\/bruknes.world\/#website\",\"url\":\"https:\/\/bruknes.world\/\",\"name\":\"bruknes world\",\"description\":\"\",\"potentialAction\":[{\"@type\":\"SearchAction\",\"target\":{\"@type\":\"EntryPoint\",\"urlTemplate\":\"https:\/\/bruknes.world\/?s={search_term_string}\"},\"query-input\":{\"@type\":\"PropertyValueSpecification\",\"valueRequired\":true,\"valueName\":\"search_term_string\"}}],\"inLanguage\":\"en-US\"}]}<\/script>\n<!-- \/ Yoast SEO plugin. -->","yoast_head_json":{"title":"va\u0161kin\u0117 juostel\u0117 \u2022 \u017evyras - bruknes world","description":"Dekoratyvin\u0117 va\u0161kin\u0117 juostel\u0117\u00a0popierini\u0173 dalyk\u0173 dekorui, d\u0117kliuk\u0173 u\u017ebaigimui, dovan\u0173 pakavimui, \u012fvairiems\u00a0rankdarbiams, dekoracijoms kurti.","robots":{"index":"index","follow":"follow","max-snippet":"max-snippet:-1","max-image-preview":"max-image-preview:large","max-video-preview":"max-video-preview:-1"},"canonical":"https:\/\/bruknes.world\/en\/produktai\/dovanu-pakavimas\/juosteles\/vaskine-juostele-zvyras\/","og_locale":"en_US","og_type":"article","og_title":"va\u0161kin\u0117 juostel\u0117 \u2022 \u017evyras - bruknes world","og_description":"Dekoratyvin\u0117 va\u0161kin\u0117 juostel\u0117\u00a0popierini\u0173 dalyk\u0173 dekorui, d\u0117kliuk\u0173 u\u017ebaigimui, dovan\u0173 pakavimui, \u012fvairiems\u00a0rankdarbiams, dekoracijoms kurti.","og_url":"https:\/\/bruknes.world\/en\/produktai\/dovanu-pakavimas\/juosteles\/vaskine-juostele-zvyras\/","og_site_name":"bruknes world","article_modified_time":"2023-07-19T07:33:00+00:00","og_image":[{"width":1600,"height":2000,"url":"https:\/\/bruknes.world\/wp-content\/uploads\/2023\/01\/vaskines-juosteles-5396.jpg","type":"image\/jpeg"}],"twitter_card":"summary_large_image","schema":{"@context":"https:\/\/schema.org","@graph":[{"@type":"WebPage","@id":"https:\/\/bruknes.world\/produktai\/dovanu-pakavimas\/juosteles\/vaskine-juostele-zvyras\/","url":"https:\/\/bruknes.world\/produktai\/dovanu-pakavimas\/juosteles\/vaskine-juostele-zvyras\/","name":"va\u0161kin\u0117 juostel\u0117 \u2022 \u017evyras - bruknes world","isPartOf":{"@id":"https:\/\/bruknes.world\/#website"},"primaryImageOfPage":{"@id":"https:\/\/bruknes.world\/produktai\/dovanu-pakavimas\/juosteles\/vaskine-juostele-zvyras\/#primaryimage"},"image":{"@id":"https:\/\/bruknes.world\/produktai\/dovanu-pakavimas\/juosteles\/vaskine-juostele-zvyras\/#primaryimage"},"thumbnailUrl":"https:\/\/bruknes.world\/wp-content\/uploads\/2023\/01\/vaskines-juosteles-5396.jpg","datePublished":"2023-01-20T12:55:34+00:00","dateModified":"2023-07-19T07:33:00+00:00","description":"Dekoratyvin\u0117 va\u0161kin\u0117 juostel\u0117\u00a0popierini\u0173 dalyk\u0173 dekorui, d\u0117kliuk\u0173 u\u017ebaigimui, dovan\u0173 pakavimui, \u012fvairiems\u00a0rankdarbiams, dekoracijoms kurti.","breadcrumb":{"@id":"https:\/\/bruknes.world\/produktai\/dovanu-pakavimas\/juosteles\/vaskine-juostele-zvyras\/#breadcrumb"},"inLanguage":"en-US","potentialAction":[{"@type":"ReadAction","target":["https:\/\/bruknes.world\/produktai\/dovanu-pakavimas\/juosteles\/vaskine-juostele-zvyras\/"]}]},{"@type":"ImageObject","inLanguage":"en-US","@id":"https:\/\/bruknes.world\/produktai\/dovanu-pakavimas\/juosteles\/vaskine-juostele-zvyras\/#primaryimage","url":"https:\/\/bruknes.world\/wp-content\/uploads\/2023\/01\/vaskines-juosteles-5396.jpg","contentUrl":"https:\/\/bruknes.world\/wp-content\/uploads\/2023\/01\/vaskines-juosteles-5396.jpg","width":1600,"height":2000,"caption":"kvietimu gamyba, dovanu pakavimo priemones, d\u017eiutas,"},{"@type":"BreadcrumbList","@id":"https:\/\/bruknes.world\/produktai\/dovanu-pakavimas\/juosteles\/vaskine-juostele-zvyras\/#breadcrumb","itemListElement":[{"@type":"ListItem","position":1,"name":"Home","item":"https:\/\/bruknes.world\/"},{"@type":"ListItem","position":2,"name":"popieriniai dalykai","item":"https:\/\/bruknes.world\/popieriniai-dalykai\/"},{"@type":"ListItem","position":3,"name":"va\u0161kin\u0117 juostel\u0117 \u2022 \u017evyras"}]},{"@type":"WebSite","@id":"https:\/\/bruknes.world\/#website","url":"https:\/\/bruknes.world\/","name":"bruknes world","description":"","potentialAction":[{"@type":"SearchAction","target":{"@type":"EntryPoint","urlTemplate":"https:\/\/bruknes.world\/?s={search_term_string}"},"query-input":{"@type":"PropertyValueSpecification","valueRequired":true,"valueName":"search_term_string"}}],"inLanguage":"en-US"}]}},"_links":{"self":[{"href":"https:\/\/bruknes.world\/en\/wp-json\/wp\/v2\/product\/8613","targetHints":{"allow":["GET"]}}],"collection":[{"href":"https:\/\/bruknes.world\/en\/wp-json\/wp\/v2\/product"}],"about":[{"href":"https:\/\/bruknes.world\/en\/wp-json\/wp\/v2\/types\/product"}],"wp:featuredmedia":[{"embeddable":true,"href":"https:\/\/bruknes.world\/en\/wp-json\/wp\/v2\/media\/8609"}],"wp:attachment":[{"href":"https:\/\/bruknes.world\/en\/wp-json\/wp\/v2\/media?parent=8613"}],"wp:term":[{"taxonomy":"product_brand","embeddable":true,"href":"https:\/\/bruknes.world\/en\/wp-json\/wp\/v2\/product_brand?post=8613"},{"taxonomy":"product_cat","embeddable":true,"href":"https:\/\/bruknes.world\/en\/wp-json\/wp\/v2\/product_cat?post=8613"},{"taxonomy":"product_tag","embeddable":true,"href":"https:\/\/bruknes.world\/en\/wp-json\/wp\/v2\/product_tag?post=8613"}],"curies":[{"name":"wp","href":"https:\/\/api.w.org\/{rel}","templated":true}]}}