{"id":8620,"date":"2023-01-20T15:02:00","date_gmt":"2023-01-20T13:02:00","guid":{"rendered":"https:\/\/bruknes.world\/?post_type=product&#038;p=8620"},"modified":"2025-08-08T11:34:19","modified_gmt":"2025-08-08T08:34:19","slug":"vasko-antspaudai-balti","status":"publish","type":"product","link":"https:\/\/bruknes.world\/en\/produktai\/dovanu-pakavimas\/vasko-antspaudai\/vasko-antspaudai-balti\/","title":{"rendered":"va\u0161ko antspaudai \u2022 balti"},"content":{"rendered":"","protected":false},"excerpt":{"rendered":"<p>va\u0161ko antspaudai su \u0161akel\u0117s motyvu, pagaminti i\u0161 va\u0161ko. Kiekvienas va\u0161ko antspaudas gaminamas individualiai, tad jie visi turi unikaliai nelyg\u0173 kra\u0161tel\u012f. Dekoratyviniai va\u0161ko antspaudai gali b\u016bti dailus u\u017ebaigimo akcentas dovan\u0173 kuponams, kvietimams \u012f vestuves, krik\u0161tynas ar kit\u0105 asmenin\u0119 \u0161vent\u0119.<br \/>\n\u017daismingai \u012fsikomponuoja ant vok\u0173 su trikampiu u\u017edarymu, puikiai tinka dovan\u0173 pakavimo u\u017ebaigimui.<br \/>\nGali b\u016bti naudojami, kaip dekoro elementas su m\u016bs\u0173 gaminamais origami principu sulankstomais <a href=\"https:\/\/bruknes.world\/en\/produktai\/vokai\/spalvoti\/spalvoti-kvadratiniai-2\/\" target=\"_blank\" rel=\"noopener\">kvadratiniais<\/a> ir <a href=\"https:\/\/bruknes.world\/en\/produktai\/vokai\/spalvoti\/spalvoti-pailgi-2\/\" target=\"_blank\" rel=\"noopener\">sta\u010diakampiais<\/a> d\u0117kliukais.<\/p>\n<p>&#8211; &#8211; &#8211;<span class=\"Apple-converted-space\"><br \/>\n<\/span>dydis apie 30 mm<br \/>\npakuot\u0117je yra 10 vnt<br \/>\nva\u0161ko antspaudas paruo\u0161tas lengvam tvirtinamui prie pavir\u0161iaus dvipusiu lipduku<\/p>","protected":false},"featured_media":8625,"template":"","meta":[],"product_brand":[],"product_cat":[118,121],"product_tag":[],"class_list":{"0":"post-8620","1":"product","2":"type-product","3":"status-publish","4":"has-post-thumbnail","6":"product_cat-dovanu-pakavimas","7":"product_cat-vasko-antspaudai","9":"first","10":"instock","11":"shipping-taxable","12":"purchasable","13":"product-type-variable"},"yoast_head":"<!-- This site is optimized with the Yoast SEO plugin v27.2 - https:\/\/yoast.com\/product\/yoast-seo-wordpress\/ -->\n<title>va\u0161ko antspaudai \u2022 balti - bruknes world<\/title>\n<meta name=\"description\" content=\"Va\u0161ko antspaudai su \u0161akel\u0117s motyvu, pagaminti i\u0161 va\u0161ko. Gali b\u016bti u\u017ebaigimo akcentas kuponams, kvietimams \u012f vestuves, krik\u0161tynas ar kit\u0105 asmenin\u0119 \u0161vent\u0119.\" \/>\n<meta name=\"robots\" content=\"index, follow, max-snippet:-1, max-image-preview:large, max-video-preview:-1\" \/>\n<link rel=\"canonical\" href=\"https:\/\/bruknes.world\/en\/produktai\/dovanu-pakavimas\/vasko-antspaudai\/vasko-antspaudai-balti\/\" \/>\n<meta property=\"og:locale\" content=\"en_US\" \/>\n<meta property=\"og:type\" content=\"article\" \/>\n<meta property=\"og:title\" content=\"va\u0161ko antspaudai \u2022 balti - bruknes world\" \/>\n<meta property=\"og:description\" content=\"Va\u0161ko antspaudai su \u0161akel\u0117s motyvu, pagaminti i\u0161 va\u0161ko. Gali b\u016bti u\u017ebaigimo akcentas kuponams, kvietimams \u012f vestuves, krik\u0161tynas ar kit\u0105 asmenin\u0119 \u0161vent\u0119.\" \/>\n<meta property=\"og:url\" content=\"https:\/\/bruknes.world\/en\/produktai\/dovanu-pakavimas\/vasko-antspaudai\/vasko-antspaudai-balti\/\" \/>\n<meta property=\"og:site_name\" content=\"bruknes world\" \/>\n<meta property=\"article:modified_time\" content=\"2025-08-08T08:34:19+00:00\" \/>\n<meta property=\"og:image\" content=\"https:\/\/bruknes.world\/wp-content\/uploads\/2023\/01\/vasko-antspaudas-baltas-4964.jpg\" \/>\n\t<meta property=\"og:image:width\" content=\"1600\" \/>\n\t<meta property=\"og:image:height\" content=\"2000\" \/>\n\t<meta property=\"og:image:type\" content=\"image\/jpeg\" \/>\n<meta name=\"twitter:card\" content=\"summary_large_image\" \/>\n<meta name=\"twitter:label1\" content=\"Est. reading time\" \/>\n\t<meta name=\"twitter:data1\" content=\"1 minute\" \/>\n<script type=\"application\/ld+json\" class=\"yoast-schema-graph\">{\"@context\":\"https:\/\/schema.org\",\"@graph\":[{\"@type\":\"WebPage\",\"@id\":\"https:\/\/bruknes.world\/produktai\/dovanu-pakavimas\/vasko-antspaudai\/vasko-antspaudai-balti\/\",\"url\":\"https:\/\/bruknes.world\/produktai\/dovanu-pakavimas\/vasko-antspaudai\/vasko-antspaudai-balti\/\",\"name\":\"va\u0161ko antspaudai \u2022 balti - bruknes world\",\"isPartOf\":{\"@id\":\"https:\/\/bruknes.world\/#website\"},\"primaryImageOfPage\":{\"@id\":\"https:\/\/bruknes.world\/produktai\/dovanu-pakavimas\/vasko-antspaudai\/vasko-antspaudai-balti\/#primaryimage\"},\"image\":{\"@id\":\"https:\/\/bruknes.world\/produktai\/dovanu-pakavimas\/vasko-antspaudai\/vasko-antspaudai-balti\/#primaryimage\"},\"thumbnailUrl\":\"https:\/\/bruknes.world\/wp-content\/uploads\/2023\/01\/vasko-antspaudas-baltas-4964.jpg\",\"datePublished\":\"2023-01-20T13:02:00+00:00\",\"dateModified\":\"2025-08-08T08:34:19+00:00\",\"description\":\"Va\u0161ko antspaudai su \u0161akel\u0117s motyvu, pagaminti i\u0161 va\u0161ko. Gali b\u016bti u\u017ebaigimo akcentas kuponams, kvietimams \u012f vestuves, krik\u0161tynas ar kit\u0105 asmenin\u0119 \u0161vent\u0119.\",\"breadcrumb\":{\"@id\":\"https:\/\/bruknes.world\/produktai\/dovanu-pakavimas\/vasko-antspaudai\/vasko-antspaudai-balti\/#breadcrumb\"},\"inLanguage\":\"en-US\",\"potentialAction\":[{\"@type\":\"ReadAction\",\"target\":[\"https:\/\/bruknes.world\/produktai\/dovanu-pakavimas\/vasko-antspaudai\/vasko-antspaudai-balti\/\"]}]},{\"@type\":\"ImageObject\",\"inLanguage\":\"en-US\",\"@id\":\"https:\/\/bruknes.world\/produktai\/dovanu-pakavimas\/vasko-antspaudai\/vasko-antspaudai-balti\/#primaryimage\",\"url\":\"https:\/\/bruknes.world\/wp-content\/uploads\/2023\/01\/vasko-antspaudas-baltas-4964.jpg\",\"contentUrl\":\"https:\/\/bruknes.world\/wp-content\/uploads\/2023\/01\/vasko-antspaudas-baltas-4964.jpg\",\"width\":1600,\"height\":2000,\"caption\":\"kvietimu gamyba, dovanu pakavimo priemones, vasko antspaudai baltos spalvos\"},{\"@type\":\"BreadcrumbList\",\"@id\":\"https:\/\/bruknes.world\/produktai\/dovanu-pakavimas\/vasko-antspaudai\/vasko-antspaudai-balti\/#breadcrumb\",\"itemListElement\":[{\"@type\":\"ListItem\",\"position\":1,\"name\":\"Home\",\"item\":\"https:\/\/bruknes.world\/\"},{\"@type\":\"ListItem\",\"position\":2,\"name\":\"popieriniai dalykai\",\"item\":\"https:\/\/bruknes.world\/popieriniai-dalykai\/\"},{\"@type\":\"ListItem\",\"position\":3,\"name\":\"va\u0161ko antspaudai \u2022 balti\"}]},{\"@type\":\"WebSite\",\"@id\":\"https:\/\/bruknes.world\/#website\",\"url\":\"https:\/\/bruknes.world\/\",\"name\":\"bruknes world\",\"description\":\"\",\"potentialAction\":[{\"@type\":\"SearchAction\",\"target\":{\"@type\":\"EntryPoint\",\"urlTemplate\":\"https:\/\/bruknes.world\/?s={search_term_string}\"},\"query-input\":{\"@type\":\"PropertyValueSpecification\",\"valueRequired\":true,\"valueName\":\"search_term_string\"}}],\"inLanguage\":\"en-US\"}]}<\/script>\n<!-- \/ Yoast SEO plugin. -->","yoast_head_json":{"title":"va\u0161ko antspaudai \u2022 balti - bruknes world","description":"Va\u0161ko antspaudai su \u0161akel\u0117s motyvu, pagaminti i\u0161 va\u0161ko. Gali b\u016bti u\u017ebaigimo akcentas kuponams, kvietimams \u012f vestuves, krik\u0161tynas ar kit\u0105 asmenin\u0119 \u0161vent\u0119.","robots":{"index":"index","follow":"follow","max-snippet":"max-snippet:-1","max-image-preview":"max-image-preview:large","max-video-preview":"max-video-preview:-1"},"canonical":"https:\/\/bruknes.world\/en\/produktai\/dovanu-pakavimas\/vasko-antspaudai\/vasko-antspaudai-balti\/","og_locale":"en_US","og_type":"article","og_title":"va\u0161ko antspaudai \u2022 balti - bruknes world","og_description":"Va\u0161ko antspaudai su \u0161akel\u0117s motyvu, pagaminti i\u0161 va\u0161ko. Gali b\u016bti u\u017ebaigimo akcentas kuponams, kvietimams \u012f vestuves, krik\u0161tynas ar kit\u0105 asmenin\u0119 \u0161vent\u0119.","og_url":"https:\/\/bruknes.world\/en\/produktai\/dovanu-pakavimas\/vasko-antspaudai\/vasko-antspaudai-balti\/","og_site_name":"bruknes world","article_modified_time":"2025-08-08T08:34:19+00:00","og_image":[{"width":1600,"height":2000,"url":"https:\/\/bruknes.world\/wp-content\/uploads\/2023\/01\/vasko-antspaudas-baltas-4964.jpg","type":"image\/jpeg"}],"twitter_card":"summary_large_image","twitter_misc":{"Est. reading time":"1 minute"},"schema":{"@context":"https:\/\/schema.org","@graph":[{"@type":"WebPage","@id":"https:\/\/bruknes.world\/produktai\/dovanu-pakavimas\/vasko-antspaudai\/vasko-antspaudai-balti\/","url":"https:\/\/bruknes.world\/produktai\/dovanu-pakavimas\/vasko-antspaudai\/vasko-antspaudai-balti\/","name":"va\u0161ko antspaudai \u2022 balti - bruknes world","isPartOf":{"@id":"https:\/\/bruknes.world\/#website"},"primaryImageOfPage":{"@id":"https:\/\/bruknes.world\/produktai\/dovanu-pakavimas\/vasko-antspaudai\/vasko-antspaudai-balti\/#primaryimage"},"image":{"@id":"https:\/\/bruknes.world\/produktai\/dovanu-pakavimas\/vasko-antspaudai\/vasko-antspaudai-balti\/#primaryimage"},"thumbnailUrl":"https:\/\/bruknes.world\/wp-content\/uploads\/2023\/01\/vasko-antspaudas-baltas-4964.jpg","datePublished":"2023-01-20T13:02:00+00:00","dateModified":"2025-08-08T08:34:19+00:00","description":"Va\u0161ko antspaudai su \u0161akel\u0117s motyvu, pagaminti i\u0161 va\u0161ko. Gali b\u016bti u\u017ebaigimo akcentas kuponams, kvietimams \u012f vestuves, krik\u0161tynas ar kit\u0105 asmenin\u0119 \u0161vent\u0119.","breadcrumb":{"@id":"https:\/\/bruknes.world\/produktai\/dovanu-pakavimas\/vasko-antspaudai\/vasko-antspaudai-balti\/#breadcrumb"},"inLanguage":"en-US","potentialAction":[{"@type":"ReadAction","target":["https:\/\/bruknes.world\/produktai\/dovanu-pakavimas\/vasko-antspaudai\/vasko-antspaudai-balti\/"]}]},{"@type":"ImageObject","inLanguage":"en-US","@id":"https:\/\/bruknes.world\/produktai\/dovanu-pakavimas\/vasko-antspaudai\/vasko-antspaudai-balti\/#primaryimage","url":"https:\/\/bruknes.world\/wp-content\/uploads\/2023\/01\/vasko-antspaudas-baltas-4964.jpg","contentUrl":"https:\/\/bruknes.world\/wp-content\/uploads\/2023\/01\/vasko-antspaudas-baltas-4964.jpg","width":1600,"height":2000,"caption":"kvietimu gamyba, dovanu pakavimo priemones, vasko antspaudai baltos spalvos"},{"@type":"BreadcrumbList","@id":"https:\/\/bruknes.world\/produktai\/dovanu-pakavimas\/vasko-antspaudai\/vasko-antspaudai-balti\/#breadcrumb","itemListElement":[{"@type":"ListItem","position":1,"name":"Home","item":"https:\/\/bruknes.world\/"},{"@type":"ListItem","position":2,"name":"popieriniai dalykai","item":"https:\/\/bruknes.world\/popieriniai-dalykai\/"},{"@type":"ListItem","position":3,"name":"va\u0161ko antspaudai \u2022 balti"}]},{"@type":"WebSite","@id":"https:\/\/bruknes.world\/#website","url":"https:\/\/bruknes.world\/","name":"bruknes world","description":"","potentialAction":[{"@type":"SearchAction","target":{"@type":"EntryPoint","urlTemplate":"https:\/\/bruknes.world\/?s={search_term_string}"},"query-input":{"@type":"PropertyValueSpecification","valueRequired":true,"valueName":"search_term_string"}}],"inLanguage":"en-US"}]}},"_links":{"self":[{"href":"https:\/\/bruknes.world\/en\/wp-json\/wp\/v2\/product\/8620","targetHints":{"allow":["GET"]}}],"collection":[{"href":"https:\/\/bruknes.world\/en\/wp-json\/wp\/v2\/product"}],"about":[{"href":"https:\/\/bruknes.world\/en\/wp-json\/wp\/v2\/types\/product"}],"wp:featuredmedia":[{"embeddable":true,"href":"https:\/\/bruknes.world\/en\/wp-json\/wp\/v2\/media\/8625"}],"wp:attachment":[{"href":"https:\/\/bruknes.world\/en\/wp-json\/wp\/v2\/media?parent=8620"}],"wp:term":[{"taxonomy":"product_brand","embeddable":true,"href":"https:\/\/bruknes.world\/en\/wp-json\/wp\/v2\/product_brand?post=8620"},{"taxonomy":"product_cat","embeddable":true,"href":"https:\/\/bruknes.world\/en\/wp-json\/wp\/v2\/product_cat?post=8620"},{"taxonomy":"product_tag","embeddable":true,"href":"https:\/\/bruknes.world\/en\/wp-json\/wp\/v2\/product_tag?post=8620"}],"curies":[{"name":"wp","href":"https:\/\/api.w.org\/{rel}","templated":true}]}}