{"id":8650,"date":"2023-11-10T10:00:30","date_gmt":"2023-11-10T08:00:30","guid":{"rendered":"https:\/\/bruknes.world\/?post_type=product&#038;p=8650"},"modified":"2025-08-26T15:11:29","modified_gmt":"2025-08-26T12:11:29","slug":"dovanu-pakavimo-popierius-konfeti","status":"publish","type":"product","link":"https:\/\/bruknes.world\/en\/produktai\/dovanu-pakavimas\/dovanu-pakavimo-popierius\/dovanu-pakavimo-popierius-konfeti\/","title":{"rendered":"dovan\u0173 pakavimo popierius \u2022 konfeti"},"content":{"rendered":"","protected":false},"excerpt":{"rendered":"<p>dekoratyvinis dovan\u0173 pakavimo popierius, sukurtas naudojant kraftin\u012f popieri\u0173 ir ta\u0161kant juodus, bei baltus da\u017eus. Unikalus pata\u0161kymo ra\u0161tas pasakoja individuali\u0105 istorij\u0105, kurian\u010di\u0105 jauki\u0105 rank\u0173 darbo atmosfer\u0105<\/p>\n<p>&#8211; &#8211; &#8211;<br \/>\ngalimi dyd\u017eiai:<br \/>\n2 lapai po 84 x 100 cm<br \/>\n4 lapai po 42 x 100 cm<\/p>","protected":false},"featured_media":10296,"template":"","meta":[],"product_brand":[],"product_cat":[118,132],"product_tag":[],"class_list":{"0":"post-8650","1":"product","2":"type-product","3":"status-publish","4":"has-post-thumbnail","6":"product_cat-dovanu-pakavimas","7":"product_cat-dovanu-pakavimo-popierius","9":"first","10":"instock","11":"shipping-taxable","12":"purchasable","13":"product-type-variable"},"yoast_head":"<!-- This site is optimized with the Yoast SEO plugin v27.2 - https:\/\/yoast.com\/product\/yoast-seo-wordpress\/ -->\n<title>dovan\u0173 pakavimo popierius \u2022 konfeti - bruknes world<\/title>\n<meta name=\"description\" content=\"Dovan\u0173 pakavimo popierius - perdirbtas kraftinis popierius, kur\u012f ta\u0161kome juodais ir baltais da\u017eais, taip sukurdamos unikal\u0173 ra\u0161t\u0105.\" \/>\n<meta name=\"robots\" content=\"index, follow, max-snippet:-1, max-image-preview:large, max-video-preview:-1\" \/>\n<link rel=\"canonical\" href=\"https:\/\/bruknes.world\/en\/produktai\/dovanu-pakavimas\/dovanu-pakavimo-popierius\/dovanu-pakavimo-popierius-konfeti\/\" \/>\n<meta property=\"og:locale\" content=\"en_US\" \/>\n<meta property=\"og:type\" content=\"article\" \/>\n<meta property=\"og:title\" content=\"dovan\u0173 pakavimo popierius \u2022 konfeti - bruknes world\" \/>\n<meta property=\"og:description\" content=\"Dovan\u0173 pakavimo popierius - perdirbtas kraftinis popierius, kur\u012f ta\u0161kome juodais ir baltais da\u017eais, taip sukurdamos unikal\u0173 ra\u0161t\u0105.\" \/>\n<meta property=\"og:url\" content=\"https:\/\/bruknes.world\/en\/produktai\/dovanu-pakavimas\/dovanu-pakavimo-popierius\/dovanu-pakavimo-popierius-konfeti\/\" \/>\n<meta property=\"og:site_name\" content=\"bruknes world\" \/>\n<meta property=\"article:modified_time\" content=\"2025-08-26T12:11:29+00:00\" \/>\n<meta property=\"og:image\" content=\"https:\/\/bruknes.world\/wp-content\/uploads\/2023\/01\/dovanu-pakavimo-popierius-bruknesworld-6-scaled.jpg\" \/>\n\t<meta property=\"og:image:width\" content=\"2048\" \/>\n\t<meta property=\"og:image:height\" content=\"2560\" \/>\n\t<meta property=\"og:image:type\" content=\"image\/jpeg\" \/>\n<meta name=\"twitter:card\" content=\"summary_large_image\" \/>\n<script type=\"application\/ld+json\" class=\"yoast-schema-graph\">{\"@context\":\"https:\/\/schema.org\",\"@graph\":[{\"@type\":\"WebPage\",\"@id\":\"https:\/\/bruknes.world\/produktai\/dovanu-pakavimas\/dovanu-pakavimo-popierius\/dovanu-pakavimo-popierius-konfeti\/\",\"url\":\"https:\/\/bruknes.world\/produktai\/dovanu-pakavimas\/dovanu-pakavimo-popierius\/dovanu-pakavimo-popierius-konfeti\/\",\"name\":\"dovan\u0173 pakavimo popierius \u2022 konfeti - bruknes world\",\"isPartOf\":{\"@id\":\"https:\/\/bruknes.world\/#website\"},\"primaryImageOfPage\":{\"@id\":\"https:\/\/bruknes.world\/produktai\/dovanu-pakavimas\/dovanu-pakavimo-popierius\/dovanu-pakavimo-popierius-konfeti\/#primaryimage\"},\"image\":{\"@id\":\"https:\/\/bruknes.world\/produktai\/dovanu-pakavimas\/dovanu-pakavimo-popierius\/dovanu-pakavimo-popierius-konfeti\/#primaryimage\"},\"thumbnailUrl\":\"https:\/\/bruknes.world\/wp-content\/uploads\/2023\/01\/dovanu-pakavimo-popierius-bruknesworld-6-scaled.jpg\",\"datePublished\":\"2023-11-10T08:00:30+00:00\",\"dateModified\":\"2025-08-26T12:11:29+00:00\",\"description\":\"Dovan\u0173 pakavimo popierius - perdirbtas kraftinis popierius, kur\u012f ta\u0161kome juodais ir baltais da\u017eais, taip sukurdamos unikal\u0173 ra\u0161t\u0105.\",\"breadcrumb\":{\"@id\":\"https:\/\/bruknes.world\/produktai\/dovanu-pakavimas\/dovanu-pakavimo-popierius\/dovanu-pakavimo-popierius-konfeti\/#breadcrumb\"},\"inLanguage\":\"en-US\",\"potentialAction\":[{\"@type\":\"ReadAction\",\"target\":[\"https:\/\/bruknes.world\/produktai\/dovanu-pakavimas\/dovanu-pakavimo-popierius\/dovanu-pakavimo-popierius-konfeti\/\"]}]},{\"@type\":\"ImageObject\",\"inLanguage\":\"en-US\",\"@id\":\"https:\/\/bruknes.world\/produktai\/dovanu-pakavimas\/dovanu-pakavimo-popierius\/dovanu-pakavimo-popierius-konfeti\/#primaryimage\",\"url\":\"https:\/\/bruknes.world\/wp-content\/uploads\/2023\/01\/dovanu-pakavimo-popierius-bruknesworld-6-scaled.jpg\",\"contentUrl\":\"https:\/\/bruknes.world\/wp-content\/uploads\/2023\/01\/dovanu-pakavimo-popierius-bruknesworld-6-scaled.jpg\",\"width\":2048,\"height\":2560,\"caption\":\"dovan\u0173 pakavimo popierius\"},{\"@type\":\"BreadcrumbList\",\"@id\":\"https:\/\/bruknes.world\/produktai\/dovanu-pakavimas\/dovanu-pakavimo-popierius\/dovanu-pakavimo-popierius-konfeti\/#breadcrumb\",\"itemListElement\":[{\"@type\":\"ListItem\",\"position\":1,\"name\":\"Home\",\"item\":\"https:\/\/bruknes.world\/\"},{\"@type\":\"ListItem\",\"position\":2,\"name\":\"popieriniai dalykai\",\"item\":\"https:\/\/bruknes.world\/popieriniai-dalykai\/\"},{\"@type\":\"ListItem\",\"position\":3,\"name\":\"dovan\u0173 pakavimo popierius \u2022 konfeti\"}]},{\"@type\":\"WebSite\",\"@id\":\"https:\/\/bruknes.world\/#website\",\"url\":\"https:\/\/bruknes.world\/\",\"name\":\"bruknes world\",\"description\":\"\",\"potentialAction\":[{\"@type\":\"SearchAction\",\"target\":{\"@type\":\"EntryPoint\",\"urlTemplate\":\"https:\/\/bruknes.world\/?s={search_term_string}\"},\"query-input\":{\"@type\":\"PropertyValueSpecification\",\"valueRequired\":true,\"valueName\":\"search_term_string\"}}],\"inLanguage\":\"en-US\"}]}<\/script>\n<!-- \/ Yoast SEO plugin. -->","yoast_head_json":{"title":"dovan\u0173 pakavimo popierius \u2022 konfeti - bruknes world","description":"Dovan\u0173 pakavimo popierius - perdirbtas kraftinis popierius, kur\u012f ta\u0161kome juodais ir baltais da\u017eais, taip sukurdamos unikal\u0173 ra\u0161t\u0105.","robots":{"index":"index","follow":"follow","max-snippet":"max-snippet:-1","max-image-preview":"max-image-preview:large","max-video-preview":"max-video-preview:-1"},"canonical":"https:\/\/bruknes.world\/en\/produktai\/dovanu-pakavimas\/dovanu-pakavimo-popierius\/dovanu-pakavimo-popierius-konfeti\/","og_locale":"en_US","og_type":"article","og_title":"dovan\u0173 pakavimo popierius \u2022 konfeti - bruknes world","og_description":"Dovan\u0173 pakavimo popierius - perdirbtas kraftinis popierius, kur\u012f ta\u0161kome juodais ir baltais da\u017eais, taip sukurdamos unikal\u0173 ra\u0161t\u0105.","og_url":"https:\/\/bruknes.world\/en\/produktai\/dovanu-pakavimas\/dovanu-pakavimo-popierius\/dovanu-pakavimo-popierius-konfeti\/","og_site_name":"bruknes world","article_modified_time":"2025-08-26T12:11:29+00:00","og_image":[{"width":2048,"height":2560,"url":"https:\/\/bruknes.world\/wp-content\/uploads\/2023\/01\/dovanu-pakavimo-popierius-bruknesworld-6-scaled.jpg","type":"image\/jpeg"}],"twitter_card":"summary_large_image","schema":{"@context":"https:\/\/schema.org","@graph":[{"@type":"WebPage","@id":"https:\/\/bruknes.world\/produktai\/dovanu-pakavimas\/dovanu-pakavimo-popierius\/dovanu-pakavimo-popierius-konfeti\/","url":"https:\/\/bruknes.world\/produktai\/dovanu-pakavimas\/dovanu-pakavimo-popierius\/dovanu-pakavimo-popierius-konfeti\/","name":"dovan\u0173 pakavimo popierius \u2022 konfeti - bruknes world","isPartOf":{"@id":"https:\/\/bruknes.world\/#website"},"primaryImageOfPage":{"@id":"https:\/\/bruknes.world\/produktai\/dovanu-pakavimas\/dovanu-pakavimo-popierius\/dovanu-pakavimo-popierius-konfeti\/#primaryimage"},"image":{"@id":"https:\/\/bruknes.world\/produktai\/dovanu-pakavimas\/dovanu-pakavimo-popierius\/dovanu-pakavimo-popierius-konfeti\/#primaryimage"},"thumbnailUrl":"https:\/\/bruknes.world\/wp-content\/uploads\/2023\/01\/dovanu-pakavimo-popierius-bruknesworld-6-scaled.jpg","datePublished":"2023-11-10T08:00:30+00:00","dateModified":"2025-08-26T12:11:29+00:00","description":"Dovan\u0173 pakavimo popierius - perdirbtas kraftinis popierius, kur\u012f ta\u0161kome juodais ir baltais da\u017eais, taip sukurdamos unikal\u0173 ra\u0161t\u0105.","breadcrumb":{"@id":"https:\/\/bruknes.world\/produktai\/dovanu-pakavimas\/dovanu-pakavimo-popierius\/dovanu-pakavimo-popierius-konfeti\/#breadcrumb"},"inLanguage":"en-US","potentialAction":[{"@type":"ReadAction","target":["https:\/\/bruknes.world\/produktai\/dovanu-pakavimas\/dovanu-pakavimo-popierius\/dovanu-pakavimo-popierius-konfeti\/"]}]},{"@type":"ImageObject","inLanguage":"en-US","@id":"https:\/\/bruknes.world\/produktai\/dovanu-pakavimas\/dovanu-pakavimo-popierius\/dovanu-pakavimo-popierius-konfeti\/#primaryimage","url":"https:\/\/bruknes.world\/wp-content\/uploads\/2023\/01\/dovanu-pakavimo-popierius-bruknesworld-6-scaled.jpg","contentUrl":"https:\/\/bruknes.world\/wp-content\/uploads\/2023\/01\/dovanu-pakavimo-popierius-bruknesworld-6-scaled.jpg","width":2048,"height":2560,"caption":"dovan\u0173 pakavimo popierius"},{"@type":"BreadcrumbList","@id":"https:\/\/bruknes.world\/produktai\/dovanu-pakavimas\/dovanu-pakavimo-popierius\/dovanu-pakavimo-popierius-konfeti\/#breadcrumb","itemListElement":[{"@type":"ListItem","position":1,"name":"Home","item":"https:\/\/bruknes.world\/"},{"@type":"ListItem","position":2,"name":"popieriniai dalykai","item":"https:\/\/bruknes.world\/popieriniai-dalykai\/"},{"@type":"ListItem","position":3,"name":"dovan\u0173 pakavimo popierius \u2022 konfeti"}]},{"@type":"WebSite","@id":"https:\/\/bruknes.world\/#website","url":"https:\/\/bruknes.world\/","name":"bruknes world","description":"","potentialAction":[{"@type":"SearchAction","target":{"@type":"EntryPoint","urlTemplate":"https:\/\/bruknes.world\/?s={search_term_string}"},"query-input":{"@type":"PropertyValueSpecification","valueRequired":true,"valueName":"search_term_string"}}],"inLanguage":"en-US"}]}},"_links":{"self":[{"href":"https:\/\/bruknes.world\/en\/wp-json\/wp\/v2\/product\/8650","targetHints":{"allow":["GET"]}}],"collection":[{"href":"https:\/\/bruknes.world\/en\/wp-json\/wp\/v2\/product"}],"about":[{"href":"https:\/\/bruknes.world\/en\/wp-json\/wp\/v2\/types\/product"}],"wp:featuredmedia":[{"embeddable":true,"href":"https:\/\/bruknes.world\/en\/wp-json\/wp\/v2\/media\/10296"}],"wp:attachment":[{"href":"https:\/\/bruknes.world\/en\/wp-json\/wp\/v2\/media?parent=8650"}],"wp:term":[{"taxonomy":"product_brand","embeddable":true,"href":"https:\/\/bruknes.world\/en\/wp-json\/wp\/v2\/product_brand?post=8650"},{"taxonomy":"product_cat","embeddable":true,"href":"https:\/\/bruknes.world\/en\/wp-json\/wp\/v2\/product_cat?post=8650"},{"taxonomy":"product_tag","embeddable":true,"href":"https:\/\/bruknes.world\/en\/wp-json\/wp\/v2\/product_tag?post=8650"}],"curies":[{"name":"wp","href":"https:\/\/api.w.org\/{rel}","templated":true}]}}