{"id":8868,"date":"2022-01-09T16:30:51","date_gmt":"2022-01-09T14:30:51","guid":{"rendered":"https:\/\/bruknes.world\/?post_type=product&#038;p=8868"},"modified":"2023-01-30T15:50:34","modified_gmt":"2023-01-30T13:50:34","slug":"snow","status":"publish","type":"product","link":"https:\/\/bruknes.world\/en\/produktai\/atvirukai\/kalediniai\/snow\/","title":{"rendered":"kal\u0117diniai atvirukai \u2022 snow"},"content":{"rendered":"","protected":false},"excerpt":{"rendered":"<p><span style=\"color: #000000; font-family: Montserrat; font-size: medium;\"><b>sveikinimo atviruk\u0173 kolekcija &#8211; aukso akvarel\u0117 \u2022 <\/b>\u010dia susijungia m\u016bs\u0173 meil\u0117 minimalistiniam dizainui ir pom\u0117gis sureik\u0161minti detales. \u0160ioje sveikinimo atviruk\u0173 kolekcijoje spaudos dizain\u0105 papildome unikaliais pie\u0161iniais &#8211; ta\u0161kome tu\u0161u, tepame teptuku ir br\u0117\u010diame plunksna subtilias aukso akvarel\u0117s detales. Kiekivienas atvirukas stebina unikaliu rankos prisilietimu ir magi\u0161ku aukso akvarel\u0117s blyks\u0117jimu.<\/span><\/p>\n<p><span style=\"color: #000000; font-family: Montserrat; font-size: medium;\">\u2013 \u2013 \u2013<br \/>\natver\u010diamas atvirukas<br \/>\nekologi\u0161kas, perdirbtas, medviln\u0117s pluo\u0161to turintis (350gsm) popierius<br \/>\n\u2013 \u2013 \u2013<br \/>\ndydis: 12x16cm<br \/>\ndekoratyvinis vokas siuntimui (B6 \u2022 17,5 x 12,5 cm)<\/span><\/p>","protected":false},"featured_media":8867,"template":"","meta":[],"product_brand":[],"product_cat":[78,131],"product_tag":[],"class_list":{"0":"post-8868","1":"product","2":"type-product","3":"status-publish","4":"has-post-thumbnail","6":"product_cat-atvirukai","7":"product_cat-kalediniai","9":"first","10":"instock","11":"shipping-taxable","12":"purchasable","13":"product-type-variable"},"yoast_head":"<!-- This site is optimized with the Yoast SEO plugin v27.2 - https:\/\/yoast.com\/product\/yoast-seo-wordpress\/ -->\n<title>kal\u0117diniai atvirukai \u2022 snow - bruknes world<\/title>\n<meta name=\"description\" content=\"Kal\u0117diniai atvirukai - sveikinimo atviruk\u0173 kolekcija - aukso akvarel\u0117. \u0160ioje kolekcijoje spaudos dizain\u0105 papildome unikaliais pie\u0161iniais.\" \/>\n<meta name=\"robots\" content=\"index, follow, max-snippet:-1, max-image-preview:large, max-video-preview:-1\" \/>\n<link rel=\"canonical\" href=\"https:\/\/bruknes.world\/en\/produktai\/atvirukai\/kalediniai\/snow\/\" \/>\n<meta property=\"og:locale\" content=\"en_US\" \/>\n<meta property=\"og:type\" content=\"article\" \/>\n<meta property=\"og:title\" content=\"kal\u0117diniai atvirukai \u2022 snow - bruknes world\" \/>\n<meta property=\"og:description\" content=\"Kal\u0117diniai atvirukai - sveikinimo atviruk\u0173 kolekcija - aukso akvarel\u0117. \u0160ioje kolekcijoje spaudos dizain\u0105 papildome unikaliais pie\u0161iniais.\" \/>\n<meta property=\"og:url\" content=\"https:\/\/bruknes.world\/en\/produktai\/atvirukai\/kalediniai\/snow\/\" \/>\n<meta property=\"og:site_name\" content=\"bruknes world\" \/>\n<meta property=\"article:modified_time\" content=\"2023-01-30T13:50:34+00:00\" \/>\n<meta property=\"og:image\" content=\"https:\/\/bruknes.world\/wp-content\/uploads\/2023\/01\/kalediniai-atvirukai-5781.jpg\" \/>\n\t<meta property=\"og:image:width\" content=\"1600\" \/>\n\t<meta property=\"og:image:height\" content=\"2000\" \/>\n\t<meta property=\"og:image:type\" content=\"image\/jpeg\" \/>\n<meta name=\"twitter:card\" content=\"summary_large_image\" \/>\n<script type=\"application\/ld+json\" class=\"yoast-schema-graph\">{\"@context\":\"https:\/\/schema.org\",\"@graph\":[{\"@type\":\"WebPage\",\"@id\":\"https:\/\/bruknes.world\/produktai\/atvirukai\/kalediniai\/snow\/\",\"url\":\"https:\/\/bruknes.world\/produktai\/atvirukai\/kalediniai\/snow\/\",\"name\":\"kal\u0117diniai atvirukai \u2022 snow - bruknes world\",\"isPartOf\":{\"@id\":\"https:\/\/bruknes.world\/#website\"},\"primaryImageOfPage\":{\"@id\":\"https:\/\/bruknes.world\/produktai\/atvirukai\/kalediniai\/snow\/#primaryimage\"},\"image\":{\"@id\":\"https:\/\/bruknes.world\/produktai\/atvirukai\/kalediniai\/snow\/#primaryimage\"},\"thumbnailUrl\":\"https:\/\/bruknes.world\/wp-content\/uploads\/2023\/01\/kalediniai-atvirukai-5781.jpg\",\"datePublished\":\"2022-01-09T14:30:51+00:00\",\"dateModified\":\"2023-01-30T13:50:34+00:00\",\"description\":\"Kal\u0117diniai atvirukai - sveikinimo atviruk\u0173 kolekcija - aukso akvarel\u0117. \u0160ioje kolekcijoje spaudos dizain\u0105 papildome unikaliais pie\u0161iniais.\",\"breadcrumb\":{\"@id\":\"https:\/\/bruknes.world\/produktai\/atvirukai\/kalediniai\/snow\/#breadcrumb\"},\"inLanguage\":\"en-US\",\"potentialAction\":[{\"@type\":\"ReadAction\",\"target\":[\"https:\/\/bruknes.world\/produktai\/atvirukai\/kalediniai\/snow\/\"]}]},{\"@type\":\"ImageObject\",\"inLanguage\":\"en-US\",\"@id\":\"https:\/\/bruknes.world\/produktai\/atvirukai\/kalediniai\/snow\/#primaryimage\",\"url\":\"https:\/\/bruknes.world\/wp-content\/uploads\/2023\/01\/kalediniai-atvirukai-5781.jpg\",\"contentUrl\":\"https:\/\/bruknes.world\/wp-content\/uploads\/2023\/01\/kalediniai-atvirukai-5781.jpg\",\"width\":1600,\"height\":2000,\"caption\":\"kaledu atvirukai, ranku darbo\"},{\"@type\":\"BreadcrumbList\",\"@id\":\"https:\/\/bruknes.world\/produktai\/atvirukai\/kalediniai\/snow\/#breadcrumb\",\"itemListElement\":[{\"@type\":\"ListItem\",\"position\":1,\"name\":\"Home\",\"item\":\"https:\/\/bruknes.world\/\"},{\"@type\":\"ListItem\",\"position\":2,\"name\":\"popieriniai dalykai\",\"item\":\"https:\/\/bruknes.world\/popieriniai-dalykai\/\"},{\"@type\":\"ListItem\",\"position\":3,\"name\":\"kal\u0117diniai atvirukai \u2022 snow\"}]},{\"@type\":\"WebSite\",\"@id\":\"https:\/\/bruknes.world\/#website\",\"url\":\"https:\/\/bruknes.world\/\",\"name\":\"bruknes world\",\"description\":\"\",\"potentialAction\":[{\"@type\":\"SearchAction\",\"target\":{\"@type\":\"EntryPoint\",\"urlTemplate\":\"https:\/\/bruknes.world\/?s={search_term_string}\"},\"query-input\":{\"@type\":\"PropertyValueSpecification\",\"valueRequired\":true,\"valueName\":\"search_term_string\"}}],\"inLanguage\":\"en-US\"}]}<\/script>\n<!-- \/ Yoast SEO plugin. -->","yoast_head_json":{"title":"kal\u0117diniai atvirukai \u2022 snow - bruknes world","description":"Kal\u0117diniai atvirukai - sveikinimo atviruk\u0173 kolekcija - aukso akvarel\u0117. \u0160ioje kolekcijoje spaudos dizain\u0105 papildome unikaliais pie\u0161iniais.","robots":{"index":"index","follow":"follow","max-snippet":"max-snippet:-1","max-image-preview":"max-image-preview:large","max-video-preview":"max-video-preview:-1"},"canonical":"https:\/\/bruknes.world\/en\/produktai\/atvirukai\/kalediniai\/snow\/","og_locale":"en_US","og_type":"article","og_title":"kal\u0117diniai atvirukai \u2022 snow - bruknes world","og_description":"Kal\u0117diniai atvirukai - sveikinimo atviruk\u0173 kolekcija - aukso akvarel\u0117. \u0160ioje kolekcijoje spaudos dizain\u0105 papildome unikaliais pie\u0161iniais.","og_url":"https:\/\/bruknes.world\/en\/produktai\/atvirukai\/kalediniai\/snow\/","og_site_name":"bruknes world","article_modified_time":"2023-01-30T13:50:34+00:00","og_image":[{"width":1600,"height":2000,"url":"https:\/\/bruknes.world\/wp-content\/uploads\/2023\/01\/kalediniai-atvirukai-5781.jpg","type":"image\/jpeg"}],"twitter_card":"summary_large_image","schema":{"@context":"https:\/\/schema.org","@graph":[{"@type":"WebPage","@id":"https:\/\/bruknes.world\/produktai\/atvirukai\/kalediniai\/snow\/","url":"https:\/\/bruknes.world\/produktai\/atvirukai\/kalediniai\/snow\/","name":"kal\u0117diniai atvirukai \u2022 snow - bruknes world","isPartOf":{"@id":"https:\/\/bruknes.world\/#website"},"primaryImageOfPage":{"@id":"https:\/\/bruknes.world\/produktai\/atvirukai\/kalediniai\/snow\/#primaryimage"},"image":{"@id":"https:\/\/bruknes.world\/produktai\/atvirukai\/kalediniai\/snow\/#primaryimage"},"thumbnailUrl":"https:\/\/bruknes.world\/wp-content\/uploads\/2023\/01\/kalediniai-atvirukai-5781.jpg","datePublished":"2022-01-09T14:30:51+00:00","dateModified":"2023-01-30T13:50:34+00:00","description":"Kal\u0117diniai atvirukai - sveikinimo atviruk\u0173 kolekcija - aukso akvarel\u0117. \u0160ioje kolekcijoje spaudos dizain\u0105 papildome unikaliais pie\u0161iniais.","breadcrumb":{"@id":"https:\/\/bruknes.world\/produktai\/atvirukai\/kalediniai\/snow\/#breadcrumb"},"inLanguage":"en-US","potentialAction":[{"@type":"ReadAction","target":["https:\/\/bruknes.world\/produktai\/atvirukai\/kalediniai\/snow\/"]}]},{"@type":"ImageObject","inLanguage":"en-US","@id":"https:\/\/bruknes.world\/produktai\/atvirukai\/kalediniai\/snow\/#primaryimage","url":"https:\/\/bruknes.world\/wp-content\/uploads\/2023\/01\/kalediniai-atvirukai-5781.jpg","contentUrl":"https:\/\/bruknes.world\/wp-content\/uploads\/2023\/01\/kalediniai-atvirukai-5781.jpg","width":1600,"height":2000,"caption":"kaledu atvirukai, ranku darbo"},{"@type":"BreadcrumbList","@id":"https:\/\/bruknes.world\/produktai\/atvirukai\/kalediniai\/snow\/#breadcrumb","itemListElement":[{"@type":"ListItem","position":1,"name":"Home","item":"https:\/\/bruknes.world\/"},{"@type":"ListItem","position":2,"name":"popieriniai dalykai","item":"https:\/\/bruknes.world\/popieriniai-dalykai\/"},{"@type":"ListItem","position":3,"name":"kal\u0117diniai atvirukai \u2022 snow"}]},{"@type":"WebSite","@id":"https:\/\/bruknes.world\/#website","url":"https:\/\/bruknes.world\/","name":"bruknes world","description":"","potentialAction":[{"@type":"SearchAction","target":{"@type":"EntryPoint","urlTemplate":"https:\/\/bruknes.world\/?s={search_term_string}"},"query-input":{"@type":"PropertyValueSpecification","valueRequired":true,"valueName":"search_term_string"}}],"inLanguage":"en-US"}]}},"_links":{"self":[{"href":"https:\/\/bruknes.world\/en\/wp-json\/wp\/v2\/product\/8868","targetHints":{"allow":["GET"]}}],"collection":[{"href":"https:\/\/bruknes.world\/en\/wp-json\/wp\/v2\/product"}],"about":[{"href":"https:\/\/bruknes.world\/en\/wp-json\/wp\/v2\/types\/product"}],"wp:featuredmedia":[{"embeddable":true,"href":"https:\/\/bruknes.world\/en\/wp-json\/wp\/v2\/media\/8867"}],"wp:attachment":[{"href":"https:\/\/bruknes.world\/en\/wp-json\/wp\/v2\/media?parent=8868"}],"wp:term":[{"taxonomy":"product_brand","embeddable":true,"href":"https:\/\/bruknes.world\/en\/wp-json\/wp\/v2\/product_brand?post=8868"},{"taxonomy":"product_cat","embeddable":true,"href":"https:\/\/bruknes.world\/en\/wp-json\/wp\/v2\/product_cat?post=8868"},{"taxonomy":"product_tag","embeddable":true,"href":"https:\/\/bruknes.world\/en\/wp-json\/wp\/v2\/product_tag?post=8868"}],"curies":[{"name":"wp","href":"https:\/\/api.w.org\/{rel}","templated":true}]}}