{"id":9651,"date":"2023-10-17T15:20:11","date_gmt":"2023-10-17T12:20:11","guid":{"rendered":"https:\/\/bruknes.world\/?post_type=product&#038;p=9651"},"modified":"2025-11-02T10:06:47","modified_gmt":"2025-11-02T08:06:47","slug":"stalo-kalendorius-2026-questions","status":"publish","type":"product","link":"https:\/\/bruknes.world\/en\/produktai\/kalendoriai\/stalo\/stalo-kalendorius-2026-questions\/","title":{"rendered":"stalo kalendorius 2026 \u2022 questions"},"content":{"rendered":"","protected":false},"excerpt":{"rendered":"<p>kalendorius ypatingam dien\u0173 skai\u010diavimui<\/p>\n<p>&nbsp;<\/p>\n<p>ry\u0161kios, dinami\u0161kos formos, tai bandymas paklibinti kasdien\u0119 b\u016bt\u012f. Paskaitai, nusijuoki, o kod\u0117l nepaklausus &#8211; &#8216;can i ask you one question? :)&#8217;<br \/>\n&#8212;<br \/>\nkiekvien\u0105 m\u0117nes\u012f &#8211; atsitiktinis klausimas, sukeliantis \u0161ypsen\u0105, u\u017evedantis netik\u0117t\u0105 pokalbi\u0173 tem\u0105, skatinantis susim\u0105styti ar pasikapstyti prisiminimuose<\/p>\n<p>minimalistinio dizaino stalo kalendorius 2026 metams su 12 ry\u0161ki\u0173 iliustracij\u0173. Kortel\u0117s dedamos ant sutveriamo, juodo organinio stiklo, stovelio. Pasibaigus metams, stovel\u012f galite naudoti nam\u0173 dekorui, nuotrauk\u0173 eksponavimui arba u\u017esakyti kalendoriaus korteles kitiems metams<\/p>\n<p>&nbsp;<\/p>\n<p>&#8211; 12 m\u0117nesi\u0173 korteli\u0173 ir vir\u0161elis (korteli\u0173 dydis 11,5 cm\u00a0 x 16 cm)<br \/>\n&#8211; puikiai tinka ant darbo stalo<br \/>\n&#8211; 350 g tekst\u016brinis popierius<br \/>\n&#8211; pakuot\u0117 \u2013 ruda kartonin\u0117 d\u0117\u017eut\u0117<br \/>\n&#8211; pagaminta su meile m\u016bs\u0173 studijoje<\/p>\n<p>&nbsp;<\/p>\n<p><em><strong>naujiena! si\u016blome metus skai\u010diuoti nuo gimtadienio<br \/>\n<\/strong><\/em><em><strong>galite u\u017esakyti kalendori\u0173 gimtadienio dovanai pasirinkdami nuo kurio m\u0117nesio bus skai\u010diuojami metai<\/strong><\/em><\/p>","protected":false},"featured_media":9666,"template":"","meta":[],"product_brand":[],"product_cat":[84,116],"product_tag":[],"class_list":{"0":"post-9651","1":"product","2":"type-product","3":"status-publish","4":"has-post-thumbnail","6":"product_cat-kalendoriai","7":"product_cat-stalo","9":"first","10":"instock","11":"shipping-taxable","12":"purchasable","13":"product-type-variable"},"yoast_head":"<!-- This site is optimized with the Yoast SEO plugin v27.2 - https:\/\/yoast.com\/product\/yoast-seo-wordpress\/ -->\n<title>stalo kalendorius 2026 \u2022 questions - bruknes world<\/title>\n<meta name=\"description\" content=\"2026 met\u0173 stalo kalendorius QUESTIONS. Dovana nauj\u0173 met\u0173 prad\u017eiai, gimtadieniui - stalo kalendorius: 12 abstrak\u010di\u0173 iliustracij\u0173, sutveriamas stovelis\" \/>\n<meta name=\"robots\" content=\"index, follow, max-snippet:-1, max-image-preview:large, max-video-preview:-1\" \/>\n<link rel=\"canonical\" href=\"https:\/\/bruknes.world\/en\/produktai\/kalendoriai\/stalo\/stalo-kalendorius-2026-questions\/\" \/>\n<meta property=\"og:locale\" content=\"en_US\" \/>\n<meta property=\"og:type\" content=\"article\" \/>\n<meta property=\"og:title\" content=\"stalo kalendorius 2026 \u2022 questions - bruknes world\" \/>\n<meta property=\"og:description\" content=\"2026 met\u0173 stalo kalendorius QUESTIONS. Dovana nauj\u0173 met\u0173 prad\u017eiai, gimtadieniui - stalo kalendorius: 12 abstrak\u010di\u0173 iliustracij\u0173, sutveriamas stovelis\" \/>\n<meta property=\"og:url\" content=\"https:\/\/bruknes.world\/en\/produktai\/kalendoriai\/stalo\/stalo-kalendorius-2026-questions\/\" \/>\n<meta property=\"og:site_name\" content=\"bruknes world\" \/>\n<meta property=\"article:modified_time\" content=\"2025-11-02T08:06:47+00:00\" \/>\n<meta property=\"og:image\" content=\"https:\/\/bruknes.world\/wp-content\/uploads\/2023\/10\/kalendorius_questions_2x3-13-scaled.jpg\" \/>\n\t<meta property=\"og:image:width\" content=\"1707\" \/>\n\t<meta property=\"og:image:height\" content=\"2560\" \/>\n\t<meta property=\"og:image:type\" content=\"image\/jpeg\" \/>\n<meta name=\"twitter:card\" content=\"summary_large_image\" \/>\n<meta name=\"twitter:label1\" content=\"Est. reading time\" \/>\n\t<meta name=\"twitter:data1\" content=\"1 minute\" \/>\n<script type=\"application\/ld+json\" class=\"yoast-schema-graph\">{\"@context\":\"https:\/\/schema.org\",\"@graph\":[{\"@type\":\"WebPage\",\"@id\":\"https:\/\/bruknes.world\/produktai\/kalendoriai\/stalo\/stalo-kalendorius-2026-questions\/\",\"url\":\"https:\/\/bruknes.world\/produktai\/kalendoriai\/stalo\/stalo-kalendorius-2026-questions\/\",\"name\":\"stalo kalendorius 2026 \u2022 questions - bruknes world\",\"isPartOf\":{\"@id\":\"https:\/\/bruknes.world\/#website\"},\"primaryImageOfPage\":{\"@id\":\"https:\/\/bruknes.world\/produktai\/kalendoriai\/stalo\/stalo-kalendorius-2026-questions\/#primaryimage\"},\"image\":{\"@id\":\"https:\/\/bruknes.world\/produktai\/kalendoriai\/stalo\/stalo-kalendorius-2026-questions\/#primaryimage\"},\"thumbnailUrl\":\"https:\/\/bruknes.world\/wp-content\/uploads\/2023\/10\/kalendorius_questions_2x3-13-scaled.jpg\",\"datePublished\":\"2023-10-17T12:20:11+00:00\",\"dateModified\":\"2025-11-02T08:06:47+00:00\",\"description\":\"2026 met\u0173 stalo kalendorius QUESTIONS. Dovana nauj\u0173 met\u0173 prad\u017eiai, gimtadieniui - stalo kalendorius: 12 abstrak\u010di\u0173 iliustracij\u0173, sutveriamas stovelis\",\"breadcrumb\":{\"@id\":\"https:\/\/bruknes.world\/produktai\/kalendoriai\/stalo\/stalo-kalendorius-2026-questions\/#breadcrumb\"},\"inLanguage\":\"en-US\",\"potentialAction\":[{\"@type\":\"ReadAction\",\"target\":[\"https:\/\/bruknes.world\/produktai\/kalendoriai\/stalo\/stalo-kalendorius-2026-questions\/\"]}]},{\"@type\":\"ImageObject\",\"inLanguage\":\"en-US\",\"@id\":\"https:\/\/bruknes.world\/produktai\/kalendoriai\/stalo\/stalo-kalendorius-2026-questions\/#primaryimage\",\"url\":\"https:\/\/bruknes.world\/wp-content\/uploads\/2023\/10\/kalendorius_questions_2x3-13-scaled.jpg\",\"contentUrl\":\"https:\/\/bruknes.world\/wp-content\/uploads\/2023\/10\/kalendorius_questions_2x3-13-scaled.jpg\",\"width\":1707,\"height\":2560,\"caption\":\"stalo kalendorius su stoveliu, stalinis kalendorius lapeliais\"},{\"@type\":\"BreadcrumbList\",\"@id\":\"https:\/\/bruknes.world\/produktai\/kalendoriai\/stalo\/stalo-kalendorius-2026-questions\/#breadcrumb\",\"itemListElement\":[{\"@type\":\"ListItem\",\"position\":1,\"name\":\"Home\",\"item\":\"https:\/\/bruknes.world\/\"},{\"@type\":\"ListItem\",\"position\":2,\"name\":\"popieriniai dalykai\",\"item\":\"https:\/\/bruknes.world\/popieriniai-dalykai\/\"},{\"@type\":\"ListItem\",\"position\":3,\"name\":\"stalo kalendorius 2026 \u2022 questions\"}]},{\"@type\":\"WebSite\",\"@id\":\"https:\/\/bruknes.world\/#website\",\"url\":\"https:\/\/bruknes.world\/\",\"name\":\"bruknes world\",\"description\":\"\",\"potentialAction\":[{\"@type\":\"SearchAction\",\"target\":{\"@type\":\"EntryPoint\",\"urlTemplate\":\"https:\/\/bruknes.world\/?s={search_term_string}\"},\"query-input\":{\"@type\":\"PropertyValueSpecification\",\"valueRequired\":true,\"valueName\":\"search_term_string\"}}],\"inLanguage\":\"en-US\"}]}<\/script>\n<!-- \/ Yoast SEO plugin. -->","yoast_head_json":{"title":"stalo kalendorius 2026 \u2022 questions - bruknes world","description":"2026 met\u0173 stalo kalendorius QUESTIONS. Dovana nauj\u0173 met\u0173 prad\u017eiai, gimtadieniui - stalo kalendorius: 12 abstrak\u010di\u0173 iliustracij\u0173, sutveriamas stovelis","robots":{"index":"index","follow":"follow","max-snippet":"max-snippet:-1","max-image-preview":"max-image-preview:large","max-video-preview":"max-video-preview:-1"},"canonical":"https:\/\/bruknes.world\/en\/produktai\/kalendoriai\/stalo\/stalo-kalendorius-2026-questions\/","og_locale":"en_US","og_type":"article","og_title":"stalo kalendorius 2026 \u2022 questions - bruknes world","og_description":"2026 met\u0173 stalo kalendorius QUESTIONS. Dovana nauj\u0173 met\u0173 prad\u017eiai, gimtadieniui - stalo kalendorius: 12 abstrak\u010di\u0173 iliustracij\u0173, sutveriamas stovelis","og_url":"https:\/\/bruknes.world\/en\/produktai\/kalendoriai\/stalo\/stalo-kalendorius-2026-questions\/","og_site_name":"bruknes world","article_modified_time":"2025-11-02T08:06:47+00:00","og_image":[{"width":1707,"height":2560,"url":"https:\/\/bruknes.world\/wp-content\/uploads\/2023\/10\/kalendorius_questions_2x3-13-scaled.jpg","type":"image\/jpeg"}],"twitter_card":"summary_large_image","twitter_misc":{"Est. reading time":"1 minute"},"schema":{"@context":"https:\/\/schema.org","@graph":[{"@type":"WebPage","@id":"https:\/\/bruknes.world\/produktai\/kalendoriai\/stalo\/stalo-kalendorius-2026-questions\/","url":"https:\/\/bruknes.world\/produktai\/kalendoriai\/stalo\/stalo-kalendorius-2026-questions\/","name":"stalo kalendorius 2026 \u2022 questions - bruknes world","isPartOf":{"@id":"https:\/\/bruknes.world\/#website"},"primaryImageOfPage":{"@id":"https:\/\/bruknes.world\/produktai\/kalendoriai\/stalo\/stalo-kalendorius-2026-questions\/#primaryimage"},"image":{"@id":"https:\/\/bruknes.world\/produktai\/kalendoriai\/stalo\/stalo-kalendorius-2026-questions\/#primaryimage"},"thumbnailUrl":"https:\/\/bruknes.world\/wp-content\/uploads\/2023\/10\/kalendorius_questions_2x3-13-scaled.jpg","datePublished":"2023-10-17T12:20:11+00:00","dateModified":"2025-11-02T08:06:47+00:00","description":"2026 met\u0173 stalo kalendorius QUESTIONS. Dovana nauj\u0173 met\u0173 prad\u017eiai, gimtadieniui - stalo kalendorius: 12 abstrak\u010di\u0173 iliustracij\u0173, sutveriamas stovelis","breadcrumb":{"@id":"https:\/\/bruknes.world\/produktai\/kalendoriai\/stalo\/stalo-kalendorius-2026-questions\/#breadcrumb"},"inLanguage":"en-US","potentialAction":[{"@type":"ReadAction","target":["https:\/\/bruknes.world\/produktai\/kalendoriai\/stalo\/stalo-kalendorius-2026-questions\/"]}]},{"@type":"ImageObject","inLanguage":"en-US","@id":"https:\/\/bruknes.world\/produktai\/kalendoriai\/stalo\/stalo-kalendorius-2026-questions\/#primaryimage","url":"https:\/\/bruknes.world\/wp-content\/uploads\/2023\/10\/kalendorius_questions_2x3-13-scaled.jpg","contentUrl":"https:\/\/bruknes.world\/wp-content\/uploads\/2023\/10\/kalendorius_questions_2x3-13-scaled.jpg","width":1707,"height":2560,"caption":"stalo kalendorius su stoveliu, stalinis kalendorius lapeliais"},{"@type":"BreadcrumbList","@id":"https:\/\/bruknes.world\/produktai\/kalendoriai\/stalo\/stalo-kalendorius-2026-questions\/#breadcrumb","itemListElement":[{"@type":"ListItem","position":1,"name":"Home","item":"https:\/\/bruknes.world\/"},{"@type":"ListItem","position":2,"name":"popieriniai dalykai","item":"https:\/\/bruknes.world\/popieriniai-dalykai\/"},{"@type":"ListItem","position":3,"name":"stalo kalendorius 2026 \u2022 questions"}]},{"@type":"WebSite","@id":"https:\/\/bruknes.world\/#website","url":"https:\/\/bruknes.world\/","name":"bruknes world","description":"","potentialAction":[{"@type":"SearchAction","target":{"@type":"EntryPoint","urlTemplate":"https:\/\/bruknes.world\/?s={search_term_string}"},"query-input":{"@type":"PropertyValueSpecification","valueRequired":true,"valueName":"search_term_string"}}],"inLanguage":"en-US"}]}},"_links":{"self":[{"href":"https:\/\/bruknes.world\/en\/wp-json\/wp\/v2\/product\/9651","targetHints":{"allow":["GET"]}}],"collection":[{"href":"https:\/\/bruknes.world\/en\/wp-json\/wp\/v2\/product"}],"about":[{"href":"https:\/\/bruknes.world\/en\/wp-json\/wp\/v2\/types\/product"}],"wp:featuredmedia":[{"embeddable":true,"href":"https:\/\/bruknes.world\/en\/wp-json\/wp\/v2\/media\/9666"}],"wp:attachment":[{"href":"https:\/\/bruknes.world\/en\/wp-json\/wp\/v2\/media?parent=9651"}],"wp:term":[{"taxonomy":"product_brand","embeddable":true,"href":"https:\/\/bruknes.world\/en\/wp-json\/wp\/v2\/product_brand?post=9651"},{"taxonomy":"product_cat","embeddable":true,"href":"https:\/\/bruknes.world\/en\/wp-json\/wp\/v2\/product_cat?post=9651"},{"taxonomy":"product_tag","embeddable":true,"href":"https:\/\/bruknes.world\/en\/wp-json\/wp\/v2\/product_tag?post=9651"}],"curies":[{"name":"wp","href":"https:\/\/api.w.org\/{rel}","templated":true}]}}