{"id":9744,"date":"2023-10-31T14:50:04","date_gmt":"2023-10-31T12:50:04","guid":{"rendered":"https:\/\/bruknes.world\/?post_type=product&#038;p=9744"},"modified":"2023-10-31T15:10:28","modified_gmt":"2023-10-31T13:10:28","slug":"vokai-pinigams-pieva","status":"publish","type":"product","link":"https:\/\/bruknes.world\/en\/produktai\/vokai\/pinigams\/vokai-pinigams-pieva\/","title":{"rendered":"vokai pinigams \u2022 pieva"},"content":{"rendered":"","protected":false},"excerpt":{"rendered":"<p>vokas pinigams dovanoti &#8211; tai dekoratyvinio popieriaus sulankstomas d\u0117kliukas su ki\u0161en\u0117le. Puikus sprendimas gimtadienio, vestuvi\u0173 ar krik\u0161tyn\u0173 sveikinimui, viduje galima para\u0161yti link\u0117jim\u0105. Subtiliai i\u0161d\u0117lioti ry\u0161k\u016bs g\u0117li\u0173 motyvai voko vir\u0161elyje \u2013 tarsi link\u0117jimas dr\u0105siai svajoti<\/p>\n<p>&#8211; &#8211; &#8211;<br \/>\ndydis:\u00a0 19 x 10 cm<\/p>","protected":false},"featured_media":9760,"template":"","meta":[],"product_brand":[],"product_cat":[123,127],"product_tag":[],"class_list":{"0":"post-9744","1":"product","2":"type-product","3":"status-publish","4":"has-post-thumbnail","6":"product_cat-vokai","7":"product_cat-pinigams","9":"first","10":"instock","11":"shipping-taxable","12":"purchasable","13":"product-type-variable"},"yoast_head":"<!-- This site is optimized with the Yoast SEO plugin v27.2 - https:\/\/yoast.com\/product\/yoast-seo-wordpress\/ -->\n<title>vokai pinigams \u2022 pieva - bruknes world<\/title>\n<meta name=\"description\" content=\"Vokai pinigams su ry\u0161kiu g\u0117li\u0173 pie\u0161iniu vir\u0161elyje. Tai puiki pinig\u0173 dovanojimo id\u0117ja vestuvi\u0173, krik\u0161tyn\u0173, jubiliejaus ar mokyklos\/universiteto baigimo proga\" \/>\n<meta name=\"robots\" content=\"index, follow, max-snippet:-1, max-image-preview:large, max-video-preview:-1\" \/>\n<link rel=\"canonical\" href=\"https:\/\/bruknes.world\/en\/produktai\/vokai\/dekliukai\/vokai-pinigams-pieva\/\" \/>\n<meta property=\"og:locale\" content=\"en_US\" \/>\n<meta property=\"og:type\" content=\"article\" \/>\n<meta property=\"og:title\" content=\"vokai pinigams \u2022 pieva - bruknes world\" \/>\n<meta property=\"og:description\" content=\"Vokai pinigams su ry\u0161kiu g\u0117li\u0173 pie\u0161iniu vir\u0161elyje. Tai puiki pinig\u0173 dovanojimo id\u0117ja vestuvi\u0173, krik\u0161tyn\u0173, jubiliejaus ar mokyklos\/universiteto baigimo proga\" \/>\n<meta property=\"og:url\" content=\"https:\/\/bruknes.world\/en\/produktai\/vokai\/dekliukai\/vokai-pinigams-pieva\/\" \/>\n<meta property=\"og:site_name\" content=\"bruknes world\" \/>\n<meta property=\"article:modified_time\" content=\"2023-10-31T13:10:28+00:00\" \/>\n<meta property=\"og:image\" content=\"https:\/\/bruknes.world\/wp-content\/uploads\/2023\/10\/vokai-pinigams_2x3-16-scaled.jpg\" \/>\n\t<meta property=\"og:image:width\" content=\"2048\" \/>\n\t<meta property=\"og:image:height\" content=\"2560\" \/>\n\t<meta property=\"og:image:type\" content=\"image\/jpeg\" \/>\n<meta name=\"twitter:card\" content=\"summary_large_image\" \/>\n<script type=\"application\/ld+json\" class=\"yoast-schema-graph\">{\"@context\":\"https:\/\/schema.org\",\"@graph\":[{\"@type\":\"WebPage\",\"@id\":\"https:\/\/bruknes.world\/produktai\/vokai\/dekliukai\/vokai-pinigams-pieva\/\",\"url\":\"https:\/\/bruknes.world\/produktai\/vokai\/dekliukai\/vokai-pinigams-pieva\/\",\"name\":\"vokai pinigams \u2022 pieva - bruknes world\",\"isPartOf\":{\"@id\":\"https:\/\/bruknes.world\/#website\"},\"primaryImageOfPage\":{\"@id\":\"https:\/\/bruknes.world\/produktai\/vokai\/dekliukai\/vokai-pinigams-pieva\/#primaryimage\"},\"image\":{\"@id\":\"https:\/\/bruknes.world\/produktai\/vokai\/dekliukai\/vokai-pinigams-pieva\/#primaryimage\"},\"thumbnailUrl\":\"https:\/\/bruknes.world\/wp-content\/uploads\/2023\/10\/vokai-pinigams_2x3-16-scaled.jpg\",\"datePublished\":\"2023-10-31T12:50:04+00:00\",\"dateModified\":\"2023-10-31T13:10:28+00:00\",\"description\":\"Vokai pinigams su ry\u0161kiu g\u0117li\u0173 pie\u0161iniu vir\u0161elyje. Tai puiki pinig\u0173 dovanojimo id\u0117ja vestuvi\u0173, krik\u0161tyn\u0173, jubiliejaus ar mokyklos\/universiteto baigimo proga\",\"breadcrumb\":{\"@id\":\"https:\/\/bruknes.world\/produktai\/vokai\/dekliukai\/vokai-pinigams-pieva\/#breadcrumb\"},\"inLanguage\":\"en-US\",\"potentialAction\":[{\"@type\":\"ReadAction\",\"target\":[\"https:\/\/bruknes.world\/produktai\/vokai\/dekliukai\/vokai-pinigams-pieva\/\"]}]},{\"@type\":\"ImageObject\",\"inLanguage\":\"en-US\",\"@id\":\"https:\/\/bruknes.world\/produktai\/vokai\/dekliukai\/vokai-pinigams-pieva\/#primaryimage\",\"url\":\"https:\/\/bruknes.world\/wp-content\/uploads\/2023\/10\/vokai-pinigams_2x3-16-scaled.jpg\",\"contentUrl\":\"https:\/\/bruknes.world\/wp-content\/uploads\/2023\/10\/vokai-pinigams_2x3-16-scaled.jpg\",\"width\":2048,\"height\":2560,\"caption\":\"vokai pinigams dovanoti, gimtadienio vestuviu krikstynu atvirukai pinigams\"},{\"@type\":\"BreadcrumbList\",\"@id\":\"https:\/\/bruknes.world\/produktai\/vokai\/dekliukai\/vokai-pinigams-pieva\/#breadcrumb\",\"itemListElement\":[{\"@type\":\"ListItem\",\"position\":1,\"name\":\"Home\",\"item\":\"https:\/\/bruknes.world\/\"},{\"@type\":\"ListItem\",\"position\":2,\"name\":\"popieriniai dalykai\",\"item\":\"https:\/\/bruknes.world\/popieriniai-dalykai\/\"},{\"@type\":\"ListItem\",\"position\":3,\"name\":\"vokai pinigams \u2022 pieva\"}]},{\"@type\":\"WebSite\",\"@id\":\"https:\/\/bruknes.world\/#website\",\"url\":\"https:\/\/bruknes.world\/\",\"name\":\"bruknes world\",\"description\":\"\",\"potentialAction\":[{\"@type\":\"SearchAction\",\"target\":{\"@type\":\"EntryPoint\",\"urlTemplate\":\"https:\/\/bruknes.world\/?s={search_term_string}\"},\"query-input\":{\"@type\":\"PropertyValueSpecification\",\"valueRequired\":true,\"valueName\":\"search_term_string\"}}],\"inLanguage\":\"en-US\"}]}<\/script>\n<!-- \/ Yoast SEO plugin. -->","yoast_head_json":{"title":"vokai pinigams \u2022 pieva - bruknes world","description":"Vokai pinigams su ry\u0161kiu g\u0117li\u0173 pie\u0161iniu vir\u0161elyje. Tai puiki pinig\u0173 dovanojimo id\u0117ja vestuvi\u0173, krik\u0161tyn\u0173, jubiliejaus ar mokyklos\/universiteto baigimo proga","robots":{"index":"index","follow":"follow","max-snippet":"max-snippet:-1","max-image-preview":"max-image-preview:large","max-video-preview":"max-video-preview:-1"},"canonical":"https:\/\/bruknes.world\/en\/produktai\/vokai\/dekliukai\/vokai-pinigams-pieva\/","og_locale":"en_US","og_type":"article","og_title":"vokai pinigams \u2022 pieva - bruknes world","og_description":"Vokai pinigams su ry\u0161kiu g\u0117li\u0173 pie\u0161iniu vir\u0161elyje. Tai puiki pinig\u0173 dovanojimo id\u0117ja vestuvi\u0173, krik\u0161tyn\u0173, jubiliejaus ar mokyklos\/universiteto baigimo proga","og_url":"https:\/\/bruknes.world\/en\/produktai\/vokai\/dekliukai\/vokai-pinigams-pieva\/","og_site_name":"bruknes world","article_modified_time":"2023-10-31T13:10:28+00:00","og_image":[{"width":2048,"height":2560,"url":"https:\/\/bruknes.world\/wp-content\/uploads\/2023\/10\/vokai-pinigams_2x3-16-scaled.jpg","type":"image\/jpeg"}],"twitter_card":"summary_large_image","schema":{"@context":"https:\/\/schema.org","@graph":[{"@type":"WebPage","@id":"https:\/\/bruknes.world\/produktai\/vokai\/dekliukai\/vokai-pinigams-pieva\/","url":"https:\/\/bruknes.world\/produktai\/vokai\/dekliukai\/vokai-pinigams-pieva\/","name":"vokai pinigams \u2022 pieva - bruknes world","isPartOf":{"@id":"https:\/\/bruknes.world\/#website"},"primaryImageOfPage":{"@id":"https:\/\/bruknes.world\/produktai\/vokai\/dekliukai\/vokai-pinigams-pieva\/#primaryimage"},"image":{"@id":"https:\/\/bruknes.world\/produktai\/vokai\/dekliukai\/vokai-pinigams-pieva\/#primaryimage"},"thumbnailUrl":"https:\/\/bruknes.world\/wp-content\/uploads\/2023\/10\/vokai-pinigams_2x3-16-scaled.jpg","datePublished":"2023-10-31T12:50:04+00:00","dateModified":"2023-10-31T13:10:28+00:00","description":"Vokai pinigams su ry\u0161kiu g\u0117li\u0173 pie\u0161iniu vir\u0161elyje. Tai puiki pinig\u0173 dovanojimo id\u0117ja vestuvi\u0173, krik\u0161tyn\u0173, jubiliejaus ar mokyklos\/universiteto baigimo proga","breadcrumb":{"@id":"https:\/\/bruknes.world\/produktai\/vokai\/dekliukai\/vokai-pinigams-pieva\/#breadcrumb"},"inLanguage":"en-US","potentialAction":[{"@type":"ReadAction","target":["https:\/\/bruknes.world\/produktai\/vokai\/dekliukai\/vokai-pinigams-pieva\/"]}]},{"@type":"ImageObject","inLanguage":"en-US","@id":"https:\/\/bruknes.world\/produktai\/vokai\/dekliukai\/vokai-pinigams-pieva\/#primaryimage","url":"https:\/\/bruknes.world\/wp-content\/uploads\/2023\/10\/vokai-pinigams_2x3-16-scaled.jpg","contentUrl":"https:\/\/bruknes.world\/wp-content\/uploads\/2023\/10\/vokai-pinigams_2x3-16-scaled.jpg","width":2048,"height":2560,"caption":"vokai pinigams dovanoti, gimtadienio vestuviu krikstynu atvirukai pinigams"},{"@type":"BreadcrumbList","@id":"https:\/\/bruknes.world\/produktai\/vokai\/dekliukai\/vokai-pinigams-pieva\/#breadcrumb","itemListElement":[{"@type":"ListItem","position":1,"name":"Home","item":"https:\/\/bruknes.world\/"},{"@type":"ListItem","position":2,"name":"popieriniai dalykai","item":"https:\/\/bruknes.world\/popieriniai-dalykai\/"},{"@type":"ListItem","position":3,"name":"vokai pinigams \u2022 pieva"}]},{"@type":"WebSite","@id":"https:\/\/bruknes.world\/#website","url":"https:\/\/bruknes.world\/","name":"bruknes world","description":"","potentialAction":[{"@type":"SearchAction","target":{"@type":"EntryPoint","urlTemplate":"https:\/\/bruknes.world\/?s={search_term_string}"},"query-input":{"@type":"PropertyValueSpecification","valueRequired":true,"valueName":"search_term_string"}}],"inLanguage":"en-US"}]}},"_links":{"self":[{"href":"https:\/\/bruknes.world\/en\/wp-json\/wp\/v2\/product\/9744","targetHints":{"allow":["GET"]}}],"collection":[{"href":"https:\/\/bruknes.world\/en\/wp-json\/wp\/v2\/product"}],"about":[{"href":"https:\/\/bruknes.world\/en\/wp-json\/wp\/v2\/types\/product"}],"wp:featuredmedia":[{"embeddable":true,"href":"https:\/\/bruknes.world\/en\/wp-json\/wp\/v2\/media\/9760"}],"wp:attachment":[{"href":"https:\/\/bruknes.world\/en\/wp-json\/wp\/v2\/media?parent=9744"}],"wp:term":[{"taxonomy":"product_brand","embeddable":true,"href":"https:\/\/bruknes.world\/en\/wp-json\/wp\/v2\/product_brand?post=9744"},{"taxonomy":"product_cat","embeddable":true,"href":"https:\/\/bruknes.world\/en\/wp-json\/wp\/v2\/product_cat?post=9744"},{"taxonomy":"product_tag","embeddable":true,"href":"https:\/\/bruknes.world\/en\/wp-json\/wp\/v2\/product_tag?post=9744"}],"curies":[{"name":"wp","href":"https:\/\/api.w.org\/{rel}","templated":true}]}}