{"id":9805,"date":"2023-11-02T15:45:04","date_gmt":"2023-11-02T13:45:04","guid":{"rendered":"https:\/\/bruknes.world\/?post_type=product&#038;p=9805"},"modified":"2023-11-20T17:48:19","modified_gmt":"2023-11-20T15:48:19","slug":"atviruku-rinkinys-zolynai","status":"publish","type":"product","link":"https:\/\/bruknes.world\/en\/produktai\/atvirukai\/rinkiniai\/atviruku-rinkinys-zolynai\/","title":{"rendered":"atviruk\u0173 rinkinys \u2022 \u017eolynai"},"content":{"rendered":"","protected":false},"excerpt":{"rendered":"<p>atviruk\u0173 rinkinys (7 vnt)<\/p>\n<p>&nbsp;<\/p>\n<p><strong>atviruk\u0173 kolekcija \u017eolynai<\/strong> &#8211; tai akvarelin\u0117s augal\u0173 iliustracijos dailiai \u012fsitaisusios medviln\u0117s popieriaus fone. Malonumas akiai ir pir\u0161t\u0173 galiukams<\/p>\n<p>&#8211; &#8211; &#8211;<br \/>\nseptynios dvipus\u0117s spaudos kortel\u0117s<br \/>\nkokybi\u0161kas medviln\u0117s popieriaus pluo\u0161to turintis (250gsm) popierius<br \/>\n&#8211; &#8211; &#8211;<br \/>\natviruko dydis: 12x17cm<br \/>\nvisi atvirukai supakuoti viename kalkiniame voke<\/p>","protected":false},"featured_media":9832,"template":"","meta":[],"product_brand":[],"product_cat":[78,87],"product_tag":[],"class_list":{"0":"post-9805","1":"product","2":"type-product","3":"status-publish","4":"has-post-thumbnail","6":"product_cat-atvirukai","7":"product_cat-rinkiniai","9":"first","10":"instock","11":"shipping-taxable","12":"purchasable","13":"product-type-variable"},"yoast_head":"<!-- This site is optimized with the Yoast SEO plugin v27.2 - https:\/\/yoast.com\/product\/yoast-seo-wordpress\/ -->\n<title>atviruk\u0173 rinkinys \u2022 \u017eolynai - bruknes world<\/title>\n<meta name=\"description\" content=\"sveikinimo atviruk\u0173 rinkinys - \u017eolynai - keturi\u0173 atviruk\u0173 rinkinys su augal\u0173 iliustracijomis. Atvirukai supakuoti kalkiniam voke, tinka \u012fvairioms progoms\" \/>\n<meta name=\"robots\" content=\"index, follow, max-snippet:-1, max-image-preview:large, max-video-preview:-1\" \/>\n<link rel=\"canonical\" href=\"https:\/\/bruknes.world\/en\/produktai\/atvirukai\/rinkiniai\/atviruku-rinkinys-zolynai\/\" \/>\n<meta property=\"og:locale\" content=\"en_US\" \/>\n<meta property=\"og:type\" content=\"article\" \/>\n<meta property=\"og:title\" content=\"atviruk\u0173 rinkinys \u2022 \u017eolynai - bruknes world\" \/>\n<meta property=\"og:description\" content=\"sveikinimo atviruk\u0173 rinkinys - \u017eolynai - keturi\u0173 atviruk\u0173 rinkinys su augal\u0173 iliustracijomis. Atvirukai supakuoti kalkiniam voke, tinka \u012fvairioms progoms\" \/>\n<meta property=\"og:url\" content=\"https:\/\/bruknes.world\/en\/produktai\/atvirukai\/rinkiniai\/atviruku-rinkinys-zolynai\/\" \/>\n<meta property=\"og:site_name\" content=\"bruknes world\" \/>\n<meta property=\"article:modified_time\" content=\"2023-11-20T15:48:19+00:00\" \/>\n<meta property=\"og:image\" content=\"https:\/\/bruknes.world\/wp-content\/uploads\/2023\/10\/atvirukas-zolynai-bruknesworld-10-scaled.jpg\" \/>\n\t<meta property=\"og:image:width\" content=\"2048\" \/>\n\t<meta property=\"og:image:height\" content=\"2560\" \/>\n\t<meta property=\"og:image:type\" content=\"image\/jpeg\" \/>\n<meta name=\"twitter:card\" content=\"summary_large_image\" \/>\n<script type=\"application\/ld+json\" class=\"yoast-schema-graph\">{\"@context\":\"https:\/\/schema.org\",\"@graph\":[{\"@type\":\"WebPage\",\"@id\":\"https:\/\/bruknes.world\/produktai\/atvirukai\/rinkiniai\/atviruku-rinkinys-zolynai\/\",\"url\":\"https:\/\/bruknes.world\/produktai\/atvirukai\/rinkiniai\/atviruku-rinkinys-zolynai\/\",\"name\":\"atviruk\u0173 rinkinys \u2022 \u017eolynai - bruknes world\",\"isPartOf\":{\"@id\":\"https:\/\/bruknes.world\/#website\"},\"primaryImageOfPage\":{\"@id\":\"https:\/\/bruknes.world\/produktai\/atvirukai\/rinkiniai\/atviruku-rinkinys-zolynai\/#primaryimage\"},\"image\":{\"@id\":\"https:\/\/bruknes.world\/produktai\/atvirukai\/rinkiniai\/atviruku-rinkinys-zolynai\/#primaryimage\"},\"thumbnailUrl\":\"https:\/\/bruknes.world\/wp-content\/uploads\/2023\/10\/atvirukas-zolynai-bruknesworld-10-scaled.jpg\",\"datePublished\":\"2023-11-02T13:45:04+00:00\",\"dateModified\":\"2023-11-20T15:48:19+00:00\",\"description\":\"sveikinimo atviruk\u0173 rinkinys - \u017eolynai - keturi\u0173 atviruk\u0173 rinkinys su augal\u0173 iliustracijomis. Atvirukai supakuoti kalkiniam voke, tinka \u012fvairioms progoms\",\"breadcrumb\":{\"@id\":\"https:\/\/bruknes.world\/produktai\/atvirukai\/rinkiniai\/atviruku-rinkinys-zolynai\/#breadcrumb\"},\"inLanguage\":\"en-US\",\"potentialAction\":[{\"@type\":\"ReadAction\",\"target\":[\"https:\/\/bruknes.world\/produktai\/atvirukai\/rinkiniai\/atviruku-rinkinys-zolynai\/\"]}]},{\"@type\":\"ImageObject\",\"inLanguage\":\"en-US\",\"@id\":\"https:\/\/bruknes.world\/produktai\/atvirukai\/rinkiniai\/atviruku-rinkinys-zolynai\/#primaryimage\",\"url\":\"https:\/\/bruknes.world\/wp-content\/uploads\/2023\/10\/atvirukas-zolynai-bruknesworld-10-scaled.jpg\",\"contentUrl\":\"https:\/\/bruknes.world\/wp-content\/uploads\/2023\/10\/atvirukas-zolynai-bruknesworld-10-scaled.jpg\",\"width\":2048,\"height\":2560,\"caption\":\"popieriniai dalykai | dalyk\u0173 butikas | bruknes.world sveikinimo atvirukai\"},{\"@type\":\"BreadcrumbList\",\"@id\":\"https:\/\/bruknes.world\/produktai\/atvirukai\/rinkiniai\/atviruku-rinkinys-zolynai\/#breadcrumb\",\"itemListElement\":[{\"@type\":\"ListItem\",\"position\":1,\"name\":\"Home\",\"item\":\"https:\/\/bruknes.world\/\"},{\"@type\":\"ListItem\",\"position\":2,\"name\":\"popieriniai dalykai\",\"item\":\"https:\/\/bruknes.world\/popieriniai-dalykai\/\"},{\"@type\":\"ListItem\",\"position\":3,\"name\":\"atviruk\u0173 rinkinys \u2022 \u017eolynai\"}]},{\"@type\":\"WebSite\",\"@id\":\"https:\/\/bruknes.world\/#website\",\"url\":\"https:\/\/bruknes.world\/\",\"name\":\"bruknes world\",\"description\":\"\",\"potentialAction\":[{\"@type\":\"SearchAction\",\"target\":{\"@type\":\"EntryPoint\",\"urlTemplate\":\"https:\/\/bruknes.world\/?s={search_term_string}\"},\"query-input\":{\"@type\":\"PropertyValueSpecification\",\"valueRequired\":true,\"valueName\":\"search_term_string\"}}],\"inLanguage\":\"en-US\"}]}<\/script>\n<!-- \/ Yoast SEO plugin. -->","yoast_head_json":{"title":"atviruk\u0173 rinkinys \u2022 \u017eolynai - bruknes world","description":"sveikinimo atviruk\u0173 rinkinys - \u017eolynai - keturi\u0173 atviruk\u0173 rinkinys su augal\u0173 iliustracijomis. Atvirukai supakuoti kalkiniam voke, tinka \u012fvairioms progoms","robots":{"index":"index","follow":"follow","max-snippet":"max-snippet:-1","max-image-preview":"max-image-preview:large","max-video-preview":"max-video-preview:-1"},"canonical":"https:\/\/bruknes.world\/en\/produktai\/atvirukai\/rinkiniai\/atviruku-rinkinys-zolynai\/","og_locale":"en_US","og_type":"article","og_title":"atviruk\u0173 rinkinys \u2022 \u017eolynai - bruknes world","og_description":"sveikinimo atviruk\u0173 rinkinys - \u017eolynai - keturi\u0173 atviruk\u0173 rinkinys su augal\u0173 iliustracijomis. Atvirukai supakuoti kalkiniam voke, tinka \u012fvairioms progoms","og_url":"https:\/\/bruknes.world\/en\/produktai\/atvirukai\/rinkiniai\/atviruku-rinkinys-zolynai\/","og_site_name":"bruknes world","article_modified_time":"2023-11-20T15:48:19+00:00","og_image":[{"width":2048,"height":2560,"url":"https:\/\/bruknes.world\/wp-content\/uploads\/2023\/10\/atvirukas-zolynai-bruknesworld-10-scaled.jpg","type":"image\/jpeg"}],"twitter_card":"summary_large_image","schema":{"@context":"https:\/\/schema.org","@graph":[{"@type":"WebPage","@id":"https:\/\/bruknes.world\/produktai\/atvirukai\/rinkiniai\/atviruku-rinkinys-zolynai\/","url":"https:\/\/bruknes.world\/produktai\/atvirukai\/rinkiniai\/atviruku-rinkinys-zolynai\/","name":"atviruk\u0173 rinkinys \u2022 \u017eolynai - bruknes world","isPartOf":{"@id":"https:\/\/bruknes.world\/#website"},"primaryImageOfPage":{"@id":"https:\/\/bruknes.world\/produktai\/atvirukai\/rinkiniai\/atviruku-rinkinys-zolynai\/#primaryimage"},"image":{"@id":"https:\/\/bruknes.world\/produktai\/atvirukai\/rinkiniai\/atviruku-rinkinys-zolynai\/#primaryimage"},"thumbnailUrl":"https:\/\/bruknes.world\/wp-content\/uploads\/2023\/10\/atvirukas-zolynai-bruknesworld-10-scaled.jpg","datePublished":"2023-11-02T13:45:04+00:00","dateModified":"2023-11-20T15:48:19+00:00","description":"sveikinimo atviruk\u0173 rinkinys - \u017eolynai - keturi\u0173 atviruk\u0173 rinkinys su augal\u0173 iliustracijomis. Atvirukai supakuoti kalkiniam voke, tinka \u012fvairioms progoms","breadcrumb":{"@id":"https:\/\/bruknes.world\/produktai\/atvirukai\/rinkiniai\/atviruku-rinkinys-zolynai\/#breadcrumb"},"inLanguage":"en-US","potentialAction":[{"@type":"ReadAction","target":["https:\/\/bruknes.world\/produktai\/atvirukai\/rinkiniai\/atviruku-rinkinys-zolynai\/"]}]},{"@type":"ImageObject","inLanguage":"en-US","@id":"https:\/\/bruknes.world\/produktai\/atvirukai\/rinkiniai\/atviruku-rinkinys-zolynai\/#primaryimage","url":"https:\/\/bruknes.world\/wp-content\/uploads\/2023\/10\/atvirukas-zolynai-bruknesworld-10-scaled.jpg","contentUrl":"https:\/\/bruknes.world\/wp-content\/uploads\/2023\/10\/atvirukas-zolynai-bruknesworld-10-scaled.jpg","width":2048,"height":2560,"caption":"popieriniai dalykai | dalyk\u0173 butikas | bruknes.world sveikinimo atvirukai"},{"@type":"BreadcrumbList","@id":"https:\/\/bruknes.world\/produktai\/atvirukai\/rinkiniai\/atviruku-rinkinys-zolynai\/#breadcrumb","itemListElement":[{"@type":"ListItem","position":1,"name":"Home","item":"https:\/\/bruknes.world\/"},{"@type":"ListItem","position":2,"name":"popieriniai dalykai","item":"https:\/\/bruknes.world\/popieriniai-dalykai\/"},{"@type":"ListItem","position":3,"name":"atviruk\u0173 rinkinys \u2022 \u017eolynai"}]},{"@type":"WebSite","@id":"https:\/\/bruknes.world\/#website","url":"https:\/\/bruknes.world\/","name":"bruknes world","description":"","potentialAction":[{"@type":"SearchAction","target":{"@type":"EntryPoint","urlTemplate":"https:\/\/bruknes.world\/?s={search_term_string}"},"query-input":{"@type":"PropertyValueSpecification","valueRequired":true,"valueName":"search_term_string"}}],"inLanguage":"en-US"}]}},"_links":{"self":[{"href":"https:\/\/bruknes.world\/en\/wp-json\/wp\/v2\/product\/9805","targetHints":{"allow":["GET"]}}],"collection":[{"href":"https:\/\/bruknes.world\/en\/wp-json\/wp\/v2\/product"}],"about":[{"href":"https:\/\/bruknes.world\/en\/wp-json\/wp\/v2\/types\/product"}],"wp:featuredmedia":[{"embeddable":true,"href":"https:\/\/bruknes.world\/en\/wp-json\/wp\/v2\/media\/9832"}],"wp:attachment":[{"href":"https:\/\/bruknes.world\/en\/wp-json\/wp\/v2\/media?parent=9805"}],"wp:term":[{"taxonomy":"product_brand","embeddable":true,"href":"https:\/\/bruknes.world\/en\/wp-json\/wp\/v2\/product_brand?post=9805"},{"taxonomy":"product_cat","embeddable":true,"href":"https:\/\/bruknes.world\/en\/wp-json\/wp\/v2\/product_cat?post=9805"},{"taxonomy":"product_tag","embeddable":true,"href":"https:\/\/bruknes.world\/en\/wp-json\/wp\/v2\/product_tag?post=9805"}],"curies":[{"name":"wp","href":"https:\/\/api.w.org\/{rel}","templated":true}]}}