{"id":9902,"date":"2023-11-02T14:39:16","date_gmt":"2023-11-02T12:39:16","guid":{"rendered":"https:\/\/bruknes.world\/?post_type=product&#038;p=9902"},"modified":"2023-11-02T17:21:42","modified_gmt":"2023-11-02T15:21:42","slug":"atvirukas-zolynai-nr-4","status":"publish","type":"product","link":"https:\/\/bruknes.world\/en\/produktai\/atvirukai\/gimtadienio\/atvirukas-zolynai-nr-4\/","title":{"rendered":"atvirukas \u2022 \u017eolynai Nr 4"},"content":{"rendered":"","protected":false},"excerpt":{"rendered":"<p>&nbsp;<\/p>\n<p><strong>atviruk\u0173 kolekcija \u017eolynai<\/strong> &#8211; tai akvarelin\u0117s augal\u0173 iliustracijos dailiai \u012fsitaisusios medviln\u0117s popieriaus fone. Malonumas akiai ir pir\u0161t\u0173 galiukams<\/p>\n<p>&#8211; &#8211; &#8211;<br \/>\ndvipus\u0117s spaudos kortel\u0117<br \/>\nkokybi\u0161kas medviln\u0117s popieriaus pluo\u0161to turintis (250gsm) popierius<br \/>\n&#8211; &#8211; &#8211;<br \/>\ndydis: 12x17cm<br \/>\ndekoratyvinis vokas siuntimui (B6 \u2022 17,5 x 12,5 cm)<\/p>","protected":false},"featured_media":9840,"template":"","meta":[],"product_brand":[],"product_cat":[78,130],"product_tag":[],"class_list":{"0":"post-9902","1":"product","2":"type-product","3":"status-publish","4":"has-post-thumbnail","6":"product_cat-atvirukai","7":"product_cat-gimtadienio","9":"first","10":"instock","11":"shipping-taxable","12":"purchasable","13":"product-type-variable"},"yoast_head":"<!-- This site is optimized with the Yoast SEO plugin v27.2 - https:\/\/yoast.com\/product\/yoast-seo-wordpress\/ -->\n<title>atvirukas \u2022 \u017eolynai Nr 4 - bruknes world<\/title>\n<meta name=\"description\" content=\"sveikinimo atvirukas &quot;\u017eolynai&quot; su augal\u0173 iliustracijomis. Spauda ant medviln\u0117s pluo\u0161to turin\u010dio popieriaus. Malonumas akims ir pir\u0161t\u0173 galiukams\" \/>\n<meta name=\"robots\" content=\"index, follow, max-snippet:-1, max-image-preview:large, max-video-preview:-1\" \/>\n<link rel=\"canonical\" href=\"https:\/\/bruknes.world\/en\/produktai\/atvirukai\/gimtadienio\/atvirukas-zolynai-nr-4\/\" \/>\n<meta property=\"og:locale\" content=\"en_US\" \/>\n<meta property=\"og:type\" content=\"article\" \/>\n<meta property=\"og:title\" content=\"atvirukas \u2022 \u017eolynai Nr 4 - bruknes world\" \/>\n<meta property=\"og:description\" content=\"sveikinimo atvirukas &quot;\u017eolynai&quot; su augal\u0173 iliustracijomis. Spauda ant medviln\u0117s pluo\u0161to turin\u010dio popieriaus. Malonumas akims ir pir\u0161t\u0173 galiukams\" \/>\n<meta property=\"og:url\" content=\"https:\/\/bruknes.world\/en\/produktai\/atvirukai\/gimtadienio\/atvirukas-zolynai-nr-4\/\" \/>\n<meta property=\"og:site_name\" content=\"bruknes world\" \/>\n<meta property=\"article:modified_time\" content=\"2023-11-02T15:21:42+00:00\" \/>\n<meta property=\"og:image\" content=\"https:\/\/bruknes.world\/wp-content\/uploads\/2023\/10\/atvirukas-zolynai-bruknesworld-29-scaled.jpg\" \/>\n\t<meta property=\"og:image:width\" content=\"2048\" \/>\n\t<meta property=\"og:image:height\" content=\"2560\" \/>\n\t<meta property=\"og:image:type\" content=\"image\/jpeg\" \/>\n<meta name=\"twitter:card\" content=\"summary_large_image\" \/>\n<script type=\"application\/ld+json\" class=\"yoast-schema-graph\">{\"@context\":\"https:\/\/schema.org\",\"@graph\":[{\"@type\":\"WebPage\",\"@id\":\"https:\/\/bruknes.world\/produktai\/atvirukai\/gimtadienio\/atvirukas-zolynai-nr-4\/\",\"url\":\"https:\/\/bruknes.world\/produktai\/atvirukai\/gimtadienio\/atvirukas-zolynai-nr-4\/\",\"name\":\"atvirukas \u2022 \u017eolynai Nr 4 - bruknes world\",\"isPartOf\":{\"@id\":\"https:\/\/bruknes.world\/#website\"},\"primaryImageOfPage\":{\"@id\":\"https:\/\/bruknes.world\/produktai\/atvirukai\/gimtadienio\/atvirukas-zolynai-nr-4\/#primaryimage\"},\"image\":{\"@id\":\"https:\/\/bruknes.world\/produktai\/atvirukai\/gimtadienio\/atvirukas-zolynai-nr-4\/#primaryimage\"},\"thumbnailUrl\":\"https:\/\/bruknes.world\/wp-content\/uploads\/2023\/10\/atvirukas-zolynai-bruknesworld-29-scaled.jpg\",\"datePublished\":\"2023-11-02T12:39:16+00:00\",\"dateModified\":\"2023-11-02T15:21:42+00:00\",\"description\":\"sveikinimo atvirukas \\\"\u017eolynai\\\" su augal\u0173 iliustracijomis. Spauda ant medviln\u0117s pluo\u0161to turin\u010dio popieriaus. Malonumas akims ir pir\u0161t\u0173 galiukams\",\"breadcrumb\":{\"@id\":\"https:\/\/bruknes.world\/produktai\/atvirukai\/gimtadienio\/atvirukas-zolynai-nr-4\/#breadcrumb\"},\"inLanguage\":\"en-US\",\"potentialAction\":[{\"@type\":\"ReadAction\",\"target\":[\"https:\/\/bruknes.world\/produktai\/atvirukai\/gimtadienio\/atvirukas-zolynai-nr-4\/\"]}]},{\"@type\":\"ImageObject\",\"inLanguage\":\"en-US\",\"@id\":\"https:\/\/bruknes.world\/produktai\/atvirukai\/gimtadienio\/atvirukas-zolynai-nr-4\/#primaryimage\",\"url\":\"https:\/\/bruknes.world\/wp-content\/uploads\/2023\/10\/atvirukas-zolynai-bruknesworld-29-scaled.jpg\",\"contentUrl\":\"https:\/\/bruknes.world\/wp-content\/uploads\/2023\/10\/atvirukas-zolynai-bruknesworld-29-scaled.jpg\",\"width\":2048,\"height\":2560,\"caption\":\"popieriniai dalykai | dalyk\u0173 butikas | bruknes.world sveikinimo atvirukai\"},{\"@type\":\"BreadcrumbList\",\"@id\":\"https:\/\/bruknes.world\/produktai\/atvirukai\/gimtadienio\/atvirukas-zolynai-nr-4\/#breadcrumb\",\"itemListElement\":[{\"@type\":\"ListItem\",\"position\":1,\"name\":\"Home\",\"item\":\"https:\/\/bruknes.world\/\"},{\"@type\":\"ListItem\",\"position\":2,\"name\":\"popieriniai dalykai\",\"item\":\"https:\/\/bruknes.world\/popieriniai-dalykai\/\"},{\"@type\":\"ListItem\",\"position\":3,\"name\":\"atvirukas \u2022 \u017eolynai Nr 4\"}]},{\"@type\":\"WebSite\",\"@id\":\"https:\/\/bruknes.world\/#website\",\"url\":\"https:\/\/bruknes.world\/\",\"name\":\"bruknes world\",\"description\":\"\",\"potentialAction\":[{\"@type\":\"SearchAction\",\"target\":{\"@type\":\"EntryPoint\",\"urlTemplate\":\"https:\/\/bruknes.world\/?s={search_term_string}\"},\"query-input\":{\"@type\":\"PropertyValueSpecification\",\"valueRequired\":true,\"valueName\":\"search_term_string\"}}],\"inLanguage\":\"en-US\"}]}<\/script>\n<!-- \/ Yoast SEO plugin. -->","yoast_head_json":{"title":"atvirukas \u2022 \u017eolynai Nr 4 - bruknes world","description":"sveikinimo atvirukas \"\u017eolynai\" su augal\u0173 iliustracijomis. Spauda ant medviln\u0117s pluo\u0161to turin\u010dio popieriaus. Malonumas akims ir pir\u0161t\u0173 galiukams","robots":{"index":"index","follow":"follow","max-snippet":"max-snippet:-1","max-image-preview":"max-image-preview:large","max-video-preview":"max-video-preview:-1"},"canonical":"https:\/\/bruknes.world\/en\/produktai\/atvirukai\/gimtadienio\/atvirukas-zolynai-nr-4\/","og_locale":"en_US","og_type":"article","og_title":"atvirukas \u2022 \u017eolynai Nr 4 - bruknes world","og_description":"sveikinimo atvirukas \"\u017eolynai\" su augal\u0173 iliustracijomis. Spauda ant medviln\u0117s pluo\u0161to turin\u010dio popieriaus. Malonumas akims ir pir\u0161t\u0173 galiukams","og_url":"https:\/\/bruknes.world\/en\/produktai\/atvirukai\/gimtadienio\/atvirukas-zolynai-nr-4\/","og_site_name":"bruknes world","article_modified_time":"2023-11-02T15:21:42+00:00","og_image":[{"width":2048,"height":2560,"url":"https:\/\/bruknes.world\/wp-content\/uploads\/2023\/10\/atvirukas-zolynai-bruknesworld-29-scaled.jpg","type":"image\/jpeg"}],"twitter_card":"summary_large_image","schema":{"@context":"https:\/\/schema.org","@graph":[{"@type":"WebPage","@id":"https:\/\/bruknes.world\/produktai\/atvirukai\/gimtadienio\/atvirukas-zolynai-nr-4\/","url":"https:\/\/bruknes.world\/produktai\/atvirukai\/gimtadienio\/atvirukas-zolynai-nr-4\/","name":"atvirukas \u2022 \u017eolynai Nr 4 - bruknes world","isPartOf":{"@id":"https:\/\/bruknes.world\/#website"},"primaryImageOfPage":{"@id":"https:\/\/bruknes.world\/produktai\/atvirukai\/gimtadienio\/atvirukas-zolynai-nr-4\/#primaryimage"},"image":{"@id":"https:\/\/bruknes.world\/produktai\/atvirukai\/gimtadienio\/atvirukas-zolynai-nr-4\/#primaryimage"},"thumbnailUrl":"https:\/\/bruknes.world\/wp-content\/uploads\/2023\/10\/atvirukas-zolynai-bruknesworld-29-scaled.jpg","datePublished":"2023-11-02T12:39:16+00:00","dateModified":"2023-11-02T15:21:42+00:00","description":"sveikinimo atvirukas \"\u017eolynai\" su augal\u0173 iliustracijomis. Spauda ant medviln\u0117s pluo\u0161to turin\u010dio popieriaus. Malonumas akims ir pir\u0161t\u0173 galiukams","breadcrumb":{"@id":"https:\/\/bruknes.world\/produktai\/atvirukai\/gimtadienio\/atvirukas-zolynai-nr-4\/#breadcrumb"},"inLanguage":"en-US","potentialAction":[{"@type":"ReadAction","target":["https:\/\/bruknes.world\/produktai\/atvirukai\/gimtadienio\/atvirukas-zolynai-nr-4\/"]}]},{"@type":"ImageObject","inLanguage":"en-US","@id":"https:\/\/bruknes.world\/produktai\/atvirukai\/gimtadienio\/atvirukas-zolynai-nr-4\/#primaryimage","url":"https:\/\/bruknes.world\/wp-content\/uploads\/2023\/10\/atvirukas-zolynai-bruknesworld-29-scaled.jpg","contentUrl":"https:\/\/bruknes.world\/wp-content\/uploads\/2023\/10\/atvirukas-zolynai-bruknesworld-29-scaled.jpg","width":2048,"height":2560,"caption":"popieriniai dalykai | dalyk\u0173 butikas | bruknes.world sveikinimo atvirukai"},{"@type":"BreadcrumbList","@id":"https:\/\/bruknes.world\/produktai\/atvirukai\/gimtadienio\/atvirukas-zolynai-nr-4\/#breadcrumb","itemListElement":[{"@type":"ListItem","position":1,"name":"Home","item":"https:\/\/bruknes.world\/"},{"@type":"ListItem","position":2,"name":"popieriniai dalykai","item":"https:\/\/bruknes.world\/popieriniai-dalykai\/"},{"@type":"ListItem","position":3,"name":"atvirukas \u2022 \u017eolynai Nr 4"}]},{"@type":"WebSite","@id":"https:\/\/bruknes.world\/#website","url":"https:\/\/bruknes.world\/","name":"bruknes world","description":"","potentialAction":[{"@type":"SearchAction","target":{"@type":"EntryPoint","urlTemplate":"https:\/\/bruknes.world\/?s={search_term_string}"},"query-input":{"@type":"PropertyValueSpecification","valueRequired":true,"valueName":"search_term_string"}}],"inLanguage":"en-US"}]}},"_links":{"self":[{"href":"https:\/\/bruknes.world\/en\/wp-json\/wp\/v2\/product\/9902","targetHints":{"allow":["GET"]}}],"collection":[{"href":"https:\/\/bruknes.world\/en\/wp-json\/wp\/v2\/product"}],"about":[{"href":"https:\/\/bruknes.world\/en\/wp-json\/wp\/v2\/types\/product"}],"wp:featuredmedia":[{"embeddable":true,"href":"https:\/\/bruknes.world\/en\/wp-json\/wp\/v2\/media\/9840"}],"wp:attachment":[{"href":"https:\/\/bruknes.world\/en\/wp-json\/wp\/v2\/media?parent=9902"}],"wp:term":[{"taxonomy":"product_brand","embeddable":true,"href":"https:\/\/bruknes.world\/en\/wp-json\/wp\/v2\/product_brand?post=9902"},{"taxonomy":"product_cat","embeddable":true,"href":"https:\/\/bruknes.world\/en\/wp-json\/wp\/v2\/product_cat?post=9902"},{"taxonomy":"product_tag","embeddable":true,"href":"https:\/\/bruknes.world\/en\/wp-json\/wp\/v2\/product_tag?post=9902"}],"curies":[{"name":"wp","href":"https:\/\/api.w.org\/{rel}","templated":true}]}}